{"id":12594,"date":"2020-02-13T18:03:05","date_gmt":"2020-02-13T17:03:05","guid":{"rendered":"https:\/\/hotelvillaretiro.com\/catering\/"},"modified":"2022-05-23T10:05:31","modified_gmt":"2022-05-23T09:05:31","slug":"catering","status":"publish","type":"page","link":"https:\/\/hotelvillaretiro.com\/ca\/catering\/","title":{"rendered":"Catering Hotel Villa Retiro"},"content":{"rendered":"<p>[vc_row][vc_column css=&#8221;.vc_custom_1581613926265{margin-top: 5% !important;margin-bottom: 5% !important;}&#8221;][cl_heading title=&#8221;Catering Villa Retiro&#8221; style=&#8221;single-line&#8221; text_align=&#8221;center&#8221;][vc_row_inner][vc_column_inner width=&#8221;1\/6&#8243;][\/vc_column_inner][vc_column_inner width=&#8221;2\/3&#8243;][vc_column_text]<\/p>\n<p style=\"text-align: center;\">A l&#8217;<strong>Hotel Villa Retiro<\/strong> comptem amb un departament dedicat exclusivament a la creaci\u00f3 i desenvolupament del <strong>servei de catering d&#8217;esdeveniments<\/strong> de tota mena com a celebracions familiars, socials i empresarials.<\/p>\n<p>[\/vc_column_text][vc_btn title=&#8221;<strong> ORGANIZAMOS TUS EVENTOS<\/strong>&#8221; style=&#8221;custom&#8221; custom_background=&#8221;#481511&#8243; custom_text=&#8221;#ffffff&#8221; size=&#8221;lg&#8221; align=&#8221;center&#8221; link=&#8221;url:https%3A%2F%2Fhotelvillaretiro.com%2Fca%2Fcontacte%2F||&#8221; css=&#8221;.vc_custom_1653296717764{margin-top: 5% !important;}&#8221;][\/vc_column_inner][vc_column_inner width=&#8221;1\/6&#8243;][\/vc_column_inner][\/vc_row_inner][\/vc_column][\/vc_row][vc_row full_width=&#8221;stretch_row&#8221; equal_height=&#8221;yes&#8221; css=&#8221;.vc_custom_1633432205684{background-color: rgba(76,101,119,0.01) !important;*background-color: rgb(76,101,119) !important;}&#8221;][vc_column][vc_row_inner equal_height=&#8221;yes&#8221;][vc_column_inner width=&#8221;1\/2&#8243; css=&#8221;.vc_custom_1633432166165{padding-top: 8% !important;padding-right: 8% !important;padding-bottom: 8% !important;padding-left: 8% !important;background-color: #fcfcec !important;}&#8221;][cl_heading title=&#8221;Especialistes en catering&#8221; style=&#8221;single-line&#8221;][vc_column_text]Per a garantir l&#8217;\u00e8xit del seu esdeveniment, l&#8217;Hotel Villa Retiro compta a un equip de professionals que l&#8217;assessorar\u00e0 en l&#8217;elecci\u00f3 del seu servei de c\u00e0tering. Els nostres assessors l&#8217;informaran de quals s\u00f3n les millors propostes per a dur a terme el seu esdeveniment triat, facilitant-los l&#8217;organitzaci\u00f3, el protocol, la contractaci\u00f3 de serveis externs, etc.[\/vc_column_text][vc_btn title=&#8221;<strong> ORGANIZAMOS TUS EVENTOS<\/strong>&#8221; style=&#8221;custom&#8221; custom_background=&#8221;#481511&#8243; custom_text=&#8221;#ffffff&#8221; size=&#8221;lg&#8221; link=&#8221;url:https%3A%2F%2Fhotelvillaretiro.com%2Fca%2Fcontacte%2F||&#8221; css=&#8221;.vc_custom_1653296656845{margin-top: 5% !important;}&#8221;][\/vc_column_inner][vc_column_inner width=&#8221;1\/2&#8243; css=&#8221;.vc_custom_1633432197375{background-image: url(https:\/\/hotelvillaretiro.com\/wp-content\/uploads\/2021\/10\/hotel-villa-retiro-catering-eventos-bodas-comuniones-eventosb4fb3434-6432-4be6-9c81-4aeef31c9e5f.jpg?id=36391) !important;background-position: center !important;background-repeat: no-repeat !important;background-size: cover !important;}&#8221;][vc_empty_space height=&#8221;400&#8243;][\/vc_column_inner][\/vc_row_inner][vc_row_inner equal_height=&#8221;yes&#8221;][vc_column_inner width=&#8221;1\/2&#8243; css=&#8221;.vc_custom_1633432457149{background-image: url(https:\/\/hotelvillaretiro.com\/wp-content\/uploads\/2021\/10\/hotel-villa-retiro-catering-eventos-bodas-comuniones-eventos3ff8dec0-504b-4da4-ac50-0d72b9f39f5a.jpg?id=36287) !important;background-position: center !important;background-repeat: no-repeat !important;background-size: cover !important;}&#8221;][vc_empty_space height=&#8221;400&#8243;][\/vc_column_inner][vc_column_inner width=&#8221;1\/2&#8243; css=&#8221;.vc_custom_1633432317120{padding-top: 5% !important;padding-right: 5% !important;padding-bottom: 5% !important;padding-left: 5% !important;background-color: #f4f4f4 !important;background-position: center !important;background-repeat: no-repeat !important;background-size: cover !important;}&#8221;][cl_heading title=&#8221;Catering amb estrella Michelin&#8221; style=&#8221;single-line&#8221;][vc_column_text]El servei de c\u00e0tering d&#8217;Hotel <span class=\"hiddenSpellError\">Villa<\/span> Retiro est\u00e0 format per:<\/p>\n<p><strong>\u2713 Extensos aperitius i show <span class=\"hiddenSpellError\">cooking<\/span><\/strong><\/p>\n<p><strong>\u2713 Men\u00fas amb: un primer a triar, un segon, postres i past\u00eds<\/strong><\/p>\n<p><strong>\u2713 Possibilitat de festa amb barra lliure<\/strong><\/p>\n<p>Tamb\u00e9 els oferim l&#8217;opci\u00f3 de fer un <span class=\"hiddenGrammarError\">men\u00fa c\u00f2ctel<\/span> de peus que inclou, diferents aperitius, carn i peix d&#8217;una mossegada, selecci\u00f3 de postres i pastissos, amb vi blanc, negre, cava, cerveses, vermuts, aigua i refrescos.[\/vc_column_text][vc_btn title=&#8221;<strong> ORGANIZAMOS TUS EVENTOS<\/strong>&#8221; style=&#8221;custom&#8221; custom_background=&#8221;#481511&#8243; custom_text=&#8221;#ffffff&#8221; size=&#8221;lg&#8221; link=&#8221;url:https%3A%2F%2Fhotelvillaretiro.com%2Fca%2Fcontacte%2F||&#8221; css=&#8221;.vc_custom_1653296656845{margin-top: 5% !important;}&#8221;][\/vc_column_inner][\/vc_row_inner][\/vc_column][\/vc_row][vc_row][vc_column css=&#8221;.vc_custom_1581616125847{margin-top: 5% !important;}&#8221;][vc_gallery interval=&#8221;0&#8243; images=&#8221;36415,36423,36419,36411,36403,36399,36395,36387,36383,36379,36375,36371,36367,36363,36359,36355,36351,36347,36339,36335,36331,36327,36323,36319,36307,36303,36299,36295,36291,36279,36275,36271&#8243; img_size=&#8221;full&#8221;][\/vc_column][\/vc_row][vc_row full_width=&#8221;stretch_row_content_no_spaces&#8221; equal_height=&#8221;yes&#8221; css=&#8221;.vc_custom_1633433325064{background-color: #f4f4f4 !important;}&#8221;][vc_column width=&#8221;1\/2&#8243; css=&#8221;.vc_custom_1581612799778{padding-top: 5% !important;padding-right: 5% !important;padding-bottom: 5% !important;padding-left: 5% !important;}&#8221;][cl_heading title=&#8221;Experts en organitzaci\u00f3 d&#8217;esdeveniments&#8221; style=&#8221;single-line&#8221;][vc_column_text]Planifica, organitza i realitza el teu <strong>casament o la comuni\u00f3<\/strong> dels teus fills amb el comprom\u00eds i experi\u00e8ncia de Villa Retiro. Hem creat una col\u00b7lecci\u00f3 de perfectes aliats per a atendre fins al m\u00e9s m\u00ednim detall.[\/vc_column_text][vc_btn title=&#8221;<strong> ORGANIZAMOS TUS EVENTOS<\/strong>&#8221; style=&#8221;custom&#8221; custom_background=&#8221;#481511&#8243; custom_text=&#8221;#ffffff&#8221; size=&#8221;lg&#8221; link=&#8221;url:https%3A%2F%2Fhotelvillaretiro.com%2Fca%2Fcontacte%2F||&#8221; css=&#8221;.vc_custom_1653296656845{margin-top: 5% !important;}&#8221;][\/vc_column][vc_column width=&#8221;1\/2&#8243; css=&#8221;.vc_custom_1633433513662{background-image: url(https:\/\/hotelvillaretiro.com\/wp-content\/uploads\/2021\/10\/hotel-villa-retiro-catering-eventos-bodas-comuniones-eventosfe414503-372e-4e75-aeee-6d38597c17fb.jpg?id=36423) !important;background-position: center !important;background-repeat: no-repeat !important;background-size: cover !important;}&#8221;][vc_empty_space height=&#8221;500&#8243;][\/vc_column][\/vc_row]<\/p>\n","protected":false},"excerpt":{"rendered":"<p>[vc_row][vc_column css=&#8221;.vc_custom_1581613926265{margin-top: 5% !important;margin-bottom: 5% !important;}&#8221;][cl_heading title=&#8221;Catering Villa Retiro&#8221; style=&#8221;single-line&#8221; text_align=&#8221;center&#8221;][vc_row_inner][vc_column_inner width=&#8221;1\/6&#8243;][\/vc_column_inner][vc_column_inner width=&#8221;2\/3&#8243;][vc_column_text] A l&#8217;Hotel Villa Retiro comptem amb un departament dedicat exclusivament a la creaci\u00f3 i desenvolupament del servei de catering d&#8217;esdeveniments de tota mena com a celebracions familiars, socials i empresarials. [\/vc_column_text][vc_btn title=&#8221; ORGANIZAMOS TUS EVENTOS&#8221; style=&#8221;custom&#8221; custom_background=&#8221;#481511&#8243; custom_text=&#8221;#ffffff&#8221; size=&#8221;lg&#8221; align=&#8221;center&#8221; link=&#8221;url:https%3A%2F%2Fhotelvillaretiro.com%2Fca%2Fcontacte%2F||&#8221; css=&#8221;.vc_custom_1653296717764{margin-top: [&hellip;]<\/p>\n","protected":false},"author":1,"featured_media":12489,"parent":0,"menu_order":0,"comment_status":"closed","ping_status":"closed","template":"","meta":{"inline_featured_image":false,"footnotes":""},"class_list":["post-12594","page","type-page","status-publish","has-post-thumbnail","hentry"],"yoast_head":"<!-- This site is optimized with the Yoast SEO plugin v27.2 - https:\/\/yoast.com\/product\/yoast-seo-wordpress\/ -->\n<title>Catering Hotel Villa Retiro - Hotel Villa Retiro<\/title>\n<meta name=\"description\" content=\"A Villa Retiro comptem amb un departament dedicat a la creaci\u00f3 i desenvolupament de servei de caterind d&#039;esdeveniments com a bodes, comunions, esdeveniments\" \/>\n<meta name=\"robots\" content=\"index, follow, max-snippet:-1, max-image-preview:large, max-video-preview:-1\" \/>\n<link rel=\"canonical\" href=\"https:\/\/hotelvillaretiro.com\/ca\/catering\/\" \/>\n<meta property=\"og:locale\" content=\"ca_ES\" \/>\n<meta property=\"og:type\" content=\"article\" \/>\n<meta property=\"og:title\" content=\"Catering Hotel Villa Retiro - Hotel Villa Retiro\" \/>\n<meta property=\"og:description\" content=\"A Villa Retiro comptem amb un departament dedicat a la creaci\u00f3 i desenvolupament de servei de caterind d&#039;esdeveniments com a bodes, comunions, esdeveniments\" \/>\n<meta property=\"og:url\" content=\"https:\/\/hotelvillaretiro.com\/ca\/catering\/\" \/>\n<meta property=\"og:site_name\" content=\"Hotel Villa Retiro\" \/>\n<meta property=\"article:modified_time\" content=\"2022-05-23T09:05:31+00:00\" \/>\n<meta property=\"og:image\" content=\"https:\/\/hotelvillaretiro.com\/wp-content\/uploads\/2020\/02\/catering-hotel-villa-retiro-bodas-catering-eventos-esdeveniments-casaments-10.jpg\" \/>\n\t<meta property=\"og:image:width\" content=\"1200\" \/>\n\t<meta property=\"og:image:height\" content=\"800\" \/>\n\t<meta property=\"og:image:type\" content=\"image\/jpeg\" \/>\n<meta name=\"twitter:card\" content=\"summary_large_image\" \/>\n<meta name=\"twitter:label1\" content=\"Temps estimat de lectura\" \/>\n\t<meta name=\"twitter:data1\" content=\"2 minuts\" \/>\n<script type=\"application\/ld+json\" class=\"yoast-schema-graph\">{\"@context\":\"https:\/\/schema.org\",\"@graph\":[{\"@type\":\"WebPage\",\"@id\":\"https:\/\/hotelvillaretiro.com\/ca\/catering\/\",\"url\":\"https:\/\/hotelvillaretiro.com\/ca\/catering\/\",\"name\":\"Catering Hotel Villa Retiro - Hotel Villa Retiro\",\"isPartOf\":{\"@id\":\"https:\/\/hotelvillaretiro.com\/#website\"},\"primaryImageOfPage\":{\"@id\":\"https:\/\/hotelvillaretiro.com\/ca\/catering\/#primaryimage\"},\"image\":{\"@id\":\"https:\/\/hotelvillaretiro.com\/ca\/catering\/#primaryimage\"},\"thumbnailUrl\":\"https:\/\/hotelvillaretiro.com\/wp-content\/uploads\/2020\/02\/catering-hotel-villa-retiro-bodas-catering-eventos-esdeveniments-casaments-10.jpg\",\"datePublished\":\"2020-02-13T17:03:05+00:00\",\"dateModified\":\"2022-05-23T09:05:31+00:00\",\"description\":\"A Villa Retiro comptem amb un departament dedicat a la creaci\u00f3 i desenvolupament de servei de caterind d'esdeveniments com a bodes, comunions, esdeveniments\",\"breadcrumb\":{\"@id\":\"https:\/\/hotelvillaretiro.com\/ca\/catering\/#breadcrumb\"},\"inLanguage\":\"ca\",\"potentialAction\":[{\"@type\":\"ReadAction\",\"target\":[\"https:\/\/hotelvillaretiro.com\/ca\/catering\/\"]}]},{\"@type\":\"ImageObject\",\"inLanguage\":\"ca\",\"@id\":\"https:\/\/hotelvillaretiro.com\/ca\/catering\/#primaryimage\",\"url\":\"https:\/\/hotelvillaretiro.com\/wp-content\/uploads\/2020\/02\/catering-hotel-villa-retiro-bodas-catering-eventos-esdeveniments-casaments-10.jpg\",\"contentUrl\":\"https:\/\/hotelvillaretiro.com\/wp-content\/uploads\/2020\/02\/catering-hotel-villa-retiro-bodas-catering-eventos-esdeveniments-casaments-10.jpg\",\"width\":1200,\"height\":800,\"caption\":\"catering\"},{\"@type\":\"BreadcrumbList\",\"@id\":\"https:\/\/hotelvillaretiro.com\/ca\/catering\/#breadcrumb\",\"itemListElement\":[{\"@type\":\"ListItem\",\"position\":1,\"name\":\"Portada\",\"item\":\"https:\/\/hotelvillaretiro.com\/ca\/home-ca\/\"},{\"@type\":\"ListItem\",\"position\":2,\"name\":\"Catering Hotel Villa Retiro\"}]},{\"@type\":\"WebSite\",\"@id\":\"https:\/\/hotelvillaretiro.com\/#website\",\"url\":\"https:\/\/hotelvillaretiro.com\/\",\"name\":\"Hotel Villa Retiro\",\"description\":\"Hotel de 5 estrellas en les Terres de l&#039;Ebre\",\"publisher\":{\"@id\":\"https:\/\/hotelvillaretiro.com\/#organization\"},\"potentialAction\":[{\"@type\":\"SearchAction\",\"target\":{\"@type\":\"EntryPoint\",\"urlTemplate\":\"https:\/\/hotelvillaretiro.com\/?s={search_term_string}\"},\"query-input\":{\"@type\":\"PropertyValueSpecification\",\"valueRequired\":true,\"valueName\":\"search_term_string\"}}],\"inLanguage\":\"ca\"},{\"@type\":\"Organization\",\"@id\":\"https:\/\/hotelvillaretiro.com\/#organization\",\"name\":\"Hotel Villa Retiro\",\"url\":\"https:\/\/hotelvillaretiro.com\/\",\"logo\":{\"@type\":\"ImageObject\",\"inLanguage\":\"ca\",\"@id\":\"https:\/\/hotelvillaretiro.com\/#\/schema\/logo\/image\/\",\"url\":\"https:\/\/hotelvillaretiro.com\/wp-content\/uploads\/2025\/02\/hotel-villa-retiro-logo.svg\",\"contentUrl\":\"https:\/\/hotelvillaretiro.com\/wp-content\/uploads\/2025\/02\/hotel-villa-retiro-logo.svg\",\"caption\":\"Hotel Villa Retiro\"},\"image\":{\"@id\":\"https:\/\/hotelvillaretiro.com\/#\/schema\/logo\/image\/\"}}]}<\/script>\n<!-- \/ Yoast SEO plugin. -->","yoast_head_json":{"title":"Catering Hotel Villa Retiro - Hotel Villa Retiro","description":"A Villa Retiro comptem amb un departament dedicat a la creaci\u00f3 i desenvolupament de servei de caterind d'esdeveniments com a bodes, comunions, esdeveniments","robots":{"index":"index","follow":"follow","max-snippet":"max-snippet:-1","max-image-preview":"max-image-preview:large","max-video-preview":"max-video-preview:-1"},"canonical":"https:\/\/hotelvillaretiro.com\/ca\/catering\/","og_locale":"ca_ES","og_type":"article","og_title":"Catering Hotel Villa Retiro - Hotel Villa Retiro","og_description":"A Villa Retiro comptem amb un departament dedicat a la creaci\u00f3 i desenvolupament de servei de caterind d'esdeveniments com a bodes, comunions, esdeveniments","og_url":"https:\/\/hotelvillaretiro.com\/ca\/catering\/","og_site_name":"Hotel Villa Retiro","article_modified_time":"2022-05-23T09:05:31+00:00","og_image":[{"width":1200,"height":800,"url":"https:\/\/hotelvillaretiro.com\/wp-content\/uploads\/2020\/02\/catering-hotel-villa-retiro-bodas-catering-eventos-esdeveniments-casaments-10.jpg","type":"image\/jpeg"}],"twitter_card":"summary_large_image","twitter_misc":{"Temps estimat de lectura":"2 minuts"},"schema":{"@context":"https:\/\/schema.org","@graph":[{"@type":"WebPage","@id":"https:\/\/hotelvillaretiro.com\/ca\/catering\/","url":"https:\/\/hotelvillaretiro.com\/ca\/catering\/","name":"Catering Hotel Villa Retiro - Hotel Villa Retiro","isPartOf":{"@id":"https:\/\/hotelvillaretiro.com\/#website"},"primaryImageOfPage":{"@id":"https:\/\/hotelvillaretiro.com\/ca\/catering\/#primaryimage"},"image":{"@id":"https:\/\/hotelvillaretiro.com\/ca\/catering\/#primaryimage"},"thumbnailUrl":"https:\/\/hotelvillaretiro.com\/wp-content\/uploads\/2020\/02\/catering-hotel-villa-retiro-bodas-catering-eventos-esdeveniments-casaments-10.jpg","datePublished":"2020-02-13T17:03:05+00:00","dateModified":"2022-05-23T09:05:31+00:00","description":"A Villa Retiro comptem amb un departament dedicat a la creaci\u00f3 i desenvolupament de servei de caterind d'esdeveniments com a bodes, comunions, esdeveniments","breadcrumb":{"@id":"https:\/\/hotelvillaretiro.com\/ca\/catering\/#breadcrumb"},"inLanguage":"ca","potentialAction":[{"@type":"ReadAction","target":["https:\/\/hotelvillaretiro.com\/ca\/catering\/"]}]},{"@type":"ImageObject","inLanguage":"ca","@id":"https:\/\/hotelvillaretiro.com\/ca\/catering\/#primaryimage","url":"https:\/\/hotelvillaretiro.com\/wp-content\/uploads\/2020\/02\/catering-hotel-villa-retiro-bodas-catering-eventos-esdeveniments-casaments-10.jpg","contentUrl":"https:\/\/hotelvillaretiro.com\/wp-content\/uploads\/2020\/02\/catering-hotel-villa-retiro-bodas-catering-eventos-esdeveniments-casaments-10.jpg","width":1200,"height":800,"caption":"catering"},{"@type":"BreadcrumbList","@id":"https:\/\/hotelvillaretiro.com\/ca\/catering\/#breadcrumb","itemListElement":[{"@type":"ListItem","position":1,"name":"Portada","item":"https:\/\/hotelvillaretiro.com\/ca\/home-ca\/"},{"@type":"ListItem","position":2,"name":"Catering Hotel Villa Retiro"}]},{"@type":"WebSite","@id":"https:\/\/hotelvillaretiro.com\/#website","url":"https:\/\/hotelvillaretiro.com\/","name":"Hotel Villa Retiro","description":"Hotel de 5 estrellas en les Terres de l&#039;Ebre","publisher":{"@id":"https:\/\/hotelvillaretiro.com\/#organization"},"potentialAction":[{"@type":"SearchAction","target":{"@type":"EntryPoint","urlTemplate":"https:\/\/hotelvillaretiro.com\/?s={search_term_string}"},"query-input":{"@type":"PropertyValueSpecification","valueRequired":true,"valueName":"search_term_string"}}],"inLanguage":"ca"},{"@type":"Organization","@id":"https:\/\/hotelvillaretiro.com\/#organization","name":"Hotel Villa Retiro","url":"https:\/\/hotelvillaretiro.com\/","logo":{"@type":"ImageObject","inLanguage":"ca","@id":"https:\/\/hotelvillaretiro.com\/#\/schema\/logo\/image\/","url":"https:\/\/hotelvillaretiro.com\/wp-content\/uploads\/2025\/02\/hotel-villa-retiro-logo.svg","contentUrl":"https:\/\/hotelvillaretiro.com\/wp-content\/uploads\/2025\/02\/hotel-villa-retiro-logo.svg","caption":"Hotel Villa Retiro"},"image":{"@id":"https:\/\/hotelvillaretiro.com\/#\/schema\/logo\/image\/"}}]}},"_links":{"self":[{"href":"https:\/\/hotelvillaretiro.com\/ca\/wp-json\/wp\/v2\/pages\/12594","targetHints":{"allow":["GET"]}}],"collection":[{"href":"https:\/\/hotelvillaretiro.com\/ca\/wp-json\/wp\/v2\/pages"}],"about":[{"href":"https:\/\/hotelvillaretiro.com\/ca\/wp-json\/wp\/v2\/types\/page"}],"author":[{"embeddable":true,"href":"https:\/\/hotelvillaretiro.com\/ca\/wp-json\/wp\/v2\/users\/1"}],"replies":[{"embeddable":true,"href":"https:\/\/hotelvillaretiro.com\/ca\/wp-json\/wp\/v2\/comments?post=12594"}],"version-history":[{"count":0,"href":"https:\/\/hotelvillaretiro.com\/ca\/wp-json\/wp\/v2\/pages\/12594\/revisions"}],"wp:featuredmedia":[{"embeddable":true,"href":"https:\/\/hotelvillaretiro.com\/ca\/wp-json\/wp\/v2\/media\/12489"}],"wp:attachment":[{"href":"https:\/\/hotelvillaretiro.com\/ca\/wp-json\/wp\/v2\/media?parent=12594"}],"curies":[{"name":"wp","href":"https:\/\/api.w.org\/{rel}","templated":true}]}}