{"id":4090,"date":"2016-03-21T12:58:39","date_gmt":"2016-03-21T11:58:39","guid":{"rendered":"http:\/\/hotelvillaretiro.com\/aviso-legal\/?lang=ca"},"modified":"2016-04-12T22:35:46","modified_gmt":"2016-04-12T21:35:46","slug":"nota-legal","status":"publish","type":"page","link":"https:\/\/hotelvillaretiro.com\/ca\/nota-legal\/","title":{"rendered":"Nota legal"},"content":{"rendered":"<p>[vc_row][vc_column width=&#8221;1\/2&#8243; css=&#8221;.vc_custom_1458630814388{padding-right: 3% !important;}&#8221;][vc_column_text]Aquesta web ha estat creada per l&#8217;empresa HOTEL VILLA RETIRO S.L. amb car\u00e0cter informatiu i per a \u00fas personal dels usuaris.A trav\u00e9s d&#8217;aquest Av\u00eds legal, es pret\u00e9n regular l&#8217;acc\u00e9s i \u00fas d&#8217;aquest lloc web, aix\u00ed com la relaci\u00f3 entre el lloc web i els seus usuaris. Accedint a aquest lloc web s&#8217;accepten els seg\u00fcents termes i condicions: L&#8217;acc\u00e9s a aquest lloc web \u00e9s responsabilitat exclusiva dels usuaris.<br \/>\nEl simple acc\u00e9s a aquest lloc web no suposa establir cap tipus de relaci\u00f3 comercial entre HOTEL VILLARETIRO S.L. i l&#8217;usuari.<br \/>\nL&#8217;acc\u00e9s i la navegaci\u00f3 en aquest lloc web suposa acceptar i con\u00e8ixer els advertiments legals, condicions i termes d&#8217;\u00fas contingudes en ella.<br \/>\nEl titular del lloc web pot oferir serveis o productes que podran trobar sotmesos a unes condicions particulars pr\u00f2pies que, segons els casos, substitueixin, completin i \/ o modifiquin les presents condicions, i sobre les quals s&#8217;informar\u00e0 l&#8217;usuari en cada cas concret.[\/vc_column_text][\/vc_column][vc_column width=&#8221;1\/2&#8243;][vc_column_text]En compliment de l&#8217;article 10 de la Llei 34\/2002, del 11 de juliol, de serveis de la Societat de la Informaci\u00f3 i Comer\u00e7 Electr\u00f2nic (LSSICE) s&#8217;exposen a continuaci\u00f3 les dades identificatives de l&#8217;empresa.<\/p>\n<p><strong>Denominaci\u00f3 social:<\/strong> HOTEL VILLA RETIRO S.L.<\/p>\n<p><strong>N\u00famero d&#8217;identificaci\u00f3 fiscal:<\/strong> B-43733294<\/p>\n<p><strong>Domicili fiscal:<\/strong> Av. Catalunya, 328, 43896 L&#8217;Aldea (Tarragona)<\/p>\n<p>Inscrita en el Registre Mercantil de Tarragona: Tom 1904 Llibre 0 Foli 47 Seccion 8 Full T27271 Inscripci\u00f3 1\u00aa Data 17\/11\/2003<\/p>\n<p><strong>NIRTC HTE-000810<\/strong><\/p>\n<p><strong>Correu electr\u00f2nic:<\/strong> reservas@hotelvillaretiro.com<\/p>\n<p><strong>Tel\u00e8fon:<\/strong> +34 977473810<\/p>\n<p><strong>Fax:<\/strong> +34 977473320[\/vc_column_text][\/vc_column][\/vc_row][vc_row css=&#8221;.vc_custom_1458630866411{padding-top: 5% !important;}&#8221;][vc_column][vc_column_text]AV\u00cdS LEGAL ESCOLA: La informaci\u00f3 continguda en aquest missatge de correu electr\u00f2nic \u00e9s confidencial i pot tenir el car\u00e0cter de reservada. Est\u00e0 destinada exclusivament al seu destinatari. L&#8217;acc\u00e9s o \u00fas d&#8217;aquest missatge per part de qualsevol altra persona que no estigui autoritzada poden ser il\u00b7legals. Si no \u00e9s Ud. la persona destinat\u00e0ria, li preguem que procedeixi a eliminar el seu contingut.<\/p>\n<p>D&#8217;acord amb la Llei Org\u00e0nica 15\/1999, de 13 de desembre, li comuniquem que la seva adre\u00e7a de correu electr\u00f2nic forma part d&#8217;un fitxer propietat de ESCOLA DE CUINA FRAN L\u00d3PEZ, S.L. NIF B-55669899, \u200b\u200binscrita al Registre Mercantil de Tarragona, tom 2908, foli 82, full t48990, inscripci\u00f3 1 amb data de 2015.11.09, amb l&#8217;objectiu de poder mantenir el contacte amb vost\u00e8. En relaci\u00f3 als serveis de formaci\u00f3 prestats. Si desitja oposar-se, accedir, cancel\u00b7lar o rectificar les seves dades, pot dirigir-se per escrit a Escola de Cuina Fran L\u00f3pez, C \/ Molins, 2, 43592, Xerta, Tarragona, Espanya, o enviar un correu electr\u00f2nic a escuela@hotelvillaretiro.com.[\/vc_column_text][\/vc_column][\/vc_row]<\/p>\n","protected":false},"excerpt":{"rendered":"<p>[vc_row][vc_column width=&#8221;1\/2&#8243; css=&#8221;.vc_custom_1458630814388{padding-right: 3% !important;}&#8221;][vc_column_text]Aquesta web ha estat creada per l&#8217;empresa HOTEL VILLA RETIRO S.L. amb car\u00e0cter informatiu i per a \u00fas personal dels usuaris.A trav\u00e9s d&#8217;aquest Av\u00eds legal, es pret\u00e9n regular l&#8217;acc\u00e9s i \u00fas d&#8217;aquest lloc web, aix\u00ed com la relaci\u00f3 entre el lloc web i els seus usuaris. Accedint a aquest lloc web [&hellip;]<\/p>\n","protected":false},"author":1,"featured_media":0,"parent":0,"menu_order":0,"comment_status":"closed","ping_status":"closed","template":"","meta":{"inline_featured_image":false,"footnotes":""},"class_list":["post-4090","page","type-page","status-publish","hentry"],"yoast_head":"<!-- This site is optimized with the Yoast SEO plugin v27.2 - https:\/\/yoast.com\/product\/yoast-seo-wordpress\/ -->\n<title>Nota legal - Hotel Villa Retiro<\/title>\n<meta name=\"robots\" content=\"index, follow, max-snippet:-1, max-image-preview:large, max-video-preview:-1\" \/>\n<link rel=\"canonical\" href=\"https:\/\/hotelvillaretiro.com\/ca\/nota-legal\/\" \/>\n<meta property=\"og:locale\" content=\"ca_ES\" \/>\n<meta property=\"og:type\" content=\"article\" \/>\n<meta property=\"og:title\" content=\"Nota legal - Hotel Villa Retiro\" \/>\n<meta property=\"og:description\" content=\"[vc_row][vc_column width=&#8221;1\/2&#8243; css=&#8221;.vc_custom_1458630814388{padding-right: 3% !important;}&#8221;][vc_column_text]Aquesta web ha estat creada per l&#8217;empresa HOTEL VILLA RETIRO S.L. amb car\u00e0cter informatiu i per a \u00fas personal dels usuaris.A trav\u00e9s d&#8217;aquest Av\u00eds legal, es pret\u00e9n regular l&#8217;acc\u00e9s i \u00fas d&#8217;aquest lloc web, aix\u00ed com la relaci\u00f3 entre el lloc web i els seus usuaris. Accedint a aquest lloc web [&hellip;]\" \/>\n<meta property=\"og:url\" content=\"https:\/\/hotelvillaretiro.com\/ca\/nota-legal\/\" \/>\n<meta property=\"og:site_name\" content=\"Hotel Villa Retiro\" \/>\n<meta property=\"article:modified_time\" content=\"2016-04-12T21:35:46+00:00\" \/>\n<meta name=\"twitter:card\" content=\"summary_large_image\" \/>\n<meta name=\"twitter:label1\" content=\"Temps estimat de lectura\" \/>\n\t<meta name=\"twitter:data1\" content=\"2 minuts\" \/>\n<script type=\"application\/ld+json\" class=\"yoast-schema-graph\">{\"@context\":\"https:\/\/schema.org\",\"@graph\":[{\"@type\":\"WebPage\",\"@id\":\"https:\/\/hotelvillaretiro.com\/ca\/nota-legal\/\",\"url\":\"https:\/\/hotelvillaretiro.com\/ca\/nota-legal\/\",\"name\":\"Nota legal - Hotel Villa Retiro\",\"isPartOf\":{\"@id\":\"https:\/\/hotelvillaretiro.com\/#website\"},\"datePublished\":\"2016-03-21T11:58:39+00:00\",\"dateModified\":\"2016-04-12T21:35:46+00:00\",\"breadcrumb\":{\"@id\":\"https:\/\/hotelvillaretiro.com\/ca\/nota-legal\/#breadcrumb\"},\"inLanguage\":\"ca\",\"potentialAction\":[{\"@type\":\"ReadAction\",\"target\":[\"https:\/\/hotelvillaretiro.com\/ca\/nota-legal\/\"]}]},{\"@type\":\"BreadcrumbList\",\"@id\":\"https:\/\/hotelvillaretiro.com\/ca\/nota-legal\/#breadcrumb\",\"itemListElement\":[{\"@type\":\"ListItem\",\"position\":1,\"name\":\"Portada\",\"item\":\"https:\/\/hotelvillaretiro.com\/ca\/home-ca\/\"},{\"@type\":\"ListItem\",\"position\":2,\"name\":\"Nota legal\"}]},{\"@type\":\"WebSite\",\"@id\":\"https:\/\/hotelvillaretiro.com\/#website\",\"url\":\"https:\/\/hotelvillaretiro.com\/\",\"name\":\"Hotel Villa Retiro\",\"description\":\"Hotel de 5 estrellas en les Terres de l&#039;Ebre\",\"publisher\":{\"@id\":\"https:\/\/hotelvillaretiro.com\/#organization\"},\"potentialAction\":[{\"@type\":\"SearchAction\",\"target\":{\"@type\":\"EntryPoint\",\"urlTemplate\":\"https:\/\/hotelvillaretiro.com\/?s={search_term_string}\"},\"query-input\":{\"@type\":\"PropertyValueSpecification\",\"valueRequired\":true,\"valueName\":\"search_term_string\"}}],\"inLanguage\":\"ca\"},{\"@type\":\"Organization\",\"@id\":\"https:\/\/hotelvillaretiro.com\/#organization\",\"name\":\"Hotel Villa Retiro\",\"url\":\"https:\/\/hotelvillaretiro.com\/\",\"logo\":{\"@type\":\"ImageObject\",\"inLanguage\":\"ca\",\"@id\":\"https:\/\/hotelvillaretiro.com\/#\/schema\/logo\/image\/\",\"url\":\"https:\/\/hotelvillaretiro.com\/wp-content\/uploads\/2025\/02\/hotel-villa-retiro-logo.svg\",\"contentUrl\":\"https:\/\/hotelvillaretiro.com\/wp-content\/uploads\/2025\/02\/hotel-villa-retiro-logo.svg\",\"caption\":\"Hotel Villa Retiro\"},\"image\":{\"@id\":\"https:\/\/hotelvillaretiro.com\/#\/schema\/logo\/image\/\"}}]}<\/script>\n<!-- \/ Yoast SEO plugin. -->","yoast_head_json":{"title":"Nota legal - Hotel Villa Retiro","robots":{"index":"index","follow":"follow","max-snippet":"max-snippet:-1","max-image-preview":"max-image-preview:large","max-video-preview":"max-video-preview:-1"},"canonical":"https:\/\/hotelvillaretiro.com\/ca\/nota-legal\/","og_locale":"ca_ES","og_type":"article","og_title":"Nota legal - Hotel Villa Retiro","og_description":"[vc_row][vc_column width=&#8221;1\/2&#8243; css=&#8221;.vc_custom_1458630814388{padding-right: 3% !important;}&#8221;][vc_column_text]Aquesta web ha estat creada per l&#8217;empresa HOTEL VILLA RETIRO S.L. amb car\u00e0cter informatiu i per a \u00fas personal dels usuaris.A trav\u00e9s d&#8217;aquest Av\u00eds legal, es pret\u00e9n regular l&#8217;acc\u00e9s i \u00fas d&#8217;aquest lloc web, aix\u00ed com la relaci\u00f3 entre el lloc web i els seus usuaris. Accedint a aquest lloc web [&hellip;]","og_url":"https:\/\/hotelvillaretiro.com\/ca\/nota-legal\/","og_site_name":"Hotel Villa Retiro","article_modified_time":"2016-04-12T21:35:46+00:00","twitter_card":"summary_large_image","twitter_misc":{"Temps estimat de lectura":"2 minuts"},"schema":{"@context":"https:\/\/schema.org","@graph":[{"@type":"WebPage","@id":"https:\/\/hotelvillaretiro.com\/ca\/nota-legal\/","url":"https:\/\/hotelvillaretiro.com\/ca\/nota-legal\/","name":"Nota legal - Hotel Villa Retiro","isPartOf":{"@id":"https:\/\/hotelvillaretiro.com\/#website"},"datePublished":"2016-03-21T11:58:39+00:00","dateModified":"2016-04-12T21:35:46+00:00","breadcrumb":{"@id":"https:\/\/hotelvillaretiro.com\/ca\/nota-legal\/#breadcrumb"},"inLanguage":"ca","potentialAction":[{"@type":"ReadAction","target":["https:\/\/hotelvillaretiro.com\/ca\/nota-legal\/"]}]},{"@type":"BreadcrumbList","@id":"https:\/\/hotelvillaretiro.com\/ca\/nota-legal\/#breadcrumb","itemListElement":[{"@type":"ListItem","position":1,"name":"Portada","item":"https:\/\/hotelvillaretiro.com\/ca\/home-ca\/"},{"@type":"ListItem","position":2,"name":"Nota legal"}]},{"@type":"WebSite","@id":"https:\/\/hotelvillaretiro.com\/#website","url":"https:\/\/hotelvillaretiro.com\/","name":"Hotel Villa Retiro","description":"Hotel de 5 estrellas en les Terres de l&#039;Ebre","publisher":{"@id":"https:\/\/hotelvillaretiro.com\/#organization"},"potentialAction":[{"@type":"SearchAction","target":{"@type":"EntryPoint","urlTemplate":"https:\/\/hotelvillaretiro.com\/?s={search_term_string}"},"query-input":{"@type":"PropertyValueSpecification","valueRequired":true,"valueName":"search_term_string"}}],"inLanguage":"ca"},{"@type":"Organization","@id":"https:\/\/hotelvillaretiro.com\/#organization","name":"Hotel Villa Retiro","url":"https:\/\/hotelvillaretiro.com\/","logo":{"@type":"ImageObject","inLanguage":"ca","@id":"https:\/\/hotelvillaretiro.com\/#\/schema\/logo\/image\/","url":"https:\/\/hotelvillaretiro.com\/wp-content\/uploads\/2025\/02\/hotel-villa-retiro-logo.svg","contentUrl":"https:\/\/hotelvillaretiro.com\/wp-content\/uploads\/2025\/02\/hotel-villa-retiro-logo.svg","caption":"Hotel Villa Retiro"},"image":{"@id":"https:\/\/hotelvillaretiro.com\/#\/schema\/logo\/image\/"}}]}},"_links":{"self":[{"href":"https:\/\/hotelvillaretiro.com\/ca\/wp-json\/wp\/v2\/pages\/4090","targetHints":{"allow":["GET"]}}],"collection":[{"href":"https:\/\/hotelvillaretiro.com\/ca\/wp-json\/wp\/v2\/pages"}],"about":[{"href":"https:\/\/hotelvillaretiro.com\/ca\/wp-json\/wp\/v2\/types\/page"}],"author":[{"embeddable":true,"href":"https:\/\/hotelvillaretiro.com\/ca\/wp-json\/wp\/v2\/users\/1"}],"replies":[{"embeddable":true,"href":"https:\/\/hotelvillaretiro.com\/ca\/wp-json\/wp\/v2\/comments?post=4090"}],"version-history":[{"count":0,"href":"https:\/\/hotelvillaretiro.com\/ca\/wp-json\/wp\/v2\/pages\/4090\/revisions"}],"wp:attachment":[{"href":"https:\/\/hotelvillaretiro.com\/ca\/wp-json\/wp\/v2\/media?parent=4090"}],"curies":[{"name":"wp","href":"https:\/\/api.w.org\/{rel}","templated":true}]}}