{"id":4111,"date":"2016-01-28T23:22:52","date_gmt":"2016-01-28T22:22:52","guid":{"rendered":"http:\/\/hotelvillaretiro.com\/eventos\/?lang=ca"},"modified":"2021-05-21T11:25:15","modified_gmt":"2021-05-21T10:25:15","slug":"esdeveniments","status":"publish","type":"page","link":"https:\/\/hotelvillaretiro.com\/ca\/esdeveniments\/","title":{"rendered":"Esdeveniments"},"content":{"rendered":"<p>[vc_row][vc_column width=&#8221;1\/2&#8243; css=&#8221;.vc_custom_1456204112639{padding-top: 5% !important;padding-right: 3% !important;padding-bottom: 5% !important;padding-left: 2% !important;}&#8221;][cl_heading title=&#8221; Especialistes en esdeveniments&#8221; style=&#8221;single-line&#8221;][vc_column_text]A l&#8217;Hotel Villa Retiro comptem amb un departament dedicat exclusivament a la creaci\u00f3 i desenvolupament d&#8217;esdeveniments de tot tipus com celebracions familiars, socials i empresarials. Els nostres assessors l&#8217;informaran de quines s\u00f3n les millors propostes per dur a terme l&#8217;esdeveniment triat, facilitant l&#8217;organitzaci\u00f3, el protocol, la contractaci\u00f3 de serveis externs, etc.[\/vc_column_text][\/vc_column][vc_column width=&#8221;1\/2&#8243; css=&#8221;.vc_custom_1456204099904{padding-top: 5% !important;padding-right: 2% !important;padding-bottom: 5% !important;padding-left: 2% !important;}&#8221;][cl_heading title=&#8221;L&#8217;organitzaci\u00f3&#8221; style=&#8221;single-line&#8221;][vc_column_text css=&#8221;.vc_custom_1461836987067{padding-bottom: 2% !important;}&#8221;]<\/p>\n<div class=\"n diyfeLiveArea\">\n<p>Per garantir l&#8217;\u00e8xit del seu esdeveniment, l&#8217;Hotel Villa Retiro compta amb un equip de professionals que l&#8217;assessorar\u00e0. El responsable de protocol, en tot moment estar\u00e0 al seu costat i s&#8217;encarregar\u00e0 de que vost\u00e8 no s&#8217;hagi de preocupar d&#8217;imprevistos, cronologia, audiovisuals, actuacions o un altre tipus de situaci\u00f3 que impliqui accions relatives a l&#8217;esdeveniment.<\/p><\/div>\n<p>[\/vc_column_text][\/vc_column][\/vc_row][vc_row full_width=&#8221;stretch_row_content_no_spaces&#8221; equal_height=&#8221;yes&#8221; content_placement=&#8221;middle&#8221; el_class=&#8221;row-eq-height&#8221;][vc_column width=&#8221;2\/3&#8243; css=&#8221;.vc_custom_1485371002444{background-image: url(http:\/\/hotelvillaretiro.com\/wp-content\/uploads\/2016\/01\/Hotel-Villa-Retiro-Restaurante-Estrella-Michelin-boda-celebracion-eventos-Ebre-Xerta.jpg?id=6656) !important;background-position: center !important;background-repeat: no-repeat !important;background-size: cover !important;}&#8221;][vc_empty_space height=&#8221;600px&#8221;][\/vc_column][vc_column width=&#8221;1\/3&#8243; css=&#8221;.vc_custom_1621592640891{padding-top: 5% !important;padding-right: 5% !important;padding-bottom: 5% !important;padding-left: 5% !important;background-color: #481511 !important;}&#8221; el_class=&#8221;vertical-align&#8221;][cl_heading title=&#8221;Experts en casaments&#8221; style=&#8221;single-line&#8221; color=&#8221;#ffffff&#8221;][vc_column_text]<span style=\"color: white;\">Planifica, organitza i realitza teu enlla\u00e7 amb el comprom\u00eds i experi\u00e8ncia de Villa Retiro. Hem creat una col\u00b7lecci\u00f3 de perfectes aliats per atendre fins al m\u00e9s m\u00ednim detall. <\/span>[\/vc_column_text][vc_empty_space][vc_btn title=&#8221;El teu casament perfecte&#8221; style=&#8221;outline-custom&#8221; outline_custom_color=&#8221;#ffffff&#8221; outline_custom_hover_background=&#8221;#c4be66&#8243; outline_custom_hover_text=&#8221;#ffffff&#8221; link=&#8221;url:http%3A%2F%2Fhotelvillaretiro.com%2F%3Fpage_id%3D4114%26lang%3Dca||target:%20_blank&#8221;][\/vc_column][\/vc_row][vc_row][vc_column width=&#8221;1\/2&#8243; css=&#8221;.vc_custom_1456204613966{padding-top: 4% !important;padding-right: 4% !important;padding-bottom: 4% !important;padding-left: 4% !important;}&#8221;][cl_heading title=&#8221;Empreses, fires i administracions&#8221; type=&#8221;h4&#8243;][vc_separator color=&#8221;custom&#8221; align=&#8221;align_left&#8221; border_width=&#8221;2&#8243; el_width=&#8221;20&#8243; accent_color=&#8221;#c4be66&#8243; css=&#8221;.vc_custom_1621592525531{padding-bottom: 6% !important;}&#8221;][vc_column_text]<span style=\"color: #481511;\"><strong>\u2713 <\/strong>\u00a0<\/span>Catering Villa Retiro<br \/>\n<span style=\"color: #481511;\"><strong>\u2713 <\/strong>\u00a0<\/span>Presentaci\u00f3 de productes<br \/>\n<span style=\"color: #481511;\"><strong>\u2713 <\/strong> <\/span>Reunions de treball<br \/>\n<span style=\"color: #481511;\"><strong>\u2713 <\/strong> <\/span>Lliurament de premis<br \/>\n<span style=\"color: #481511;\"><strong>\u2713 <\/strong> <\/span>Presentaci\u00f3 de Recursos Humans<br \/>\n<span style=\"color: #481511;\"><strong>\u2713 <\/strong> <\/span>Promoci\u00f3 de productes d&#8217;empresa<br \/>\n<span style=\"color: #481511;\"><strong>\u2713 <\/strong> <\/span>Aglutinaci\u00f3 d&#8217;empreses a\u00a0fires[\/vc_column_text][vc_empty_space][\/vc_column][vc_column width=&#8221;1\/2&#8243; css=&#8221;.vc_custom_1456177245095{padding-top: 4% !important;padding-right: 4% !important;padding-bottom: 4% !important;padding-left: 4% !important;}&#8221;][cl_heading title=&#8221;Celebracions familiars i socials&#8221; type=&#8221;h4&#8243;][vc_separator color=&#8221;custom&#8221; align=&#8221;align_left&#8221; border_width=&#8221;2&#8243; el_width=&#8221;20&#8243; accent_color=&#8221;#255178&#8243; css=&#8221;.vc_custom_1454019877896{padding-bottom: 6% !important;}&#8221;][vc_column_text]<span style=\"color: #481511;\"><strong>\u2713<\/strong> <\/span>Casaments<br \/>\n<span style=\"color: #481511;\"><strong>\u2713<\/strong> <\/span>Comunions<br \/>\n<span style=\"color: #481511;\"><strong>\u2713<\/strong> <\/span>Batejos<br \/>\n<span style=\"color: #481511;\"><strong>\u2713<\/strong> <\/span>Aniversaris<br \/>\n<span style=\"color: #481511;\"><strong>\u2713<\/strong>\u00a0<\/span>Actes socials<br \/>\n<span style=\"color: #481511;\"><strong>\u2713<\/strong> <\/span>Associacions<br \/>\n<span style=\"color: #481511;\"><strong>\u2713<\/strong>\u00a0<\/span>Festes privades[\/vc_column_text][vc_empty_space][\/vc_column][\/vc_row]<\/p>\n","protected":false},"excerpt":{"rendered":"<p>[vc_row][vc_column width=&#8221;1\/2&#8243; css=&#8221;.vc_custom_1456204112639{padding-top: 5% !important;padding-right: 3% !important;padding-bottom: 5% !important;padding-left: 2% !important;}&#8221;][cl_heading title=&#8221; Especialistes en esdeveniments&#8221; style=&#8221;single-line&#8221;][vc_column_text]A l&#8217;Hotel Villa Retiro comptem amb un departament dedicat exclusivament a la creaci\u00f3 i desenvolupament d&#8217;esdeveniments de tot tipus com celebracions familiars, socials i empresarials. Els nostres assessors l&#8217;informaran de quines s\u00f3n les millors propostes per dur a terme l&#8217;esdeveniment [&hellip;]<\/p>\n","protected":false},"author":1,"featured_media":3758,"parent":0,"menu_order":0,"comment_status":"closed","ping_status":"closed","template":"","meta":{"inline_featured_image":false,"footnotes":""},"class_list":["post-4111","page","type-page","status-publish","has-post-thumbnail","hentry"],"yoast_head":"<!-- This site is optimized with the Yoast SEO plugin v27.2 - https:\/\/yoast.com\/product\/yoast-seo-wordpress\/ -->\n<title>Esdeveniments - Hotel Villa Retiro<\/title>\n<meta name=\"description\" content=\"A l&#039;Hotel Villa Retiro creem i desenvolupem esdeveniments i celebracions familiars, socials i empresarials com casaments, menjars d&#039;empresa o c\u00e0tering.\" \/>\n<meta name=\"robots\" content=\"index, follow, max-snippet:-1, max-image-preview:large, max-video-preview:-1\" \/>\n<link rel=\"canonical\" href=\"https:\/\/hotelvillaretiro.com\/ca\/esdeveniments\/\" \/>\n<meta property=\"og:locale\" content=\"ca_ES\" \/>\n<meta property=\"og:type\" content=\"article\" \/>\n<meta property=\"og:title\" content=\"Esdeveniments - Hotel Villa Retiro\" \/>\n<meta property=\"og:description\" content=\"A l&#039;Hotel Villa Retiro creem i desenvolupem esdeveniments i celebracions familiars, socials i empresarials com casaments, menjars d&#039;empresa o c\u00e0tering.\" \/>\n<meta property=\"og:url\" content=\"https:\/\/hotelvillaretiro.com\/ca\/esdeveniments\/\" \/>\n<meta property=\"og:site_name\" content=\"Hotel Villa Retiro\" \/>\n<meta property=\"article:modified_time\" content=\"2021-05-21T10:25:15+00:00\" \/>\n<meta property=\"og:image\" content=\"https:\/\/hotelvillaretiro.com\/wp-content\/uploads\/2016\/01\/Hotel-Villa-Retiro-restaurante-estrella-michelin-chef-fran-lopez-eventos-bodas.jpg\" \/>\n\t<meta property=\"og:image:width\" content=\"1920\" \/>\n\t<meta property=\"og:image:height\" content=\"653\" \/>\n\t<meta property=\"og:image:type\" content=\"image\/jpeg\" \/>\n<meta name=\"twitter:card\" content=\"summary_large_image\" \/>\n<meta name=\"twitter:label1\" content=\"Temps estimat de lectura\" \/>\n\t<meta name=\"twitter:data1\" content=\"2 minuts\" \/>\n<script type=\"application\/ld+json\" class=\"yoast-schema-graph\">{\"@context\":\"https:\/\/schema.org\",\"@graph\":[{\"@type\":\"WebPage\",\"@id\":\"https:\/\/hotelvillaretiro.com\/ca\/esdeveniments\/\",\"url\":\"https:\/\/hotelvillaretiro.com\/ca\/esdeveniments\/\",\"name\":\"Esdeveniments - Hotel Villa Retiro\",\"isPartOf\":{\"@id\":\"https:\/\/hotelvillaretiro.com\/#website\"},\"primaryImageOfPage\":{\"@id\":\"https:\/\/hotelvillaretiro.com\/ca\/esdeveniments\/#primaryimage\"},\"image\":{\"@id\":\"https:\/\/hotelvillaretiro.com\/ca\/esdeveniments\/#primaryimage\"},\"thumbnailUrl\":\"https:\/\/hotelvillaretiro.com\/wp-content\/uploads\/2016\/01\/Hotel-Villa-Retiro-restaurante-estrella-michelin-chef-fran-lopez-eventos-bodas.jpg\",\"datePublished\":\"2016-01-28T22:22:52+00:00\",\"dateModified\":\"2021-05-21T10:25:15+00:00\",\"description\":\"A l'Hotel Villa Retiro creem i desenvolupem esdeveniments i celebracions familiars, socials i empresarials com casaments, menjars d'empresa o c\u00e0tering.\",\"breadcrumb\":{\"@id\":\"https:\/\/hotelvillaretiro.com\/ca\/esdeveniments\/#breadcrumb\"},\"inLanguage\":\"ca\",\"potentialAction\":[{\"@type\":\"ReadAction\",\"target\":[\"https:\/\/hotelvillaretiro.com\/ca\/esdeveniments\/\"]}]},{\"@type\":\"ImageObject\",\"inLanguage\":\"ca\",\"@id\":\"https:\/\/hotelvillaretiro.com\/ca\/esdeveniments\/#primaryimage\",\"url\":\"https:\/\/hotelvillaretiro.com\/wp-content\/uploads\/2016\/01\/Hotel-Villa-Retiro-restaurante-estrella-michelin-chef-fran-lopez-eventos-bodas.jpg\",\"contentUrl\":\"https:\/\/hotelvillaretiro.com\/wp-content\/uploads\/2016\/01\/Hotel-Villa-Retiro-restaurante-estrella-michelin-chef-fran-lopez-eventos-bodas.jpg\",\"width\":1920,\"height\":653,\"caption\":\"Hotel Villa Retiro restaurante estrella michelin chef FranL\u00f3pez eventos bodas Terres de l'Ebre\"},{\"@type\":\"BreadcrumbList\",\"@id\":\"https:\/\/hotelvillaretiro.com\/ca\/esdeveniments\/#breadcrumb\",\"itemListElement\":[{\"@type\":\"ListItem\",\"position\":1,\"name\":\"Portada\",\"item\":\"https:\/\/hotelvillaretiro.com\/ca\/home-ca\/\"},{\"@type\":\"ListItem\",\"position\":2,\"name\":\"Esdeveniments\"}]},{\"@type\":\"WebSite\",\"@id\":\"https:\/\/hotelvillaretiro.com\/#website\",\"url\":\"https:\/\/hotelvillaretiro.com\/\",\"name\":\"Hotel Villa Retiro\",\"description\":\"Hotel de 5 estrellas en les Terres de l&#039;Ebre\",\"publisher\":{\"@id\":\"https:\/\/hotelvillaretiro.com\/#organization\"},\"potentialAction\":[{\"@type\":\"SearchAction\",\"target\":{\"@type\":\"EntryPoint\",\"urlTemplate\":\"https:\/\/hotelvillaretiro.com\/?s={search_term_string}\"},\"query-input\":{\"@type\":\"PropertyValueSpecification\",\"valueRequired\":true,\"valueName\":\"search_term_string\"}}],\"inLanguage\":\"ca\"},{\"@type\":\"Organization\",\"@id\":\"https:\/\/hotelvillaretiro.com\/#organization\",\"name\":\"Hotel Villa Retiro\",\"url\":\"https:\/\/hotelvillaretiro.com\/\",\"logo\":{\"@type\":\"ImageObject\",\"inLanguage\":\"ca\",\"@id\":\"https:\/\/hotelvillaretiro.com\/#\/schema\/logo\/image\/\",\"url\":\"https:\/\/hotelvillaretiro.com\/wp-content\/uploads\/2025\/02\/hotel-villa-retiro-logo.svg\",\"contentUrl\":\"https:\/\/hotelvillaretiro.com\/wp-content\/uploads\/2025\/02\/hotel-villa-retiro-logo.svg\",\"caption\":\"Hotel Villa Retiro\"},\"image\":{\"@id\":\"https:\/\/hotelvillaretiro.com\/#\/schema\/logo\/image\/\"}}]}<\/script>\n<!-- \/ Yoast SEO plugin. -->","yoast_head_json":{"title":"Esdeveniments - Hotel Villa Retiro","description":"A l'Hotel Villa Retiro creem i desenvolupem esdeveniments i celebracions familiars, socials i empresarials com casaments, menjars d'empresa o c\u00e0tering.","robots":{"index":"index","follow":"follow","max-snippet":"max-snippet:-1","max-image-preview":"max-image-preview:large","max-video-preview":"max-video-preview:-1"},"canonical":"https:\/\/hotelvillaretiro.com\/ca\/esdeveniments\/","og_locale":"ca_ES","og_type":"article","og_title":"Esdeveniments - Hotel Villa Retiro","og_description":"A l'Hotel Villa Retiro creem i desenvolupem esdeveniments i celebracions familiars, socials i empresarials com casaments, menjars d'empresa o c\u00e0tering.","og_url":"https:\/\/hotelvillaretiro.com\/ca\/esdeveniments\/","og_site_name":"Hotel Villa Retiro","article_modified_time":"2021-05-21T10:25:15+00:00","og_image":[{"width":1920,"height":653,"url":"https:\/\/hotelvillaretiro.com\/wp-content\/uploads\/2016\/01\/Hotel-Villa-Retiro-restaurante-estrella-michelin-chef-fran-lopez-eventos-bodas.jpg","type":"image\/jpeg"}],"twitter_card":"summary_large_image","twitter_misc":{"Temps estimat de lectura":"2 minuts"},"schema":{"@context":"https:\/\/schema.org","@graph":[{"@type":"WebPage","@id":"https:\/\/hotelvillaretiro.com\/ca\/esdeveniments\/","url":"https:\/\/hotelvillaretiro.com\/ca\/esdeveniments\/","name":"Esdeveniments - Hotel Villa Retiro","isPartOf":{"@id":"https:\/\/hotelvillaretiro.com\/#website"},"primaryImageOfPage":{"@id":"https:\/\/hotelvillaretiro.com\/ca\/esdeveniments\/#primaryimage"},"image":{"@id":"https:\/\/hotelvillaretiro.com\/ca\/esdeveniments\/#primaryimage"},"thumbnailUrl":"https:\/\/hotelvillaretiro.com\/wp-content\/uploads\/2016\/01\/Hotel-Villa-Retiro-restaurante-estrella-michelin-chef-fran-lopez-eventos-bodas.jpg","datePublished":"2016-01-28T22:22:52+00:00","dateModified":"2021-05-21T10:25:15+00:00","description":"A l'Hotel Villa Retiro creem i desenvolupem esdeveniments i celebracions familiars, socials i empresarials com casaments, menjars d'empresa o c\u00e0tering.","breadcrumb":{"@id":"https:\/\/hotelvillaretiro.com\/ca\/esdeveniments\/#breadcrumb"},"inLanguage":"ca","potentialAction":[{"@type":"ReadAction","target":["https:\/\/hotelvillaretiro.com\/ca\/esdeveniments\/"]}]},{"@type":"ImageObject","inLanguage":"ca","@id":"https:\/\/hotelvillaretiro.com\/ca\/esdeveniments\/#primaryimage","url":"https:\/\/hotelvillaretiro.com\/wp-content\/uploads\/2016\/01\/Hotel-Villa-Retiro-restaurante-estrella-michelin-chef-fran-lopez-eventos-bodas.jpg","contentUrl":"https:\/\/hotelvillaretiro.com\/wp-content\/uploads\/2016\/01\/Hotel-Villa-Retiro-restaurante-estrella-michelin-chef-fran-lopez-eventos-bodas.jpg","width":1920,"height":653,"caption":"Hotel Villa Retiro restaurante estrella michelin chef FranL\u00f3pez eventos bodas Terres de l'Ebre"},{"@type":"BreadcrumbList","@id":"https:\/\/hotelvillaretiro.com\/ca\/esdeveniments\/#breadcrumb","itemListElement":[{"@type":"ListItem","position":1,"name":"Portada","item":"https:\/\/hotelvillaretiro.com\/ca\/home-ca\/"},{"@type":"ListItem","position":2,"name":"Esdeveniments"}]},{"@type":"WebSite","@id":"https:\/\/hotelvillaretiro.com\/#website","url":"https:\/\/hotelvillaretiro.com\/","name":"Hotel Villa Retiro","description":"Hotel de 5 estrellas en les Terres de l&#039;Ebre","publisher":{"@id":"https:\/\/hotelvillaretiro.com\/#organization"},"potentialAction":[{"@type":"SearchAction","target":{"@type":"EntryPoint","urlTemplate":"https:\/\/hotelvillaretiro.com\/?s={search_term_string}"},"query-input":{"@type":"PropertyValueSpecification","valueRequired":true,"valueName":"search_term_string"}}],"inLanguage":"ca"},{"@type":"Organization","@id":"https:\/\/hotelvillaretiro.com\/#organization","name":"Hotel Villa Retiro","url":"https:\/\/hotelvillaretiro.com\/","logo":{"@type":"ImageObject","inLanguage":"ca","@id":"https:\/\/hotelvillaretiro.com\/#\/schema\/logo\/image\/","url":"https:\/\/hotelvillaretiro.com\/wp-content\/uploads\/2025\/02\/hotel-villa-retiro-logo.svg","contentUrl":"https:\/\/hotelvillaretiro.com\/wp-content\/uploads\/2025\/02\/hotel-villa-retiro-logo.svg","caption":"Hotel Villa Retiro"},"image":{"@id":"https:\/\/hotelvillaretiro.com\/#\/schema\/logo\/image\/"}}]}},"_links":{"self":[{"href":"https:\/\/hotelvillaretiro.com\/ca\/wp-json\/wp\/v2\/pages\/4111","targetHints":{"allow":["GET"]}}],"collection":[{"href":"https:\/\/hotelvillaretiro.com\/ca\/wp-json\/wp\/v2\/pages"}],"about":[{"href":"https:\/\/hotelvillaretiro.com\/ca\/wp-json\/wp\/v2\/types\/page"}],"author":[{"embeddable":true,"href":"https:\/\/hotelvillaretiro.com\/ca\/wp-json\/wp\/v2\/users\/1"}],"replies":[{"embeddable":true,"href":"https:\/\/hotelvillaretiro.com\/ca\/wp-json\/wp\/v2\/comments?post=4111"}],"version-history":[{"count":0,"href":"https:\/\/hotelvillaretiro.com\/ca\/wp-json\/wp\/v2\/pages\/4111\/revisions"}],"wp:featuredmedia":[{"embeddable":true,"href":"https:\/\/hotelvillaretiro.com\/ca\/wp-json\/wp\/v2\/media\/3758"}],"wp:attachment":[{"href":"https:\/\/hotelvillaretiro.com\/ca\/wp-json\/wp\/v2\/media?parent=4111"}],"curies":[{"name":"wp","href":"https:\/\/api.w.org\/{rel}","templated":true}]}}