{"id":4124,"date":"2016-01-25T13:23:09","date_gmt":"2016-01-25T12:23:09","guid":{"rendered":"http:\/\/hotelvillaretiro.com\/hotel-5-estrellas\/historia\/?lang=ca"},"modified":"2021-06-01T16:54:33","modified_gmt":"2021-06-01T15:54:33","slug":"historia","status":"publish","type":"page","link":"https:\/\/hotelvillaretiro.com\/ca\/hotel-5-estrelles\/historia\/","title":{"rendered":"Hist\u00f2ria"},"content":{"rendered":"<p>[vc_row][vc_column][vc_column_text][cl_heading title=&#8221;Hist\u00f2ria&#8221; style=&#8221;single-line&#8221;][\/vc_column_text][\/vc_column][\/vc_row][vc_row gap=&#8221;15&#8243;][vc_column width=&#8221;1\/2&#8243;][vc_empty_space height=&#8221;20px&#8221;][vc_column_text]El 16 de mar\u00e7 de 2006, es va inaugurar a Xerta el primer hotel de cinc estrelles de les Terres de l&#8217;Ebre. Aquest establiment est\u00e0 situat a l&#8217;antic edifici conegut com &#8220;<a href=\"https:\/\/ca.wikipedia.org\/wiki\/Vil\u00b7la_Retiro_(Xerta)\" target=\"_blank\" rel=\"noopener noreferrer\">la casa del millonario<\/a>&#8220;, un home natural de Xerta que va fer una gran fortuna a Argentina.[\/vc_column_text][vc_empty_space height=&#8221;20px&#8221;][vc_column_text]Jaume Mart\u00ed Tom\u00e0s va n\u00e9ixer el 27 de mar\u00e7 de 1844. Era el segon de sis germans. El seu pare, Antonio Juan Marti Cases, padr\u00f3 de riu, era comerciant fluvial. El producte fonamental del seu negoci era el blat, motiu pel qual se li coneixia com &#8220;Ceremines&#8221;.[\/vc_column_text][vc_empty_space height=&#8221;20px&#8221;][vc_column_text]Jaume va cr\u00e9ixer al costat del negoci familiar, per\u00f2 quan el seu germ\u00e0 gran es va casar tota l&#8217;empresa del pare va ser per a ell. De fet, d&#8217;aquest negoci no podia viure m\u00e9s d&#8217;una fam\u00edlia, de manera que tres dels germans, Jaume, Ramon i <a href=\"https:\/\/ca.wikipedia.org\/wiki\/Fernando_Mart%C3%AD_Tom%C3%A0s\">Fernando<\/a>, van decidir anar-se&#8217;n. Van optar per viatjar a l&#8217;Argentina perqu\u00e8 les not\u00edcies sobre els catalans que havien emigrat eren bastant positives. D&#8217;aquesta manera comen\u00e7a la hist\u00f2ria dels &#8220;Americanos de Xerta&#8221;.[\/vc_column_text][vc_empty_space height=&#8221;20px&#8221;][vc_column_text]Inicialment (d\u00e8cada de 1870) es van establir a Buenos Aires. El primer negoci va ser dels tres germans i tenia per nom &#8220;Mart\u00ed Hermanos&#8221;. L&#8217;empresa comerciava amb diferents productes alimentaris des de la Pen\u00ednsula cap a l&#8217;Argentina: oli d&#8217;oliva, olives, conserves, vins, licors, etc.[\/vc_column_text][vc_empty_space height=&#8221;20px&#8221;][vc_column_text]Amb el temps cada un dels germans va fundar altres negocis totalment independents. Ram\u00f3n va tornar a Xerta i va comprar la casa que actualment pertany a la fam\u00edlia Blanch- Navarro, coneguda com casa &#8220;Ceremines&#8221;. Fernando va residir sempre a l&#8217;Argentina i va pagar la remodelaci\u00f3 del campanar de Xerta al 1910.[\/vc_column_text][vc_empty_space height=&#8221;20px&#8221;][vc_column_text]Pel que fa a Jaume, durant la seva estada a l&#8217;Argentina va con\u00e8ixer a altres catalans que, com ell, havien anat a buscar fortuna. Amb alguns d&#8217;ells va crear nous negocis encara que tamb\u00e9 va participar com a accionista en diferents entitats banc\u00e0ries i asseguradores i va adquirir propietats i finques agr\u00edcoles en Badia Blanca, una ciutat del sud de Buenos Aires. Aix\u00ed doncs, es pot deduir que va complir amb les perspectives comercials que corresponien als burgesos catalans que es van establir en diferents punts d&#8217;Am\u00e8rica Llatina al segle XIX.[\/vc_column_text][vc_empty_space height=&#8221;20px&#8221;][\/vc_column][vc_column width=&#8221;1\/2&#8243;][vc_empty_space height=&#8221;20px&#8221;][vc_column_text]El 1871 Jaume es va casar amb una dona de la noblesa, Maria Dolores de C\u00f2dol Tom\u00e0s, Baronessa de C\u00f2dol. Amb aquest casament ce complien tots els requisits de l&#8217;\u00e8xit: empresari comerciant i emparentat amb la noblesa catalana. Jaume es va divorciar de la baronessa el 1897 sense haver tingut fills. Posteriorment, durant la seva estada a l&#8217;Argentina va con\u00e8ixer una noia de nacionalitat uruguaiana Juana Orfilia, amb qui es va casar i van tenir un fill, Ernesto Carlos.[\/vc_column_text][vc_empty_space height=&#8221;20px&#8221;][vc_column_text]A partir de 1913 va decidir passar els darrers anys de la seva vida a Xerta amb la seva dona i el seu fill a la seva resid\u00e8ncia de Villa Retiro. Possiblement el nom de la casa respon a la seva finalitat. En aquesta propietat hi havia una antiga casa que Jaume va ordenar enderrocar, tot i que es van aprofitar alguns dels fonaments. La nova construcci\u00f3 seria una revoluci\u00f3 arquitect\u00f2nica: un edifici de planta baixa, primer pis i terrassa, edificat segons el nou estil de l&#8217;\u00e8poca, el modernisme, amb un especial toc colonial. La casa es va acabar de construir l&#8217;en any 1892.<\/p>\n<p>El seu propietari anava a passar temporades fins que finalment es va instal\u00b7lar de manera permanent el 1913. Aix\u00ed doncs, Villa Retiro va ser la resid\u00e8ncia definitiva de Jaume tan sols un any, ja que un any despr\u00e9s, en 1914, va morir. La seva dona i el seu fill serien els hereus.[\/vc_column_text][vc_empty_space height=&#8221;20px&#8221;][vc_column_text]Despr\u00e9s de la mort de Jaume Ernesto Carlos es va casar amb la seva cosina germana Ernestina, filla de Ramon, el seu oncle patern. D&#8217;aquest matrimoni van n\u00e9ixer dos fills: Jaume i Ernesto Marti Marti. El mes de juliol de 1936, amb l&#8217;esclat de la Guerra Civil Espanyola, la v\u00eddua de Jaume, Ernesto Carlos i la seva fam\u00edlia van decidir marxar de Xerta. Van passar la Guerra Civil primer a It\u00e0lia i despr\u00e9s a Sant Sebasti\u00e0. Acabada la guerra, tornava la fam\u00edlia a la casa, per\u00f2 la van trobar en una situaci\u00f3 deplorable ja que aquesta s&#8217;havia fet servir com a magatzem i refugi militar. Tot i aix\u00ed van tornar a instal\u00b7lar-se.[\/vc_column_text][vc_empty_space height=&#8221;20px&#8221;][vc_column_text]La v\u00eddua Juana va morir a Villa Retiro el 10 de maig de 1960. La casa va passar a propietat del seu fill qui va cedir l&#8217;her\u00e8ncia al seu fill gran Jaume. Aquest es va casar i va tenir tres fills, residint a Villa Retiro pr\u00e0cticament tota la seva vida. En els \u00faltims anys els va passar a Pinell de Brai, a casa d&#8217;una filla i on encara avui viu la seva esposa.[\/vc_column_text][vc_empty_space height=&#8221;60px&#8221;][\/vc_column][\/vc_row][vc_row full_width=&#8221;stretch_row_content_no_spaces&#8221; css=&#8221;.vc_custom_1622561686378{padding-top: 8% !important;padding-right: 8% !important;padding-bottom: 8% !important;padding-left: 8% !important;background-color: #481511 !important;}&#8221;][vc_column][vc_empty_space height=&#8221;20px&#8221;][cl_heading title=&#8221; Actualitat&#8221; style=&#8221;single-line&#8221; text_align=&#8221;center&#8221; color=&#8221;#ffffff&#8221;][vc_empty_space height=&#8221;20px&#8221;][vc_column_text]<\/p>\n<p style=\"text-align: center;\"><span style=\"color: #ffffff;\">L&#8217;any 2001 va acceptar l&#8217;oferta de compra de la fam\u00edlia L\u00f3pez-Gilabert, que va comprar el conjunt amb la intenci\u00f3 de crear unes instal\u00b7lacions hoteleres.Els nous propietaris l&#8217;han remodelat de manera &#8220;Villa Retiro&#8221; fins al punt de convertir-la en un hotel de 5 estrelles. El nou complex respecta en tot moment l&#8217;arquitectura inicial i l&#8217;estil modernista del conjunt. A m\u00e9s, s&#8217;ha recuperat en immens jard\u00ed i s&#8217;ha instal\u00b7lat un restaurant, el \u00a0Villa Retiro 1* Michelin, aprofitant les antigues depend\u00e8ncies dels treballadors i recuperant, finalment, l&#8217;esplendor que un dia la guerra va arrabassar.<\/span><\/p>\n<p>[\/vc_column_text][\/vc_column][\/vc_row][vc_row][vc_column][vc_empty_space height=&#8221;20px&#8221;][cl_heading title=&#8221;Arquitectura&#8221; style=&#8221;single-line&#8221; text_align=&#8221;center&#8221;][vc_empty_space height=&#8221;20px&#8221;][vc_column_text]<\/p>\n<p style=\"text-align: center;\">Pel que fa a l&#8217;arquitecte responsable de la construcci\u00f3, hi ha una s\u00e8rie d&#8217;indicis que fan pensar que va estar a c\u00e0rrec de <a href=\"https:\/\/es.wikipedia.org\/wiki\/Josep_Fontser\u00e8\" target=\"_blank\" rel=\"noopener noreferrer\">Josep Fontser\u00e8<\/a>, una de les mestres de <a href=\"https:\/\/es.wikipedia.org\/wiki\/Antoni_Gaud%C3%AD\" target=\"_blank\" rel=\"noopener noreferrer\">Antoni Gaud\u00ed <\/a> i gran representant del <a href=\"https:\/\/es.wikipedia.org\/wiki\/Modernisme_catal\u00e1\" target=\"_blank\" rel=\"noopener noreferrer\">modernisme catal\u00e0<\/a>. En efecte, el tipus de construcci\u00f3 i complements de l&#8217;edifici s\u00f3n molt similars a altres obres de Fontser\u00e8, com ara el <a href=\"http:\/\/www.parcsama.com\/parque\/\" target=\"_blank\" rel=\"noopener noreferrer\">Parc Sam\u00e0<\/a>.<\/p>\n<p>[\/vc_column_text][vc_empty_space height=&#8221;20px&#8221;][vc_column_text]<\/p>\n<p style=\"text-align: center;\">Al voltant de l&#8217;edifici, Jaume va ordenar construir una s\u00e8rie de complements exteriors que ajudaven a urbanitzar l&#8217;entorn: jardins amb arbres tropicals i una cascada d&#8217;aigua amb un petit llac. Tamb\u00e9 a l&#8217;exterior van crear un magatzem auxiliar i depend\u00e8ncies per als treballadors, on destaca la construcci\u00f3 d&#8217;un pou de forma ovalada i fet de ma\u00f3, meravella des del punt de vista arquitect\u00f2nic.<\/p>\n<p>[\/vc_column_text][vc_empty_space][vc_message message_box_style=&#8221;outline&#8221; message_box_color=&#8221;mulled_wine&#8221; icon_fontawesome=&#8221;fa fa-check&#8221;]<\/p>\n<p style=\"text-align: center;\"><a href=\"https:\/\/hotelvillaretiro.com\/apertura-del-hotel-villa-retiro-en-2006\/\" target=\"_blank\" rel=\"noopener noreferrer\">Descobreix com va ser l&#8217;obertura de l&#8217;Hotel Villa Retiro a 2006.<\/a><\/p>\n<p>[\/vc_message][\/vc_column][\/vc_row]<\/p>\n","protected":false},"excerpt":{"rendered":"<p>[vc_row][vc_column][vc_column_text][cl_heading title=&#8221;Hist\u00f2ria&#8221; style=&#8221;single-line&#8221;][\/vc_column_text][\/vc_column][\/vc_row][vc_row gap=&#8221;15&#8243;][vc_column width=&#8221;1\/2&#8243;][vc_empty_space height=&#8221;20px&#8221;][vc_column_text]El 16 de mar\u00e7 de 2006, es va inaugurar a Xerta el primer hotel de cinc estrelles de les Terres de l&#8217;Ebre. Aquest establiment est\u00e0 situat a l&#8217;antic edifici conegut com &#8220;la casa del millonario&#8220;, un home natural de Xerta que va fer una gran fortuna a Argentina.[\/vc_column_text][vc_empty_space height=&#8221;20px&#8221;][vc_column_text]Jaume Mart\u00ed [&hellip;]<\/p>\n","protected":false},"author":1,"featured_media":6614,"parent":4116,"menu_order":0,"comment_status":"closed","ping_status":"closed","template":"","meta":{"inline_featured_image":false,"footnotes":""},"class_list":["post-4124","page","type-page","status-publish","has-post-thumbnail","hentry"],"yoast_head":"<!-- This site is optimized with the Yoast SEO plugin v27.2 - https:\/\/yoast.com\/product\/yoast-seo-wordpress\/ -->\n<title>Hist\u00f2ria - Hotel Villa Retiro<\/title>\n<meta name=\"description\" content=\"El 2006 s&#039;inaugura a Xerta l&#039;Hotel Villa Retiro, el primer hotel de 5 estrelles de les Terres de l&#039;Ebre. Un hotel colonial amb hist\u00f2ria.\" \/>\n<meta name=\"robots\" content=\"index, follow, max-snippet:-1, max-image-preview:large, max-video-preview:-1\" \/>\n<link rel=\"canonical\" href=\"https:\/\/hotelvillaretiro.com\/ca\/hotel-5-estrelles\/historia\/\" \/>\n<meta property=\"og:locale\" content=\"ca_ES\" \/>\n<meta property=\"og:type\" content=\"article\" \/>\n<meta property=\"og:title\" content=\"Hist\u00f2ria - Hotel Villa Retiro\" \/>\n<meta property=\"og:description\" content=\"El 2006 s&#039;inaugura a Xerta l&#039;Hotel Villa Retiro, el primer hotel de 5 estrelles de les Terres de l&#039;Ebre. Un hotel colonial amb hist\u00f2ria.\" \/>\n<meta property=\"og:url\" content=\"https:\/\/hotelvillaretiro.com\/ca\/hotel-5-estrelles\/historia\/\" \/>\n<meta property=\"og:site_name\" content=\"Hotel Villa Retiro\" \/>\n<meta property=\"article:modified_time\" content=\"2021-06-01T15:54:33+00:00\" \/>\n<meta property=\"og:image\" content=\"https:\/\/hotelvillaretiro.com\/wp-content\/uploads\/2016\/01\/Hotel-Villa-Retiro-casa-del-millonario-Xerta-Jaume-Marti.jpg\" \/>\n\t<meta property=\"og:image:width\" content=\"1920\" \/>\n\t<meta property=\"og:image:height\" content=\"653\" \/>\n\t<meta property=\"og:image:type\" content=\"image\/jpeg\" \/>\n<meta name=\"twitter:card\" content=\"summary_large_image\" \/>\n<meta name=\"twitter:label1\" content=\"Temps estimat de lectura\" \/>\n\t<meta name=\"twitter:data1\" content=\"7 minuts\" \/>\n<script type=\"application\/ld+json\" class=\"yoast-schema-graph\">{\"@context\":\"https:\/\/schema.org\",\"@graph\":[{\"@type\":\"WebPage\",\"@id\":\"https:\/\/hotelvillaretiro.com\/ca\/hotel-5-estrelles\/historia\/\",\"url\":\"https:\/\/hotelvillaretiro.com\/ca\/hotel-5-estrelles\/historia\/\",\"name\":\"Hist\u00f2ria - Hotel Villa Retiro\",\"isPartOf\":{\"@id\":\"https:\/\/hotelvillaretiro.com\/#website\"},\"primaryImageOfPage\":{\"@id\":\"https:\/\/hotelvillaretiro.com\/ca\/hotel-5-estrelles\/historia\/#primaryimage\"},\"image\":{\"@id\":\"https:\/\/hotelvillaretiro.com\/ca\/hotel-5-estrelles\/historia\/#primaryimage\"},\"thumbnailUrl\":\"https:\/\/hotelvillaretiro.com\/wp-content\/uploads\/2016\/01\/Hotel-Villa-Retiro-casa-del-millonario-Xerta-Jaume-Marti.jpg\",\"datePublished\":\"2016-01-25T12:23:09+00:00\",\"dateModified\":\"2021-06-01T15:54:33+00:00\",\"description\":\"El 2006 s'inaugura a Xerta l'Hotel Villa Retiro, el primer hotel de 5 estrelles de les Terres de l'Ebre. Un hotel colonial amb hist\u00f2ria.\",\"breadcrumb\":{\"@id\":\"https:\/\/hotelvillaretiro.com\/ca\/hotel-5-estrelles\/historia\/#breadcrumb\"},\"inLanguage\":\"ca\",\"potentialAction\":[{\"@type\":\"ReadAction\",\"target\":[\"https:\/\/hotelvillaretiro.com\/ca\/hotel-5-estrelles\/historia\/\"]}]},{\"@type\":\"ImageObject\",\"inLanguage\":\"ca\",\"@id\":\"https:\/\/hotelvillaretiro.com\/ca\/hotel-5-estrelles\/historia\/#primaryimage\",\"url\":\"https:\/\/hotelvillaretiro.com\/wp-content\/uploads\/2016\/01\/Hotel-Villa-Retiro-casa-del-millonario-Xerta-Jaume-Marti.jpg\",\"contentUrl\":\"https:\/\/hotelvillaretiro.com\/wp-content\/uploads\/2016\/01\/Hotel-Villa-Retiro-casa-del-millonario-Xerta-Jaume-Marti.jpg\",\"width\":1920,\"height\":653,\"caption\":\"Hotel-Villa-Retiro-casa-del-millonario-Xerta-Jaume-Marti\"},{\"@type\":\"BreadcrumbList\",\"@id\":\"https:\/\/hotelvillaretiro.com\/ca\/hotel-5-estrelles\/historia\/#breadcrumb\",\"itemListElement\":[{\"@type\":\"ListItem\",\"position\":1,\"name\":\"Portada\",\"item\":\"https:\/\/hotelvillaretiro.com\/ca\/home-ca\/\"},{\"@type\":\"ListItem\",\"position\":2,\"name\":\"Hotel 5 estrelles\",\"item\":\"https:\/\/hotelvillaretiro.com\/ca\/hotel-5-estrelles\/\"},{\"@type\":\"ListItem\",\"position\":3,\"name\":\"Hist\u00f2ria\"}]},{\"@type\":\"WebSite\",\"@id\":\"https:\/\/hotelvillaretiro.com\/#website\",\"url\":\"https:\/\/hotelvillaretiro.com\/\",\"name\":\"Hotel Villa Retiro\",\"description\":\"Hotel de 5 estrellas en les Terres de l&#039;Ebre\",\"publisher\":{\"@id\":\"https:\/\/hotelvillaretiro.com\/#organization\"},\"potentialAction\":[{\"@type\":\"SearchAction\",\"target\":{\"@type\":\"EntryPoint\",\"urlTemplate\":\"https:\/\/hotelvillaretiro.com\/?s={search_term_string}\"},\"query-input\":{\"@type\":\"PropertyValueSpecification\",\"valueRequired\":true,\"valueName\":\"search_term_string\"}}],\"inLanguage\":\"ca\"},{\"@type\":\"Organization\",\"@id\":\"https:\/\/hotelvillaretiro.com\/#organization\",\"name\":\"Hotel Villa Retiro\",\"url\":\"https:\/\/hotelvillaretiro.com\/\",\"logo\":{\"@type\":\"ImageObject\",\"inLanguage\":\"ca\",\"@id\":\"https:\/\/hotelvillaretiro.com\/#\/schema\/logo\/image\/\",\"url\":\"https:\/\/hotelvillaretiro.com\/wp-content\/uploads\/2025\/02\/hotel-villa-retiro-logo.svg\",\"contentUrl\":\"https:\/\/hotelvillaretiro.com\/wp-content\/uploads\/2025\/02\/hotel-villa-retiro-logo.svg\",\"caption\":\"Hotel Villa Retiro\"},\"image\":{\"@id\":\"https:\/\/hotelvillaretiro.com\/#\/schema\/logo\/image\/\"}}]}<\/script>\n<!-- \/ Yoast SEO plugin. -->","yoast_head_json":{"title":"Hist\u00f2ria - Hotel Villa Retiro","description":"El 2006 s'inaugura a Xerta l'Hotel Villa Retiro, el primer hotel de 5 estrelles de les Terres de l'Ebre. Un hotel colonial amb hist\u00f2ria.","robots":{"index":"index","follow":"follow","max-snippet":"max-snippet:-1","max-image-preview":"max-image-preview:large","max-video-preview":"max-video-preview:-1"},"canonical":"https:\/\/hotelvillaretiro.com\/ca\/hotel-5-estrelles\/historia\/","og_locale":"ca_ES","og_type":"article","og_title":"Hist\u00f2ria - Hotel Villa Retiro","og_description":"El 2006 s'inaugura a Xerta l'Hotel Villa Retiro, el primer hotel de 5 estrelles de les Terres de l'Ebre. Un hotel colonial amb hist\u00f2ria.","og_url":"https:\/\/hotelvillaretiro.com\/ca\/hotel-5-estrelles\/historia\/","og_site_name":"Hotel Villa Retiro","article_modified_time":"2021-06-01T15:54:33+00:00","og_image":[{"width":1920,"height":653,"url":"https:\/\/hotelvillaretiro.com\/wp-content\/uploads\/2016\/01\/Hotel-Villa-Retiro-casa-del-millonario-Xerta-Jaume-Marti.jpg","type":"image\/jpeg"}],"twitter_card":"summary_large_image","twitter_misc":{"Temps estimat de lectura":"7 minuts"},"schema":{"@context":"https:\/\/schema.org","@graph":[{"@type":"WebPage","@id":"https:\/\/hotelvillaretiro.com\/ca\/hotel-5-estrelles\/historia\/","url":"https:\/\/hotelvillaretiro.com\/ca\/hotel-5-estrelles\/historia\/","name":"Hist\u00f2ria - Hotel Villa Retiro","isPartOf":{"@id":"https:\/\/hotelvillaretiro.com\/#website"},"primaryImageOfPage":{"@id":"https:\/\/hotelvillaretiro.com\/ca\/hotel-5-estrelles\/historia\/#primaryimage"},"image":{"@id":"https:\/\/hotelvillaretiro.com\/ca\/hotel-5-estrelles\/historia\/#primaryimage"},"thumbnailUrl":"https:\/\/hotelvillaretiro.com\/wp-content\/uploads\/2016\/01\/Hotel-Villa-Retiro-casa-del-millonario-Xerta-Jaume-Marti.jpg","datePublished":"2016-01-25T12:23:09+00:00","dateModified":"2021-06-01T15:54:33+00:00","description":"El 2006 s'inaugura a Xerta l'Hotel Villa Retiro, el primer hotel de 5 estrelles de les Terres de l'Ebre. Un hotel colonial amb hist\u00f2ria.","breadcrumb":{"@id":"https:\/\/hotelvillaretiro.com\/ca\/hotel-5-estrelles\/historia\/#breadcrumb"},"inLanguage":"ca","potentialAction":[{"@type":"ReadAction","target":["https:\/\/hotelvillaretiro.com\/ca\/hotel-5-estrelles\/historia\/"]}]},{"@type":"ImageObject","inLanguage":"ca","@id":"https:\/\/hotelvillaretiro.com\/ca\/hotel-5-estrelles\/historia\/#primaryimage","url":"https:\/\/hotelvillaretiro.com\/wp-content\/uploads\/2016\/01\/Hotel-Villa-Retiro-casa-del-millonario-Xerta-Jaume-Marti.jpg","contentUrl":"https:\/\/hotelvillaretiro.com\/wp-content\/uploads\/2016\/01\/Hotel-Villa-Retiro-casa-del-millonario-Xerta-Jaume-Marti.jpg","width":1920,"height":653,"caption":"Hotel-Villa-Retiro-casa-del-millonario-Xerta-Jaume-Marti"},{"@type":"BreadcrumbList","@id":"https:\/\/hotelvillaretiro.com\/ca\/hotel-5-estrelles\/historia\/#breadcrumb","itemListElement":[{"@type":"ListItem","position":1,"name":"Portada","item":"https:\/\/hotelvillaretiro.com\/ca\/home-ca\/"},{"@type":"ListItem","position":2,"name":"Hotel 5 estrelles","item":"https:\/\/hotelvillaretiro.com\/ca\/hotel-5-estrelles\/"},{"@type":"ListItem","position":3,"name":"Hist\u00f2ria"}]},{"@type":"WebSite","@id":"https:\/\/hotelvillaretiro.com\/#website","url":"https:\/\/hotelvillaretiro.com\/","name":"Hotel Villa Retiro","description":"Hotel de 5 estrellas en les Terres de l&#039;Ebre","publisher":{"@id":"https:\/\/hotelvillaretiro.com\/#organization"},"potentialAction":[{"@type":"SearchAction","target":{"@type":"EntryPoint","urlTemplate":"https:\/\/hotelvillaretiro.com\/?s={search_term_string}"},"query-input":{"@type":"PropertyValueSpecification","valueRequired":true,"valueName":"search_term_string"}}],"inLanguage":"ca"},{"@type":"Organization","@id":"https:\/\/hotelvillaretiro.com\/#organization","name":"Hotel Villa Retiro","url":"https:\/\/hotelvillaretiro.com\/","logo":{"@type":"ImageObject","inLanguage":"ca","@id":"https:\/\/hotelvillaretiro.com\/#\/schema\/logo\/image\/","url":"https:\/\/hotelvillaretiro.com\/wp-content\/uploads\/2025\/02\/hotel-villa-retiro-logo.svg","contentUrl":"https:\/\/hotelvillaretiro.com\/wp-content\/uploads\/2025\/02\/hotel-villa-retiro-logo.svg","caption":"Hotel Villa Retiro"},"image":{"@id":"https:\/\/hotelvillaretiro.com\/#\/schema\/logo\/image\/"}}]}},"_links":{"self":[{"href":"https:\/\/hotelvillaretiro.com\/ca\/wp-json\/wp\/v2\/pages\/4124","targetHints":{"allow":["GET"]}}],"collection":[{"href":"https:\/\/hotelvillaretiro.com\/ca\/wp-json\/wp\/v2\/pages"}],"about":[{"href":"https:\/\/hotelvillaretiro.com\/ca\/wp-json\/wp\/v2\/types\/page"}],"author":[{"embeddable":true,"href":"https:\/\/hotelvillaretiro.com\/ca\/wp-json\/wp\/v2\/users\/1"}],"replies":[{"embeddable":true,"href":"https:\/\/hotelvillaretiro.com\/ca\/wp-json\/wp\/v2\/comments?post=4124"}],"version-history":[{"count":0,"href":"https:\/\/hotelvillaretiro.com\/ca\/wp-json\/wp\/v2\/pages\/4124\/revisions"}],"up":[{"embeddable":true,"href":"https:\/\/hotelvillaretiro.com\/ca\/wp-json\/wp\/v2\/pages\/4116"}],"wp:featuredmedia":[{"embeddable":true,"href":"https:\/\/hotelvillaretiro.com\/ca\/wp-json\/wp\/v2\/media\/6614"}],"wp:attachment":[{"href":"https:\/\/hotelvillaretiro.com\/ca\/wp-json\/wp\/v2\/media?parent=4124"}],"curies":[{"name":"wp","href":"https:\/\/api.w.org\/{rel}","templated":true}]}}