{"id":4130,"date":"2016-02-22T11:04:13","date_gmt":"2016-02-22T10:04:13","guid":{"rendered":"http:\/\/hotelvillaretiro.com\/hotel-5-estrellas\/regala-villa-retiro\/?lang=ca"},"modified":"2022-01-04T13:05:27","modified_gmt":"2022-01-04T12:05:27","slug":"regala-villa-retiro","status":"publish","type":"page","link":"https:\/\/hotelvillaretiro.com\/ca\/hotel-5-estrelles\/regala-villa-retiro\/","title":{"rendered":"Regala Villa Retiro"},"content":{"rendered":"<p>[vc_row gap=&#8221;20&#8243; equal_height=&#8221;yes&#8221; el_class=&#8221;reorder-xs row-eq-height&#8221;][vc_column width=&#8221;1\/2&#8243; css=&#8221;.vc_custom_1544721599723{margin-top: 6% !important;}&#8221;][cl_heading title=&#8221;Xec regal&#8221; style=&#8221;single-line&#8221;][vc_column_text]<\/p>\n<p style=\"text-align: left;\">A Villa Retiro li oferim la possibilitat de regalar als seus familiars o amics qualsevol dels serveis d\u2019Hotel Villa Retiro. El Xec Regal \u00e9s una f\u00f3rmula que hem ideat perqu\u00e8 vost\u00e8 comparteixi la seva experi\u00e8ncia Villa Retiro, es pot de regalar alguna de les nostres escapades o tambe es pot fer un regal personalitzat a partir de la nostra oferta al restaurant 1 Estrella Michel\u00edn i a l\u2019hotel 5 Estrellas.<\/p>\n<p>[\/vc_column_text][vc_empty_space height=&#8221;52px&#8221;][vc_row_inner][vc_column_inner width=&#8221;1\/2&#8243;][vc_single_image image=&#8221;6203&#8243; img_size=&#8221;full&#8221;][\/vc_column_inner][vc_column_inner width=&#8221;1\/2&#8243;][vc_single_image image=&#8221;6199&#8243; img_size=&#8221;full&#8221;][\/vc_column_inner][\/vc_row_inner][\/vc_column][vc_column width=&#8221;1\/2&#8243; el_class=&#8221;vertical-align&#8221; css=&#8221;.vc_custom_1544801029859{margin-top: 2% !important;padding-top: 8% !important;padding-right: 8% !important;padding-bottom: 8% !important;padding-left: 8% !important;background-color: #c9c9c9 !important;}&#8221;][cl_heading title=&#8221;Formulari Reserva&#8221; style=&#8221;single-line&#8221;][contact-form-7 id=&#8221;9005&#8243;][\/vc_column][\/vc_row][vc_row full_width=&#8221;stretch_row&#8221; css=&#8221;.vc_custom_1544725774280{margin-top: -15px !important;padding-top: 5% !important;background-color: #f7f7f7 !important;}&#8221;][vc_column][cl_heading title=&#8221;REGALA GASTRONOMIA DE VILA RETIRO&#8221; style=&#8221;single-line&#8221; text_align=&#8221;center&#8221;][\/vc_column][\/vc_row][vc_row full_width=&#8221;stretch_row&#8221; gap=&#8221;15&#8243; equal_height=&#8221;yes&#8221; css=&#8221;.vc_custom_1544725764615{margin-top: -3% !important;padding-bottom: 6% !important;background-color: #f7f7f7 !important;}&#8221;][vc_column width=&#8221;1\/3&#8243;][vc_row_inner css=&#8221;.vc_custom_1621589586544{border-top-width: 1px !important;border-right-width: 1px !important;border-bottom-width: 1px !important;border-left-width: 1px !important;padding-top: 30px !important;padding-right: 30px !important;padding-bottom: 30px !important;padding-left: 30px !important;background-color: #ffffff !important;border-left-color: #481511 !important;border-left-style: solid !important;border-right-color: #481511 !important;border-right-style: solid !important;border-top-color: #481511 !important;border-top-style: solid !important;border-bottom-color: #481511 !important;border-bottom-style: solid !important;}&#8221;][vc_column_inner][vc_custom_heading text=&#8221;Men\u00fa Sotabosc&#8221; font_container=&#8221;tag:h4|font_size:20|text_align:center|color:%23102552&#8243; use_theme_fonts=&#8221;yes&#8221; link=&#8221;url:https%3A%2F%2Fhotelvillaretiro.com%2Fwp-content%2Fuploads%2F2021%2F10%2FCARTA-RESTAURANT-CATALA-WEB-OCTUBRE-2021.pdf||&#8221;][vc_column_text]<\/p>\n<p style=\"text-align: center;\">Aquesta tardor gaudeix la millor gastronomia de la Delta del Ebre amb la nova proposta de Men\u00fa <span dir=\"ltr\" role=\"presentation\">Sotabo<\/span><span dir=\"ltr\" role=\"presentation\">sc<\/span> del Restaurant Hotel Villa Retiro creat pel xef <span class=\"hiddenSpellError\">biestrellat<\/span> <span class=\"hiddenSpellError\">Fran<\/span> L\u00f3pez.<\/p>\n<p>[\/vc_column_text][\/vc_column_inner][\/vc_row_inner][\/vc_column][vc_column width=&#8221;1\/3&#8243;][vc_row_inner css=&#8221;.vc_custom_1621589598946{border-top-width: 1px !important;border-right-width: 1px !important;border-bottom-width: 1px !important;border-left-width: 1px !important;padding-top: 30px !important;padding-right: 30px !important;padding-bottom: 30px !important;padding-left: 30px !important;background-color: #ffffff !important;border-left-color: #481511 !important;border-left-style: solid !important;border-right-color: #481511 !important;border-right-style: solid !important;border-top-color: #481511 !important;border-top-style: solid !important;border-bottom-color: #481511 !important;border-bottom-style: solid !important;}&#8221;][vc_column_inner][vc_custom_heading text=&#8221;Men\u00fa Degustaci\u00f3&#8221; font_container=&#8221;tag:h4|font_size:20|text_align:center|color:%23102552&#8243; use_theme_fonts=&#8221;yes&#8221;][vc_column_text]<\/p>\n<p style=\"text-align: center;\">El men\u00fa degustaci\u00f3 del Restaurant Villa Retiro \u00e9s el men\u00fa estrella de la nostra cuina. Els productes de temporada s\u00f3n la base per la qual es regeix\u00a0 aquest\u00a0 men\u00fa creat per als cinc sentits.<\/p>\n<p>[\/vc_column_text][\/vc_column_inner][\/vc_row_inner][\/vc_column][vc_column width=&#8221;1\/3&#8243;][vc_row_inner css=&#8221;.vc_custom_1621589606720{border-top-width: 1px !important;border-right-width: 1px !important;border-bottom-width: 1px !important;border-left-width: 1px !important;padding-top: 30px !important;padding-right: 30px !important;padding-bottom: 30px !important;padding-left: 30px !important;background-color: #ffffff !important;border-left-color: #481511 !important;border-left-style: solid !important;border-right-color: #481511 !important;border-right-style: solid !important;border-top-color: #481511 !important;border-top-style: solid !important;border-bottom-color: #481511 !important;border-bottom-style: solid !important;}&#8221;][vc_column_inner][vc_custom_heading text=&#8221;Men\u00fa Homenatge&#8221; font_container=&#8221;tag:h4|font_size:20|text_align:center|color:%23102552&#8243; use_theme_fonts=&#8221;yes&#8221;][vc_column_text]<\/p>\n<p style=\"text-align: center;\">Sorpr\u00e8n als teus 5 sentits donant-te un homenatge sense igual i gaudeix al m\u00e0xim de l\u2019experi\u00e8ncia Villa Retiro.Amb aquest men\u00fa despleguem tot el potencial del treball en equip.<\/p>\n<p>[\/vc_column_text][\/vc_column_inner][\/vc_row_inner][\/vc_column][\/vc_row][vc_row full_width=&#8221;stretch_row&#8221; css=&#8221;.vc_custom_1544722199253{background-color: #e5e5e5 !important;}&#8221;][\/vc_row][vc_row full_width=&#8221;stretch_row_content&#8221; equal_height=&#8221;yes&#8221; content_placement=&#8221;middle&#8221; el_class=&#8221;row-eq-height&#8221; css=&#8221;.vc_custom_1621589579087{background-color: #481511 !important;background-position: center !important;background-repeat: no-repeat !important;background-size: cover !important;}&#8221;][vc_column width=&#8221;1\/2&#8243; css=&#8221;.vc_custom_1641296327568{background-image: url(https:\/\/hotelvillaretiro.com\/wp-content\/uploads\/2022\/01\/hotel-villa-retiro-estrella-michelin-fran-lopez-xerta-tarragonaVilla-Retiro-Octubre-2021-81.jpg?id=37864) !important;background-position: center !important;background-repeat: no-repeat !important;background-size: cover !important;}&#8221;][vc_empty_space height=&#8221;500px&#8221;][\/vc_column][vc_column width=&#8221;1\/2&#8243; css=&#8221;.vc_custom_1464628283757{padding-top: 4% !important;padding-right: 4% !important;padding-bottom: 4% !important;padding-left: 4% !important;}&#8221; el_class=&#8221;vertical-align&#8221;][cl_heading title=&#8221;Xef Fran L\u00f3pez&#8221; style=&#8221;single-line&#8221; color=&#8221;#ffffff&#8221;][vc_column_text]<\/p>\n<p class=\"teaser\"><span style=\"color: white;\">Al capdavant de l\u2019equip de cuina hi tenim el xef Francesc L\u00f3pez, quarta generaci\u00f3 de restauradors. A la cuina, juntament amb el seu equip, Fran elabora una cuina basada en el producte i el mercat, amb tocs d\u2019innovaci\u00f3 sense perdre l\u2019ess\u00e8ncia de la cuina tradicional que li ha perm\u00e8s atresorar diversos premis i reconeixements internacionals.<\/span><\/p>\n<p>[\/vc_column_text][\/vc_column][\/vc_row][vc_row css=&#8221;.vc_custom_1544723928720{margin-top: 4% !important;}&#8221;][vc_column][cl_heading title=&#8221;REGALA HOTEL VILLA RETIRO&#8221; style=&#8221;single-line&#8221; text_align=&#8221;center&#8221;][\/vc_column][\/vc_row][vc_row full_width=&#8221;stretch_row&#8221; gap=&#8221;15&#8243; equal_height=&#8221;yes&#8221; css=&#8221;.vc_custom_1544722598392{padding-top: 5% !important;padding-bottom: 7% !important;background-color: #f7f7f7 !important;}&#8221;][vc_column width=&#8221;1\/3&#8243;][vc_row_inner css=&#8221;.vc_custom_1621589614848{border-top-width: 1px !important;border-right-width: 1px !important;border-bottom-width: 1px !important;border-left-width: 1px !important;padding-top: 30px !important;padding-right: 30px !important;padding-bottom: 30px !important;padding-left: 30px !important;background-color: #ffffff !important;border-left-color: #481511 !important;border-left-style: solid !important;border-right-color: #481511 !important;border-right-style: solid !important;border-top-color: #481511 !important;border-top-style: solid !important;border-bottom-color: #481511 !important;border-bottom-style: solid !important;}&#8221;][vc_column_inner][vc_custom_heading text=&#8221;Escapada Relax&#8221; font_container=&#8221;tag:h4|font_size:26|text_align:center&#8221; use_theme_fonts=&#8221;yes&#8221;][vc_text_separator title=&#8221;538\u20ac&#8221; el_width=&#8221;80&#8243; css=&#8221;.vc_custom_1641296362367{margin-bottom: 3% !important;}&#8221;][vc_column_text]<\/p>\n<p style=\"text-align: center;\">\u2713 2 nits \/ 2 persones ( 1 dia MP i l&#8217;altre AE).<\/p>\n<p style=\"text-align: center;\">\u2713 Allotjament i esmorzar a la carta.<\/p>\n<p style=\"text-align: center;\">\u2713 Men\u00fa degustaci\u00f3 per a 2 persones en el restaurant Villa Retiro (1* Michelin). No inclou begudes.<\/p>\n<p style=\"text-align: center;\">\u2713 ZONA RELAX (60\u2019). Utilitzaci\u00f3 de: la cabina de gel, banys de vapor, sauna, hidromassatge, dutxa escocesa.<\/p>\n<p style=\"text-align: center;\">\u2713 Quiromassatge (30&#8242;).<\/p>\n<p>[\/vc_column_text][\/vc_column_inner][\/vc_row_inner][\/vc_column][vc_column width=&#8221;1\/3&#8243;][vc_row_inner css=&#8221;.vc_custom_1621589624665{border-top-width: 1px !important;border-right-width: 1px !important;border-bottom-width: 1px !important;border-left-width: 1px !important;padding-top: 30px !important;padding-right: 30px !important;padding-bottom: 30px !important;padding-left: 30px !important;background-color: #ffffff !important;border-left-color: #481511 !important;border-left-style: solid !important;border-right-color: #481511 !important;border-right-style: solid !important;border-top-color: #481511 !important;border-top-style: solid !important;border-bottom-color: #481511 !important;border-bottom-style: solid !important;}&#8221;][vc_column_inner][vc_custom_heading text=&#8221;Escapada Gourmet&#8221; font_container=&#8221;tag:h4|font_size:26|text_align:center&#8221; use_theme_fonts=&#8221;yes&#8221;][vc_text_separator title=&#8221;358\u20ac&#8221; el_width=&#8221;80&#8243; css=&#8221;.vc_custom_1641296437981{margin-bottom: 3% !important;}&#8221;][vc_column_text]<\/p>\n<p style=\"text-align: center;\">\u2713 1 nit\/ 2 persones en MP.<\/p>\n<p style=\"text-align: center;\">\u2713 Allotjament i esmorzar a la carta.<\/p>\n<p style=\"text-align: center;\">\u2713 Men\u00fa degustaci\u00f3 per a 2 persones en el restaurant Villa Retiro (1* Michelin). No inclou begudes.<\/p>\n<p style=\"text-align: center;\">\u2713 Visita amb cata a la Catedral del V\u00ed.<\/p>\n<p>[\/vc_column_text][\/vc_column_inner][\/vc_row_inner][\/vc_column][vc_column width=&#8221;1\/3&#8243;][vc_row_inner css=&#8221;.vc_custom_1621589634000{border-top-width: 1px !important;border-right-width: 1px !important;border-bottom-width: 1px !important;border-left-width: 1px !important;padding-top: 30px !important;padding-right: 30px !important;padding-bottom: 30px !important;padding-left: 30px !important;background-color: #ffffff !important;border-left-color: #481511 !important;border-left-style: solid !important;border-right-color: #481511 !important;border-right-style: solid !important;border-top-color: #481511 !important;border-top-style: solid !important;border-bottom-color: #481511 !important;border-bottom-style: solid !important;}&#8221;][vc_column_inner][vc_custom_heading text=&#8221;Escapada Rom\u00e0ntica&#8221; font_container=&#8221;tag:h4|font_size:26|text_align:center&#8221; use_theme_fonts=&#8221;yes&#8221;][vc_text_separator title=&#8221;398\u20ac&#8221; el_width=&#8221;80&#8243; css=&#8221;.vc_custom_1641296480483{margin-bottom: 3% !important;}&#8221;][vc_column_text]<\/p>\n<p style=\"text-align: center;\">\u2713 1 nit \/ 2 persones en MP.<\/p>\n<p style=\"text-align: center;\">\u2713 Allotjament i esmorzar a la carta.<\/p>\n<p style=\"text-align: center;\">\u2713 Men\u00fa degustaci\u00f3 per a 2 persones en el restaurant Villa Retiro (1* Michelin). No inclou begudes.<\/p>\n<p style=\"text-align: center;\">\u2713 Visita amb cata a la Catedral del V\u00ed.<\/p>\n<p style=\"text-align: center;\">\u2713 Quiromassatge (30&#8242;).<\/p>\n<p>[\/vc_column_text][\/vc_column_inner][\/vc_row_inner][\/vc_column][\/vc_row][vc_row full_width=&#8221;stretch_row_content_no_spaces&#8221;][vc_column width=&#8221;1\/2&#8243; css=&#8221;.vc_custom_1641296584928{background-image: url(https:\/\/hotelvillaretiro.com\/wp-content\/uploads\/2021\/11\/hotel-villa-retiro-estrella-michelin-fran-lopez-xerta-tarragonaVilla-Retiro-Octubre-2021-62.jpg?id=36836) !important;background-position: center !important;background-repeat: no-repeat !important;background-size: cover !important;}&#8221;][vc_empty_space height=&#8221;500px&#8221;][\/vc_column][vc_column width=&#8221;1\/2&#8243; css=&#8221;.vc_custom_1641297869014{background-image: url(https:\/\/hotelvillaretiro.com\/wp-content\/uploads\/2021\/11\/hotel-villa-retiro-estrella-michelin-fran-lopez-xerta-tarragonaVilla-Retiro-Octubre-2021-63.jpg?id=36840) !important;background-position: center !important;background-repeat: no-repeat !important;background-size: cover !important;}&#8221;][vc_empty_space height=&#8221;500px&#8221;][\/vc_column][\/vc_row]<\/p>\n","protected":false},"excerpt":{"rendered":"<p>[vc_row gap=&#8221;20&#8243; equal_height=&#8221;yes&#8221; el_class=&#8221;reorder-xs row-eq-height&#8221;][vc_column width=&#8221;1\/2&#8243; css=&#8221;.vc_custom_1544721599723{margin-top: 6% !important;}&#8221;][cl_heading title=&#8221;Xec regal&#8221; style=&#8221;single-line&#8221;][vc_column_text] A Villa Retiro li oferim la possibilitat de regalar als seus familiars o amics qualsevol dels serveis d\u2019Hotel Villa Retiro. El Xec Regal \u00e9s una f\u00f3rmula que hem ideat perqu\u00e8 vost\u00e8 comparteixi la seva experi\u00e8ncia Villa Retiro, es pot de regalar alguna de [&hellip;]<\/p>\n","protected":false},"author":1,"featured_media":4962,"parent":4116,"menu_order":0,"comment_status":"closed","ping_status":"closed","template":"","meta":{"inline_featured_image":false,"footnotes":""},"class_list":["post-4130","page","type-page","status-publish","has-post-thumbnail","hentry"],"yoast_head":"<!-- This site is optimized with the Yoast SEO plugin v27.2 - https:\/\/yoast.com\/product\/yoast-seo-wordpress\/ -->\n<title>Regala Villa Retiro - Xec Regal<\/title>\n<meta name=\"description\" content=\"Li oferim l&#039;oportunitat que pugui regalar als seus familiars o amics qualsevol dels serveis d&#039;Hotel Villa Retiro amb el nostre xec regal.\" \/>\n<meta name=\"robots\" content=\"index, follow, max-snippet:-1, max-image-preview:large, max-video-preview:-1\" \/>\n<link rel=\"canonical\" href=\"https:\/\/hotelvillaretiro.com\/ca\/hotel-5-estrelles\/regala-villa-retiro\/\" \/>\n<meta property=\"og:locale\" content=\"ca_ES\" \/>\n<meta property=\"og:type\" content=\"article\" \/>\n<meta property=\"og:title\" content=\"Regala Villa Retiro - Xec Regal\" \/>\n<meta property=\"og:description\" content=\"Li oferim l&#039;oportunitat que pugui regalar als seus familiars o amics qualsevol dels serveis d&#039;Hotel Villa Retiro amb el nostre xec regal.\" \/>\n<meta property=\"og:url\" content=\"https:\/\/hotelvillaretiro.com\/ca\/hotel-5-estrelles\/regala-villa-retiro\/\" \/>\n<meta property=\"og:site_name\" content=\"Hotel Villa Retiro\" \/>\n<meta property=\"article:modified_time\" content=\"2022-01-04T12:05:27+00:00\" \/>\n<meta property=\"og:image\" content=\"https:\/\/hotelvillaretiro.com\/wp-content\/uploads\/2015\/09\/Hotel-Villa-Retiro-5-estrellas-Xerta-Ebre-1.jpg\" \/>\n\t<meta property=\"og:image:width\" content=\"1200\" \/>\n\t<meta property=\"og:image:height\" content=\"800\" \/>\n\t<meta property=\"og:image:type\" content=\"image\/jpeg\" \/>\n<meta name=\"twitter:card\" content=\"summary_large_image\" \/>\n<meta name=\"twitter:label1\" content=\"Temps estimat de lectura\" \/>\n\t<meta name=\"twitter:data1\" content=\"4 minuts\" \/>\n<script type=\"application\/ld+json\" class=\"yoast-schema-graph\">{\"@context\":\"https:\/\/schema.org\",\"@graph\":[{\"@type\":\"WebPage\",\"@id\":\"https:\/\/hotelvillaretiro.com\/ca\/hotel-5-estrelles\/regala-villa-retiro\/\",\"url\":\"https:\/\/hotelvillaretiro.com\/ca\/hotel-5-estrelles\/regala-villa-retiro\/\",\"name\":\"Regala Villa Retiro - Xec Regal\",\"isPartOf\":{\"@id\":\"https:\/\/hotelvillaretiro.com\/#website\"},\"primaryImageOfPage\":{\"@id\":\"https:\/\/hotelvillaretiro.com\/ca\/hotel-5-estrelles\/regala-villa-retiro\/#primaryimage\"},\"image\":{\"@id\":\"https:\/\/hotelvillaretiro.com\/ca\/hotel-5-estrelles\/regala-villa-retiro\/#primaryimage\"},\"thumbnailUrl\":\"https:\/\/hotelvillaretiro.com\/wp-content\/uploads\/2015\/09\/Hotel-Villa-Retiro-5-estrellas-Xerta-Ebre-1.jpg\",\"datePublished\":\"2016-02-22T10:04:13+00:00\",\"dateModified\":\"2022-01-04T12:05:27+00:00\",\"description\":\"Li oferim l'oportunitat que pugui regalar als seus familiars o amics qualsevol dels serveis d'Hotel Villa Retiro amb el nostre xec regal.\",\"breadcrumb\":{\"@id\":\"https:\/\/hotelvillaretiro.com\/ca\/hotel-5-estrelles\/regala-villa-retiro\/#breadcrumb\"},\"inLanguage\":\"ca\",\"potentialAction\":[{\"@type\":\"ReadAction\",\"target\":[\"https:\/\/hotelvillaretiro.com\/ca\/hotel-5-estrelles\/regala-villa-retiro\/\"]}]},{\"@type\":\"ImageObject\",\"inLanguage\":\"ca\",\"@id\":\"https:\/\/hotelvillaretiro.com\/ca\/hotel-5-estrelles\/regala-villa-retiro\/#primaryimage\",\"url\":\"https:\/\/hotelvillaretiro.com\/wp-content\/uploads\/2015\/09\/Hotel-Villa-Retiro-5-estrellas-Xerta-Ebre-1.jpg\",\"contentUrl\":\"https:\/\/hotelvillaretiro.com\/wp-content\/uploads\/2015\/09\/Hotel-Villa-Retiro-5-estrellas-Xerta-Ebre-1.jpg\",\"width\":1200,\"height\":800,\"caption\":\"Hotel-Villa-Retiro-5-estrellas-Xerta-Ebre\"},{\"@type\":\"BreadcrumbList\",\"@id\":\"https:\/\/hotelvillaretiro.com\/ca\/hotel-5-estrelles\/regala-villa-retiro\/#breadcrumb\",\"itemListElement\":[{\"@type\":\"ListItem\",\"position\":1,\"name\":\"Portada\",\"item\":\"https:\/\/hotelvillaretiro.com\/ca\/home-ca\/\"},{\"@type\":\"ListItem\",\"position\":2,\"name\":\"Hotel 5 estrelles\",\"item\":\"https:\/\/hotelvillaretiro.com\/ca\/hotel-5-estrelles\/\"},{\"@type\":\"ListItem\",\"position\":3,\"name\":\"Regala Villa Retiro\"}]},{\"@type\":\"WebSite\",\"@id\":\"https:\/\/hotelvillaretiro.com\/#website\",\"url\":\"https:\/\/hotelvillaretiro.com\/\",\"name\":\"Hotel Villa Retiro\",\"description\":\"Hotel de 5 estrellas en les Terres de l&#039;Ebre\",\"publisher\":{\"@id\":\"https:\/\/hotelvillaretiro.com\/#organization\"},\"potentialAction\":[{\"@type\":\"SearchAction\",\"target\":{\"@type\":\"EntryPoint\",\"urlTemplate\":\"https:\/\/hotelvillaretiro.com\/?s={search_term_string}\"},\"query-input\":{\"@type\":\"PropertyValueSpecification\",\"valueRequired\":true,\"valueName\":\"search_term_string\"}}],\"inLanguage\":\"ca\"},{\"@type\":\"Organization\",\"@id\":\"https:\/\/hotelvillaretiro.com\/#organization\",\"name\":\"Hotel Villa Retiro\",\"url\":\"https:\/\/hotelvillaretiro.com\/\",\"logo\":{\"@type\":\"ImageObject\",\"inLanguage\":\"ca\",\"@id\":\"https:\/\/hotelvillaretiro.com\/#\/schema\/logo\/image\/\",\"url\":\"https:\/\/hotelvillaretiro.com\/wp-content\/uploads\/2025\/02\/hotel-villa-retiro-logo.svg\",\"contentUrl\":\"https:\/\/hotelvillaretiro.com\/wp-content\/uploads\/2025\/02\/hotel-villa-retiro-logo.svg\",\"caption\":\"Hotel Villa Retiro\"},\"image\":{\"@id\":\"https:\/\/hotelvillaretiro.com\/#\/schema\/logo\/image\/\"}}]}<\/script>\n<!-- \/ Yoast SEO plugin. -->","yoast_head_json":{"title":"Regala Villa Retiro - Xec Regal","description":"Li oferim l'oportunitat que pugui regalar als seus familiars o amics qualsevol dels serveis d'Hotel Villa Retiro amb el nostre xec regal.","robots":{"index":"index","follow":"follow","max-snippet":"max-snippet:-1","max-image-preview":"max-image-preview:large","max-video-preview":"max-video-preview:-1"},"canonical":"https:\/\/hotelvillaretiro.com\/ca\/hotel-5-estrelles\/regala-villa-retiro\/","og_locale":"ca_ES","og_type":"article","og_title":"Regala Villa Retiro - Xec Regal","og_description":"Li oferim l'oportunitat que pugui regalar als seus familiars o amics qualsevol dels serveis d'Hotel Villa Retiro amb el nostre xec regal.","og_url":"https:\/\/hotelvillaretiro.com\/ca\/hotel-5-estrelles\/regala-villa-retiro\/","og_site_name":"Hotel Villa Retiro","article_modified_time":"2022-01-04T12:05:27+00:00","og_image":[{"width":1200,"height":800,"url":"https:\/\/hotelvillaretiro.com\/wp-content\/uploads\/2015\/09\/Hotel-Villa-Retiro-5-estrellas-Xerta-Ebre-1.jpg","type":"image\/jpeg"}],"twitter_card":"summary_large_image","twitter_misc":{"Temps estimat de lectura":"4 minuts"},"schema":{"@context":"https:\/\/schema.org","@graph":[{"@type":"WebPage","@id":"https:\/\/hotelvillaretiro.com\/ca\/hotel-5-estrelles\/regala-villa-retiro\/","url":"https:\/\/hotelvillaretiro.com\/ca\/hotel-5-estrelles\/regala-villa-retiro\/","name":"Regala Villa Retiro - Xec Regal","isPartOf":{"@id":"https:\/\/hotelvillaretiro.com\/#website"},"primaryImageOfPage":{"@id":"https:\/\/hotelvillaretiro.com\/ca\/hotel-5-estrelles\/regala-villa-retiro\/#primaryimage"},"image":{"@id":"https:\/\/hotelvillaretiro.com\/ca\/hotel-5-estrelles\/regala-villa-retiro\/#primaryimage"},"thumbnailUrl":"https:\/\/hotelvillaretiro.com\/wp-content\/uploads\/2015\/09\/Hotel-Villa-Retiro-5-estrellas-Xerta-Ebre-1.jpg","datePublished":"2016-02-22T10:04:13+00:00","dateModified":"2022-01-04T12:05:27+00:00","description":"Li oferim l'oportunitat que pugui regalar als seus familiars o amics qualsevol dels serveis d'Hotel Villa Retiro amb el nostre xec regal.","breadcrumb":{"@id":"https:\/\/hotelvillaretiro.com\/ca\/hotel-5-estrelles\/regala-villa-retiro\/#breadcrumb"},"inLanguage":"ca","potentialAction":[{"@type":"ReadAction","target":["https:\/\/hotelvillaretiro.com\/ca\/hotel-5-estrelles\/regala-villa-retiro\/"]}]},{"@type":"ImageObject","inLanguage":"ca","@id":"https:\/\/hotelvillaretiro.com\/ca\/hotel-5-estrelles\/regala-villa-retiro\/#primaryimage","url":"https:\/\/hotelvillaretiro.com\/wp-content\/uploads\/2015\/09\/Hotel-Villa-Retiro-5-estrellas-Xerta-Ebre-1.jpg","contentUrl":"https:\/\/hotelvillaretiro.com\/wp-content\/uploads\/2015\/09\/Hotel-Villa-Retiro-5-estrellas-Xerta-Ebre-1.jpg","width":1200,"height":800,"caption":"Hotel-Villa-Retiro-5-estrellas-Xerta-Ebre"},{"@type":"BreadcrumbList","@id":"https:\/\/hotelvillaretiro.com\/ca\/hotel-5-estrelles\/regala-villa-retiro\/#breadcrumb","itemListElement":[{"@type":"ListItem","position":1,"name":"Portada","item":"https:\/\/hotelvillaretiro.com\/ca\/home-ca\/"},{"@type":"ListItem","position":2,"name":"Hotel 5 estrelles","item":"https:\/\/hotelvillaretiro.com\/ca\/hotel-5-estrelles\/"},{"@type":"ListItem","position":3,"name":"Regala Villa Retiro"}]},{"@type":"WebSite","@id":"https:\/\/hotelvillaretiro.com\/#website","url":"https:\/\/hotelvillaretiro.com\/","name":"Hotel Villa Retiro","description":"Hotel de 5 estrellas en les Terres de l&#039;Ebre","publisher":{"@id":"https:\/\/hotelvillaretiro.com\/#organization"},"potentialAction":[{"@type":"SearchAction","target":{"@type":"EntryPoint","urlTemplate":"https:\/\/hotelvillaretiro.com\/?s={search_term_string}"},"query-input":{"@type":"PropertyValueSpecification","valueRequired":true,"valueName":"search_term_string"}}],"inLanguage":"ca"},{"@type":"Organization","@id":"https:\/\/hotelvillaretiro.com\/#organization","name":"Hotel Villa Retiro","url":"https:\/\/hotelvillaretiro.com\/","logo":{"@type":"ImageObject","inLanguage":"ca","@id":"https:\/\/hotelvillaretiro.com\/#\/schema\/logo\/image\/","url":"https:\/\/hotelvillaretiro.com\/wp-content\/uploads\/2025\/02\/hotel-villa-retiro-logo.svg","contentUrl":"https:\/\/hotelvillaretiro.com\/wp-content\/uploads\/2025\/02\/hotel-villa-retiro-logo.svg","caption":"Hotel Villa Retiro"},"image":{"@id":"https:\/\/hotelvillaretiro.com\/#\/schema\/logo\/image\/"}}]}},"_links":{"self":[{"href":"https:\/\/hotelvillaretiro.com\/ca\/wp-json\/wp\/v2\/pages\/4130","targetHints":{"allow":["GET"]}}],"collection":[{"href":"https:\/\/hotelvillaretiro.com\/ca\/wp-json\/wp\/v2\/pages"}],"about":[{"href":"https:\/\/hotelvillaretiro.com\/ca\/wp-json\/wp\/v2\/types\/page"}],"author":[{"embeddable":true,"href":"https:\/\/hotelvillaretiro.com\/ca\/wp-json\/wp\/v2\/users\/1"}],"replies":[{"embeddable":true,"href":"https:\/\/hotelvillaretiro.com\/ca\/wp-json\/wp\/v2\/comments?post=4130"}],"version-history":[{"count":0,"href":"https:\/\/hotelvillaretiro.com\/ca\/wp-json\/wp\/v2\/pages\/4130\/revisions"}],"up":[{"embeddable":true,"href":"https:\/\/hotelvillaretiro.com\/ca\/wp-json\/wp\/v2\/pages\/4116"}],"wp:featuredmedia":[{"embeddable":true,"href":"https:\/\/hotelvillaretiro.com\/ca\/wp-json\/wp\/v2\/media\/4962"}],"wp:attachment":[{"href":"https:\/\/hotelvillaretiro.com\/ca\/wp-json\/wp\/v2\/media?parent=4130"}],"curies":[{"name":"wp","href":"https:\/\/api.w.org\/{rel}","templated":true}]}}