{"id":4141,"date":"2015-09-06T15:09:02","date_gmt":"2015-09-06T14:09:02","guid":{"rendered":"http:\/\/hotelvillaretiro.com\/hotel-5-estrellas\/trabaja-con-nosotros\/?lang=ca"},"modified":"2016-04-28T15:08:49","modified_gmt":"2016-04-28T14:08:49","slug":"treballa-amb-nosaltres","status":"publish","type":"page","link":"https:\/\/hotelvillaretiro.com\/ca\/hotel-5-estrelles\/treballa-amb-nosaltres\/","title":{"rendered":"Treballa amb nosaltres"},"content":{"rendered":"<p>[vc_row full_width=&#8221;stretch_row_content_no_spaces&#8221; el_class=&#8221;row-eq-height&#8221;][vc_column width=&#8221;1\/2&#8243; css=&#8221;.vc_custom_1453844705682{padding-top: 4% !important;padding-right: 5% !important;padding-bottom: 4% !important;padding-left: 5% !important;}&#8221;][cl_heading title=&#8221;TREBALLAR A VILA RETIRO&#8221; style=&#8221;single-line&#8221;][vc_column_text]Si est\u00e0s interessat\/da a\u00a0ser\u00a0part del nostre equip de treball, volem con\u00e8ixe&#8217;t. Envia un Curriculum Vitae a reservas@hotelvillaretiro.com indicant amb\u00a0l&#8217;assumpte <strong>FORMAR PART DE L&#8217;EQUIP.<\/strong><\/p>\n<p>En el cos del missatge has de fer una petita presentaci\u00f3 i indicar-nos on\u00a0t&#8217;agradaria treballar: Cuina &#8211; Sala &#8211; Recepci\u00f3 &#8211; Extra &#8211; Massatgista &#8211; Neteja &#8211; Altres. Valorem tots i cadascun dels\u00a0Curr\u00edculums que ens arriben. Si tens el perfil que busquem, et cridarem i fixarem\u00a0una cita.[\/vc_column_text][\/vc_column][vc_column width=&#8221;1\/2&#8243; css=&#8221;.vc_custom_1453844716673{padding-top: 4% !important;padding-right: 5% !important;padding-bottom: 4% !important;padding-left: 5% !important;background-color: #f2f3f4 !important;}&#8221;][cl_heading title=&#8221;Pr\u00e0ctiques i estades&#8221; style=&#8221;single-line&#8221;][vc_column_text]A\u00a0Villa Retiro ens importa la formaci\u00f3 de les futures promeses de la cuina. Per aix\u00f2, i des de sempre, Villa Retiro acull estudiants en per\u00edode de pr\u00e0ctiques i stagiers de Catalunya i d&#8217;Espanya, aix\u00ed com dels Estats Units, Anglaterra, Fran\u00e7a, M\u00e8xic, Filipines, Xipre, Vene\u00e7uela, Gr\u00e8cia, Pol\u00f2nia, Argentina, \u00c0ustria i B\u00e8lgica entre molts altres pa\u00efsos.<\/p>\n<p>Aquests estudiants (m\u00e9s de 40 anuals) acudeixen al nostre establiment per formar-se en les disciplines de la Restauraci\u00f3: Cuina i Sala. El seu stage o estada formativa dura entre un dos i sis mesos depenent del conveni que tinguem amb el Centre Formatiu que ens l&#8217;envia.[\/vc_column_text][\/vc_column][\/vc_row][vc_row full_width=&#8221;stretch_row_content_no_spaces&#8221; equal_height=&#8221;yes&#8221;][vc_column width=&#8221;1\/2&#8243; css=&#8221;.vc_custom_1456160502034{background: #f2f3f4 url(http:\/\/hotelvillaretiro.com\/wp-content\/uploads\/2015\/09\/Hotel-Villa-Retiro-trabaja-con-nosotros-restaurante-Terres-de-lEbre-Estrella-Michelin-Xerta.jpg?id=3186) !important;background-position: center !important;background-repeat: no-repeat !important;background-size: cover !important;}&#8221;][vc_empty_space height=&#8221;600px&#8221;][\/vc_column][vc_column width=&#8221;1\/2&#8243; css=&#8221;.vc_custom_1453845348515{padding-top: 4% !important;padding-right: 5% !important;padding-bottom: 4% !important;padding-left: 5% !important;}&#8221;][cl_heading title=&#8221;FORMULARI DE PR\u00c0CTIQUES&#8221; style=&#8221;single-line&#8221;][contact-form-7 id=&#8221;4143&#8243;][\/vc_column][\/vc_row]<\/p>\n","protected":false},"excerpt":{"rendered":"<p>[vc_row full_width=&#8221;stretch_row_content_no_spaces&#8221; el_class=&#8221;row-eq-height&#8221;][vc_column width=&#8221;1\/2&#8243; css=&#8221;.vc_custom_1453844705682{padding-top: 4% !important;padding-right: 5% !important;padding-bottom: 4% !important;padding-left: 5% !important;}&#8221;][cl_heading title=&#8221;TREBALLAR A VILA RETIRO&#8221; style=&#8221;single-line&#8221;][vc_column_text]Si est\u00e0s interessat\/da a\u00a0ser\u00a0part del nostre equip de treball, volem con\u00e8ixe&#8217;t. Envia un Curriculum Vitae a reservas@hotelvillaretiro.com indicant amb\u00a0l&#8217;assumpte FORMAR PART DE L&#8217;EQUIP. En el cos del missatge has de fer una petita presentaci\u00f3 i indicar-nos on\u00a0t&#8217;agradaria treballar: [&hellip;]<\/p>\n","protected":false},"author":1,"featured_media":3183,"parent":4116,"menu_order":0,"comment_status":"closed","ping_status":"closed","template":"","meta":{"inline_featured_image":false,"footnotes":""},"class_list":["post-4141","page","type-page","status-publish","has-post-thumbnail","hentry"],"yoast_head":"<!-- This site is optimized with the Yoast SEO plugin v27.2 - https:\/\/yoast.com\/product\/yoast-seo-wordpress\/ -->\n<title>Treballa amb nosaltres - Hotel Villa Retiro<\/title>\n<meta name=\"description\" content=\"A l&#039;Hotel Villa Retiro, tens davant teu l&#039;oportunitat de realitzar-te com a professional i com a persona. Treball, stages i pr\u00e0ctiques.\" \/>\n<meta name=\"robots\" content=\"index, follow, max-snippet:-1, max-image-preview:large, max-video-preview:-1\" \/>\n<link rel=\"canonical\" href=\"https:\/\/hotelvillaretiro.com\/ca\/hotel-5-estrelles\/treballa-amb-nosaltres\/\" \/>\n<meta property=\"og:locale\" content=\"ca_ES\" \/>\n<meta property=\"og:type\" content=\"article\" \/>\n<meta property=\"og:title\" content=\"Treballa amb nosaltres - Hotel Villa Retiro\" \/>\n<meta property=\"og:description\" content=\"A l&#039;Hotel Villa Retiro, tens davant teu l&#039;oportunitat de realitzar-te com a professional i com a persona. Treball, stages i pr\u00e0ctiques.\" \/>\n<meta property=\"og:url\" content=\"https:\/\/hotelvillaretiro.com\/ca\/hotel-5-estrelles\/treballa-amb-nosaltres\/\" \/>\n<meta property=\"og:site_name\" content=\"Hotel Villa Retiro\" \/>\n<meta property=\"article:modified_time\" content=\"2016-04-28T14:08:49+00:00\" \/>\n<meta property=\"og:image\" content=\"https:\/\/hotelvillaretiro.com\/wp-content\/uploads\/2015\/09\/Hotel-Villa-Retiro-restaurante-equipo-trabaja-con-nosotros.jpg\" \/>\n\t<meta property=\"og:image:width\" content=\"2000\" \/>\n\t<meta property=\"og:image:height\" content=\"680\" \/>\n\t<meta property=\"og:image:type\" content=\"image\/jpeg\" \/>\n<meta name=\"twitter:card\" content=\"summary_large_image\" \/>\n<meta name=\"twitter:label1\" content=\"Temps estimat de lectura\" \/>\n\t<meta name=\"twitter:data1\" content=\"2 minuts\" \/>\n<script type=\"application\/ld+json\" class=\"yoast-schema-graph\">{\"@context\":\"https:\/\/schema.org\",\"@graph\":[{\"@type\":\"WebPage\",\"@id\":\"https:\/\/hotelvillaretiro.com\/ca\/hotel-5-estrelles\/treballa-amb-nosaltres\/\",\"url\":\"https:\/\/hotelvillaretiro.com\/ca\/hotel-5-estrelles\/treballa-amb-nosaltres\/\",\"name\":\"Treballa amb nosaltres - Hotel Villa Retiro\",\"isPartOf\":{\"@id\":\"https:\/\/hotelvillaretiro.com\/#website\"},\"primaryImageOfPage\":{\"@id\":\"https:\/\/hotelvillaretiro.com\/ca\/hotel-5-estrelles\/treballa-amb-nosaltres\/#primaryimage\"},\"image\":{\"@id\":\"https:\/\/hotelvillaretiro.com\/ca\/hotel-5-estrelles\/treballa-amb-nosaltres\/#primaryimage\"},\"thumbnailUrl\":\"https:\/\/hotelvillaretiro.com\/wp-content\/uploads\/2015\/09\/Hotel-Villa-Retiro-restaurante-equipo-trabaja-con-nosotros.jpg\",\"datePublished\":\"2015-09-06T14:09:02+00:00\",\"dateModified\":\"2016-04-28T14:08:49+00:00\",\"description\":\"A l'Hotel Villa Retiro, tens davant teu l'oportunitat de realitzar-te com a professional i com a persona. Treball, stages i pr\u00e0ctiques.\",\"breadcrumb\":{\"@id\":\"https:\/\/hotelvillaretiro.com\/ca\/hotel-5-estrelles\/treballa-amb-nosaltres\/#breadcrumb\"},\"inLanguage\":\"ca\",\"potentialAction\":[{\"@type\":\"ReadAction\",\"target\":[\"https:\/\/hotelvillaretiro.com\/ca\/hotel-5-estrelles\/treballa-amb-nosaltres\/\"]}]},{\"@type\":\"ImageObject\",\"inLanguage\":\"ca\",\"@id\":\"https:\/\/hotelvillaretiro.com\/ca\/hotel-5-estrelles\/treballa-amb-nosaltres\/#primaryimage\",\"url\":\"https:\/\/hotelvillaretiro.com\/wp-content\/uploads\/2015\/09\/Hotel-Villa-Retiro-restaurante-equipo-trabaja-con-nosotros.jpg\",\"contentUrl\":\"https:\/\/hotelvillaretiro.com\/wp-content\/uploads\/2015\/09\/Hotel-Villa-Retiro-restaurante-equipo-trabaja-con-nosotros.jpg\",\"width\":2000,\"height\":680},{\"@type\":\"BreadcrumbList\",\"@id\":\"https:\/\/hotelvillaretiro.com\/ca\/hotel-5-estrelles\/treballa-amb-nosaltres\/#breadcrumb\",\"itemListElement\":[{\"@type\":\"ListItem\",\"position\":1,\"name\":\"Portada\",\"item\":\"https:\/\/hotelvillaretiro.com\/ca\/home-ca\/\"},{\"@type\":\"ListItem\",\"position\":2,\"name\":\"Hotel 5 estrelles\",\"item\":\"https:\/\/hotelvillaretiro.com\/ca\/hotel-5-estrelles\/\"},{\"@type\":\"ListItem\",\"position\":3,\"name\":\"Treballa amb nosaltres\"}]},{\"@type\":\"WebSite\",\"@id\":\"https:\/\/hotelvillaretiro.com\/#website\",\"url\":\"https:\/\/hotelvillaretiro.com\/\",\"name\":\"Hotel Villa Retiro\",\"description\":\"Hotel de 5 estrellas en les Terres de l&#039;Ebre\",\"publisher\":{\"@id\":\"https:\/\/hotelvillaretiro.com\/#organization\"},\"potentialAction\":[{\"@type\":\"SearchAction\",\"target\":{\"@type\":\"EntryPoint\",\"urlTemplate\":\"https:\/\/hotelvillaretiro.com\/?s={search_term_string}\"},\"query-input\":{\"@type\":\"PropertyValueSpecification\",\"valueRequired\":true,\"valueName\":\"search_term_string\"}}],\"inLanguage\":\"ca\"},{\"@type\":\"Organization\",\"@id\":\"https:\/\/hotelvillaretiro.com\/#organization\",\"name\":\"Hotel Villa Retiro\",\"url\":\"https:\/\/hotelvillaretiro.com\/\",\"logo\":{\"@type\":\"ImageObject\",\"inLanguage\":\"ca\",\"@id\":\"https:\/\/hotelvillaretiro.com\/#\/schema\/logo\/image\/\",\"url\":\"https:\/\/hotelvillaretiro.com\/wp-content\/uploads\/2025\/02\/hotel-villa-retiro-logo.svg\",\"contentUrl\":\"https:\/\/hotelvillaretiro.com\/wp-content\/uploads\/2025\/02\/hotel-villa-retiro-logo.svg\",\"caption\":\"Hotel Villa Retiro\"},\"image\":{\"@id\":\"https:\/\/hotelvillaretiro.com\/#\/schema\/logo\/image\/\"}}]}<\/script>\n<!-- \/ Yoast SEO plugin. -->","yoast_head_json":{"title":"Treballa amb nosaltres - Hotel Villa Retiro","description":"A l'Hotel Villa Retiro, tens davant teu l'oportunitat de realitzar-te com a professional i com a persona. Treball, stages i pr\u00e0ctiques.","robots":{"index":"index","follow":"follow","max-snippet":"max-snippet:-1","max-image-preview":"max-image-preview:large","max-video-preview":"max-video-preview:-1"},"canonical":"https:\/\/hotelvillaretiro.com\/ca\/hotel-5-estrelles\/treballa-amb-nosaltres\/","og_locale":"ca_ES","og_type":"article","og_title":"Treballa amb nosaltres - Hotel Villa Retiro","og_description":"A l'Hotel Villa Retiro, tens davant teu l'oportunitat de realitzar-te com a professional i com a persona. Treball, stages i pr\u00e0ctiques.","og_url":"https:\/\/hotelvillaretiro.com\/ca\/hotel-5-estrelles\/treballa-amb-nosaltres\/","og_site_name":"Hotel Villa Retiro","article_modified_time":"2016-04-28T14:08:49+00:00","og_image":[{"width":2000,"height":680,"url":"https:\/\/hotelvillaretiro.com\/wp-content\/uploads\/2015\/09\/Hotel-Villa-Retiro-restaurante-equipo-trabaja-con-nosotros.jpg","type":"image\/jpeg"}],"twitter_card":"summary_large_image","twitter_misc":{"Temps estimat de lectura":"2 minuts"},"schema":{"@context":"https:\/\/schema.org","@graph":[{"@type":"WebPage","@id":"https:\/\/hotelvillaretiro.com\/ca\/hotel-5-estrelles\/treballa-amb-nosaltres\/","url":"https:\/\/hotelvillaretiro.com\/ca\/hotel-5-estrelles\/treballa-amb-nosaltres\/","name":"Treballa amb nosaltres - Hotel Villa Retiro","isPartOf":{"@id":"https:\/\/hotelvillaretiro.com\/#website"},"primaryImageOfPage":{"@id":"https:\/\/hotelvillaretiro.com\/ca\/hotel-5-estrelles\/treballa-amb-nosaltres\/#primaryimage"},"image":{"@id":"https:\/\/hotelvillaretiro.com\/ca\/hotel-5-estrelles\/treballa-amb-nosaltres\/#primaryimage"},"thumbnailUrl":"https:\/\/hotelvillaretiro.com\/wp-content\/uploads\/2015\/09\/Hotel-Villa-Retiro-restaurante-equipo-trabaja-con-nosotros.jpg","datePublished":"2015-09-06T14:09:02+00:00","dateModified":"2016-04-28T14:08:49+00:00","description":"A l'Hotel Villa Retiro, tens davant teu l'oportunitat de realitzar-te com a professional i com a persona. Treball, stages i pr\u00e0ctiques.","breadcrumb":{"@id":"https:\/\/hotelvillaretiro.com\/ca\/hotel-5-estrelles\/treballa-amb-nosaltres\/#breadcrumb"},"inLanguage":"ca","potentialAction":[{"@type":"ReadAction","target":["https:\/\/hotelvillaretiro.com\/ca\/hotel-5-estrelles\/treballa-amb-nosaltres\/"]}]},{"@type":"ImageObject","inLanguage":"ca","@id":"https:\/\/hotelvillaretiro.com\/ca\/hotel-5-estrelles\/treballa-amb-nosaltres\/#primaryimage","url":"https:\/\/hotelvillaretiro.com\/wp-content\/uploads\/2015\/09\/Hotel-Villa-Retiro-restaurante-equipo-trabaja-con-nosotros.jpg","contentUrl":"https:\/\/hotelvillaretiro.com\/wp-content\/uploads\/2015\/09\/Hotel-Villa-Retiro-restaurante-equipo-trabaja-con-nosotros.jpg","width":2000,"height":680},{"@type":"BreadcrumbList","@id":"https:\/\/hotelvillaretiro.com\/ca\/hotel-5-estrelles\/treballa-amb-nosaltres\/#breadcrumb","itemListElement":[{"@type":"ListItem","position":1,"name":"Portada","item":"https:\/\/hotelvillaretiro.com\/ca\/home-ca\/"},{"@type":"ListItem","position":2,"name":"Hotel 5 estrelles","item":"https:\/\/hotelvillaretiro.com\/ca\/hotel-5-estrelles\/"},{"@type":"ListItem","position":3,"name":"Treballa amb nosaltres"}]},{"@type":"WebSite","@id":"https:\/\/hotelvillaretiro.com\/#website","url":"https:\/\/hotelvillaretiro.com\/","name":"Hotel Villa Retiro","description":"Hotel de 5 estrellas en les Terres de l&#039;Ebre","publisher":{"@id":"https:\/\/hotelvillaretiro.com\/#organization"},"potentialAction":[{"@type":"SearchAction","target":{"@type":"EntryPoint","urlTemplate":"https:\/\/hotelvillaretiro.com\/?s={search_term_string}"},"query-input":{"@type":"PropertyValueSpecification","valueRequired":true,"valueName":"search_term_string"}}],"inLanguage":"ca"},{"@type":"Organization","@id":"https:\/\/hotelvillaretiro.com\/#organization","name":"Hotel Villa Retiro","url":"https:\/\/hotelvillaretiro.com\/","logo":{"@type":"ImageObject","inLanguage":"ca","@id":"https:\/\/hotelvillaretiro.com\/#\/schema\/logo\/image\/","url":"https:\/\/hotelvillaretiro.com\/wp-content\/uploads\/2025\/02\/hotel-villa-retiro-logo.svg","contentUrl":"https:\/\/hotelvillaretiro.com\/wp-content\/uploads\/2025\/02\/hotel-villa-retiro-logo.svg","caption":"Hotel Villa Retiro"},"image":{"@id":"https:\/\/hotelvillaretiro.com\/#\/schema\/logo\/image\/"}}]}},"_links":{"self":[{"href":"https:\/\/hotelvillaretiro.com\/ca\/wp-json\/wp\/v2\/pages\/4141","targetHints":{"allow":["GET"]}}],"collection":[{"href":"https:\/\/hotelvillaretiro.com\/ca\/wp-json\/wp\/v2\/pages"}],"about":[{"href":"https:\/\/hotelvillaretiro.com\/ca\/wp-json\/wp\/v2\/types\/page"}],"author":[{"embeddable":true,"href":"https:\/\/hotelvillaretiro.com\/ca\/wp-json\/wp\/v2\/users\/1"}],"replies":[{"embeddable":true,"href":"https:\/\/hotelvillaretiro.com\/ca\/wp-json\/wp\/v2\/comments?post=4141"}],"version-history":[{"count":0,"href":"https:\/\/hotelvillaretiro.com\/ca\/wp-json\/wp\/v2\/pages\/4141\/revisions"}],"up":[{"embeddable":true,"href":"https:\/\/hotelvillaretiro.com\/ca\/wp-json\/wp\/v2\/pages\/4116"}],"wp:featuredmedia":[{"embeddable":true,"href":"https:\/\/hotelvillaretiro.com\/ca\/wp-json\/wp\/v2\/media\/3183"}],"wp:attachment":[{"href":"https:\/\/hotelvillaretiro.com\/ca\/wp-json\/wp\/v2\/media?parent=4141"}],"curies":[{"name":"wp","href":"https:\/\/api.w.org\/{rel}","templated":true}]}}