{"id":52207,"date":"2024-05-31T10:25:06","date_gmt":"2024-05-31T09:25:06","guid":{"rendered":"https:\/\/hotelvillaretiro.com\/sostenibilidad\/"},"modified":"2024-06-03T10:11:19","modified_gmt":"2024-06-03T09:11:19","slug":"sostenibilitat","status":"publish","type":"page","link":"https:\/\/hotelvillaretiro.com\/ca\/sostenibilitat\/","title":{"rendered":"Sostenibilitat"},"content":{"rendered":"\t\t<div data-elementor-type=\"wp-page\" data-elementor-id=\"52207\" class=\"elementor elementor-52207 elementor-52064\" data-elementor-post-type=\"page\">\n\t\t\t\t\t\t<section class=\"elementor-section elementor-top-section elementor-element elementor-element-4e79109 elementor-section-full_width elementor-section-height-default elementor-section-height-default\" data-id=\"4e79109\" data-element_type=\"section\" data-e-type=\"section\" data-settings=\"{&quot;background_background&quot;:&quot;classic&quot;}\">\n\t\t\t\t\t\t\t<div class=\"elementor-background-overlay\"><\/div>\n\t\t\t\t\t\t\t<div class=\"elementor-container elementor-column-gap-default\">\n\t\t\t\t\t<div class=\"elementor-column elementor-col-100 elementor-top-column elementor-element elementor-element-4254e19\" data-id=\"4254e19\" data-element_type=\"column\" data-e-type=\"column\">\n\t\t\t<div class=\"elementor-widget-wrap elementor-element-populated\">\n\t\t\t\t\t\t<div class=\"elementor-element elementor-element-24c770d elementor-widget elementor-widget-heading\" data-id=\"24c770d\" data-element_type=\"widget\" data-e-type=\"widget\" data-widget_type=\"heading.default\">\n\t\t\t\t<div class=\"elementor-widget-container\">\n\t\t\t\t\t<h1 class=\"elementor-heading-title elementor-size-default\">Sostenibilitat<\/h1>\t\t\t\t<\/div>\n\t\t\t\t<\/div>\n\t\t\t\t\t<\/div>\n\t\t<\/div>\n\t\t\t\t\t<\/div>\n\t\t<\/section>\n\t\t\t\t<section class=\"elementor-section elementor-top-section elementor-element elementor-element-bd31665 elementor-section-boxed elementor-section-height-default elementor-section-height-default\" data-id=\"bd31665\" data-element_type=\"section\" data-e-type=\"section\">\n\t\t\t\t\t\t<div class=\"elementor-container elementor-column-gap-default\">\n\t\t\t\t\t<div class=\"elementor-column elementor-col-50 elementor-top-column elementor-element elementor-element-7cbe270\" data-id=\"7cbe270\" data-element_type=\"column\" data-e-type=\"column\">\n\t\t\t<div class=\"elementor-widget-wrap elementor-element-populated\">\n\t\t\t\t\t\t<div class=\"elementor-element elementor-element-471dae4 elementor-widget elementor-widget-image\" data-id=\"471dae4\" data-element_type=\"widget\" data-e-type=\"widget\" data-widget_type=\"image.default\">\n\t\t\t\t<div class=\"elementor-widget-container\">\n\t\t\t\t\t\t\t\t\t\t\t\t\t\t\t<img decoding=\"async\" width=\"350\" height=\"35\" src=\"https:\/\/hotelvillaretiro.com\/wp-content\/uploads\/2024\/05\/logo-malahierba-1.png\" class=\"attachment-full size-full wp-image-52171\" alt=\"\" srcset=\"https:\/\/hotelvillaretiro.com\/wp-content\/uploads\/2024\/05\/logo-malahierba-1.png 350w, https:\/\/hotelvillaretiro.com\/wp-content\/uploads\/2024\/05\/logo-malahierba-1-300x30.png 300w\" sizes=\"(max-width: 350px) 100vw, 350px\" \/>\t\t\t\t\t\t\t\t\t\t\t\t\t\t\t<\/div>\n\t\t\t\t<\/div>\n\t\t\t\t\t<\/div>\n\t\t<\/div>\n\t\t\t\t<div class=\"elementor-column elementor-col-50 elementor-top-column elementor-element elementor-element-8d6f833\" data-id=\"8d6f833\" data-element_type=\"column\" data-e-type=\"column\">\n\t\t\t<div class=\"elementor-widget-wrap elementor-element-populated\">\n\t\t\t\t\t\t<div class=\"elementor-element elementor-element-7aee803 elementor-widget elementor-widget-text-editor\" data-id=\"7aee803\" data-element_type=\"widget\" data-e-type=\"widget\" data-widget_type=\"text-editor.default\">\n\t\t\t\t<div class=\"elementor-widget-container\">\n\t\t\t\t\t\t\t\t\t<p>Des de 2023 fem el nostre propi <strong>oli\u00ef arbequina 100%<\/strong>, anomenat <strong>MALAHIERBA.<\/strong><\/p>\t\t\t\t\t\t\t\t<\/div>\n\t\t\t\t<\/div>\n\t\t\t\t\t<\/div>\n\t\t<\/div>\n\t\t\t\t\t<\/div>\n\t\t<\/section>\n\t\t\t\t<section class=\"elementor-section elementor-top-section elementor-element elementor-element-d0ca71b elementor-section-boxed elementor-section-height-default elementor-section-height-default\" data-id=\"d0ca71b\" data-element_type=\"section\" data-e-type=\"section\">\n\t\t\t\t\t\t<div class=\"elementor-container elementor-column-gap-wide\">\n\t\t\t\t\t<div class=\"elementor-column elementor-col-50 elementor-top-column elementor-element elementor-element-a9207a8\" data-id=\"a9207a8\" data-element_type=\"column\" data-e-type=\"column\">\n\t\t\t<div class=\"elementor-widget-wrap elementor-element-populated\">\n\t\t\t\t\t\t<div class=\"elementor-element elementor-element-5382d81 elementor-widget elementor-widget-text-editor\" data-id=\"5382d81\" data-element_type=\"widget\" data-e-type=\"widget\" data-widget_type=\"text-editor.default\">\n\t\t\t\t<div class=\"elementor-widget-container\">\n\t\t\t\t\t\t\t\t\t<p><strong>\u201cMALAHIERBA\u201d<\/strong> \u00e9s una planta silvestre que creix en un cultiu controlat o en un lloc no desitjat.<br \/>Les nostres oliveres es conreen seguint la idea de l&#8217;agricultura regenerativa, respectant aquestes males herbes que poden semblar no desitjades, aprofitant-les per a drenar l&#8217;aigua dels secans i fer aix\u00ed arribar aquesta aigua a les oliveres. La impuresa d&#8217;aquestes plantes ens proporciona la millor de les pureses, el nostre oli <strong>MALAHIERBA<\/strong>.<\/p>\t\t\t\t\t\t\t\t<\/div>\n\t\t\t\t<\/div>\n\t\t\t\t\t<\/div>\n\t\t<\/div>\n\t\t\t\t<div class=\"elementor-column elementor-col-50 elementor-top-column elementor-element elementor-element-5746309\" data-id=\"5746309\" data-element_type=\"column\" data-e-type=\"column\">\n\t\t\t<div class=\"elementor-widget-wrap elementor-element-populated\">\n\t\t\t\t\t\t<div class=\"elementor-element elementor-element-b425c12 elementor-widget elementor-widget-text-editor\" data-id=\"b425c12\" data-element_type=\"widget\" data-e-type=\"widget\" data-widget_type=\"text-editor.default\">\n\t\t\t\t<div class=\"elementor-widget-container\">\n\t\t\t\t\t\t\t\t\t<p>MALAHIERBA \u00e9s un oli que destaca per la seva complexitat de sabors, molt ben equilibrat entre dol\u00e7 i picant amb matisos amargs. Exquisits tocs d&#8217;ametlla, nou i carxofa aporten una profunditat \u00fanica, fent-ho perfecte per a real\u00e7ar i complementar els sabors naturals d&#8217;una \u00e0mplia varietat de plats. Ideal per a peixos, verdures i amanides, la seva versatilitat i sofisticaci\u00f3 ho converteixen en un acompanyament imprescindible en qualsevol cuina.<\/p>\t\t\t\t\t\t\t\t<\/div>\n\t\t\t\t<\/div>\n\t\t\t\t\t<\/div>\n\t\t<\/div>\n\t\t\t\t\t<\/div>\n\t\t<\/section>\n\t\t\t\t<section class=\"elementor-section elementor-top-section elementor-element elementor-element-797a478 elementor-section-boxed elementor-section-height-default elementor-section-height-default\" data-id=\"797a478\" data-element_type=\"section\" data-e-type=\"section\">\n\t\t\t\t\t\t<div class=\"elementor-container elementor-column-gap-extended\">\n\t\t\t\t\t<div class=\"elementor-column elementor-col-50 elementor-top-column elementor-element elementor-element-984a91a\" data-id=\"984a91a\" data-element_type=\"column\" data-e-type=\"column\">\n\t\t\t<div class=\"elementor-widget-wrap elementor-element-populated\">\n\t\t\t\t\t\t<div class=\"elementor-element elementor-element-c50157d elementor-widget elementor-widget-image\" data-id=\"c50157d\" data-element_type=\"widget\" data-e-type=\"widget\" data-widget_type=\"image.default\">\n\t\t\t\t<div class=\"elementor-widget-container\">\n\t\t\t\t\t\t\t\t\t\t\t\t\t\t\t<img fetchpriority=\"high\" decoding=\"async\" width=\"800\" height=\"571\" src=\"https:\/\/hotelvillaretiro.com\/wp-content\/uploads\/2024\/05\/malahierba-aceite-oliva-virgen-extra-villa-retiro-1024x731.jpg\" class=\"attachment-large size-large wp-image-52070\" alt=\"\" srcset=\"https:\/\/hotelvillaretiro.com\/wp-content\/uploads\/2024\/05\/malahierba-aceite-oliva-virgen-extra-villa-retiro-1024x731.jpg 1024w, https:\/\/hotelvillaretiro.com\/wp-content\/uploads\/2024\/05\/malahierba-aceite-oliva-virgen-extra-villa-retiro-300x214.jpg 300w, https:\/\/hotelvillaretiro.com\/wp-content\/uploads\/2024\/05\/malahierba-aceite-oliva-virgen-extra-villa-retiro-768x548.jpg 768w, https:\/\/hotelvillaretiro.com\/wp-content\/uploads\/2024\/05\/malahierba-aceite-oliva-virgen-extra-villa-retiro.jpg 1200w\" sizes=\"(max-width: 800px) 100vw, 800px\" \/>\t\t\t\t\t\t\t\t\t\t\t\t\t\t\t<\/div>\n\t\t\t\t<\/div>\n\t\t\t\t\t<\/div>\n\t\t<\/div>\n\t\t\t\t<div class=\"elementor-column elementor-col-50 elementor-top-column elementor-element elementor-element-87f1898\" data-id=\"87f1898\" data-element_type=\"column\" data-e-type=\"column\">\n\t\t\t<div class=\"elementor-widget-wrap elementor-element-populated\">\n\t\t\t\t\t\t<div class=\"elementor-element elementor-element-0c0fac5 elementor-widget elementor-widget-image\" data-id=\"0c0fac5\" data-element_type=\"widget\" data-e-type=\"widget\" data-widget_type=\"image.default\">\n\t\t\t\t<div class=\"elementor-widget-container\">\n\t\t\t\t\t\t\t\t\t\t\t\t\t\t\t<img decoding=\"async\" width=\"800\" height=\"571\" src=\"https:\/\/hotelvillaretiro.com\/wp-content\/uploads\/2024\/05\/malahierba-aceite-oliva-virgen-extra-villa-retiro-fran-lopez-1024x731.jpg\" class=\"attachment-large size-large wp-image-52075\" alt=\"\" srcset=\"https:\/\/hotelvillaretiro.com\/wp-content\/uploads\/2024\/05\/malahierba-aceite-oliva-virgen-extra-villa-retiro-fran-lopez-1024x731.jpg 1024w, https:\/\/hotelvillaretiro.com\/wp-content\/uploads\/2024\/05\/malahierba-aceite-oliva-virgen-extra-villa-retiro-fran-lopez-300x214.jpg 300w, https:\/\/hotelvillaretiro.com\/wp-content\/uploads\/2024\/05\/malahierba-aceite-oliva-virgen-extra-villa-retiro-fran-lopez-768x548.jpg 768w, https:\/\/hotelvillaretiro.com\/wp-content\/uploads\/2024\/05\/malahierba-aceite-oliva-virgen-extra-villa-retiro-fran-lopez.jpg 1200w\" sizes=\"(max-width: 800px) 100vw, 800px\" \/>\t\t\t\t\t\t\t\t\t\t\t\t\t\t\t<\/div>\n\t\t\t\t<\/div>\n\t\t\t\t\t<\/div>\n\t\t<\/div>\n\t\t\t\t\t<\/div>\n\t\t<\/section>\n\t\t\t\t<section class=\"elementor-section elementor-top-section elementor-element elementor-element-75bfb27 elementor-section-boxed elementor-section-height-default elementor-section-height-default\" data-id=\"75bfb27\" data-element_type=\"section\" data-e-type=\"section\">\n\t\t\t\t\t\t<div class=\"elementor-container elementor-column-gap-default\">\n\t\t\t\t\t<div class=\"elementor-column elementor-col-50 elementor-top-column elementor-element elementor-element-4668dd6\" data-id=\"4668dd6\" data-element_type=\"column\" data-e-type=\"column\">\n\t\t\t<div class=\"elementor-widget-wrap elementor-element-populated\">\n\t\t\t\t\t\t<div class=\"elementor-element elementor-element-0e9e6d0 elementor-widget elementor-widget-heading\" data-id=\"0e9e6d0\" data-element_type=\"widget\" data-e-type=\"widget\" data-widget_type=\"heading.default\">\n\t\t\t\t<div class=\"elementor-widget-container\">\n\t\t\t\t\t<h3 class=\"elementor-heading-title elementor-size-default\">L'hort<\/h3>\t\t\t\t<\/div>\n\t\t\t\t<\/div>\n\t\t\t\t\t<\/div>\n\t\t<\/div>\n\t\t\t\t<div class=\"elementor-column elementor-col-50 elementor-top-column elementor-element elementor-element-8effd52\" data-id=\"8effd52\" data-element_type=\"column\" data-e-type=\"column\">\n\t\t\t<div class=\"elementor-widget-wrap\">\n\t\t\t\t\t\t\t<\/div>\n\t\t<\/div>\n\t\t\t\t\t<\/div>\n\t\t<\/section>\n\t\t\t\t<section class=\"elementor-section elementor-top-section elementor-element elementor-element-b25a7e7 elementor-section-boxed elementor-section-height-default elementor-section-height-default\" data-id=\"b25a7e7\" data-element_type=\"section\" data-e-type=\"section\">\n\t\t\t\t\t\t<div class=\"elementor-container elementor-column-gap-extended\">\n\t\t\t\t\t<div class=\"elementor-column elementor-col-33 elementor-top-column elementor-element elementor-element-42c030c\" data-id=\"42c030c\" data-element_type=\"column\" data-e-type=\"column\">\n\t\t\t<div class=\"elementor-widget-wrap elementor-element-populated\">\n\t\t\t\t\t\t<div class=\"elementor-element elementor-element-cea07db elementor-widget elementor-widget-text-editor\" data-id=\"cea07db\" data-element_type=\"widget\" data-e-type=\"widget\" data-widget_type=\"text-editor.default\">\n\t\t\t\t<div class=\"elementor-widget-container\">\n\t\t\t\t\t\t\t\t\t<p><strong>A <span class=\"hiddenSpellError\">Villa<\/span> Retiro,<\/strong> la nostra connexi\u00f3 amb la naturalesa i el comprom\u00eds amb l&#8217;excel\u00b7l\u00e8ncia culin\u00e0ria van de bracet. Com a part integral d&#8217;aquesta filosofia, comptem amb un <strong>hort org\u00e0nic<\/strong> on conreem una \u00e0mplia varietat de verdures i fruites de temporada. Aquest hort no sols \u00e9s una font d&#8217;ingredients frescos i de la m\u00e9s alta qualitat per al nostre <strong>prestigi\u00f3s restaurant <span class=\"hiddenSpellError\">Michel\u00edn<\/span>,<\/strong> sin\u00f3 que tamb\u00e9 serveix com un valu\u00f3s recurs educatiu per a la nostra Escola de Cuina.<\/p>\t\t\t\t\t\t\t\t<\/div>\n\t\t\t\t<\/div>\n\t\t\t\t\t<\/div>\n\t\t<\/div>\n\t\t\t\t<div class=\"elementor-column elementor-col-33 elementor-top-column elementor-element elementor-element-05f3de8\" data-id=\"05f3de8\" data-element_type=\"column\" data-e-type=\"column\">\n\t\t\t<div class=\"elementor-widget-wrap elementor-element-populated\">\n\t\t\t\t\t\t<div class=\"elementor-element elementor-element-56d5c69 elementor-widget elementor-widget-text-editor\" data-id=\"56d5c69\" data-element_type=\"widget\" data-e-type=\"widget\" data-widget_type=\"text-editor.default\">\n\t\t\t\t<div class=\"elementor-widget-container\">\n\t\t\t\t\t\t\t\t\t<strong>Cada ingredient que conreem en el nostre hort est\u00e0 acuradament seleccionat i conreat amb passi\u00f3 i dedicaci\u00f3.<\/strong><\/br>\nDes de les tendres fulles d&#8217;espinacs fins als saborosos tom\u00e0quets madurs, cada producte \u00e9s collit en el seu moment \u00f2ptim de maduraci\u00f3, garantint aix\u00ed el seu m\u00e0xim sabor i frescor en cada plat que servim en el nostre restaurant.\t\t\t\t\t\t\t\t<\/div>\n\t\t\t\t<\/div>\n\t\t\t\t\t<\/div>\n\t\t<\/div>\n\t\t\t\t<div class=\"elementor-column elementor-col-33 elementor-top-column elementor-element elementor-element-8d97e88\" data-id=\"8d97e88\" data-element_type=\"column\" data-e-type=\"column\">\n\t\t\t<div class=\"elementor-widget-wrap elementor-element-populated\">\n\t\t\t\t\t\t<div class=\"elementor-element elementor-element-f631f7a elementor-widget elementor-widget-text-editor\" data-id=\"f631f7a\" data-element_type=\"widget\" data-e-type=\"widget\" data-widget_type=\"text-editor.default\">\n\t\t\t\t<div class=\"elementor-widget-container\">\n\t\t\t\t\t\t\t\t\tAquesta estreta relaci\u00f3 entre el nostre hort, el restaurant Michel\u00edn i l&#8217;Escola de Cuina reflecteix el nostre <strong>comprom\u00eds amb la sostenibilitat, la qualitat i la innovaci\u00f3 en la gastronomia<\/strong>. <\/br>\u00c9s un testimoniatge de la nostra dedicaci\u00f3 a oferir experi\u00e8ncies culin\u00e0ries excepcionals, on cada mos conta una hist\u00f2ria de passi\u00f3 per la cuina i amor pels ingredients locals i de temporada.\t\t\t\t\t\t\t\t<\/div>\n\t\t\t\t<\/div>\n\t\t\t\t\t<\/div>\n\t\t<\/div>\n\t\t\t\t\t<\/div>\n\t\t<\/section>\n\t\t\t\t<\/div>\n\t\t","protected":false},"excerpt":{"rendered":"<p>Sostenibilitat Des de 2023 fem el nostre propi oli\u00ef arbequina 100%, anomenat MALAHIERBA. \u201cMALAHIERBA\u201d \u00e9s una planta silvestre que creix en un cultiu controlat o en un lloc no desitjat.Les nostres oliveres es conreen seguint la idea de l&#8217;agricultura regenerativa, respectant aquestes males herbes que poden semblar no desitjades, aprofitant-les per a drenar l&#8217;aigua dels [&hellip;]<\/p>\n","protected":false},"author":1,"featured_media":0,"parent":0,"menu_order":0,"comment_status":"closed","ping_status":"closed","template":"","meta":{"inline_featured_image":false,"footnotes":""},"class_list":["post-52207","page","type-page","status-publish","hentry"],"yoast_head":"<!-- This site is optimized with the Yoast SEO plugin v27.2 - https:\/\/yoast.com\/product\/yoast-seo-wordpress\/ -->\n<title>Sostenibilitat - Hotel Villa Retiro<\/title>\n<meta name=\"robots\" content=\"index, follow, max-snippet:-1, max-image-preview:large, max-video-preview:-1\" \/>\n<link rel=\"canonical\" href=\"https:\/\/hotelvillaretiro.com\/ca\/sostenibilitat\/\" \/>\n<meta property=\"og:locale\" content=\"ca_ES\" \/>\n<meta property=\"og:type\" content=\"article\" \/>\n<meta property=\"og:title\" content=\"Sostenibilitat - Hotel Villa Retiro\" \/>\n<meta property=\"og:description\" content=\"Sostenibilitat Des de 2023 fem el nostre propi oli\u00ef arbequina 100%, anomenat MALAHIERBA. \u201cMALAHIERBA\u201d \u00e9s una planta silvestre que creix en un cultiu controlat o en un lloc no desitjat.Les nostres oliveres es conreen seguint la idea de l&#8217;agricultura regenerativa, respectant aquestes males herbes que poden semblar no desitjades, aprofitant-les per a drenar l&#8217;aigua dels [&hellip;]\" \/>\n<meta property=\"og:url\" content=\"https:\/\/hotelvillaretiro.com\/ca\/sostenibilitat\/\" \/>\n<meta property=\"og:site_name\" content=\"Hotel Villa Retiro\" \/>\n<meta property=\"article:modified_time\" content=\"2024-06-03T09:11:19+00:00\" \/>\n<meta property=\"og:image\" content=\"https:\/\/hotelvillaretiro.com\/wp-content\/uploads\/2024\/05\/logo-malahierba-1.png\" \/>\n<meta name=\"twitter:card\" content=\"summary_large_image\" \/>\n<meta name=\"twitter:label1\" content=\"Temps estimat de lectura\" \/>\n\t<meta name=\"twitter:data1\" content=\"3 minuts\" \/>\n<script type=\"application\/ld+json\" class=\"yoast-schema-graph\">{\"@context\":\"https:\/\/schema.org\",\"@graph\":[{\"@type\":\"WebPage\",\"@id\":\"https:\/\/hotelvillaretiro.com\/ca\/sostenibilitat\/\",\"url\":\"https:\/\/hotelvillaretiro.com\/ca\/sostenibilitat\/\",\"name\":\"Sostenibilitat - Hotel Villa Retiro\",\"isPartOf\":{\"@id\":\"https:\/\/hotelvillaretiro.com\/#website\"},\"primaryImageOfPage\":{\"@id\":\"https:\/\/hotelvillaretiro.com\/ca\/sostenibilitat\/#primaryimage\"},\"image\":{\"@id\":\"https:\/\/hotelvillaretiro.com\/ca\/sostenibilitat\/#primaryimage\"},\"thumbnailUrl\":\"https:\/\/hotelvillaretiro.com\/wp-content\/uploads\/2024\/05\/logo-malahierba-1.png\",\"datePublished\":\"2024-05-31T09:25:06+00:00\",\"dateModified\":\"2024-06-03T09:11:19+00:00\",\"breadcrumb\":{\"@id\":\"https:\/\/hotelvillaretiro.com\/ca\/sostenibilitat\/#breadcrumb\"},\"inLanguage\":\"ca\",\"potentialAction\":[{\"@type\":\"ReadAction\",\"target\":[\"https:\/\/hotelvillaretiro.com\/ca\/sostenibilitat\/\"]}]},{\"@type\":\"ImageObject\",\"inLanguage\":\"ca\",\"@id\":\"https:\/\/hotelvillaretiro.com\/ca\/sostenibilitat\/#primaryimage\",\"url\":\"https:\/\/hotelvillaretiro.com\/wp-content\/uploads\/2024\/05\/logo-malahierba-1.png\",\"contentUrl\":\"https:\/\/hotelvillaretiro.com\/wp-content\/uploads\/2024\/05\/logo-malahierba-1.png\"},{\"@type\":\"BreadcrumbList\",\"@id\":\"https:\/\/hotelvillaretiro.com\/ca\/sostenibilitat\/#breadcrumb\",\"itemListElement\":[{\"@type\":\"ListItem\",\"position\":1,\"name\":\"Portada\",\"item\":\"https:\/\/hotelvillaretiro.com\/ca\/home-ca\/\"},{\"@type\":\"ListItem\",\"position\":2,\"name\":\"Sostenibilitat\"}]},{\"@type\":\"WebSite\",\"@id\":\"https:\/\/hotelvillaretiro.com\/#website\",\"url\":\"https:\/\/hotelvillaretiro.com\/\",\"name\":\"Hotel Villa Retiro\",\"description\":\"Hotel de 5 estrellas en les Terres de l&#039;Ebre\",\"publisher\":{\"@id\":\"https:\/\/hotelvillaretiro.com\/#organization\"},\"potentialAction\":[{\"@type\":\"SearchAction\",\"target\":{\"@type\":\"EntryPoint\",\"urlTemplate\":\"https:\/\/hotelvillaretiro.com\/?s={search_term_string}\"},\"query-input\":{\"@type\":\"PropertyValueSpecification\",\"valueRequired\":true,\"valueName\":\"search_term_string\"}}],\"inLanguage\":\"ca\"},{\"@type\":\"Organization\",\"@id\":\"https:\/\/hotelvillaretiro.com\/#organization\",\"name\":\"Hotel Villa Retiro\",\"url\":\"https:\/\/hotelvillaretiro.com\/\",\"logo\":{\"@type\":\"ImageObject\",\"inLanguage\":\"ca\",\"@id\":\"https:\/\/hotelvillaretiro.com\/#\/schema\/logo\/image\/\",\"url\":\"https:\/\/hotelvillaretiro.com\/wp-content\/uploads\/2025\/02\/hotel-villa-retiro-logo.svg\",\"contentUrl\":\"https:\/\/hotelvillaretiro.com\/wp-content\/uploads\/2025\/02\/hotel-villa-retiro-logo.svg\",\"caption\":\"Hotel Villa Retiro\"},\"image\":{\"@id\":\"https:\/\/hotelvillaretiro.com\/#\/schema\/logo\/image\/\"}}]}<\/script>\n<!-- \/ Yoast SEO plugin. -->","yoast_head_json":{"title":"Sostenibilitat - Hotel Villa Retiro","robots":{"index":"index","follow":"follow","max-snippet":"max-snippet:-1","max-image-preview":"max-image-preview:large","max-video-preview":"max-video-preview:-1"},"canonical":"https:\/\/hotelvillaretiro.com\/ca\/sostenibilitat\/","og_locale":"ca_ES","og_type":"article","og_title":"Sostenibilitat - Hotel Villa Retiro","og_description":"Sostenibilitat Des de 2023 fem el nostre propi oli\u00ef arbequina 100%, anomenat MALAHIERBA. \u201cMALAHIERBA\u201d \u00e9s una planta silvestre que creix en un cultiu controlat o en un lloc no desitjat.Les nostres oliveres es conreen seguint la idea de l&#8217;agricultura regenerativa, respectant aquestes males herbes que poden semblar no desitjades, aprofitant-les per a drenar l&#8217;aigua dels [&hellip;]","og_url":"https:\/\/hotelvillaretiro.com\/ca\/sostenibilitat\/","og_site_name":"Hotel Villa Retiro","article_modified_time":"2024-06-03T09:11:19+00:00","og_image":[{"url":"https:\/\/hotelvillaretiro.com\/wp-content\/uploads\/2024\/05\/logo-malahierba-1.png","type":"","width":"","height":""}],"twitter_card":"summary_large_image","twitter_misc":{"Temps estimat de lectura":"3 minuts"},"schema":{"@context":"https:\/\/schema.org","@graph":[{"@type":"WebPage","@id":"https:\/\/hotelvillaretiro.com\/ca\/sostenibilitat\/","url":"https:\/\/hotelvillaretiro.com\/ca\/sostenibilitat\/","name":"Sostenibilitat - Hotel Villa Retiro","isPartOf":{"@id":"https:\/\/hotelvillaretiro.com\/#website"},"primaryImageOfPage":{"@id":"https:\/\/hotelvillaretiro.com\/ca\/sostenibilitat\/#primaryimage"},"image":{"@id":"https:\/\/hotelvillaretiro.com\/ca\/sostenibilitat\/#primaryimage"},"thumbnailUrl":"https:\/\/hotelvillaretiro.com\/wp-content\/uploads\/2024\/05\/logo-malahierba-1.png","datePublished":"2024-05-31T09:25:06+00:00","dateModified":"2024-06-03T09:11:19+00:00","breadcrumb":{"@id":"https:\/\/hotelvillaretiro.com\/ca\/sostenibilitat\/#breadcrumb"},"inLanguage":"ca","potentialAction":[{"@type":"ReadAction","target":["https:\/\/hotelvillaretiro.com\/ca\/sostenibilitat\/"]}]},{"@type":"ImageObject","inLanguage":"ca","@id":"https:\/\/hotelvillaretiro.com\/ca\/sostenibilitat\/#primaryimage","url":"https:\/\/hotelvillaretiro.com\/wp-content\/uploads\/2024\/05\/logo-malahierba-1.png","contentUrl":"https:\/\/hotelvillaretiro.com\/wp-content\/uploads\/2024\/05\/logo-malahierba-1.png"},{"@type":"BreadcrumbList","@id":"https:\/\/hotelvillaretiro.com\/ca\/sostenibilitat\/#breadcrumb","itemListElement":[{"@type":"ListItem","position":1,"name":"Portada","item":"https:\/\/hotelvillaretiro.com\/ca\/home-ca\/"},{"@type":"ListItem","position":2,"name":"Sostenibilitat"}]},{"@type":"WebSite","@id":"https:\/\/hotelvillaretiro.com\/#website","url":"https:\/\/hotelvillaretiro.com\/","name":"Hotel Villa Retiro","description":"Hotel de 5 estrellas en les Terres de l&#039;Ebre","publisher":{"@id":"https:\/\/hotelvillaretiro.com\/#organization"},"potentialAction":[{"@type":"SearchAction","target":{"@type":"EntryPoint","urlTemplate":"https:\/\/hotelvillaretiro.com\/?s={search_term_string}"},"query-input":{"@type":"PropertyValueSpecification","valueRequired":true,"valueName":"search_term_string"}}],"inLanguage":"ca"},{"@type":"Organization","@id":"https:\/\/hotelvillaretiro.com\/#organization","name":"Hotel Villa Retiro","url":"https:\/\/hotelvillaretiro.com\/","logo":{"@type":"ImageObject","inLanguage":"ca","@id":"https:\/\/hotelvillaretiro.com\/#\/schema\/logo\/image\/","url":"https:\/\/hotelvillaretiro.com\/wp-content\/uploads\/2025\/02\/hotel-villa-retiro-logo.svg","contentUrl":"https:\/\/hotelvillaretiro.com\/wp-content\/uploads\/2025\/02\/hotel-villa-retiro-logo.svg","caption":"Hotel Villa Retiro"},"image":{"@id":"https:\/\/hotelvillaretiro.com\/#\/schema\/logo\/image\/"}}]}},"_links":{"self":[{"href":"https:\/\/hotelvillaretiro.com\/ca\/wp-json\/wp\/v2\/pages\/52207","targetHints":{"allow":["GET"]}}],"collection":[{"href":"https:\/\/hotelvillaretiro.com\/ca\/wp-json\/wp\/v2\/pages"}],"about":[{"href":"https:\/\/hotelvillaretiro.com\/ca\/wp-json\/wp\/v2\/types\/page"}],"author":[{"embeddable":true,"href":"https:\/\/hotelvillaretiro.com\/ca\/wp-json\/wp\/v2\/users\/1"}],"replies":[{"embeddable":true,"href":"https:\/\/hotelvillaretiro.com\/ca\/wp-json\/wp\/v2\/comments?post=52207"}],"version-history":[{"count":0,"href":"https:\/\/hotelvillaretiro.com\/ca\/wp-json\/wp\/v2\/pages\/52207\/revisions"}],"wp:attachment":[{"href":"https:\/\/hotelvillaretiro.com\/ca\/wp-json\/wp\/v2\/media?parent=52207"}],"curies":[{"name":"wp","href":"https:\/\/api.w.org\/{rel}","templated":true}]}}