{"id":9714,"date":"2019-04-09T18:15:34","date_gmt":"2019-04-09T17:15:34","guid":{"rendered":"http:\/\/hotelvillaretiro.com\/hotel-5-estrelles\/que-fer\/catedral-del-vi-pagos-de-hibera\/"},"modified":"2021-06-01T17:27:48","modified_gmt":"2021-06-01T16:27:48","slug":"catedral-del-vi-pagos-de-hibera","status":"publish","type":"page","link":"https:\/\/hotelvillaretiro.com\/ca\/hotel-5-estrelles\/que-fer\/catedral-del-vi-pagos-de-hibera\/","title":{"rendered":"Catedral del V\u00ed &#8211; Pagos de H\u00edbera"},"content":{"rendered":"<p>[vc_row css=&#8221;.vc_custom_1554829768955{margin-top: 8% !important;margin-bottom: 8% !important;}&#8221;][vc_column width=&#8221;1\/6&#8243;][vc_single_image image=&#8221;9632&#8243; img_size=&#8221;full&#8221;][\/vc_column][vc_column width=&#8221;2\/6&#8243;][cl_heading title=&#8221;Pagos de H\u00edbera&#8221; style=&#8221;single-line&#8221;][vc_column_text]<strong>Pagos de H\u00edbera<\/strong> \u00e9s un projecte empresarial que sorgeix l\u2019any 2010 fruit de la passi\u00f3 per la hosteleria i la restauraci\u00f3 dels germans Joaquim i Fran L\u00f3pez Gilabert.[\/vc_column_text][\/vc_column][vc_column width=&#8221;1\/6&#8243;][vc_single_image image=&#8221;9628&#8243; img_size=&#8221;full&#8221;][\/vc_column][vc_column width=&#8221;2\/6&#8243;][cl_heading title=&#8221;Catedral del Vi&#8221; style=&#8221;single-line&#8221;][vc_column_text]<strong>La<\/strong> <strong>Catedral del Vi<\/strong> del Pinell de Brai \u00e9s l\u2019edifici cooperativista d\u2019estil modernista de principis del segle XX dissenyat per C\u00e8sar Martinell, un deixeble directe d\u2019Anton\u00ed Gaud\u00ed.[\/vc_column_text][\/vc_column][\/vc_row][vc_row full_width=&#8221;stretch_row_content_no_spaces&#8221; equal_height=&#8221;yes&#8221; content_placement=&#8221;middle&#8221; el_class=&#8221;row-eq-height&#8221;][vc_column width=&#8221;2\/3&#8243; css=&#8221;.vc_custom_1461924175161{background-image: url(http:\/\/hotelvillaretiro.com\/wp-content\/uploads\/2016\/01\/Hotel-Villa-Retiro-Pagos-de-Hibera-Catedral-del-Vi.jpg?id=2832) !important;background-position: center !important;background-repeat: no-repeat !important;background-size: cover !important;}&#8221;][vc_empty_space height=&#8221;600px&#8221;][\/vc_column][vc_column width=&#8221;1\/3&#8243; css=&#8221;.vc_custom_1622564844972{padding-top: 5% !important;padding-right: 5% !important;padding-bottom: 5% !important;padding-left: 5% !important;background-color: #481511 !important;}&#8221;][cl_heading title=&#8221;Celler modernista&#8221; style=&#8221;single-line&#8221; color=&#8221;#ffffff&#8221;][vc_column_text]<span style=\"color: white;\">Joia arquitect\u00f2nica de car\u00e0cter modernista englobada al conjunt de Catedrals del Vi de Catalunya.<\/span>[\/vc_column_text][vc_empty_space][vc_btn title=&#8221;CATEDRAL DEL V\u00cd&#8221; style=&#8221;outline-custom&#8221; outline_custom_color=&#8221;#ffffff&#8221; outline_custom_hover_background=&#8221;#30c2f2&#8243; outline_custom_hover_text=&#8221;#ffffff&#8221; link=&#8221;url:http%3A%2F%2Fcatedraldelvi.com%2F||target:%20_blank&#8221;][\/vc_column][\/vc_row][vc_row full_width=&#8221;stretch_row_content_no_spaces&#8221; equal_height_columns=&#8221;no&#8221; ts_row_screen_height=&#8221;false&#8221; ts_row_screen_offset=&#8221;0&#8243; ts_row_min_height=&#8221;100&#8243; ts_row_break_parents=&#8221;0&#8243; ts_row_zindex=&#8221;0&#8243; ts_row_bg_source=&#8221;full&#8221; ts_row_bg_position=&#8221;center&#8221; ts_row_bg_size_standard=&#8221;cover&#8221; ts_row_bg_size_parallax=&#8221;cover&#8221; ts_row_bg_repeat=&#8221;no-repeat&#8221; ts_row_parallax_type=&#8221;up&#8221; ts_row_bg_alignment_v=&#8221;center&#8221; ts_row_bg_alignment_h=&#8221;center&#8221; ts_row_parallax_speed=&#8221;20&#8243; ts_row_automove_speed=&#8221;75&#8243; ts_row_automove_scroll=&#8221;true&#8221; ts_row_automove_align=&#8221;horizontal&#8221; ts_row_automove_path_h=&#8221;leftright&#8221; ts_row_automove_path_v=&#8221;topbottom&#8221; ts_row_movement_x_allow=&#8221;true&#8221; ts_row_movement_x_ratio=&#8221;10&#8243; ts_row_movement_y_allow=&#8221;true&#8221; ts_row_movement_y_ratio=&#8221;10&#8243; ts_row_movement_content=&#8221;true&#8221; padding_top=&#8221;30&#8243; padding_bottom=&#8221;30&#8243; margin_left=&#8221;0&#8243; margin_right=&#8221;0&#8243; single_color=&#8221;#ffffff&#8221; gradient_angle=&#8221;0&#8243; gradient_color_start=&#8221;#cccccc&#8221; gradient_start_offset=&#8221;0&#8243; gradient_color_end=&#8221;#cccccc&#8221; gradient_end_offset=&#8221;100&#8243; video_mute=&#8221;true&#8221; video_loop=&#8221;false&#8221; video_remove=&#8221;false&#8221; video_start=&#8221;false&#8221; video_stop=&#8221;true&#8221; video_controls=&#8221;true&#8221; video_raster=&#8221;false&#8221; svg_top_on=&#8221;false&#8221; svg_top_style=&#8221;1&#8243; svg_top_height=&#8221;100&#8243; svg_top_flip=&#8221;false&#8221; svg_top_position=&#8221;0&#8243; svg_top_color1=&#8221;#ffffff&#8221; svg_top_color2=&#8221;#ededed&#8221; svg_bottom_on=&#8221;false&#8221; svg_bottom_style=&#8221;1&#8243; svg_bottom_height=&#8221;100&#8243; svg_bottom_flip=&#8221;false&#8221; svg_bottom_position=&#8221;0&#8243; svg_bottom_color1=&#8221;#ffffff&#8221; svg_bottom_color2=&#8221;#ededed&#8221; ts_row_raster_use=&#8221;false&#8221; ts_row_raster_type=&#8221;transparent&#8221; ts_row_overlay_use=&#8221;false&#8221; ts_row_overlay_color=&#8221;rgba(30,115,190,0.25)&#8221; animation_scroll=&#8221;false&#8221; animation_speed=&#8221;2000&#8243; show_large=&#8221;true&#8221; show_medium=&#8221;true&#8221; show_small=&#8221;true&#8221; show_extra=&#8221;true&#8221; show_remove=&#8221;true&#8221; el_class=&#8221;row-eq-height&#8221;][vc_column width=&#8221;1\/2&#8243; style=&#8221;column-style-1&#8243; css=&#8221;.vc_custom_1509281225319{padding-right: 6% !important;padding-left: 8% !important;background-position: 0 0 !important;background-repeat: no-repeat !important;}&#8221; el_class=&#8221;vertical-align&#8221; offset=&#8221;vc_col-lg-6 vc_col-xs-12&#8243;][vc_column_text css_animation=&#8221;top-to-bottom&#8221; css=&#8221;.vc_custom_1622564857338{padding-bottom: 35px !important;}&#8221;]<\/p>\n<h2 class=\"style2\"><span style=\"color: #481511;\">Pagos de H\u00edbera<\/span><\/h2>\n<p>La marca Pagos de H\u00edbera engloba quatre l\u00ednies de vi, sempre blanc i negre, de categories molt diferenciades. Podem trobar un vi jove, el Modernista; un semi crian\u00e7a, l\u2019Indi\u00e0; un crian\u00e7a, el Gamberro, i una mistela, el Gamberrillo. Els vins es poden comprar al celler o a la botiga online en caixes de 6 ampolles.[\/vc_column_text][vc_btn title=&#8221;BOTIGA ONLINE&#8221; style=&#8221;outline-custom&#8221; outline_custom_color=&#8221;#481511&#8243; outline_custom_hover_background=&#8221;#481511&#8243; outline_custom_hover_text=&#8221;#ffffff&#8221; link=&#8221;url:https%3A%2F%2Fcatedraldelvi.com%2Fpagos-de-hibera%2F%23botiga||target:%20_blank&#8221;][\/vc_column][vc_column width=&#8221;1\/2&#8243; css=&#8221;.vc_custom_1509281234780{background-image: url(http:\/\/catedraldelvi.com\/wp-content\/uploads\/2015\/09\/catedral-del-vi-pagos-de-hibera-vino.jpg?id=2668) !important;background-position: center !important;background-repeat: no-repeat !important;background-size: cover !important;}&#8221; animation_scroll=&#8221;false&#8221; animation_speed=&#8221;2000&#8243; offset=&#8221;vc_col-lg-6 vc_col-xs-12&#8243;][vc_empty_space height=&#8221;600px&#8221;][\/vc_column][\/vc_row]<\/p>\n","protected":false},"excerpt":{"rendered":"<p>[vc_row css=&#8221;.vc_custom_1554829768955{margin-top: 8% !important;margin-bottom: 8% !important;}&#8221;][vc_column width=&#8221;1\/6&#8243;][vc_single_image image=&#8221;9632&#8243; img_size=&#8221;full&#8221;][\/vc_column][vc_column width=&#8221;2\/6&#8243;][cl_heading title=&#8221;Pagos de H\u00edbera&#8221; style=&#8221;single-line&#8221;][vc_column_text]Pagos de H\u00edbera \u00e9s un projecte empresarial que sorgeix l\u2019any 2010 fruit de la passi\u00f3 per la hosteleria i la restauraci\u00f3 dels germans Joaquim i Fran L\u00f3pez Gilabert.[\/vc_column_text][\/vc_column][vc_column width=&#8221;1\/6&#8243;][vc_single_image image=&#8221;9628&#8243; img_size=&#8221;full&#8221;][\/vc_column][vc_column width=&#8221;2\/6&#8243;][cl_heading title=&#8221;Catedral del Vi&#8221; style=&#8221;single-line&#8221;][vc_column_text]La Catedral del Vi del Pinell de [&hellip;]<\/p>\n","protected":false},"author":1,"featured_media":0,"parent":4127,"menu_order":0,"comment_status":"closed","ping_status":"closed","template":"","meta":{"inline_featured_image":false,"footnotes":""},"class_list":["post-9714","page","type-page","status-publish","hentry"],"yoast_head":"<!-- This site is optimized with the Yoast SEO plugin v27.2 - https:\/\/yoast.com\/product\/yoast-seo-wordpress\/ -->\n<title>Catedral del V\u00ed - Pagos de H\u00edbera - Hotel Villa Retiro<\/title>\n<meta name=\"description\" content=\"Pagos de H\u00edbera \u00e9s un projecte empresarial que sorgeix l&#039;any 2010 fruit de la passi\u00f3 per l&#039;hostaleria i la restauraci\u00f3 dels germans L\u00f3pez Gilabert.\" \/>\n<meta name=\"robots\" content=\"index, follow, max-snippet:-1, max-image-preview:large, max-video-preview:-1\" \/>\n<link rel=\"canonical\" href=\"https:\/\/hotelvillaretiro.com\/ca\/hotel-5-estrelles\/que-fer\/catedral-del-vi-pagos-de-hibera\/\" \/>\n<meta property=\"og:locale\" content=\"ca_ES\" \/>\n<meta property=\"og:type\" content=\"article\" \/>\n<meta property=\"og:title\" content=\"Catedral del V\u00ed - Pagos de H\u00edbera - Hotel Villa Retiro\" \/>\n<meta property=\"og:description\" content=\"Pagos de H\u00edbera \u00e9s un projecte empresarial que sorgeix l&#039;any 2010 fruit de la passi\u00f3 per l&#039;hostaleria i la restauraci\u00f3 dels germans L\u00f3pez Gilabert.\" \/>\n<meta property=\"og:url\" content=\"https:\/\/hotelvillaretiro.com\/ca\/hotel-5-estrelles\/que-fer\/catedral-del-vi-pagos-de-hibera\/\" \/>\n<meta property=\"og:site_name\" content=\"Hotel Villa Retiro\" \/>\n<meta property=\"article:modified_time\" content=\"2021-06-01T16:27:48+00:00\" \/>\n<meta name=\"twitter:card\" content=\"summary_large_image\" \/>\n<meta name=\"twitter:label1\" content=\"Temps estimat de lectura\" \/>\n\t<meta name=\"twitter:data1\" content=\"4 minuts\" \/>\n<script type=\"application\/ld+json\" class=\"yoast-schema-graph\">{\"@context\":\"https:\/\/schema.org\",\"@graph\":[{\"@type\":\"WebPage\",\"@id\":\"https:\/\/hotelvillaretiro.com\/ca\/hotel-5-estrelles\/que-fer\/catedral-del-vi-pagos-de-hibera\/\",\"url\":\"https:\/\/hotelvillaretiro.com\/ca\/hotel-5-estrelles\/que-fer\/catedral-del-vi-pagos-de-hibera\/\",\"name\":\"Catedral del V\u00ed - Pagos de H\u00edbera - Hotel Villa Retiro\",\"isPartOf\":{\"@id\":\"https:\/\/hotelvillaretiro.com\/#website\"},\"datePublished\":\"2019-04-09T17:15:34+00:00\",\"dateModified\":\"2021-06-01T16:27:48+00:00\",\"description\":\"Pagos de H\u00edbera \u00e9s un projecte empresarial que sorgeix l'any 2010 fruit de la passi\u00f3 per l'hostaleria i la restauraci\u00f3 dels germans L\u00f3pez Gilabert.\",\"breadcrumb\":{\"@id\":\"https:\/\/hotelvillaretiro.com\/ca\/hotel-5-estrelles\/que-fer\/catedral-del-vi-pagos-de-hibera\/#breadcrumb\"},\"inLanguage\":\"ca\",\"potentialAction\":[{\"@type\":\"ReadAction\",\"target\":[\"https:\/\/hotelvillaretiro.com\/ca\/hotel-5-estrelles\/que-fer\/catedral-del-vi-pagos-de-hibera\/\"]}]},{\"@type\":\"BreadcrumbList\",\"@id\":\"https:\/\/hotelvillaretiro.com\/ca\/hotel-5-estrelles\/que-fer\/catedral-del-vi-pagos-de-hibera\/#breadcrumb\",\"itemListElement\":[{\"@type\":\"ListItem\",\"position\":1,\"name\":\"Portada\",\"item\":\"https:\/\/hotelvillaretiro.com\/ca\/home-ca\/\"},{\"@type\":\"ListItem\",\"position\":2,\"name\":\"Hotel 5 estrelles\",\"item\":\"https:\/\/hotelvillaretiro.com\/ca\/hotel-5-estrelles\/\"},{\"@type\":\"ListItem\",\"position\":3,\"name\":\"Qu\u00e8 fer\",\"item\":\"https:\/\/hotelvillaretiro.com\/ca\/hotel-5-estrelles\/que-fer\/\"},{\"@type\":\"ListItem\",\"position\":4,\"name\":\"Catedral del V\u00ed &#8211; Pagos de H\u00edbera\"}]},{\"@type\":\"WebSite\",\"@id\":\"https:\/\/hotelvillaretiro.com\/#website\",\"url\":\"https:\/\/hotelvillaretiro.com\/\",\"name\":\"Hotel Villa Retiro\",\"description\":\"Hotel de 5 estrellas en les Terres de l&#039;Ebre\",\"publisher\":{\"@id\":\"https:\/\/hotelvillaretiro.com\/#organization\"},\"potentialAction\":[{\"@type\":\"SearchAction\",\"target\":{\"@type\":\"EntryPoint\",\"urlTemplate\":\"https:\/\/hotelvillaretiro.com\/?s={search_term_string}\"},\"query-input\":{\"@type\":\"PropertyValueSpecification\",\"valueRequired\":true,\"valueName\":\"search_term_string\"}}],\"inLanguage\":\"ca\"},{\"@type\":\"Organization\",\"@id\":\"https:\/\/hotelvillaretiro.com\/#organization\",\"name\":\"Hotel Villa Retiro\",\"url\":\"https:\/\/hotelvillaretiro.com\/\",\"logo\":{\"@type\":\"ImageObject\",\"inLanguage\":\"ca\",\"@id\":\"https:\/\/hotelvillaretiro.com\/#\/schema\/logo\/image\/\",\"url\":\"https:\/\/hotelvillaretiro.com\/wp-content\/uploads\/2025\/02\/hotel-villa-retiro-logo.svg\",\"contentUrl\":\"https:\/\/hotelvillaretiro.com\/wp-content\/uploads\/2025\/02\/hotel-villa-retiro-logo.svg\",\"caption\":\"Hotel Villa Retiro\"},\"image\":{\"@id\":\"https:\/\/hotelvillaretiro.com\/#\/schema\/logo\/image\/\"}}]}<\/script>\n<!-- \/ Yoast SEO plugin. -->","yoast_head_json":{"title":"Catedral del V\u00ed - Pagos de H\u00edbera - Hotel Villa Retiro","description":"Pagos de H\u00edbera \u00e9s un projecte empresarial que sorgeix l'any 2010 fruit de la passi\u00f3 per l'hostaleria i la restauraci\u00f3 dels germans L\u00f3pez Gilabert.","robots":{"index":"index","follow":"follow","max-snippet":"max-snippet:-1","max-image-preview":"max-image-preview:large","max-video-preview":"max-video-preview:-1"},"canonical":"https:\/\/hotelvillaretiro.com\/ca\/hotel-5-estrelles\/que-fer\/catedral-del-vi-pagos-de-hibera\/","og_locale":"ca_ES","og_type":"article","og_title":"Catedral del V\u00ed - Pagos de H\u00edbera - Hotel Villa Retiro","og_description":"Pagos de H\u00edbera \u00e9s un projecte empresarial que sorgeix l'any 2010 fruit de la passi\u00f3 per l'hostaleria i la restauraci\u00f3 dels germans L\u00f3pez Gilabert.","og_url":"https:\/\/hotelvillaretiro.com\/ca\/hotel-5-estrelles\/que-fer\/catedral-del-vi-pagos-de-hibera\/","og_site_name":"Hotel Villa Retiro","article_modified_time":"2021-06-01T16:27:48+00:00","twitter_card":"summary_large_image","twitter_misc":{"Temps estimat de lectura":"4 minuts"},"schema":{"@context":"https:\/\/schema.org","@graph":[{"@type":"WebPage","@id":"https:\/\/hotelvillaretiro.com\/ca\/hotel-5-estrelles\/que-fer\/catedral-del-vi-pagos-de-hibera\/","url":"https:\/\/hotelvillaretiro.com\/ca\/hotel-5-estrelles\/que-fer\/catedral-del-vi-pagos-de-hibera\/","name":"Catedral del V\u00ed - Pagos de H\u00edbera - Hotel Villa Retiro","isPartOf":{"@id":"https:\/\/hotelvillaretiro.com\/#website"},"datePublished":"2019-04-09T17:15:34+00:00","dateModified":"2021-06-01T16:27:48+00:00","description":"Pagos de H\u00edbera \u00e9s un projecte empresarial que sorgeix l'any 2010 fruit de la passi\u00f3 per l'hostaleria i la restauraci\u00f3 dels germans L\u00f3pez Gilabert.","breadcrumb":{"@id":"https:\/\/hotelvillaretiro.com\/ca\/hotel-5-estrelles\/que-fer\/catedral-del-vi-pagos-de-hibera\/#breadcrumb"},"inLanguage":"ca","potentialAction":[{"@type":"ReadAction","target":["https:\/\/hotelvillaretiro.com\/ca\/hotel-5-estrelles\/que-fer\/catedral-del-vi-pagos-de-hibera\/"]}]},{"@type":"BreadcrumbList","@id":"https:\/\/hotelvillaretiro.com\/ca\/hotel-5-estrelles\/que-fer\/catedral-del-vi-pagos-de-hibera\/#breadcrumb","itemListElement":[{"@type":"ListItem","position":1,"name":"Portada","item":"https:\/\/hotelvillaretiro.com\/ca\/home-ca\/"},{"@type":"ListItem","position":2,"name":"Hotel 5 estrelles","item":"https:\/\/hotelvillaretiro.com\/ca\/hotel-5-estrelles\/"},{"@type":"ListItem","position":3,"name":"Qu\u00e8 fer","item":"https:\/\/hotelvillaretiro.com\/ca\/hotel-5-estrelles\/que-fer\/"},{"@type":"ListItem","position":4,"name":"Catedral del V\u00ed &#8211; Pagos de H\u00edbera"}]},{"@type":"WebSite","@id":"https:\/\/hotelvillaretiro.com\/#website","url":"https:\/\/hotelvillaretiro.com\/","name":"Hotel Villa Retiro","description":"Hotel de 5 estrellas en les Terres de l&#039;Ebre","publisher":{"@id":"https:\/\/hotelvillaretiro.com\/#organization"},"potentialAction":[{"@type":"SearchAction","target":{"@type":"EntryPoint","urlTemplate":"https:\/\/hotelvillaretiro.com\/?s={search_term_string}"},"query-input":{"@type":"PropertyValueSpecification","valueRequired":true,"valueName":"search_term_string"}}],"inLanguage":"ca"},{"@type":"Organization","@id":"https:\/\/hotelvillaretiro.com\/#organization","name":"Hotel Villa Retiro","url":"https:\/\/hotelvillaretiro.com\/","logo":{"@type":"ImageObject","inLanguage":"ca","@id":"https:\/\/hotelvillaretiro.com\/#\/schema\/logo\/image\/","url":"https:\/\/hotelvillaretiro.com\/wp-content\/uploads\/2025\/02\/hotel-villa-retiro-logo.svg","contentUrl":"https:\/\/hotelvillaretiro.com\/wp-content\/uploads\/2025\/02\/hotel-villa-retiro-logo.svg","caption":"Hotel Villa Retiro"},"image":{"@id":"https:\/\/hotelvillaretiro.com\/#\/schema\/logo\/image\/"}}]}},"_links":{"self":[{"href":"https:\/\/hotelvillaretiro.com\/ca\/wp-json\/wp\/v2\/pages\/9714","targetHints":{"allow":["GET"]}}],"collection":[{"href":"https:\/\/hotelvillaretiro.com\/ca\/wp-json\/wp\/v2\/pages"}],"about":[{"href":"https:\/\/hotelvillaretiro.com\/ca\/wp-json\/wp\/v2\/types\/page"}],"author":[{"embeddable":true,"href":"https:\/\/hotelvillaretiro.com\/ca\/wp-json\/wp\/v2\/users\/1"}],"replies":[{"embeddable":true,"href":"https:\/\/hotelvillaretiro.com\/ca\/wp-json\/wp\/v2\/comments?post=9714"}],"version-history":[{"count":0,"href":"https:\/\/hotelvillaretiro.com\/ca\/wp-json\/wp\/v2\/pages\/9714\/revisions"}],"up":[{"embeddable":true,"href":"https:\/\/hotelvillaretiro.com\/ca\/wp-json\/wp\/v2\/pages\/4127"}],"wp:attachment":[{"href":"https:\/\/hotelvillaretiro.com\/ca\/wp-json\/wp\/v2\/media?parent=9714"}],"curies":[{"name":"wp","href":"https:\/\/api.w.org\/{rel}","templated":true}]}}