{"id":9726,"date":"2019-04-09T18:30:26","date_gmt":"2019-04-09T17:30:26","guid":{"rendered":"http:\/\/hotelvillaretiro.com\/hotel-5-estrelles\/que-fer\/delta-de-ebro\/"},"modified":"2021-06-01T17:34:43","modified_gmt":"2021-06-01T16:34:43","slug":"delta-de-lebre","status":"publish","type":"page","link":"https:\/\/hotelvillaretiro.com\/ca\/hotel-5-estrelles\/delta-de-lebre\/","title":{"rendered":"Delta de l&#8217;Ebre"},"content":{"rendered":"<p>[vc_row][vc_column css=&#8221;.vc_custom_1453995877953{padding-top: 5% !important;padding-right: 3% !important;padding-bottom: 5% !important;}&#8221;][cl_heading title=&#8221;Delta de l&#8217;Ebre&#8221; style=&#8221;single-line&#8221; text_align=&#8221;center&#8221;][vc_row_inner gap=&#8221;5&#8243;][vc_column_inner width=&#8221;1\/2&#8243;][vc_column_text]El Parc natural del Delta de l\u2019Ebre constitueix una de les zones humides m\u00e9s \u00e0mplies de l\u2019Europa mediterr\u00e0nia. El Delta de l\u2019Ebre ens ofereix un marc de naturalesa incomparable, \u00fanic i singular. Un paisatge d\u2019una gran riquesa biol\u00f2gica que reuneix una diversitat de flora i fauna, d\u2019un valor incalculable.<br \/>\nAmb els seus 320 km2 de superf\u00edcie, constitueix l\u2019h\u00e0bitat aqu\u00e0tic m\u00e9s extens de les terres catalanes i representa un enclavament de vital import\u00e0ncia dins les zones humides de la Mediterr\u00e0nia.[\/vc_column_text][\/vc_column_inner][vc_column_inner width=&#8221;1\/2&#8243;][vc_column_text]La seva riquesa biol\u00f2gica contrasta amb la profunda humanitzaci\u00f3 i transformaci\u00f3 agr\u00edcola d\u2019una gran part de la seva superf\u00edcie. La seva import\u00e0ncia \u00e9s reconeguda a escala internacional pels m\u00e0xims organismes especialitzats.<br \/>\nSens dubte, s\u00f3n inacabables les possibilitats existents al Delta de l\u2019Ebre: rutes amb embarcacions, paratges fotogr\u00e0fics \u00fanics, albiraments ornitol\u00f2gics, activitats esportives i d\u2019aventura.[\/vc_column_text][\/vc_column_inner][\/vc_row_inner][\/vc_column][\/vc_row][vc_row full_width=&#8221;stretch_row_content_no_spaces&#8221; equal_height=&#8221;yes&#8221; el_class=&#8221;row-eq-height&#8221;][vc_column width=&#8221;1\/2&#8243; css=&#8221;.vc_custom_1453996084621{background-image: url(http:\/\/hotelvillaretiro.com\/wp-content\/uploads\/2016\/01\/Delta-de-lEbre-avistament-docells-pajaros.jpg?id=2849) !important;background-position: center !important;background-repeat: no-repeat !important;background-size: cover !important;}&#8221;][vc_empty_space height=&#8221;600px&#8221;][\/vc_column][vc_column width=&#8221;1\/2&#8243; css=&#8221;.vc_custom_1622565281411{padding-top: 5% !important;padding-right: 5% !important;padding-bottom: 5% !important;padding-left: 5% !important;background-color: #c4bb3e !important;background-position: center !important;background-repeat: no-repeat !important;background-size: cover !important;}&#8221;][cl_heading title=&#8221;Platges Delta de l&#8217;Ebre&#8221; style=&#8221;single-line&#8221; color=&#8221;#ffffff&#8221;][vc_column_text]<span style=\"color: white;\">El riu Ebre deixa al seu pas un ventall de <em>platges<\/em> naturals i poc concorregudes on reina la tranquil\u00b7litat. Platges quilom\u00e8triques per a gaudir del sol i del mar. Platges familiars i tranquil\u00b7les envoltades de natura.<\/span>[\/vc_column_text][vc_empty_space][vc_btn title=&#8221;DELTA TUR\u00cdSTIC&#8221; style=&#8221;outline-custom&#8221; outline_custom_color=&#8221;#ffffff&#8221; outline_custom_hover_background=&#8221;#481511&#8243; outline_custom_hover_text=&#8221;#ffffff&#8221; link=&#8221;url:http%3A%2F%2Fwww.deltaturistic.com%2F||target:%20_blank&#8221;][\/vc_column][\/vc_row]<\/p>\n","protected":false},"excerpt":{"rendered":"<p>[vc_row][vc_column css=&#8221;.vc_custom_1453995877953{padding-top: 5% !important;padding-right: 3% !important;padding-bottom: 5% !important;}&#8221;][cl_heading title=&#8221;Delta de l&#8217;Ebre&#8221; style=&#8221;single-line&#8221; text_align=&#8221;center&#8221;][vc_row_inner gap=&#8221;5&#8243;][vc_column_inner width=&#8221;1\/2&#8243;][vc_column_text]El Parc natural del Delta de l\u2019Ebre constitueix una de les zones humides m\u00e9s \u00e0mplies de l\u2019Europa mediterr\u00e0nia. El Delta de l\u2019Ebre ens ofereix un marc de naturalesa incomparable, \u00fanic i singular. Un paisatge d\u2019una gran riquesa biol\u00f2gica que reuneix una [&hellip;]<\/p>\n","protected":false},"author":1,"featured_media":0,"parent":4116,"menu_order":0,"comment_status":"closed","ping_status":"closed","template":"","meta":{"inline_featured_image":false,"footnotes":""},"class_list":["post-9726","page","type-page","status-publish","hentry"],"yoast_head":"<!-- This site is optimized with the Yoast SEO plugin v27.2 - https:\/\/yoast.com\/product\/yoast-seo-wordpress\/ -->\n<title>Delta de l&#039;Ebre - Hotel Villa Retiro<\/title>\n<meta name=\"description\" content=\"Descobreix el Delta de l&#039;Ebre: rutes amb embarcacions, paratges fotogr\u00e0fics \u00fanics, albiraments ornitol\u00f2gics, activitats esportives i d&#039;aventura.\" \/>\n<meta name=\"robots\" content=\"index, follow, max-snippet:-1, max-image-preview:large, max-video-preview:-1\" \/>\n<link rel=\"canonical\" href=\"https:\/\/hotelvillaretiro.com\/ca\/hotel-5-estrelles\/delta-de-lebre\/\" \/>\n<meta property=\"og:locale\" content=\"ca_ES\" \/>\n<meta property=\"og:type\" content=\"article\" \/>\n<meta property=\"og:title\" content=\"Delta de l&#039;Ebre - Hotel Villa Retiro\" \/>\n<meta property=\"og:description\" content=\"Descobreix el Delta de l&#039;Ebre: rutes amb embarcacions, paratges fotogr\u00e0fics \u00fanics, albiraments ornitol\u00f2gics, activitats esportives i d&#039;aventura.\" \/>\n<meta property=\"og:url\" content=\"https:\/\/hotelvillaretiro.com\/ca\/hotel-5-estrelles\/delta-de-lebre\/\" \/>\n<meta property=\"og:site_name\" content=\"Hotel Villa Retiro\" \/>\n<meta property=\"article:modified_time\" content=\"2021-06-01T16:34:43+00:00\" \/>\n<meta name=\"twitter:card\" content=\"summary_large_image\" \/>\n<meta name=\"twitter:label1\" content=\"Temps estimat de lectura\" \/>\n\t<meta name=\"twitter:data1\" content=\"2 minuts\" \/>\n<script type=\"application\/ld+json\" class=\"yoast-schema-graph\">{\"@context\":\"https:\/\/schema.org\",\"@graph\":[{\"@type\":\"WebPage\",\"@id\":\"https:\/\/hotelvillaretiro.com\/ca\/hotel-5-estrelles\/delta-de-lebre\/\",\"url\":\"https:\/\/hotelvillaretiro.com\/ca\/hotel-5-estrelles\/delta-de-lebre\/\",\"name\":\"Delta de l'Ebre - Hotel Villa Retiro\",\"isPartOf\":{\"@id\":\"https:\/\/hotelvillaretiro.com\/#website\"},\"datePublished\":\"2019-04-09T17:30:26+00:00\",\"dateModified\":\"2021-06-01T16:34:43+00:00\",\"description\":\"Descobreix el Delta de l'Ebre: rutes amb embarcacions, paratges fotogr\u00e0fics \u00fanics, albiraments ornitol\u00f2gics, activitats esportives i d'aventura.\",\"breadcrumb\":{\"@id\":\"https:\/\/hotelvillaretiro.com\/ca\/hotel-5-estrelles\/delta-de-lebre\/#breadcrumb\"},\"inLanguage\":\"ca\",\"potentialAction\":[{\"@type\":\"ReadAction\",\"target\":[\"https:\/\/hotelvillaretiro.com\/ca\/hotel-5-estrelles\/delta-de-lebre\/\"]}]},{\"@type\":\"BreadcrumbList\",\"@id\":\"https:\/\/hotelvillaretiro.com\/ca\/hotel-5-estrelles\/delta-de-lebre\/#breadcrumb\",\"itemListElement\":[{\"@type\":\"ListItem\",\"position\":1,\"name\":\"Portada\",\"item\":\"https:\/\/hotelvillaretiro.com\/ca\/home-ca\/\"},{\"@type\":\"ListItem\",\"position\":2,\"name\":\"Hotel 5 estrelles\",\"item\":\"https:\/\/hotelvillaretiro.com\/ca\/hotel-5-estrelles\/\"},{\"@type\":\"ListItem\",\"position\":3,\"name\":\"Delta de l&#8217;Ebre\"}]},{\"@type\":\"WebSite\",\"@id\":\"https:\/\/hotelvillaretiro.com\/#website\",\"url\":\"https:\/\/hotelvillaretiro.com\/\",\"name\":\"Hotel Villa Retiro\",\"description\":\"Hotel de 5 estrellas en les Terres de l&#039;Ebre\",\"publisher\":{\"@id\":\"https:\/\/hotelvillaretiro.com\/#organization\"},\"potentialAction\":[{\"@type\":\"SearchAction\",\"target\":{\"@type\":\"EntryPoint\",\"urlTemplate\":\"https:\/\/hotelvillaretiro.com\/?s={search_term_string}\"},\"query-input\":{\"@type\":\"PropertyValueSpecification\",\"valueRequired\":true,\"valueName\":\"search_term_string\"}}],\"inLanguage\":\"ca\"},{\"@type\":\"Organization\",\"@id\":\"https:\/\/hotelvillaretiro.com\/#organization\",\"name\":\"Hotel Villa Retiro\",\"url\":\"https:\/\/hotelvillaretiro.com\/\",\"logo\":{\"@type\":\"ImageObject\",\"inLanguage\":\"ca\",\"@id\":\"https:\/\/hotelvillaretiro.com\/#\/schema\/logo\/image\/\",\"url\":\"https:\/\/hotelvillaretiro.com\/wp-content\/uploads\/2025\/02\/hotel-villa-retiro-logo.svg\",\"contentUrl\":\"https:\/\/hotelvillaretiro.com\/wp-content\/uploads\/2025\/02\/hotel-villa-retiro-logo.svg\",\"caption\":\"Hotel Villa Retiro\"},\"image\":{\"@id\":\"https:\/\/hotelvillaretiro.com\/#\/schema\/logo\/image\/\"}}]}<\/script>\n<!-- \/ Yoast SEO plugin. -->","yoast_head_json":{"title":"Delta de l'Ebre - Hotel Villa Retiro","description":"Descobreix el Delta de l'Ebre: rutes amb embarcacions, paratges fotogr\u00e0fics \u00fanics, albiraments ornitol\u00f2gics, activitats esportives i d'aventura.","robots":{"index":"index","follow":"follow","max-snippet":"max-snippet:-1","max-image-preview":"max-image-preview:large","max-video-preview":"max-video-preview:-1"},"canonical":"https:\/\/hotelvillaretiro.com\/ca\/hotel-5-estrelles\/delta-de-lebre\/","og_locale":"ca_ES","og_type":"article","og_title":"Delta de l'Ebre - Hotel Villa Retiro","og_description":"Descobreix el Delta de l'Ebre: rutes amb embarcacions, paratges fotogr\u00e0fics \u00fanics, albiraments ornitol\u00f2gics, activitats esportives i d'aventura.","og_url":"https:\/\/hotelvillaretiro.com\/ca\/hotel-5-estrelles\/delta-de-lebre\/","og_site_name":"Hotel Villa Retiro","article_modified_time":"2021-06-01T16:34:43+00:00","twitter_card":"summary_large_image","twitter_misc":{"Temps estimat de lectura":"2 minuts"},"schema":{"@context":"https:\/\/schema.org","@graph":[{"@type":"WebPage","@id":"https:\/\/hotelvillaretiro.com\/ca\/hotel-5-estrelles\/delta-de-lebre\/","url":"https:\/\/hotelvillaretiro.com\/ca\/hotel-5-estrelles\/delta-de-lebre\/","name":"Delta de l'Ebre - Hotel Villa Retiro","isPartOf":{"@id":"https:\/\/hotelvillaretiro.com\/#website"},"datePublished":"2019-04-09T17:30:26+00:00","dateModified":"2021-06-01T16:34:43+00:00","description":"Descobreix el Delta de l'Ebre: rutes amb embarcacions, paratges fotogr\u00e0fics \u00fanics, albiraments ornitol\u00f2gics, activitats esportives i d'aventura.","breadcrumb":{"@id":"https:\/\/hotelvillaretiro.com\/ca\/hotel-5-estrelles\/delta-de-lebre\/#breadcrumb"},"inLanguage":"ca","potentialAction":[{"@type":"ReadAction","target":["https:\/\/hotelvillaretiro.com\/ca\/hotel-5-estrelles\/delta-de-lebre\/"]}]},{"@type":"BreadcrumbList","@id":"https:\/\/hotelvillaretiro.com\/ca\/hotel-5-estrelles\/delta-de-lebre\/#breadcrumb","itemListElement":[{"@type":"ListItem","position":1,"name":"Portada","item":"https:\/\/hotelvillaretiro.com\/ca\/home-ca\/"},{"@type":"ListItem","position":2,"name":"Hotel 5 estrelles","item":"https:\/\/hotelvillaretiro.com\/ca\/hotel-5-estrelles\/"},{"@type":"ListItem","position":3,"name":"Delta de l&#8217;Ebre"}]},{"@type":"WebSite","@id":"https:\/\/hotelvillaretiro.com\/#website","url":"https:\/\/hotelvillaretiro.com\/","name":"Hotel Villa Retiro","description":"Hotel de 5 estrellas en les Terres de l&#039;Ebre","publisher":{"@id":"https:\/\/hotelvillaretiro.com\/#organization"},"potentialAction":[{"@type":"SearchAction","target":{"@type":"EntryPoint","urlTemplate":"https:\/\/hotelvillaretiro.com\/?s={search_term_string}"},"query-input":{"@type":"PropertyValueSpecification","valueRequired":true,"valueName":"search_term_string"}}],"inLanguage":"ca"},{"@type":"Organization","@id":"https:\/\/hotelvillaretiro.com\/#organization","name":"Hotel Villa Retiro","url":"https:\/\/hotelvillaretiro.com\/","logo":{"@type":"ImageObject","inLanguage":"ca","@id":"https:\/\/hotelvillaretiro.com\/#\/schema\/logo\/image\/","url":"https:\/\/hotelvillaretiro.com\/wp-content\/uploads\/2025\/02\/hotel-villa-retiro-logo.svg","contentUrl":"https:\/\/hotelvillaretiro.com\/wp-content\/uploads\/2025\/02\/hotel-villa-retiro-logo.svg","caption":"Hotel Villa Retiro"},"image":{"@id":"https:\/\/hotelvillaretiro.com\/#\/schema\/logo\/image\/"}}]}},"_links":{"self":[{"href":"https:\/\/hotelvillaretiro.com\/ca\/wp-json\/wp\/v2\/pages\/9726","targetHints":{"allow":["GET"]}}],"collection":[{"href":"https:\/\/hotelvillaretiro.com\/ca\/wp-json\/wp\/v2\/pages"}],"about":[{"href":"https:\/\/hotelvillaretiro.com\/ca\/wp-json\/wp\/v2\/types\/page"}],"author":[{"embeddable":true,"href":"https:\/\/hotelvillaretiro.com\/ca\/wp-json\/wp\/v2\/users\/1"}],"replies":[{"embeddable":true,"href":"https:\/\/hotelvillaretiro.com\/ca\/wp-json\/wp\/v2\/comments?post=9726"}],"version-history":[{"count":0,"href":"https:\/\/hotelvillaretiro.com\/ca\/wp-json\/wp\/v2\/pages\/9726\/revisions"}],"up":[{"embeddable":true,"href":"https:\/\/hotelvillaretiro.com\/ca\/wp-json\/wp\/v2\/pages\/4116"}],"wp:attachment":[{"href":"https:\/\/hotelvillaretiro.com\/ca\/wp-json\/wp\/v2\/media?parent=9726"}],"curies":[{"name":"wp","href":"https:\/\/api.w.org\/{rel}","templated":true}]}}