{"id":9732,"date":"2019-04-09T17:55:22","date_gmt":"2019-04-09T16:55:22","guid":{"rendered":"http:\/\/hotelvillaretiro.com\/hotel-5-estrelles\/que-fer\/descubre-las-terres-de-lebre\/"},"modified":"2019-04-10T10:11:44","modified_gmt":"2019-04-10T09:11:44","slug":"descobreix-les-terres-de-lebre","status":"publish","type":"page","link":"https:\/\/hotelvillaretiro.com\/ca\/hotel-5-estrelles\/que-fer\/descobreix-les-terres-de-lebre\/","title":{"rendered":"Descobreix les Terres de l&#8217;Ebre"},"content":{"rendered":"<p>[vc_row full_width=&#8221;stretch_row_content_no_spaces&#8221; el_class=&#8221;row-eq-height&#8221; css=&#8221;.vc_custom_1453994663423{padding-bottom: 5% !important;}&#8221;][vc_column css=&#8221;.vc_custom_1453993834983{padding-top: 3% !important;padding-right: 4% !important;padding-left: 6% !important;}&#8221;][cl_heading title=&#8221;Terres de l&#8217;Ebre&#8221; style=&#8221;single-line&#8221;][vc_row_inner][vc_column_inner width=&#8221;1\/3&#8243; css=&#8221;.vc_custom_1453995134632{padding-right: 6% !important;}&#8221;][vc_column_text]L\u2019Hotel Villa Retiro est\u00e0 situat en mig d\u2019un paratge incomparable, ja que aglutina diversos marcs idonis per a les activitats de temps lliure i aventura. D\u2019una banda tenim el Delta de l\u2019Ebre, Parc Natural protegit per la UNESCO amb esp\u00e8cies \u00faniques al planeta i una infinitat de paratges que visitar i fotografiar.<\/p>\n<p>El riu Ebre en si mateix, constitueix un espai amb infinitat de llocs i ciutats que con\u00e8ixer a la llera del mateix. Els esports aqu\u00e0tics com el pirag\u00fcisme o el passeig en embarcaci\u00f3 tripulada amb guia donaran a con\u00e8ixer molt b\u00e9 als nostres clients el b\u00e9 natural del que sens dubte, estem orgullosos.<br \/>\n[\/vc_column_text][\/vc_column_inner][vc_column_inner width=&#8221;1\/3&#8243; css=&#8221;.vc_custom_1453995129626{padding-right: 6% !important;}&#8221;][vc_column_text]La Via Verda \u00e9s un ruta de m\u00e9s de 40 km (i que s\u2019est\u00e0 ampliant a m\u00e9s de 100 km) per la qual es pot caminar o anar amb bicicleta, passant per llocs de bellesa natural impensables. El Castell Templer de Miravet, les Coves de Benifallet, la Catedral de Tortosa, l\u2019Assut, el port de muntanya de Beceit, cellers de la Terra Alta, etc.<\/p>\n<p>Podr\u00edem omplir p\u00e0gines i p\u00e0gines amb totes les possibilitats en activitats que ens envolten, per\u00f2 els convidem a que les coneguin. A continuaci\u00f3 els indiquem alguns enlla\u00e7os d\u2019empreses externes amb les quals poder contactar per organitzar la seva escapada d\u2019aventura, activitat o visita.[\/vc_column_text][\/vc_column_inner][vc_column_inner width=&#8221;1\/3&#8243;][cl_gallery images=&#8221;2819,3589,2832,2820,2823,2824,2825&#8243;][\/vc_column_inner][\/vc_row_inner][\/vc_column][\/vc_row][vc_row full_width=&#8221;stretch_row_content_no_spaces&#8221; equal_height=&#8221;yes&#8221; content_placement=&#8221;middle&#8221; el_class=&#8221;row-eq-height&#8221;][vc_column width=&#8221;2\/3&#8243; css=&#8221;.vc_custom_1554828919064{background-image: url(http:\/\/hotelvillaretiro.com\/wp-content\/uploads\/2019\/04\/deltaebre.jpg?id=9617) !important;background-position: center !important;background-repeat: no-repeat !important;background-size: cover !important;}&#8221;][vc_empty_space height=&#8221;600px&#8221;][\/vc_column][vc_column width=&#8221;1\/3&#8243; css=&#8221;.vc_custom_1554827750417{padding-top: 5% !important;padding-right: 5% !important;padding-bottom: 5% !important;padding-left: 5% !important;background-color: #21c1f4 !important;}&#8221;][cl_heading title=&#8221;Reserva Natural de la Biosfera&#8221; style=&#8221;single-line&#8221; color=&#8221;#ffffff&#8221;][vc_column_text]<span style=\"color: white;\">El 27 de setembre de 2016, les Terres de l\u2019Ebre van ser declarades un dels 100 millors destinacions tur\u00edstiques sostenibles del m\u00f3n. La distinci\u00f3, atorgada per l&#8217;Associaci\u00f3 Internacional Global Green Destinations, reconeix el treball de la Mesa de Turisme de la Reserva de la Biosfera en el desenvolupament d&#8217;un turisme de qualitat, sostenible i respectu\u00f3s amb el medi ambient i la cultura local.<\/span>[\/vc_column_text][vc_empty_space][vc_btn title=&#8221;TERRES DE L&#8217;EBRE&#8221; style=&#8221;outline-custom&#8221; outline_custom_color=&#8221;#ffffff&#8221; outline_custom_hover_background=&#8221;#30c2f2&#8243; outline_custom_hover_text=&#8221;#ffffff&#8221; link=&#8221;url:https%3A%2F%2Fterresdelebre.travel%2Fes%2Fconoce%2Freserva-de-la-biosfera||target:%20_blank&#8221;][\/vc_column][\/vc_row]<\/p>\n","protected":false},"excerpt":{"rendered":"<p>[vc_row full_width=&#8221;stretch_row_content_no_spaces&#8221; el_class=&#8221;row-eq-height&#8221; css=&#8221;.vc_custom_1453994663423{padding-bottom: 5% !important;}&#8221;][vc_column css=&#8221;.vc_custom_1453993834983{padding-top: 3% !important;padding-right: 4% !important;padding-left: 6% !important;}&#8221;][cl_heading title=&#8221;Terres de l&#8217;Ebre&#8221; style=&#8221;single-line&#8221;][vc_row_inner][vc_column_inner width=&#8221;1\/3&#8243; css=&#8221;.vc_custom_1453995134632{padding-right: 6% !important;}&#8221;][vc_column_text]L\u2019Hotel Villa Retiro est\u00e0 situat en mig d\u2019un paratge incomparable, ja que aglutina diversos marcs idonis per a les activitats de temps lliure i aventura. D\u2019una banda tenim el Delta de l\u2019Ebre, Parc Natural protegit [&hellip;]<\/p>\n","protected":false},"author":1,"featured_media":0,"parent":4127,"menu_order":0,"comment_status":"closed","ping_status":"closed","template":"","meta":{"inline_featured_image":false,"footnotes":""},"class_list":["post-9732","page","type-page","status-publish","hentry"],"yoast_head":"<!-- This site is optimized with the Yoast SEO plugin v27.4 - https:\/\/yoast.com\/product\/yoast-seo-wordpress\/ -->\n<title>Descobreix les Terres de l&#039;Ebre - Hotel Villa Retiro<\/title>\n<meta name=\"description\" content=\"Descobreix tot el que pots fer en les Terres de l&#039;Ebre amb Hotel Villa Retiro,hotel de 5 estrelles i Restaurant amb 1 Estrella Michelin, a Xerta.\" \/>\n<meta name=\"robots\" content=\"index, follow, max-snippet:-1, max-image-preview:large, max-video-preview:-1\" \/>\n<link rel=\"canonical\" href=\"https:\/\/hotelvillaretiro.com\/ca\/hotel-5-estrelles\/que-fer\/descobreix-les-terres-de-lebre\/\" \/>\n<meta property=\"og:locale\" content=\"ca_ES\" \/>\n<meta property=\"og:type\" content=\"article\" \/>\n<meta property=\"og:title\" content=\"Descobreix les Terres de l&#039;Ebre - Hotel Villa Retiro\" \/>\n<meta property=\"og:description\" content=\"Descobreix tot el que pots fer en les Terres de l&#039;Ebre amb Hotel Villa Retiro,hotel de 5 estrelles i Restaurant amb 1 Estrella Michelin, a Xerta.\" \/>\n<meta property=\"og:url\" content=\"https:\/\/hotelvillaretiro.com\/ca\/hotel-5-estrelles\/que-fer\/descobreix-les-terres-de-lebre\/\" \/>\n<meta property=\"og:site_name\" content=\"Hotel Villa Retiro\" \/>\n<meta property=\"article:modified_time\" content=\"2019-04-10T09:11:44+00:00\" \/>\n<meta name=\"twitter:card\" content=\"summary_large_image\" \/>\n<meta name=\"twitter:label1\" content=\"Temps estimat de lectura\" \/>\n\t<meta name=\"twitter:data1\" content=\"3 minuts\" \/>\n<script type=\"application\/ld+json\" class=\"yoast-schema-graph\">{\"@context\":\"https:\\\/\\\/schema.org\",\"@graph\":[{\"@type\":\"WebPage\",\"@id\":\"https:\\\/\\\/hotelvillaretiro.com\\\/ca\\\/hotel-5-estrelles\\\/que-fer\\\/descobreix-les-terres-de-lebre\\\/\",\"url\":\"https:\\\/\\\/hotelvillaretiro.com\\\/ca\\\/hotel-5-estrelles\\\/que-fer\\\/descobreix-les-terres-de-lebre\\\/\",\"name\":\"Descobreix les Terres de l'Ebre - Hotel Villa Retiro\",\"isPartOf\":{\"@id\":\"https:\\\/\\\/hotelvillaretiro.com\\\/#website\"},\"datePublished\":\"2019-04-09T16:55:22+00:00\",\"dateModified\":\"2019-04-10T09:11:44+00:00\",\"description\":\"Descobreix tot el que pots fer en les Terres de l'Ebre amb Hotel Villa Retiro,hotel de 5 estrelles i Restaurant amb 1 Estrella Michelin, a Xerta.\",\"breadcrumb\":{\"@id\":\"https:\\\/\\\/hotelvillaretiro.com\\\/ca\\\/hotel-5-estrelles\\\/que-fer\\\/descobreix-les-terres-de-lebre\\\/#breadcrumb\"},\"inLanguage\":\"ca\",\"potentialAction\":[{\"@type\":\"ReadAction\",\"target\":[\"https:\\\/\\\/hotelvillaretiro.com\\\/ca\\\/hotel-5-estrelles\\\/que-fer\\\/descobreix-les-terres-de-lebre\\\/\"]}]},{\"@type\":\"BreadcrumbList\",\"@id\":\"https:\\\/\\\/hotelvillaretiro.com\\\/ca\\\/hotel-5-estrelles\\\/que-fer\\\/descobreix-les-terres-de-lebre\\\/#breadcrumb\",\"itemListElement\":[{\"@type\":\"ListItem\",\"position\":1,\"name\":\"Portada\",\"item\":\"https:\\\/\\\/hotelvillaretiro.com\\\/ca\\\/home-ca\\\/\"},{\"@type\":\"ListItem\",\"position\":2,\"name\":\"Hotel 5 estrelles\",\"item\":\"https:\\\/\\\/hotelvillaretiro.com\\\/ca\\\/hotel-5-estrelles\\\/\"},{\"@type\":\"ListItem\",\"position\":3,\"name\":\"Qu\u00e8 fer\",\"item\":\"https:\\\/\\\/hotelvillaretiro.com\\\/ca\\\/hotel-5-estrelles\\\/que-fer\\\/\"},{\"@type\":\"ListItem\",\"position\":4,\"name\":\"Descobreix les Terres de l&#8217;Ebre\"}]},{\"@type\":\"WebSite\",\"@id\":\"https:\\\/\\\/hotelvillaretiro.com\\\/#website\",\"url\":\"https:\\\/\\\/hotelvillaretiro.com\\\/\",\"name\":\"Hotel Villa Retiro\",\"description\":\"Hotel de 5 estrellas en les Terres de l&#039;Ebre\",\"publisher\":{\"@id\":\"https:\\\/\\\/hotelvillaretiro.com\\\/#organization\"},\"potentialAction\":[{\"@type\":\"SearchAction\",\"target\":{\"@type\":\"EntryPoint\",\"urlTemplate\":\"https:\\\/\\\/hotelvillaretiro.com\\\/?s={search_term_string}\"},\"query-input\":{\"@type\":\"PropertyValueSpecification\",\"valueRequired\":true,\"valueName\":\"search_term_string\"}}],\"inLanguage\":\"ca\"},{\"@type\":\"Organization\",\"@id\":\"https:\\\/\\\/hotelvillaretiro.com\\\/#organization\",\"name\":\"Hotel Villa Retiro\",\"url\":\"https:\\\/\\\/hotelvillaretiro.com\\\/\",\"logo\":{\"@type\":\"ImageObject\",\"inLanguage\":\"ca\",\"@id\":\"https:\\\/\\\/hotelvillaretiro.com\\\/#\\\/schema\\\/logo\\\/image\\\/\",\"url\":\"https:\\\/\\\/hotelvillaretiro.com\\\/wp-content\\\/uploads\\\/2025\\\/02\\\/hotel-villa-retiro-logo.svg\",\"contentUrl\":\"https:\\\/\\\/hotelvillaretiro.com\\\/wp-content\\\/uploads\\\/2025\\\/02\\\/hotel-villa-retiro-logo.svg\",\"caption\":\"Hotel Villa Retiro\"},\"image\":{\"@id\":\"https:\\\/\\\/hotelvillaretiro.com\\\/#\\\/schema\\\/logo\\\/image\\\/\"}}]}<\/script>\n<!-- \/ Yoast SEO plugin. -->","yoast_head_json":{"title":"Descobreix les Terres de l'Ebre - Hotel Villa Retiro","description":"Descobreix tot el que pots fer en les Terres de l'Ebre amb Hotel Villa Retiro,hotel de 5 estrelles i Restaurant amb 1 Estrella Michelin, a Xerta.","robots":{"index":"index","follow":"follow","max-snippet":"max-snippet:-1","max-image-preview":"max-image-preview:large","max-video-preview":"max-video-preview:-1"},"canonical":"https:\/\/hotelvillaretiro.com\/ca\/hotel-5-estrelles\/que-fer\/descobreix-les-terres-de-lebre\/","og_locale":"ca_ES","og_type":"article","og_title":"Descobreix les Terres de l'Ebre - Hotel Villa Retiro","og_description":"Descobreix tot el que pots fer en les Terres de l'Ebre amb Hotel Villa Retiro,hotel de 5 estrelles i Restaurant amb 1 Estrella Michelin, a Xerta.","og_url":"https:\/\/hotelvillaretiro.com\/ca\/hotel-5-estrelles\/que-fer\/descobreix-les-terres-de-lebre\/","og_site_name":"Hotel Villa Retiro","article_modified_time":"2019-04-10T09:11:44+00:00","twitter_card":"summary_large_image","twitter_misc":{"Temps estimat de lectura":"3 minuts"},"schema":{"@context":"https:\/\/schema.org","@graph":[{"@type":"WebPage","@id":"https:\/\/hotelvillaretiro.com\/ca\/hotel-5-estrelles\/que-fer\/descobreix-les-terres-de-lebre\/","url":"https:\/\/hotelvillaretiro.com\/ca\/hotel-5-estrelles\/que-fer\/descobreix-les-terres-de-lebre\/","name":"Descobreix les Terres de l'Ebre - Hotel Villa Retiro","isPartOf":{"@id":"https:\/\/hotelvillaretiro.com\/#website"},"datePublished":"2019-04-09T16:55:22+00:00","dateModified":"2019-04-10T09:11:44+00:00","description":"Descobreix tot el que pots fer en les Terres de l'Ebre amb Hotel Villa Retiro,hotel de 5 estrelles i Restaurant amb 1 Estrella Michelin, a Xerta.","breadcrumb":{"@id":"https:\/\/hotelvillaretiro.com\/ca\/hotel-5-estrelles\/que-fer\/descobreix-les-terres-de-lebre\/#breadcrumb"},"inLanguage":"ca","potentialAction":[{"@type":"ReadAction","target":["https:\/\/hotelvillaretiro.com\/ca\/hotel-5-estrelles\/que-fer\/descobreix-les-terres-de-lebre\/"]}]},{"@type":"BreadcrumbList","@id":"https:\/\/hotelvillaretiro.com\/ca\/hotel-5-estrelles\/que-fer\/descobreix-les-terres-de-lebre\/#breadcrumb","itemListElement":[{"@type":"ListItem","position":1,"name":"Portada","item":"https:\/\/hotelvillaretiro.com\/ca\/home-ca\/"},{"@type":"ListItem","position":2,"name":"Hotel 5 estrelles","item":"https:\/\/hotelvillaretiro.com\/ca\/hotel-5-estrelles\/"},{"@type":"ListItem","position":3,"name":"Qu\u00e8 fer","item":"https:\/\/hotelvillaretiro.com\/ca\/hotel-5-estrelles\/que-fer\/"},{"@type":"ListItem","position":4,"name":"Descobreix les Terres de l&#8217;Ebre"}]},{"@type":"WebSite","@id":"https:\/\/hotelvillaretiro.com\/#website","url":"https:\/\/hotelvillaretiro.com\/","name":"Hotel Villa Retiro","description":"Hotel de 5 estrellas en les Terres de l&#039;Ebre","publisher":{"@id":"https:\/\/hotelvillaretiro.com\/#organization"},"potentialAction":[{"@type":"SearchAction","target":{"@type":"EntryPoint","urlTemplate":"https:\/\/hotelvillaretiro.com\/?s={search_term_string}"},"query-input":{"@type":"PropertyValueSpecification","valueRequired":true,"valueName":"search_term_string"}}],"inLanguage":"ca"},{"@type":"Organization","@id":"https:\/\/hotelvillaretiro.com\/#organization","name":"Hotel Villa Retiro","url":"https:\/\/hotelvillaretiro.com\/","logo":{"@type":"ImageObject","inLanguage":"ca","@id":"https:\/\/hotelvillaretiro.com\/#\/schema\/logo\/image\/","url":"https:\/\/hotelvillaretiro.com\/wp-content\/uploads\/2025\/02\/hotel-villa-retiro-logo.svg","contentUrl":"https:\/\/hotelvillaretiro.com\/wp-content\/uploads\/2025\/02\/hotel-villa-retiro-logo.svg","caption":"Hotel Villa Retiro"},"image":{"@id":"https:\/\/hotelvillaretiro.com\/#\/schema\/logo\/image\/"}}]}},"_links":{"self":[{"href":"https:\/\/hotelvillaretiro.com\/ca\/wp-json\/wp\/v2\/pages\/9732","targetHints":{"allow":["GET"]}}],"collection":[{"href":"https:\/\/hotelvillaretiro.com\/ca\/wp-json\/wp\/v2\/pages"}],"about":[{"href":"https:\/\/hotelvillaretiro.com\/ca\/wp-json\/wp\/v2\/types\/page"}],"author":[{"embeddable":true,"href":"https:\/\/hotelvillaretiro.com\/ca\/wp-json\/wp\/v2\/users\/1"}],"replies":[{"embeddable":true,"href":"https:\/\/hotelvillaretiro.com\/ca\/wp-json\/wp\/v2\/comments?post=9732"}],"version-history":[{"count":0,"href":"https:\/\/hotelvillaretiro.com\/ca\/wp-json\/wp\/v2\/pages\/9732\/revisions"}],"up":[{"embeddable":true,"href":"https:\/\/hotelvillaretiro.com\/ca\/wp-json\/wp\/v2\/pages\/4127"}],"wp:attachment":[{"href":"https:\/\/hotelvillaretiro.com\/ca\/wp-json\/wp\/v2\/media?parent=9732"}],"curies":[{"name":"wp","href":"https:\/\/api.w.org\/{rel}","templated":true}]}}