{"id":3616,"date":"2015-08-18T11:50:31","date_gmt":"2015-08-18T10:50:31","guid":{"rendered":"http:\/\/hotelvillaretiro.com\/hotel-villa-retiro?lang=en"},"modified":"2022-12-14T16:08:24","modified_gmt":"2022-12-14T15:08:24","slug":"hotel-villa-retiro","status":"publish","type":"page","link":"https:\/\/hotelvillaretiro.com\/en\/hotel-villa-retiro\/","title":{"rendered":"Hotel Villa Retiro"},"content":{"rendered":"<p>[vc_row][vc_column css=&#8221;.vc_custom_1638538059292{margin-top: 5% !important;}&#8221;][cl_heading title=&#8221;Hotel Villa Retiro&#8221; style=&#8221;single-line&#8221; text_align=&#8221;center&#8221; color=&#8221;#481511&#8243;][vc_column_text el_class=&#8221;separator&#8221; css=&#8221;.vc_custom_1638817447717{margin-bottom: 22px !important;}&#8221;]<\/p>\n<p style=\"text-align: center; font-size: 21px;\">Surrounded by lush greenery, Hotel Villa Retiro stands in a unique environment as the only 5 star hotel<br \/>\nboutique in Terres de l\u2019Ebre. Built in 1890 and restored as a hotel in March 2006,<br \/>\nwe offer 19 unique rooms designed with care in every detail.<\/p>\n<p>[\/vc_column_text][vc_empty_space height=&#8221;26px&#8221;][\/vc_column][\/vc_row][vc_row][vc_column][vc_row_inner gap=&#8221;4&#8243;][vc_column_inner width=&#8221;1\/3&#8243; css=&#8221;.vc_custom_1638551163194{background-image: url(https:\/\/hotelvillaretiro.com\/wp-content\/uploads\/2021\/11\/hotel-villa-retiro-estrella-michelin-fran-lopez-xerta-tarragonaVilla-Retiro-Octubre-2021-77.jpg?id=36895) !important;background-position: center !important;background-repeat: no-repeat !important;background-size: cover !important;}&#8221;][vc_empty_space height=&#8221;500px&#8221;][\/vc_column_inner][vc_column_inner width=&#8221;1\/3&#8243; css=&#8221;.vc_custom_1638551189776{background-image: url(https:\/\/hotelvillaretiro.com\/wp-content\/uploads\/2021\/11\/hotel-villa-retiro-estrella-michelin-fran-lopez-xerta-tarragonaVilla-Retiro-Octubre-2021-73-1.jpg?id=36879) !important;background-position: center !important;background-repeat: no-repeat !important;background-size: cover !important;}&#8221;][vc_empty_space height=&#8221;500px&#8221;][\/vc_column_inner][vc_column_inner width=&#8221;1\/3&#8243; css=&#8221;.vc_custom_1638551234554{background-image: url(https:\/\/hotelvillaretiro.com\/wp-content\/uploads\/2021\/11\/hotel-villa-retiro-estrella-michelin-fran-lopez-xerta-tarragonaVilla-Retiro-Octubre-2021-36.jpg?id=36731) !important;background-position: center !important;background-repeat: no-repeat !important;background-size: cover !important;}&#8221;][vc_empty_space height=&#8221;500px&#8221;][\/vc_column_inner][\/vc_row_inner][\/vc_column][\/vc_row][vc_row equal_height=&#8221;yes&#8221; content_placement=&#8221;top&#8221; css=&#8221;.vc_custom_1638375376745{padding-top: 5% !important;padding-bottom: 5% !important;}&#8221;][vc_column width=&#8221;1\/2&#8243; css=&#8221;.vc_custom_1638552042736{padding-top: 6% !important;padding-bottom: 6% !important;background-color: #e8e8e8 !important;}&#8221;][cl_heading title=&#8221;Restaurant Villa Retiro&#8221; style=&#8221;single-line&#8221; text_align=&#8221;center&#8221; color=&#8221;#481511&#8243; margin_top=&#8221;3px&#8221;][vc_column_text css_animation=&#8221;top-to-bottom&#8221;]<\/p>\n<p style=\"text-align: center;\">Villa Retiro Restaurant, run by the chef Fran Lopez<br \/>\nis the only one in Baix Ebre awarded with a Michelin Star<br \/>\namong other awards.<\/p>\n<p>[\/vc_column_text][vc_empty_space height=&#8221;26px&#8221;][vc_row_inner][vc_column_inner][vc_btn title=&#8221;<strong> MORE INFORMATION <\/strong>&#8221; style=&#8221;custom&#8221; custom_background=&#8221;#2d0000&#8243; custom_text=&#8221;#ffffff&#8221; size=&#8221;lg&#8221; align=&#8221;center&#8221; link=&#8221;url:https%3A%2F%2Fhotelvillaretiro.com%2Fen%2Frestaurant%2F||&#8221;][\/vc_column_inner][\/vc_row_inner][\/vc_column][vc_column width=&#8221;1\/2&#8243; css=&#8221;.vc_custom_1661964494721{padding-top: 5% !important;padding-bottom: 5% !important;background-image: url(https:\/\/hotelvillaretiro.com\/wp-content\/uploads\/2021\/11\/hotel-villa-retiro-estrella-michelin-fran-lopez-xerta-tarragona-restaurante-spaVilla-Retiro-Octubre-2021-162.jpg?id=37069) !important;background-position: center !important;background-repeat: no-repeat !important;background-size: cover !important;}&#8221;][vc_empty_space height=&#8221;500px&#8221;][\/vc_column][\/vc_row][vc_row equal_height=&#8221;yes&#8221; css=&#8221;.vc_custom_1638552193388{margin-top: -8% !important;margin-bottom: -1% !important;}&#8221;][vc_column width=&#8221;1\/2&#8243; css=&#8221;.vc_custom_1638551853863{background-image: url(https:\/\/hotelvillaretiro.com\/wp-content\/uploads\/2021\/11\/hotel-villa-retiro-estrella-michelin-fran-lopez-xerta-tarragona-restaurante-spaVilla-Retiro-Octubre-2021-165.jpg?id=37079) !important;background-position: center !important;background-repeat: no-repeat !important;background-size: cover !important;}&#8221;][vc_empty_space height=&#8221;500px&#8221;][\/vc_column][vc_column width=&#8221;1\/2&#8243; css=&#8221;.vc_custom_1638552075307{padding-top: 6% !important;padding-bottom: 6% !important;background-color: #e8e8e8 !important;}&#8221;][cl_heading title=&#8221;Culinary School&#8221; style=&#8221;single-line&#8221; text_align=&#8221;center&#8221; color=&#8221;#481511&#8243; margin_top=&#8221;3px&#8221;][vc_column_text el_class=&#8221;separator&#8221;]<\/p>\n<p style=\"text-align: center;\">The Villa Retiro Cooking School of chef Fran L\u00f3pez,<br \/>\noffers training in haute cuisine to chefs<br \/>\nand accredited professionals.<\/p>\n<p>[\/vc_column_text][vc_empty_space height=&#8221;26px&#8221;][vc_row_inner content_placement=&#8221;middle&#8221;][vc_column_inner][vc_btn title=&#8221;<strong> MORE INFORMATION <\/strong>&#8221; style=&#8221;custom&#8221; custom_background=&#8221;#2d0000&#8243; custom_text=&#8221;#ffffff&#8221; size=&#8221;lg&#8221; align=&#8221;center&#8221; link=&#8221;url:https%3A%2F%2Fescuelavillaretiro.com%2Fen%2F||&#8221;][\/vc_column_inner][\/vc_row_inner][\/vc_column][\/vc_row][vc_row full_width=&#8221;stretch_row_content_no_spaces&#8221;][vc_column][vc_row_inner gap=&#8221;4&#8243;][vc_column_inner width=&#8221;1\/2&#8243; css=&#8221;.vc_custom_1638376225443{background-image: url(https:\/\/hotelvillaretiro.com\/wp-content\/uploads\/2021\/11\/hotel-villa-retiro-estrella-michelin-fran-lopez-xerta-tarragona-restaurante-spaVilla-Retiro-Octubre-2021-151.jpg?id=37023) !important;background-position: center !important;background-repeat: no-repeat !important;background-size: cover !important;}&#8221;][\/vc_column_inner][vc_column_inner width=&#8221;1\/2&#8243; css=&#8221;.vc_custom_1638376257235{background-image: url(https:\/\/hotelvillaretiro.com\/wp-content\/uploads\/2021\/11\/hotel-villa-retiro-estrella-michelin-fran-lopez-xerta-tarragona-restaurante-spaVilla-Retiro-Octubre-2021-165.jpg?id=37079) !important;background-position: center !important;background-repeat: no-repeat !important;background-size: cover !important;}&#8221;][\/vc_column_inner][\/vc_row_inner][\/vc_column][\/vc_row][vc_row full_width=&#8221;stretch_row_content_no_spaces&#8221; css=&#8221;.vc_custom_1638816328707{padding-top: 5% !important;padding-bottom: 5% !important;background-color: #2d0000 !important;}&#8221;][vc_column width=&#8221;1\/6&#8243;][\/vc_column][vc_column width=&#8221;2\/3&#8243;][vc_custom_heading text=&#8221;Restaurant Villa Retiro<br \/>\n1 Michelin Star and 1 Sol Repsol &#8221; font_container=&#8221;tag:h3|text_align:center|color:%23ffffff&#8221; use_theme_fonts=&#8221;yes&#8221;][vc_row_inner][vc_column_inner width=&#8221;1\/4&#8243; css=&#8221;.vc_custom_1638541197134{margin-right: -20% !important;}&#8221;][\/vc_column_inner][vc_column_inner width=&#8221;1\/2&#8243;][vc_single_image image=&#8221;37331&#8243; img_size=&#8221;full&#8221;][\/vc_column_inner][vc_column_inner width=&#8221;1\/4&#8243;][\/vc_column_inner][\/vc_row_inner][\/vc_column][vc_column width=&#8221;1\/6&#8243;][\/vc_column][\/vc_row][vc_row full_width=&#8221;stretch_row_content_no_spaces&#8221; equal_height=&#8221;yes&#8221; css=&#8221;.vc_custom_1532003065489{background-color: #eaeaea !important;}&#8221; el_class=&#8221;row-eq-height&#8221;][vc_column width=&#8221;1\/2&#8243; el_class=&#8221;vertical-align&#8221; css=&#8221;.vc_custom_1638817779805{padding-top: 8% !important;padding-right: 8% !important;padding-bottom: 5% !important;padding-left: 15% !important;}&#8221;][cl_heading title=&#8221;Offer Hotel Villa Retiro&#8221; style=&#8221;single-line&#8221;][vc_column_text]<\/p>\n<div class=\"wpb_text_column wpb_content_element \">\n<div class=\"wpb_wrapper\">\n<p><span class=\"\" lang=\"en\" tabindex=\"-1\"><span class=\"\">Give anyone who wants a Gift <\/span><\/span>Voucher that we have designed for you to share your Villa Retiro experience, you can give away one of our escapades or you can also make a personalized gift from our offer at the 1 Michelin Star restaurant and at the 5 Star Hotel .<\/div>\n<\/div>\n<p>[\/vc_column_text][vc_empty_space][cl_button url=&#8221;url:https%3A%2F%2Fhotelvillaretiro.com%2Fen%2Fhotel-5-star-hotel%2Fvilla-retiro-gift%2F||target:%20_blank&#8221; title=&#8221;Gift Voucher&#8221; style=&#8221;style-2&#8243; size=&#8221;large&#8221; align=&#8221;aligninline&#8221;][\/vc_column][vc_column width=&#8221;1\/2&#8243; css=&#8221;.vc_custom_1638537533007{background-position: center !important;background-repeat: no-repeat !important;background-size: cover !important;}&#8221;][cl_gallery images=&#8221;36807,36811,36735,36719,36791,36831,36931,36951,36963,37015&#8243;][\/vc_column][\/vc_row][vc_row full_width=&#8221;stretch_row_content_no_spaces&#8221; css=&#8221;.vc_custom_1638816248247{margin-right: 8% !important;margin-left: 8% !important;border-top-width: 1px !important;border-bottom-width: 1px !important;padding-top: 3% !important;padding-right: 8% !important;padding-bottom: 3% !important;padding-left: 8% !important;background-color: #fcfcfc !important;border-top-color: #c4bb3e !important;border-top-style: solid !important;border-bottom-color: #c4bb3e !important;border-bottom-style: solid !important;border-radius: 1px !important;}&#8221;][vc_column][vc_column_text][instagram-feed][\/vc_column_text][\/vc_column][\/vc_row][vc_row][vc_column css=&#8221;.vc_custom_1652869004055{margin-bottom: 5% !important;padding-right: 8% !important;padding-left: 8% !important;}&#8221;][vc_column_text css=&#8221;.vc_custom_1652868950242{margin-top: 5% !important;}&#8221;]<\/p>\n<p style=\"font-size: 14px; text-align: center;\">&#8220;El programa d&#8217;ajudes destinat a l&#8217;aplicaci\u00f3 del desenvolupament local participatiu LEADER, ha concedit a Hotel Villa Retiro S.L.<br \/>\nuna ajuda de 16.792,21\u20ac pel su projecte d&#8217;instal\u00b7laci\u00f3 solar fotovolt\u00e0ica d&#8217;autoconsum i acondicionament d&#8217;espai per estalvi energ\u00e8tic.&#8221;<\/p>\n<p>[\/vc_column_text][\/vc_column][\/vc_row][vc_row css=&#8221;.vc_custom_1638816173286{border-radius: 1px !important;}&#8221;][vc_column width=&#8221;1\/2&#8243;][vc_single_image image=&#8221;11418&#8243; img_size=&#8221;full&#8221; alignment=&#8221;center&#8221;][\/vc_column][vc_column width=&#8221;1\/2&#8243;][vc_single_image image=&#8221;38562&#8243; img_size=&#8221;full&#8221; alignment=&#8221;center&#8221;][\/vc_column][\/vc_row][vc_row][vc_column][vc_empty_space][vc_column_text]<\/p>\n<hr \/>\n<p style=\"text-align: center;\"><strong>Aquesta actuaci\u00e9 est\u00e0 impulsada i subvencionada pel Servei P\u00fcblic d&#8217;Ocupaci\u00e9 de Catalunya i finan\u00e7ada al 100 0\/0<br \/>\npel Fons Social Europeu com a part de la resposta de la Uni\u00e9 Europea a la pand\u00e8mia de COVID-19&#8243;<\/strong><\/p>\n<hr \/>\n<p>[\/vc_column_text][vc_empty_space][vc_row_inner][vc_column_inner width=&#8221;1\/4&#8243;][vc_single_image image=&#8221;39391&#8243; img_size=&#8221;full&#8221; alignment=&#8221;center&#8221;][\/vc_column_inner][vc_column_inner width=&#8221;1\/4&#8243;][vc_single_image image=&#8221;39383&#8243; img_size=&#8221;full&#8221; alignment=&#8221;center&#8221;][\/vc_column_inner][vc_column_inner width=&#8221;1\/4&#8243;][vc_single_image image=&#8221;39387&#8243; img_size=&#8221;full&#8221; alignment=&#8221;center&#8221;][\/vc_column_inner][vc_column_inner width=&#8221;1\/4&#8243;][vc_single_image image=&#8221;39395&#8243; img_size=&#8221;full&#8221; alignment=&#8221;center&#8221;][\/vc_column_inner][\/vc_row_inner][vc_empty_space][\/vc_column][\/vc_row]<\/p>\n","protected":false},"excerpt":{"rendered":"<p>[vc_row][vc_column css=&#8221;.vc_custom_1638538059292{margin-top: 5% !important;}&#8221;][cl_heading title=&#8221;Hotel Villa Retiro&#8221; style=&#8221;single-line&#8221; text_align=&#8221;center&#8221; color=&#8221;#481511&#8243;][vc_column_text el_class=&#8221;separator&#8221; css=&#8221;.vc_custom_1638817447717{margin-bottom: 22px !important;}&#8221;] Surrounded by lush greenery, Hotel Villa Retiro stands in a unique environment as the only 5 star hotel boutique in Terres de l\u2019Ebre. Built in 1890 and restored as a hotel in March 2006, we offer 19 unique rooms designed with [&hellip;]<\/p>\n","protected":false},"author":1,"featured_media":11031,"parent":0,"menu_order":0,"comment_status":"open","ping_status":"open","template":"","meta":{"inline_featured_image":false,"footnotes":""},"class_list":["post-3616","page","type-page","status-publish","has-post-thumbnail","hentry"],"yoast_head":"<!-- This site is optimized with the Yoast SEO plugin v27.2 - https:\/\/yoast.com\/product\/yoast-seo-wordpress\/ -->\n<title>Hotel Villa Retiro - 5-star Hotel &amp; Michelin Starred restaurant<\/title>\n<meta name=\"description\" content=\"Villa Retiro 5-star hotel and restaurant with 1 Michelin Star in Xerta (Tarragona). Built in 1890 and restored as Hotel Villa Retiro since 2006.\" \/>\n<meta name=\"robots\" content=\"index, follow, max-snippet:-1, max-image-preview:large, max-video-preview:-1\" \/>\n<link rel=\"canonical\" href=\"https:\/\/hotelvillaretiro.com\/en\/hotel-villa-retiro\/\" \/>\n<meta property=\"og:locale\" content=\"en_US\" \/>\n<meta property=\"og:type\" content=\"article\" \/>\n<meta property=\"og:title\" content=\"Hotel Villa Retiro - 5-star Hotel &amp; Michelin Starred restaurant\" \/>\n<meta property=\"og:description\" content=\"Villa Retiro 5-star hotel and restaurant with 1 Michelin Star in Xerta (Tarragona). Built in 1890 and restored as Hotel Villa Retiro since 2006.\" \/>\n<meta property=\"og:url\" content=\"https:\/\/hotelvillaretiro.com\/en\/hotel-villa-retiro\/\" \/>\n<meta property=\"og:site_name\" content=\"Hotel Villa Retiro\" \/>\n<meta property=\"article:modified_time\" content=\"2022-12-14T15:08:24+00:00\" \/>\n<meta property=\"og:image\" content=\"https:\/\/hotelvillaretiro.com\/wp-content\/uploads\/2019\/09\/Hotel-Villa-Retiro-Xerta-tarragona.jpg\" \/>\n\t<meta property=\"og:image:width\" content=\"430\" \/>\n\t<meta property=\"og:image:height\" content=\"598\" \/>\n\t<meta property=\"og:image:type\" content=\"image\/jpeg\" \/>\n<meta name=\"twitter:card\" content=\"summary_large_image\" \/>\n<meta name=\"twitter:label1\" content=\"Est. reading time\" \/>\n\t<meta name=\"twitter:data1\" content=\"3 minutes\" \/>\n<script type=\"application\/ld+json\" class=\"yoast-schema-graph\">{\"@context\":\"https:\/\/schema.org\",\"@graph\":[{\"@type\":\"WebPage\",\"@id\":\"https:\/\/hotelvillaretiro.com\/en\/hotel-villa-retiro\/\",\"url\":\"https:\/\/hotelvillaretiro.com\/en\/hotel-villa-retiro\/\",\"name\":\"Hotel Villa Retiro - 5-star Hotel & Michelin Starred restaurant\",\"isPartOf\":{\"@id\":\"https:\/\/hotelvillaretiro.com\/#website\"},\"primaryImageOfPage\":{\"@id\":\"https:\/\/hotelvillaretiro.com\/en\/hotel-villa-retiro\/#primaryimage\"},\"image\":{\"@id\":\"https:\/\/hotelvillaretiro.com\/en\/hotel-villa-retiro\/#primaryimage\"},\"thumbnailUrl\":\"https:\/\/hotelvillaretiro.com\/wp-content\/uploads\/2019\/09\/Hotel-Villa-Retiro-Xerta-tarragona.jpg\",\"datePublished\":\"2015-08-18T10:50:31+00:00\",\"dateModified\":\"2022-12-14T15:08:24+00:00\",\"description\":\"Villa Retiro 5-star hotel and restaurant with 1 Michelin Star in Xerta (Tarragona). Built in 1890 and restored as Hotel Villa Retiro since 2006.\",\"breadcrumb\":{\"@id\":\"https:\/\/hotelvillaretiro.com\/en\/hotel-villa-retiro\/#breadcrumb\"},\"inLanguage\":\"en-US\",\"potentialAction\":[{\"@type\":\"ReadAction\",\"target\":[\"https:\/\/hotelvillaretiro.com\/en\/hotel-villa-retiro\/\"]}]},{\"@type\":\"ImageObject\",\"inLanguage\":\"en-US\",\"@id\":\"https:\/\/hotelvillaretiro.com\/en\/hotel-villa-retiro\/#primaryimage\",\"url\":\"https:\/\/hotelvillaretiro.com\/wp-content\/uploads\/2019\/09\/Hotel-Villa-Retiro-Xerta-tarragona.jpg\",\"contentUrl\":\"https:\/\/hotelvillaretiro.com\/wp-content\/uploads\/2019\/09\/Hotel-Villa-Retiro-Xerta-tarragona.jpg\",\"width\":430,\"height\":598,\"caption\":\"hotel villa retiro\"},{\"@type\":\"BreadcrumbList\",\"@id\":\"https:\/\/hotelvillaretiro.com\/en\/hotel-villa-retiro\/#breadcrumb\",\"itemListElement\":[{\"@type\":\"ListItem\",\"position\":1,\"name\":\"Portada\",\"item\":\"https:\/\/hotelvillaretiro.com\/en\/elementor-40229\/\"},{\"@type\":\"ListItem\",\"position\":2,\"name\":\"Hotel Villa Retiro\"}]},{\"@type\":\"WebSite\",\"@id\":\"https:\/\/hotelvillaretiro.com\/#website\",\"url\":\"https:\/\/hotelvillaretiro.com\/\",\"name\":\"Hotel Villa Retiro\",\"description\":\"Hotel de 5 estrellas en les Terres de l&#039;Ebre\",\"publisher\":{\"@id\":\"https:\/\/hotelvillaretiro.com\/#organization\"},\"potentialAction\":[{\"@type\":\"SearchAction\",\"target\":{\"@type\":\"EntryPoint\",\"urlTemplate\":\"https:\/\/hotelvillaretiro.com\/?s={search_term_string}\"},\"query-input\":{\"@type\":\"PropertyValueSpecification\",\"valueRequired\":true,\"valueName\":\"search_term_string\"}}],\"inLanguage\":\"en-US\"},{\"@type\":\"Organization\",\"@id\":\"https:\/\/hotelvillaretiro.com\/#organization\",\"name\":\"Hotel Villa Retiro\",\"url\":\"https:\/\/hotelvillaretiro.com\/\",\"logo\":{\"@type\":\"ImageObject\",\"inLanguage\":\"en-US\",\"@id\":\"https:\/\/hotelvillaretiro.com\/#\/schema\/logo\/image\/\",\"url\":\"https:\/\/hotelvillaretiro.com\/wp-content\/uploads\/2025\/02\/hotel-villa-retiro-logo.svg\",\"contentUrl\":\"https:\/\/hotelvillaretiro.com\/wp-content\/uploads\/2025\/02\/hotel-villa-retiro-logo.svg\",\"width\":1358,\"height\":850,\"caption\":\"Hotel Villa Retiro\"},\"image\":{\"@id\":\"https:\/\/hotelvillaretiro.com\/#\/schema\/logo\/image\/\"}}]}<\/script>\n<!-- \/ Yoast SEO plugin. -->","yoast_head_json":{"title":"Hotel Villa Retiro - 5-star Hotel & Michelin Starred restaurant","description":"Villa Retiro 5-star hotel and restaurant with 1 Michelin Star in Xerta (Tarragona). Built in 1890 and restored as Hotel Villa Retiro since 2006.","robots":{"index":"index","follow":"follow","max-snippet":"max-snippet:-1","max-image-preview":"max-image-preview:large","max-video-preview":"max-video-preview:-1"},"canonical":"https:\/\/hotelvillaretiro.com\/en\/hotel-villa-retiro\/","og_locale":"en_US","og_type":"article","og_title":"Hotel Villa Retiro - 5-star Hotel & Michelin Starred restaurant","og_description":"Villa Retiro 5-star hotel and restaurant with 1 Michelin Star in Xerta (Tarragona). Built in 1890 and restored as Hotel Villa Retiro since 2006.","og_url":"https:\/\/hotelvillaretiro.com\/en\/hotel-villa-retiro\/","og_site_name":"Hotel Villa Retiro","article_modified_time":"2022-12-14T15:08:24+00:00","og_image":[{"width":430,"height":598,"url":"https:\/\/hotelvillaretiro.com\/wp-content\/uploads\/2019\/09\/Hotel-Villa-Retiro-Xerta-tarragona.jpg","type":"image\/jpeg"}],"twitter_card":"summary_large_image","twitter_misc":{"Est. reading time":"3 minutes"},"schema":{"@context":"https:\/\/schema.org","@graph":[{"@type":"WebPage","@id":"https:\/\/hotelvillaretiro.com\/en\/hotel-villa-retiro\/","url":"https:\/\/hotelvillaretiro.com\/en\/hotel-villa-retiro\/","name":"Hotel Villa Retiro - 5-star Hotel & Michelin Starred restaurant","isPartOf":{"@id":"https:\/\/hotelvillaretiro.com\/#website"},"primaryImageOfPage":{"@id":"https:\/\/hotelvillaretiro.com\/en\/hotel-villa-retiro\/#primaryimage"},"image":{"@id":"https:\/\/hotelvillaretiro.com\/en\/hotel-villa-retiro\/#primaryimage"},"thumbnailUrl":"https:\/\/hotelvillaretiro.com\/wp-content\/uploads\/2019\/09\/Hotel-Villa-Retiro-Xerta-tarragona.jpg","datePublished":"2015-08-18T10:50:31+00:00","dateModified":"2022-12-14T15:08:24+00:00","description":"Villa Retiro 5-star hotel and restaurant with 1 Michelin Star in Xerta (Tarragona). Built in 1890 and restored as Hotel Villa Retiro since 2006.","breadcrumb":{"@id":"https:\/\/hotelvillaretiro.com\/en\/hotel-villa-retiro\/#breadcrumb"},"inLanguage":"en-US","potentialAction":[{"@type":"ReadAction","target":["https:\/\/hotelvillaretiro.com\/en\/hotel-villa-retiro\/"]}]},{"@type":"ImageObject","inLanguage":"en-US","@id":"https:\/\/hotelvillaretiro.com\/en\/hotel-villa-retiro\/#primaryimage","url":"https:\/\/hotelvillaretiro.com\/wp-content\/uploads\/2019\/09\/Hotel-Villa-Retiro-Xerta-tarragona.jpg","contentUrl":"https:\/\/hotelvillaretiro.com\/wp-content\/uploads\/2019\/09\/Hotel-Villa-Retiro-Xerta-tarragona.jpg","width":430,"height":598,"caption":"hotel villa retiro"},{"@type":"BreadcrumbList","@id":"https:\/\/hotelvillaretiro.com\/en\/hotel-villa-retiro\/#breadcrumb","itemListElement":[{"@type":"ListItem","position":1,"name":"Portada","item":"https:\/\/hotelvillaretiro.com\/en\/elementor-40229\/"},{"@type":"ListItem","position":2,"name":"Hotel Villa Retiro"}]},{"@type":"WebSite","@id":"https:\/\/hotelvillaretiro.com\/#website","url":"https:\/\/hotelvillaretiro.com\/","name":"Hotel Villa Retiro","description":"Hotel de 5 estrellas en les Terres de l&#039;Ebre","publisher":{"@id":"https:\/\/hotelvillaretiro.com\/#organization"},"potentialAction":[{"@type":"SearchAction","target":{"@type":"EntryPoint","urlTemplate":"https:\/\/hotelvillaretiro.com\/?s={search_term_string}"},"query-input":{"@type":"PropertyValueSpecification","valueRequired":true,"valueName":"search_term_string"}}],"inLanguage":"en-US"},{"@type":"Organization","@id":"https:\/\/hotelvillaretiro.com\/#organization","name":"Hotel Villa Retiro","url":"https:\/\/hotelvillaretiro.com\/","logo":{"@type":"ImageObject","inLanguage":"en-US","@id":"https:\/\/hotelvillaretiro.com\/#\/schema\/logo\/image\/","url":"https:\/\/hotelvillaretiro.com\/wp-content\/uploads\/2025\/02\/hotel-villa-retiro-logo.svg","contentUrl":"https:\/\/hotelvillaretiro.com\/wp-content\/uploads\/2025\/02\/hotel-villa-retiro-logo.svg","width":1358,"height":850,"caption":"Hotel Villa Retiro"},"image":{"@id":"https:\/\/hotelvillaretiro.com\/#\/schema\/logo\/image\/"}}]}},"_links":{"self":[{"href":"https:\/\/hotelvillaretiro.com\/en\/wp-json\/wp\/v2\/pages\/3616","targetHints":{"allow":["GET"]}}],"collection":[{"href":"https:\/\/hotelvillaretiro.com\/en\/wp-json\/wp\/v2\/pages"}],"about":[{"href":"https:\/\/hotelvillaretiro.com\/en\/wp-json\/wp\/v2\/types\/page"}],"author":[{"embeddable":true,"href":"https:\/\/hotelvillaretiro.com\/en\/wp-json\/wp\/v2\/users\/1"}],"replies":[{"embeddable":true,"href":"https:\/\/hotelvillaretiro.com\/en\/wp-json\/wp\/v2\/comments?post=3616"}],"version-history":[{"count":0,"href":"https:\/\/hotelvillaretiro.com\/en\/wp-json\/wp\/v2\/pages\/3616\/revisions"}],"wp:featuredmedia":[{"embeddable":true,"href":"https:\/\/hotelvillaretiro.com\/en\/wp-json\/wp\/v2\/media\/11031"}],"wp:attachment":[{"href":"https:\/\/hotelvillaretiro.com\/en\/wp-json\/wp\/v2\/media?parent=3616"}],"curies":[{"name":"wp","href":"https:\/\/api.w.org\/{rel}","templated":true}]}}