{"id":41754,"date":"2023-02-02T06:41:07","date_gmt":"2023-02-02T05:41:07","guid":{"rendered":"https:\/\/hotelvillaretiro.com\/contact-2\/"},"modified":"2023-04-04T07:33:15","modified_gmt":"2023-04-04T06:33:15","slug":"contact","status":"publish","type":"page","link":"https:\/\/hotelvillaretiro.com\/fr\/contact\/","title":{"rendered":"Contact"},"content":{"rendered":"\t\t<div data-elementor-type=\"wp-page\" data-elementor-id=\"41754\" class=\"elementor elementor-41754 elementor-39674\" data-elementor-post-type=\"page\">\n\t\t\t\t\t\t<section class=\"elementor-section elementor-top-section elementor-element elementor-element-6c18184d elementor-section-boxed elementor-section-height-default elementor-section-height-default\" data-id=\"6c18184d\" data-element_type=\"section\" data-e-type=\"section\">\n\t\t\t\t\t\t<div class=\"elementor-container elementor-column-gap-default\">\n\t\t\t\t\t<div class=\"elementor-column elementor-col-100 elementor-top-column elementor-element elementor-element-6faf3e6\" data-id=\"6faf3e6\" data-element_type=\"column\" data-e-type=\"column\">\n\t\t\t<div class=\"elementor-widget-wrap elementor-element-populated\">\n\t\t\t\t\t\t<div class=\"elementor-element elementor-element-4058a82f elementor-widget elementor-widget-heading\" data-id=\"4058a82f\" data-element_type=\"widget\" data-e-type=\"widget\" data-widget_type=\"heading.default\">\n\t\t\t\t<div class=\"elementor-widget-container\">\n\t\t\t\t\t<h3 class=\"elementor-heading-title elementor-size-default\">Contact<\/h3>\t\t\t\t<\/div>\n\t\t\t\t<\/div>\n\t\t\t\t<div class=\"elementor-element elementor-element-b03bed8 elementor-widget elementor-widget-text-editor\" data-id=\"b03bed8\" data-element_type=\"widget\" data-e-type=\"widget\" data-widget_type=\"text-editor.default\">\n\t\t\t\t<div class=\"elementor-widget-container\">\n\t\t\t\t\t\t\t\t\t<p>Si vous avez des questions ou des demandes, ou si vous souhaitez faire une r\u00e9servation pour l&rsquo;un de nos services, vous pouvez nous contacter par l&rsquo;interm\u00e9diaire du site :<\/p>\n\t\t\t\t\t\t\t\t<\/div>\n\t\t\t\t<\/div>\n\t\t\t\t<section class=\"elementor-section elementor-inner-section elementor-element elementor-element-6c764ddd elementor-section-boxed elementor-section-height-default elementor-section-height-default\" data-id=\"6c764ddd\" data-element_type=\"section\" data-e-type=\"section\">\n\t\t\t\t\t\t<div class=\"elementor-container elementor-column-gap-default\">\n\t\t\t\t\t<div class=\"elementor-column elementor-col-50 elementor-inner-column elementor-element elementor-element-52ae7b74\" data-id=\"52ae7b74\" data-element_type=\"column\" data-e-type=\"column\">\n\t\t\t<div class=\"elementor-widget-wrap elementor-element-populated\">\n\t\t\t\t\t\t<div class=\"elementor-element elementor-element-262a3da4 elementor-position-inline-start elementor-view-default elementor-mobile-position-block-start elementor-widget elementor-widget-icon-box\" data-id=\"262a3da4\" data-element_type=\"widget\" data-e-type=\"widget\" data-widget_type=\"icon-box.default\">\n\t\t\t\t<div class=\"elementor-widget-container\">\n\t\t\t\t\t\t\t<div class=\"elementor-icon-box-wrapper\">\n\n\t\t\t\t\t\t<div class=\"elementor-icon-box-icon\">\n\t\t\t\t<a href=\"\" class=\"elementor-icon\" tabindex=\"-1\">\n\t\t\t\t<i aria-hidden=\"true\" class=\"fas fa-phone-volume\"><\/i>\t\t\t\t<\/a>\n\t\t\t<\/div>\n\t\t\t\n\t\t\t\t\t\t<div class=\"elementor-icon-box-content\">\n\n\t\t\t\t\n\t\t\t\t\t\t\t\t\t<p class=\"elementor-icon-box-description\">\n\t\t\t\t\t\tR\u00e9servation par t\u00e9l\u00e9phone : <a href=\"tel:+34977473810\">+34 977473810<\/a>\t\t\t\t\t<\/p>\n\t\t\t\t\n\t\t\t<\/div>\n\t\t\t\n\t\t<\/div>\n\t\t\t\t\t\t<\/div>\n\t\t\t\t<\/div>\n\t\t\t\t<div class=\"elementor-element elementor-element-61b17422 elementor-position-inline-start elementor-view-default elementor-mobile-position-block-start elementor-widget elementor-widget-icon-box\" data-id=\"61b17422\" data-element_type=\"widget\" data-e-type=\"widget\" data-widget_type=\"icon-box.default\">\n\t\t\t\t<div class=\"elementor-widget-container\">\n\t\t\t\t\t\t\t<div class=\"elementor-icon-box-wrapper\">\n\n\t\t\t\t\t\t<div class=\"elementor-icon-box-icon\">\n\t\t\t\t<span  class=\"elementor-icon\">\n\t\t\t\t<i aria-hidden=\"true\" class=\"fas fa-envelope\"><\/i>\t\t\t\t<\/span>\n\t\t\t<\/div>\n\t\t\t\n\t\t\t\t\t\t<div class=\"elementor-icon-box-content\">\n\n\t\t\t\t\n\t\t\t\t\t\t\t\t\t<p class=\"elementor-icon-box-description\">\n\t\t\t\t\t\tR\u00e9servations d'h\u00f4tels et de restaurants :  <\/br><a href=\"mailto:reservas@hotelvillaretiro.com\">reservas@hotelvillaretiro.com<\/a><\/br><\/br>\nInformations sur l'\u00e9v\u00e9nement :<\/br><a href=\"mailto:eventos@hotelvillaretiro.com\">eventos@hotelvillaretiro.com<\/a>\n\t\t\t\t\t<\/p>\n\t\t\t\t\n\t\t\t<\/div>\n\t\t\t\n\t\t<\/div>\n\t\t\t\t\t\t<\/div>\n\t\t\t\t<\/div>\n\t\t\t\t<div class=\"elementor-element elementor-element-3fdf765a elementor-position-inline-start elementor-view-default elementor-mobile-position-block-start elementor-widget elementor-widget-icon-box\" data-id=\"3fdf765a\" data-element_type=\"widget\" data-e-type=\"widget\" data-widget_type=\"icon-box.default\">\n\t\t\t\t<div class=\"elementor-widget-container\">\n\t\t\t\t\t\t\t<div class=\"elementor-icon-box-wrapper\">\n\n\t\t\t\t\t\t<div class=\"elementor-icon-box-icon\">\n\t\t\t\t<span  class=\"elementor-icon\">\n\t\t\t\t<i aria-hidden=\"true\" class=\"fas fa-location-arrow\"><\/i>\t\t\t\t<\/span>\n\t\t\t<\/div>\n\t\t\t\n\t\t\t\t\t\t<div class=\"elementor-icon-box-content\">\n\n\t\t\t\t\n\t\t\t\t\t\t\t\t\t<p class=\"elementor-icon-box-description\">\n\t\t\t\t\t\tO\u00f9 sommes-nous ?  <\/br>C\/ Molins 2,\n43592 Xerta, <\/br>Tarragone, Espagne\n\t\t\t\t\t<\/p>\n\t\t\t\t\n\t\t\t<\/div>\n\t\t\t\n\t\t<\/div>\n\t\t\t\t\t\t<\/div>\n\t\t\t\t<\/div>\n\t\t\t\t<div class=\"elementor-element elementor-element-1cf8c2b9 elementor-widget elementor-widget-google_maps\" data-id=\"1cf8c2b9\" data-element_type=\"widget\" data-e-type=\"widget\" data-widget_type=\"google_maps.default\">\n\t\t\t\t<div class=\"elementor-widget-container\">\n\t\t\t\t\t\t\t<div class=\"elementor-custom-embed\">\n\t\t\t<iframe loading=\"lazy\"\n\t\t\t\t\tsrc=\"https:\/\/maps.google.com\/maps?q=hotel%20villa%20retiro&#038;t=m&#038;z=10&#038;output=embed&#038;iwloc=near\"\n\t\t\t\t\ttitle=\"hotel villa retiro\"\n\t\t\t\t\taria-label=\"hotel villa retiro\"\n\t\t\t><\/iframe>\n\t\t<\/div>\n\t\t\t\t\t\t<\/div>\n\t\t\t\t<\/div>\n\t\t\t\t\t<\/div>\n\t\t<\/div>\n\t\t\t\t<div class=\"elementor-column elementor-col-50 elementor-inner-column elementor-element elementor-element-4225be4f\" data-id=\"4225be4f\" data-element_type=\"column\" data-e-type=\"column\">\n\t\t\t<div class=\"elementor-widget-wrap elementor-element-populated\">\n\t\t\t\t\t\t<div class=\"elementor-element elementor-element-44813939 elementor-button-align-center elementor-widget elementor-widget-form\" data-id=\"44813939\" data-element_type=\"widget\" data-e-type=\"widget\" data-settings=\"{&quot;step_next_label&quot;:&quot;Suivant&quot;,&quot;step_previous_label&quot;:&quot;Pr\\u00e9c\\u00e9dent&quot;,&quot;button_width&quot;:&quot;100&quot;,&quot;step_type&quot;:&quot;number_text&quot;,&quot;step_icon_shape&quot;:&quot;circle&quot;}\" data-widget_type=\"form.default\">\n\t\t\t\t<div class=\"elementor-widget-container\">\n\t\t\t\t\t\t\t<form class=\"elementor-form\" method=\"post\" name=\"Nouveau formulaire\">\n\t\t\t<input type=\"hidden\" name=\"post_id\" value=\"41754\"\/>\n\t\t\t<input type=\"hidden\" name=\"form_id\" value=\"44813939\"\/>\n\t\t\t<input type=\"hidden\" name=\"referer_title\" value=\"Contact - H\u00f4tel Villa Retiro\" \/>\n\n\t\t\t\t\t\t\t<input type=\"hidden\" name=\"queried_id\" value=\"41754\"\/>\n\t\t\t\n\t\t\t<div class=\"elementor-form-fields-wrapper elementor-labels-above\">\n\t\t\t\t\t\t\t\t<div class=\"elementor-field-type-text elementor-field-group elementor-column elementor-field-group-name elementor-col-100\">\n\t\t\t\t\t\t\t\t\t\t\t\t<label for=\"form-field-name\" class=\"elementor-field-label\">\n\t\t\t\t\t\t\t\tNom\t\t\t\t\t\t\t<\/label>\n\t\t\t\t\t\t\t\t\t\t\t\t\t\t<input size=\"1\" type=\"text\" name=\"form_fields[name]\" id=\"form-field-name\" class=\"elementor-field elementor-size-sm  elementor-field-textual\">\n\t\t\t\t\t\t\t\t\t\t\t<\/div>\n\t\t\t\t\t\t\t\t<div class=\"elementor-field-type-tel elementor-field-group elementor-column elementor-field-group-field_729fc26 elementor-col-50\">\n\t\t\t\t\t\t\t\t\t\t\t\t<label for=\"form-field-field_729fc26\" class=\"elementor-field-label\">\n\t\t\t\t\t\t\t\tT\u00e9l\u00e9phone\t\t\t\t\t\t\t<\/label>\n\t\t\t\t\t\t\t\t<input size=\"1\" type=\"tel\" name=\"form_fields[field_729fc26]\" id=\"form-field-field_729fc26\" class=\"elementor-field elementor-size-sm  elementor-field-textual\" pattern=\"[0-9()#&amp;+*-=.]+\" title=\"Seuls les caract\u00e8res de num\u00e9ros de t\u00e9l\u00e9phone (#, -, *, etc.) sont accept\u00e9s.\">\n\n\t\t\t\t\t\t<\/div>\n\t\t\t\t\t\t\t\t<div class=\"elementor-field-type-email elementor-field-group elementor-column elementor-field-group-email elementor-col-50 elementor-field-required\">\n\t\t\t\t\t\t\t\t\t\t\t\t<label for=\"form-field-email\" class=\"elementor-field-label\">\n\t\t\t\t\t\t\t\tCourriel :\t\t\t\t\t\t\t<\/label>\n\t\t\t\t\t\t\t\t\t\t\t\t\t\t<input size=\"1\" type=\"email\" name=\"form_fields[email]\" id=\"form-field-email\" class=\"elementor-field elementor-size-sm  elementor-field-textual\" required=\"required\">\n\t\t\t\t\t\t\t\t\t\t\t<\/div>\n\t\t\t\t\t\t\t\t<div class=\"elementor-field-type-textarea elementor-field-group elementor-column elementor-field-group-message elementor-col-100\">\n\t\t\t\t\t\t\t\t\t\t\t\t<label for=\"form-field-message\" class=\"elementor-field-label\">\n\t\t\t\t\t\t\t\tMessage\t\t\t\t\t\t\t<\/label>\n\t\t\t\t\t\t<textarea class=\"elementor-field-textual elementor-field  elementor-size-sm\" name=\"form_fields[message]\" id=\"form-field-message\" rows=\"4\"><\/textarea>\t\t\t\t<\/div>\n\t\t\t\t\t\t\t\t<div class=\"elementor-field-type-acceptance elementor-field-group elementor-column elementor-field-group-field_0275a9d elementor-col-100 elementor-field-required\">\n\t\t\t\t\t\t\t<div class=\"elementor-field-subgroup\">\n\t\t\t<span class=\"elementor-field-option\">\n\t\t\t\t<input type=\"checkbox\" name=\"form_fields[field_0275a9d]\" id=\"form-field-field_0275a9d\" class=\"elementor-field elementor-size-sm  elementor-acceptance-field\" required=\"required\">\n\t\t\t\t<label for=\"form-field-field_0275a9d\">J'ai lu et j'accepte la <a href=\"https:\/\/www.hotelvillaretiro.com\/politica-de-privacidad\/\" target=\"_blank\" rel=\"noopener noreferrer\">politique de confidentialit\u00e9<\/a>.<\/label>\t\t\t<\/span>\n\t\t<\/div>\n\t\t\t\t\t\t<\/div>\n\t\t\t\t\t\t\t\t<div class=\"elementor-field-group elementor-column elementor-field-type-submit elementor-col-100 e-form__buttons\">\n\t\t\t\t\t<button class=\"elementor-button elementor-size-md\" type=\"submit\">\n\t\t\t\t\t\t<span class=\"elementor-button-content-wrapper\">\n\t\t\t\t\t\t\t\t\t\t\t\t\t\t\t\t\t\t\t\t\t\t<span class=\"elementor-button-text\">Envoyer<\/span>\n\t\t\t\t\t\t\t\t\t\t\t\t\t<\/span>\n\t\t\t\t\t<\/button>\n\t\t\t\t<\/div>\n\t\t\t<\/div>\n\t\t<\/form>\n\t\t\t\t\t\t<\/div>\n\t\t\t\t<\/div>\n\t\t\t\t<div class=\"elementor-element elementor-element-4c9ccb36 elementor-widget elementor-widget-text-editor\" data-id=\"4c9ccb36\" data-element_type=\"widget\" data-e-type=\"widget\" data-widget_type=\"text-editor.default\">\n\t\t\t\t<div class=\"elementor-widget-container\">\n\t\t\t\t\t\t\t\t\t<p>Avis juridique<\/p>\n<p>Responsable : Hotel Villa Retiro S.L.<\/p>\n<p>Finalit\u00e9 : envoyer les informations demand\u00e9es, g\u00e9rer les produits ou services demand\u00e9s et, lorsque vous nous y autorisez, vous envoyer des informations et des publicit\u00e9s de soci\u00e9t\u00e9s appartenant \u00e0 VILLARETIRO GRUP susceptibles de vous int\u00e9resser.<\/p>\n<p>L\u00e9gitimation : Pour l&rsquo;ex\u00e9cution d&rsquo;un contrat ou pour l&rsquo;application de mesures pr\u00e9contractuelles. Consentement de la personne concern\u00e9e.<\/p>\n<p>Destinataires : Vos donn\u00e9es personnelles peuvent \u00eatre communiqu\u00e9es aux soci\u00e9t\u00e9s appartenant \u00e0 VILLARETIRO GRUP. Elles ne seront communiqu\u00e9es \u00e0 des tiers ext\u00e9rieurs \u00e0 notre groupe de soci\u00e9t\u00e9s que lorsque cela est strictement n\u00e9cessaire au d\u00e9veloppement des services sous contrat, au bon fonctionnement de l&rsquo;entreprise ou par obligation l\u00e9gale.<\/p>\n<p>Droits : Acc\u00e8s, rectification et effacement, limitation du traitement, portabilit\u00e9 des donn\u00e9es, opposition et d\u00e9cisions individuelles automatis\u00e9es.<\/p>\n<p>Informations compl\u00e9mentaires : Vous pouvez consulter des informations compl\u00e9mentaires et d\u00e9taill\u00e9es sur la protection des donn\u00e9es dans notre <a href=\"https:\/\/www.hotelvillaretiro.com\/politica-de-privacidad\/\" target=\"_blank\" rel=\"noopener noreferrer\">politique de confidentialit\u00e9.<\/a><\/p>\n\t\t\t\t\t\t\t\t<\/div>\n\t\t\t\t<\/div>\n\t\t\t\t\t<\/div>\n\t\t<\/div>\n\t\t\t\t\t<\/div>\n\t\t<\/section>\n\t\t\t\t\t<\/div>\n\t\t<\/div>\n\t\t\t\t\t<\/div>\n\t\t<\/section>\n\t\t\t\t<\/div>\n\t\t","protected":false},"excerpt":{"rendered":"<p>Contact Si vous avez des questions ou des demandes, ou si vous souhaitez faire une r\u00e9servation pour l&rsquo;un de nos services, vous pouvez nous contacter par l&rsquo;interm\u00e9diaire du site : R\u00e9servation par t\u00e9l\u00e9phone : +34 977473810 R\u00e9servations d&rsquo;h\u00f4tels et de restaurants : reservas@hotelvillaretiro.com Informations sur l&rsquo;\u00e9v\u00e9nement :eventos@hotelvillaretiro.com O\u00f9 sommes-nous ? C\/ Molins 2, 43592 Xerta, [&hellip;]<\/p>\n","protected":false},"author":100,"featured_media":0,"parent":0,"menu_order":0,"comment_status":"closed","ping_status":"closed","template":"","meta":{"inline_featured_image":false,"footnotes":""},"class_list":["post-41754","page","type-page","status-publish","hentry"],"yoast_head":"<!-- This site is optimized with the Yoast SEO plugin v27.2 - https:\/\/yoast.com\/product\/yoast-seo-wordpress\/ -->\n<title>Contact - H\u00f4tel Villa Retiro<\/title>\n<meta name=\"robots\" content=\"index, follow, max-snippet:-1, max-image-preview:large, max-video-preview:-1\" \/>\n<link rel=\"canonical\" href=\"https:\/\/hotelvillaretiro.com\/fr\/contact\/\" \/>\n<meta property=\"og:locale\" content=\"fr_FR\" \/>\n<meta property=\"og:type\" content=\"article\" \/>\n<meta property=\"og:title\" content=\"Contact - H\u00f4tel Villa Retiro\" \/>\n<meta property=\"og:description\" content=\"Contact Si vous avez des questions ou des demandes, ou si vous souhaitez faire une r\u00e9servation pour l&rsquo;un de nos services, vous pouvez nous contacter par l&rsquo;interm\u00e9diaire du site : R\u00e9servation par t\u00e9l\u00e9phone : +34 977473810 R\u00e9servations d&rsquo;h\u00f4tels et de restaurants : reservas@hotelvillaretiro.com Informations sur l&rsquo;\u00e9v\u00e9nement :eventos@hotelvillaretiro.com O\u00f9 sommes-nous ? C\/ Molins 2, 43592 Xerta, [&hellip;]\" \/>\n<meta property=\"og:url\" content=\"https:\/\/hotelvillaretiro.com\/fr\/contact\/\" \/>\n<meta property=\"og:site_name\" content=\"Hotel Villa Retiro\" \/>\n<meta property=\"article:modified_time\" content=\"2023-04-04T06:33:15+00:00\" \/>\n<meta name=\"twitter:card\" content=\"summary_large_image\" \/>\n<meta name=\"twitter:label1\" content=\"Dur\u00e9e de lecture estim\u00e9e\" \/>\n\t<meta name=\"twitter:data1\" content=\"1 minute\" \/>\n<script type=\"application\/ld+json\" class=\"yoast-schema-graph\">{\"@context\":\"https:\/\/schema.org\",\"@graph\":[{\"@type\":\"WebPage\",\"@id\":\"https:\/\/hotelvillaretiro.com\/fr\/contact\/\",\"url\":\"https:\/\/hotelvillaretiro.com\/fr\/contact\/\",\"name\":\"Contact - H\u00f4tel Villa Retiro\",\"isPartOf\":{\"@id\":\"https:\/\/hotelvillaretiro.com\/#website\"},\"datePublished\":\"2023-02-02T05:41:07+00:00\",\"dateModified\":\"2023-04-04T06:33:15+00:00\",\"breadcrumb\":{\"@id\":\"https:\/\/hotelvillaretiro.com\/fr\/contact\/#breadcrumb\"},\"inLanguage\":\"fr-FR\",\"potentialAction\":[{\"@type\":\"ReadAction\",\"target\":[\"https:\/\/hotelvillaretiro.com\/fr\/contact\/\"]}]},{\"@type\":\"BreadcrumbList\",\"@id\":\"https:\/\/hotelvillaretiro.com\/fr\/contact\/#breadcrumb\",\"itemListElement\":[{\"@type\":\"ListItem\",\"position\":1,\"name\":\"Portada\",\"item\":\"https:\/\/hotelvillaretiro.com\/fr\/elementor-40227\/\"},{\"@type\":\"ListItem\",\"position\":2,\"name\":\"Contact\"}]},{\"@type\":\"WebSite\",\"@id\":\"https:\/\/hotelvillaretiro.com\/#website\",\"url\":\"https:\/\/hotelvillaretiro.com\/\",\"name\":\"Hotel Villa Retiro\",\"description\":\"Hotel de 5 estrellas en les Terres de l&#039;Ebre\",\"publisher\":{\"@id\":\"https:\/\/hotelvillaretiro.com\/#organization\"},\"potentialAction\":[{\"@type\":\"SearchAction\",\"target\":{\"@type\":\"EntryPoint\",\"urlTemplate\":\"https:\/\/hotelvillaretiro.com\/?s={search_term_string}\"},\"query-input\":{\"@type\":\"PropertyValueSpecification\",\"valueRequired\":true,\"valueName\":\"search_term_string\"}}],\"inLanguage\":\"fr-FR\"},{\"@type\":\"Organization\",\"@id\":\"https:\/\/hotelvillaretiro.com\/#organization\",\"name\":\"Hotel Villa Retiro\",\"url\":\"https:\/\/hotelvillaretiro.com\/\",\"logo\":{\"@type\":\"ImageObject\",\"inLanguage\":\"fr-FR\",\"@id\":\"https:\/\/hotelvillaretiro.com\/#\/schema\/logo\/image\/\",\"url\":\"https:\/\/hotelvillaretiro.com\/wp-content\/uploads\/2025\/02\/hotel-villa-retiro-logo.svg\",\"contentUrl\":\"https:\/\/hotelvillaretiro.com\/wp-content\/uploads\/2025\/02\/hotel-villa-retiro-logo.svg\",\"width\":1358,\"height\":850,\"caption\":\"Hotel Villa Retiro\"},\"image\":{\"@id\":\"https:\/\/hotelvillaretiro.com\/#\/schema\/logo\/image\/\"}}]}<\/script>\n<!-- \/ Yoast SEO plugin. -->","yoast_head_json":{"title":"Contact - H\u00f4tel Villa Retiro","robots":{"index":"index","follow":"follow","max-snippet":"max-snippet:-1","max-image-preview":"max-image-preview:large","max-video-preview":"max-video-preview:-1"},"canonical":"https:\/\/hotelvillaretiro.com\/fr\/contact\/","og_locale":"fr_FR","og_type":"article","og_title":"Contact - H\u00f4tel Villa Retiro","og_description":"Contact Si vous avez des questions ou des demandes, ou si vous souhaitez faire une r\u00e9servation pour l&rsquo;un de nos services, vous pouvez nous contacter par l&rsquo;interm\u00e9diaire du site : R\u00e9servation par t\u00e9l\u00e9phone : +34 977473810 R\u00e9servations d&rsquo;h\u00f4tels et de restaurants : reservas@hotelvillaretiro.com Informations sur l&rsquo;\u00e9v\u00e9nement :eventos@hotelvillaretiro.com O\u00f9 sommes-nous ? C\/ Molins 2, 43592 Xerta, [&hellip;]","og_url":"https:\/\/hotelvillaretiro.com\/fr\/contact\/","og_site_name":"Hotel Villa Retiro","article_modified_time":"2023-04-04T06:33:15+00:00","twitter_card":"summary_large_image","twitter_misc":{"Dur\u00e9e de lecture estim\u00e9e":"1 minute"},"schema":{"@context":"https:\/\/schema.org","@graph":[{"@type":"WebPage","@id":"https:\/\/hotelvillaretiro.com\/fr\/contact\/","url":"https:\/\/hotelvillaretiro.com\/fr\/contact\/","name":"Contact - H\u00f4tel Villa Retiro","isPartOf":{"@id":"https:\/\/hotelvillaretiro.com\/#website"},"datePublished":"2023-02-02T05:41:07+00:00","dateModified":"2023-04-04T06:33:15+00:00","breadcrumb":{"@id":"https:\/\/hotelvillaretiro.com\/fr\/contact\/#breadcrumb"},"inLanguage":"fr-FR","potentialAction":[{"@type":"ReadAction","target":["https:\/\/hotelvillaretiro.com\/fr\/contact\/"]}]},{"@type":"BreadcrumbList","@id":"https:\/\/hotelvillaretiro.com\/fr\/contact\/#breadcrumb","itemListElement":[{"@type":"ListItem","position":1,"name":"Portada","item":"https:\/\/hotelvillaretiro.com\/fr\/elementor-40227\/"},{"@type":"ListItem","position":2,"name":"Contact"}]},{"@type":"WebSite","@id":"https:\/\/hotelvillaretiro.com\/#website","url":"https:\/\/hotelvillaretiro.com\/","name":"Hotel Villa Retiro","description":"Hotel de 5 estrellas en les Terres de l&#039;Ebre","publisher":{"@id":"https:\/\/hotelvillaretiro.com\/#organization"},"potentialAction":[{"@type":"SearchAction","target":{"@type":"EntryPoint","urlTemplate":"https:\/\/hotelvillaretiro.com\/?s={search_term_string}"},"query-input":{"@type":"PropertyValueSpecification","valueRequired":true,"valueName":"search_term_string"}}],"inLanguage":"fr-FR"},{"@type":"Organization","@id":"https:\/\/hotelvillaretiro.com\/#organization","name":"Hotel Villa Retiro","url":"https:\/\/hotelvillaretiro.com\/","logo":{"@type":"ImageObject","inLanguage":"fr-FR","@id":"https:\/\/hotelvillaretiro.com\/#\/schema\/logo\/image\/","url":"https:\/\/hotelvillaretiro.com\/wp-content\/uploads\/2025\/02\/hotel-villa-retiro-logo.svg","contentUrl":"https:\/\/hotelvillaretiro.com\/wp-content\/uploads\/2025\/02\/hotel-villa-retiro-logo.svg","width":1358,"height":850,"caption":"Hotel Villa Retiro"},"image":{"@id":"https:\/\/hotelvillaretiro.com\/#\/schema\/logo\/image\/"}}]}},"_links":{"self":[{"href":"https:\/\/hotelvillaretiro.com\/fr\/wp-json\/wp\/v2\/pages\/41754","targetHints":{"allow":["GET"]}}],"collection":[{"href":"https:\/\/hotelvillaretiro.com\/fr\/wp-json\/wp\/v2\/pages"}],"about":[{"href":"https:\/\/hotelvillaretiro.com\/fr\/wp-json\/wp\/v2\/types\/page"}],"author":[{"embeddable":true,"href":"https:\/\/hotelvillaretiro.com\/fr\/wp-json\/wp\/v2\/users\/100"}],"replies":[{"embeddable":true,"href":"https:\/\/hotelvillaretiro.com\/fr\/wp-json\/wp\/v2\/comments?post=41754"}],"version-history":[{"count":0,"href":"https:\/\/hotelvillaretiro.com\/fr\/wp-json\/wp\/v2\/pages\/41754\/revisions"}],"wp:attachment":[{"href":"https:\/\/hotelvillaretiro.com\/fr\/wp-json\/wp\/v2\/media?parent=41754"}],"curies":[{"name":"wp","href":"https:\/\/api.w.org\/{rel}","templated":true}]}}