{"id":43384,"date":"2023-04-04T14:07:37","date_gmt":"2023-04-04T13:07:37","guid":{"rendered":"https:\/\/hotelvillaretiro.com\/escapades\/"},"modified":"2024-11-08T15:07:26","modified_gmt":"2024-11-08T14:07:26","slug":"escapades","status":"publish","type":"page","link":"https:\/\/hotelvillaretiro.com\/fr\/escapades\/","title":{"rendered":"Escapades"},"content":{"rendered":"\t\t<div data-elementor-type=\"wp-page\" data-elementor-id=\"43384\" class=\"elementor elementor-43384 elementor-39659\" data-elementor-post-type=\"page\">\n\t\t\t\t\t\t<section class=\"elementor-section elementor-top-section elementor-element elementor-element-6ea561bc elementor-section-full_width elementor-section-height-default elementor-section-height-default\" data-id=\"6ea561bc\" data-element_type=\"section\" data-e-type=\"section\" data-settings=\"{&quot;background_background&quot;:&quot;classic&quot;}\">\n\t\t\t\t\t\t\t<div class=\"elementor-background-overlay\"><\/div>\n\t\t\t\t\t\t\t<div class=\"elementor-container elementor-column-gap-default\">\n\t\t\t\t\t<div class=\"elementor-column elementor-col-100 elementor-top-column elementor-element elementor-element-57502a58\" data-id=\"57502a58\" data-element_type=\"column\" data-e-type=\"column\">\n\t\t\t<div class=\"elementor-widget-wrap elementor-element-populated\">\n\t\t\t\t\t\t<div class=\"elementor-element elementor-element-5d8d7e83 elementor-widget elementor-widget-heading\" data-id=\"5d8d7e83\" data-element_type=\"widget\" data-e-type=\"widget\" data-widget_type=\"heading.default\">\n\t\t\t\t<div class=\"elementor-widget-container\">\n\t\t\t\t\t<h1 class=\"elementor-heading-title elementor-size-default\">Escapades<\/h1>\t\t\t\t<\/div>\n\t\t\t\t<\/div>\n\t\t\t\t<div class=\"elementor-element elementor-element-41cf4364 elementor-widget elementor-widget-heading\" data-id=\"41cf4364\" data-element_type=\"widget\" data-e-type=\"widget\" data-widget_type=\"heading.default\">\n\t\t\t\t<div class=\"elementor-widget-container\">\n\t\t\t\t\t<h2 class=\"elementor-heading-title elementor-size-default\">CON\u00c7U POUR VOTRE PLAISIR<\/h2>\t\t\t\t<\/div>\n\t\t\t\t<\/div>\n\t\t\t\t\t<\/div>\n\t\t<\/div>\n\t\t\t\t\t<\/div>\n\t\t<\/section>\n\t\t\t\t<section class=\"elementor-section elementor-top-section elementor-element elementor-element-670dc769 elementor-section-boxed elementor-section-height-default elementor-section-height-default\" data-id=\"670dc769\" data-element_type=\"section\" data-e-type=\"section\">\n\t\t\t\t\t\t<div class=\"elementor-container elementor-column-gap-default\">\n\t\t\t\t\t<div class=\"elementor-column elementor-col-50 elementor-top-column elementor-element elementor-element-27242c36\" data-id=\"27242c36\" data-element_type=\"column\" data-e-type=\"column\">\n\t\t\t<div class=\"elementor-widget-wrap elementor-element-populated\">\n\t\t\t\t\t\t<div class=\"elementor-element elementor-element-bbcb4e6 elementor-widget elementor-widget-heading\" data-id=\"bbcb4e6\" data-element_type=\"widget\" data-e-type=\"widget\" data-widget_type=\"heading.default\">\n\t\t\t\t<div class=\"elementor-widget-container\">\n\t\t\t\t\t<h3 class=\"elementor-heading-title elementor-size-default\">Exp\u00e9riences \u00e0 retenir\n<\/h3>\t\t\t\t<\/div>\n\t\t\t\t<\/div>\n\t\t\t\t\t<\/div>\n\t\t<\/div>\n\t\t\t\t<div class=\"elementor-column elementor-col-50 elementor-top-column elementor-element elementor-element-5e8022e1\" data-id=\"5e8022e1\" data-element_type=\"column\" data-e-type=\"column\">\n\t\t\t<div class=\"elementor-widget-wrap elementor-element-populated\">\n\t\t\t\t\t\t<div class=\"elementor-element elementor-element-56b5291b elementor-widget elementor-widget-text-editor\" data-id=\"56b5291b\" data-element_type=\"widget\" data-e-type=\"widget\" data-widget_type=\"text-editor.default\">\n\t\t\t\t<div class=\"elementor-widget-container\">\n\t\t\t\t\t\t\t\t\t<p>Il existe de nombreuses raisons pour visiter notre destination exp\u00e9rientielle. Vous souhaitiez profiter de la nature ou go\u00fbter la gastronomie de notre restaurant \u00e9toil\u00e9 Michelin ou simplement d\u00e9connecter.<\/p>\t\t\t\t\t\t\t\t<\/div>\n\t\t\t\t<\/div>\n\t\t\t\t\t<\/div>\n\t\t<\/div>\n\t\t\t\t\t<\/div>\n\t\t<\/section>\n\t\t\t\t<section class=\"elementor-section elementor-top-section elementor-element elementor-element-56c017c0 elementor-section-boxed elementor-section-height-default elementor-section-height-default\" data-id=\"56c017c0\" data-element_type=\"section\" data-e-type=\"section\">\n\t\t\t\t\t\t<div class=\"elementor-container elementor-column-gap-default\">\n\t\t\t\t\t<div class=\"elementor-column elementor-col-50 elementor-top-column elementor-element elementor-element-3d890dc0\" data-id=\"3d890dc0\" data-element_type=\"column\" data-e-type=\"column\" data-settings=\"{&quot;background_background&quot;:&quot;classic&quot;}\">\n\t\t\t<div class=\"elementor-widget-wrap elementor-element-populated\">\n\t\t\t\t\t<div class=\"elementor-background-overlay\"><\/div>\n\t\t\t\t\t\t<div class=\"elementor-element elementor-element-3b4fe54d elementor-widget elementor-widget-html\" data-id=\"3b4fe54d\" data-element_type=\"widget\" data-e-type=\"widget\" data-widget_type=\"html.default\">\n\t\t\t\t<div class=\"elementor-widget-container\">\n\t\t\t\t\t<a href=\"https:\/\/hotelvillaretiro.com\/fr\/escapade-gourmande\/\">\t\t\t\t<\/div>\n\t\t\t\t<\/div>\n\t\t\t\t<div class=\"elementor-element elementor-element-1ad4a792 elementor-widget elementor-widget-spacer\" data-id=\"1ad4a792\" data-element_type=\"widget\" data-e-type=\"widget\" data-widget_type=\"spacer.default\">\n\t\t\t\t<div class=\"elementor-widget-container\">\n\t\t\t\t\t\t\t<div class=\"elementor-spacer\">\n\t\t\t<div class=\"elementor-spacer-inner\"><\/div>\n\t\t<\/div>\n\t\t\t\t\t\t<\/div>\n\t\t\t\t<\/div>\n\t\t\t\t<div class=\"elementor-element elementor-element-5c4a1563 elementor-widget elementor-widget-heading\" data-id=\"5c4a1563\" data-element_type=\"widget\" data-e-type=\"widget\" data-widget_type=\"heading.default\">\n\t\t\t\t<div class=\"elementor-widget-container\">\n\t\t\t\t\t<h3 class=\"elementor-heading-title elementor-size-default\"><a href=\"https:\/\/regala.hotelvillaretiro.com\/fr\/producto\/escapade-gourmande\/\">Escapade <\/br> romantique<\/a><\/h3>\t\t\t\t<\/div>\n\t\t\t\t<\/div>\n\t\t\t\t<div class=\"elementor-element elementor-element-7201f4bb elementor-widget elementor-widget-html\" data-id=\"7201f4bb\" data-element_type=\"widget\" data-e-type=\"widget\" data-widget_type=\"html.default\">\n\t\t\t\t<div class=\"elementor-widget-container\">\n\t\t\t\t\t<\/a>\t\t\t\t<\/div>\n\t\t\t\t<\/div>\n\t\t\t\t\t<\/div>\n\t\t<\/div>\n\t\t\t\t<div class=\"elementor-column elementor-col-50 elementor-top-column elementor-element elementor-element-4067941\" data-id=\"4067941\" data-element_type=\"column\" data-e-type=\"column\" data-settings=\"{&quot;background_background&quot;:&quot;classic&quot;}\">\n\t\t\t<div class=\"elementor-widget-wrap elementor-element-populated\">\n\t\t\t\t\t<div class=\"elementor-background-overlay\"><\/div>\n\t\t\t\t\t\t<div class=\"elementor-element elementor-element-7b37507 elementor-widget elementor-widget-html\" data-id=\"7b37507\" data-element_type=\"widget\" data-e-type=\"widget\" data-widget_type=\"html.default\">\n\t\t\t\t<div class=\"elementor-widget-container\">\n\t\t\t\t\t<a href=\"https:\/\/hotelvillaretiro.com\/fr\/escapade-gourmande\/\">\t\t\t\t<\/div>\n\t\t\t\t<\/div>\n\t\t\t\t<div class=\"elementor-element elementor-element-4b9db75 elementor-widget elementor-widget-spacer\" data-id=\"4b9db75\" data-element_type=\"widget\" data-e-type=\"widget\" data-widget_type=\"spacer.default\">\n\t\t\t\t<div class=\"elementor-widget-container\">\n\t\t\t\t\t\t\t<div class=\"elementor-spacer\">\n\t\t\t<div class=\"elementor-spacer-inner\"><\/div>\n\t\t<\/div>\n\t\t\t\t\t\t<\/div>\n\t\t\t\t<\/div>\n\t\t\t\t<div class=\"elementor-element elementor-element-101384f elementor-widget elementor-widget-heading\" data-id=\"101384f\" data-element_type=\"widget\" data-e-type=\"widget\" data-widget_type=\"heading.default\">\n\t\t\t\t<div class=\"elementor-widget-container\">\n\t\t\t\t\t<h3 class=\"elementor-heading-title elementor-size-default\"><a href=\"https:\/\/regala.hotelvillaretiro.com\/fr\/producto\/escapade-gastronomique-hotel-5-etoiles\/\">Escapade <\/br> Gastronomique <\/a><\/h3>\t\t\t\t<\/div>\n\t\t\t\t<\/div>\n\t\t\t\t<div class=\"elementor-element elementor-element-f7f5ffc elementor-widget elementor-widget-html\" data-id=\"f7f5ffc\" data-element_type=\"widget\" data-e-type=\"widget\" data-widget_type=\"html.default\">\n\t\t\t\t<div class=\"elementor-widget-container\">\n\t\t\t\t\t<\/a>\t\t\t\t<\/div>\n\t\t\t\t<\/div>\n\t\t\t\t\t<\/div>\n\t\t<\/div>\n\t\t\t\t\t<\/div>\n\t\t<\/section>\n\t\t\t\t<section class=\"elementor-section elementor-top-section elementor-element elementor-element-10c250a1 elementor-section-boxed elementor-section-height-default elementor-section-height-default\" data-id=\"10c250a1\" data-element_type=\"section\" data-e-type=\"section\">\n\t\t\t\t\t\t<div class=\"elementor-container elementor-column-gap-default\">\n\t\t\t\t\t<div class=\"elementor-column elementor-col-100 elementor-top-column elementor-element elementor-element-20d527b4\" data-id=\"20d527b4\" data-element_type=\"column\" data-e-type=\"column\">\n\t\t\t<div class=\"elementor-widget-wrap elementor-element-populated\">\n\t\t\t\t\t\t<div class=\"elementor-element elementor-element-113bc97b elementor-widget elementor-widget-heading\" data-id=\"113bc97b\" data-element_type=\"widget\" data-e-type=\"widget\" data-widget_type=\"heading.default\">\n\t\t\t\t<div class=\"elementor-widget-container\">\n\t\t\t\t\t<h3 class=\"elementor-heading-title elementor-size-default\">Conditions<\/h3>\t\t\t\t<\/div>\n\t\t\t\t<\/div>\n\t\t\t\t<div class=\"elementor-element elementor-element-4604c462 elementor-widget elementor-widget-text-editor\" data-id=\"4604c462\" data-element_type=\"widget\" data-e-type=\"widget\" data-widget_type=\"text-editor.default\">\n\t\t\t\t<div class=\"elementor-widget-container\">\n\t\t\t\t\t\t\t\t\t<p>Politiques de r\u00e9servation<br \/>Les r\u00e9servations seront confirm\u00e9es par t\u00e9l\u00e9phone.<\/p><p>Conditions d&rsquo;annulation :<br \/>Si vous annulez entre 1 et 2 jours avant la date d&rsquo;entr\u00e9e, des frais de 100% du total de la r\u00e9servation seront appliqu\u00e9s.<\/p><p>Politiques de non-pr\u00e9sentation :<br \/>En cas de non-pr\u00e9sentation, 100% du total de la r\u00e9servation sera appliqu\u00e9.<\/p><p>Politiques de d\u00e9part anticip\u00e9 :<br \/>En cas de d\u00e9part avant la date de d\u00e9part, 50% seront appliqu\u00e9s sur chaque nuit restante.<\/p><p>Pour garantir la r\u00e9servation, veuillez nous fournir un num\u00e9ro de carte de cr\u00e9dit ou de d\u00e9bit sur lequel aucun d\u00e9bit ne sera effectu\u00e9 et avec lequel vous vous engagez \u00e0 accepter les conditions de r\u00e9servation et d&rsquo;annulation*.<\/p><p>*Tout litige pouvant survenir sera r\u00e9solu par les Cours et Tribunaux de Tortosa.<\/p>\t\t\t\t\t\t\t\t<\/div>\n\t\t\t\t<\/div>\n\t\t\t\t\t<\/div>\n\t\t<\/div>\n\t\t\t\t\t<\/div>\n\t\t<\/section>\n\t\t\t\t<\/div>\n\t\t","protected":false},"excerpt":{"rendered":"<p>Escapades CON\u00c7U POUR VOTRE PLAISIR Exp\u00e9riences \u00e0 retenir Il existe de nombreuses raisons pour visiter notre destination exp\u00e9rientielle. Vous souhaitiez profiter de la nature ou go\u00fbter la gastronomie de notre restaurant \u00e9toil\u00e9 Michelin ou simplement d\u00e9connecter. Escapade romantique Escapade Gastronomique Conditions Politiques de r\u00e9servationLes r\u00e9servations seront confirm\u00e9es par t\u00e9l\u00e9phone. Conditions d&rsquo;annulation :Si vous annulez entre [&hellip;]<\/p>\n","protected":false},"author":100,"featured_media":0,"parent":0,"menu_order":0,"comment_status":"closed","ping_status":"closed","template":"","meta":{"inline_featured_image":false,"footnotes":""},"class_list":["post-43384","page","type-page","status-publish","hentry"],"yoast_head":"<!-- This site is optimized with the Yoast SEO plugin v27.2 - https:\/\/yoast.com\/product\/yoast-seo-wordpress\/ -->\n<title>Las mejores escapadas en Hotel 5 estrellas con estrella Michelin<\/title>\n<meta name=\"robots\" content=\"index, follow, max-snippet:-1, max-image-preview:large, max-video-preview:-1\" \/>\n<link rel=\"canonical\" href=\"https:\/\/hotelvillaretiro.com\/fr\/escapades\/\" \/>\n<meta property=\"og:locale\" content=\"fr_FR\" \/>\n<meta property=\"og:type\" content=\"article\" \/>\n<meta property=\"og:title\" content=\"Las mejores escapadas en Hotel 5 estrellas con estrella Michelin\" \/>\n<meta property=\"og:description\" content=\"Escapades CON\u00c7U POUR VOTRE PLAISIR Exp\u00e9riences \u00e0 retenir Il existe de nombreuses raisons pour visiter notre destination exp\u00e9rientielle. Vous souhaitiez profiter de la nature ou go\u00fbter la gastronomie de notre restaurant \u00e9toil\u00e9 Michelin ou simplement d\u00e9connecter. Escapade romantique Escapade Gastronomique Conditions Politiques de r\u00e9servationLes r\u00e9servations seront confirm\u00e9es par t\u00e9l\u00e9phone. Conditions d&rsquo;annulation :Si vous annulez entre [&hellip;]\" \/>\n<meta property=\"og:url\" content=\"https:\/\/hotelvillaretiro.com\/fr\/escapades\/\" \/>\n<meta property=\"og:site_name\" content=\"Hotel Villa Retiro\" \/>\n<meta property=\"article:modified_time\" content=\"2024-11-08T14:07:26+00:00\" \/>\n<meta name=\"twitter:card\" content=\"summary_large_image\" \/>\n<meta name=\"twitter:label1\" content=\"Dur\u00e9e de lecture estim\u00e9e\" \/>\n\t<meta name=\"twitter:data1\" content=\"1 minute\" \/>\n<script type=\"application\/ld+json\" class=\"yoast-schema-graph\">{\"@context\":\"https:\/\/schema.org\",\"@graph\":[{\"@type\":\"WebPage\",\"@id\":\"https:\/\/hotelvillaretiro.com\/fr\/escapades\/\",\"url\":\"https:\/\/hotelvillaretiro.com\/fr\/escapades\/\",\"name\":\"Las mejores escapadas en Hotel 5 estrellas con estrella Michelin\",\"isPartOf\":{\"@id\":\"https:\/\/hotelvillaretiro.com\/#website\"},\"datePublished\":\"2023-04-04T13:07:37+00:00\",\"dateModified\":\"2024-11-08T14:07:26+00:00\",\"breadcrumb\":{\"@id\":\"https:\/\/hotelvillaretiro.com\/fr\/escapades\/#breadcrumb\"},\"inLanguage\":\"fr-FR\",\"potentialAction\":[{\"@type\":\"ReadAction\",\"target\":[\"https:\/\/hotelvillaretiro.com\/fr\/escapades\/\"]}]},{\"@type\":\"BreadcrumbList\",\"@id\":\"https:\/\/hotelvillaretiro.com\/fr\/escapades\/#breadcrumb\",\"itemListElement\":[{\"@type\":\"ListItem\",\"position\":1,\"name\":\"Portada\",\"item\":\"https:\/\/hotelvillaretiro.com\/fr\/elementor-40227\/\"},{\"@type\":\"ListItem\",\"position\":2,\"name\":\"Escapades\"}]},{\"@type\":\"WebSite\",\"@id\":\"https:\/\/hotelvillaretiro.com\/#website\",\"url\":\"https:\/\/hotelvillaretiro.com\/\",\"name\":\"Hotel Villa Retiro\",\"description\":\"Hotel de 5 estrellas en les Terres de l&#039;Ebre\",\"publisher\":{\"@id\":\"https:\/\/hotelvillaretiro.com\/#organization\"},\"potentialAction\":[{\"@type\":\"SearchAction\",\"target\":{\"@type\":\"EntryPoint\",\"urlTemplate\":\"https:\/\/hotelvillaretiro.com\/?s={search_term_string}\"},\"query-input\":{\"@type\":\"PropertyValueSpecification\",\"valueRequired\":true,\"valueName\":\"search_term_string\"}}],\"inLanguage\":\"fr-FR\"},{\"@type\":\"Organization\",\"@id\":\"https:\/\/hotelvillaretiro.com\/#organization\",\"name\":\"Hotel Villa Retiro\",\"url\":\"https:\/\/hotelvillaretiro.com\/\",\"logo\":{\"@type\":\"ImageObject\",\"inLanguage\":\"fr-FR\",\"@id\":\"https:\/\/hotelvillaretiro.com\/#\/schema\/logo\/image\/\",\"url\":\"https:\/\/hotelvillaretiro.com\/wp-content\/uploads\/2025\/02\/hotel-villa-retiro-logo.svg\",\"contentUrl\":\"https:\/\/hotelvillaretiro.com\/wp-content\/uploads\/2025\/02\/hotel-villa-retiro-logo.svg\",\"width\":1358,\"height\":850,\"caption\":\"Hotel Villa Retiro\"},\"image\":{\"@id\":\"https:\/\/hotelvillaretiro.com\/#\/schema\/logo\/image\/\"}}]}<\/script>\n<!-- \/ Yoast SEO plugin. -->","yoast_head_json":{"title":"Las mejores escapadas en Hotel 5 estrellas con estrella Michelin","robots":{"index":"index","follow":"follow","max-snippet":"max-snippet:-1","max-image-preview":"max-image-preview:large","max-video-preview":"max-video-preview:-1"},"canonical":"https:\/\/hotelvillaretiro.com\/fr\/escapades\/","og_locale":"fr_FR","og_type":"article","og_title":"Las mejores escapadas en Hotel 5 estrellas con estrella Michelin","og_description":"Escapades CON\u00c7U POUR VOTRE PLAISIR Exp\u00e9riences \u00e0 retenir Il existe de nombreuses raisons pour visiter notre destination exp\u00e9rientielle. Vous souhaitiez profiter de la nature ou go\u00fbter la gastronomie de notre restaurant \u00e9toil\u00e9 Michelin ou simplement d\u00e9connecter. Escapade romantique Escapade Gastronomique Conditions Politiques de r\u00e9servationLes r\u00e9servations seront confirm\u00e9es par t\u00e9l\u00e9phone. Conditions d&rsquo;annulation :Si vous annulez entre [&hellip;]","og_url":"https:\/\/hotelvillaretiro.com\/fr\/escapades\/","og_site_name":"Hotel Villa Retiro","article_modified_time":"2024-11-08T14:07:26+00:00","twitter_card":"summary_large_image","twitter_misc":{"Dur\u00e9e de lecture estim\u00e9e":"1 minute"},"schema":{"@context":"https:\/\/schema.org","@graph":[{"@type":"WebPage","@id":"https:\/\/hotelvillaretiro.com\/fr\/escapades\/","url":"https:\/\/hotelvillaretiro.com\/fr\/escapades\/","name":"Las mejores escapadas en Hotel 5 estrellas con estrella Michelin","isPartOf":{"@id":"https:\/\/hotelvillaretiro.com\/#website"},"datePublished":"2023-04-04T13:07:37+00:00","dateModified":"2024-11-08T14:07:26+00:00","breadcrumb":{"@id":"https:\/\/hotelvillaretiro.com\/fr\/escapades\/#breadcrumb"},"inLanguage":"fr-FR","potentialAction":[{"@type":"ReadAction","target":["https:\/\/hotelvillaretiro.com\/fr\/escapades\/"]}]},{"@type":"BreadcrumbList","@id":"https:\/\/hotelvillaretiro.com\/fr\/escapades\/#breadcrumb","itemListElement":[{"@type":"ListItem","position":1,"name":"Portada","item":"https:\/\/hotelvillaretiro.com\/fr\/elementor-40227\/"},{"@type":"ListItem","position":2,"name":"Escapades"}]},{"@type":"WebSite","@id":"https:\/\/hotelvillaretiro.com\/#website","url":"https:\/\/hotelvillaretiro.com\/","name":"Hotel Villa Retiro","description":"Hotel de 5 estrellas en les Terres de l&#039;Ebre","publisher":{"@id":"https:\/\/hotelvillaretiro.com\/#organization"},"potentialAction":[{"@type":"SearchAction","target":{"@type":"EntryPoint","urlTemplate":"https:\/\/hotelvillaretiro.com\/?s={search_term_string}"},"query-input":{"@type":"PropertyValueSpecification","valueRequired":true,"valueName":"search_term_string"}}],"inLanguage":"fr-FR"},{"@type":"Organization","@id":"https:\/\/hotelvillaretiro.com\/#organization","name":"Hotel Villa Retiro","url":"https:\/\/hotelvillaretiro.com\/","logo":{"@type":"ImageObject","inLanguage":"fr-FR","@id":"https:\/\/hotelvillaretiro.com\/#\/schema\/logo\/image\/","url":"https:\/\/hotelvillaretiro.com\/wp-content\/uploads\/2025\/02\/hotel-villa-retiro-logo.svg","contentUrl":"https:\/\/hotelvillaretiro.com\/wp-content\/uploads\/2025\/02\/hotel-villa-retiro-logo.svg","width":1358,"height":850,"caption":"Hotel Villa Retiro"},"image":{"@id":"https:\/\/hotelvillaretiro.com\/#\/schema\/logo\/image\/"}}]}},"_links":{"self":[{"href":"https:\/\/hotelvillaretiro.com\/fr\/wp-json\/wp\/v2\/pages\/43384","targetHints":{"allow":["GET"]}}],"collection":[{"href":"https:\/\/hotelvillaretiro.com\/fr\/wp-json\/wp\/v2\/pages"}],"about":[{"href":"https:\/\/hotelvillaretiro.com\/fr\/wp-json\/wp\/v2\/types\/page"}],"author":[{"embeddable":true,"href":"https:\/\/hotelvillaretiro.com\/fr\/wp-json\/wp\/v2\/users\/100"}],"replies":[{"embeddable":true,"href":"https:\/\/hotelvillaretiro.com\/fr\/wp-json\/wp\/v2\/comments?post=43384"}],"version-history":[{"count":0,"href":"https:\/\/hotelvillaretiro.com\/fr\/wp-json\/wp\/v2\/pages\/43384\/revisions"}],"wp:attachment":[{"href":"https:\/\/hotelvillaretiro.com\/fr\/wp-json\/wp\/v2\/media?parent=43384"}],"curies":[{"name":"wp","href":"https:\/\/api.w.org\/{rel}","templated":true}]}}