{"id":52209,"date":"2024-05-31T10:25:06","date_gmt":"2024-05-31T09:25:06","guid":{"rendered":"https:\/\/hotelvillaretiro.com\/sostenibilidad\/"},"modified":"2024-06-03T10:40:10","modified_gmt":"2024-06-03T09:40:10","slug":"durabilite","status":"publish","type":"page","link":"https:\/\/hotelvillaretiro.com\/fr\/durabilite\/","title":{"rendered":"Durabilit\u00e9"},"content":{"rendered":"\t\t<div data-elementor-type=\"wp-page\" data-elementor-id=\"52209\" class=\"elementor elementor-52209 elementor-52064\" data-elementor-post-type=\"page\">\n\t\t\t\t\t\t<section class=\"elementor-section elementor-top-section elementor-element elementor-element-4e79109 elementor-section-full_width elementor-section-height-default elementor-section-height-default\" data-id=\"4e79109\" data-element_type=\"section\" data-e-type=\"section\" data-settings=\"{&quot;background_background&quot;:&quot;classic&quot;}\">\n\t\t\t\t\t\t\t<div class=\"elementor-background-overlay\"><\/div>\n\t\t\t\t\t\t\t<div class=\"elementor-container elementor-column-gap-default\">\n\t\t\t\t\t<div class=\"elementor-column elementor-col-100 elementor-top-column elementor-element elementor-element-4254e19\" data-id=\"4254e19\" data-element_type=\"column\" data-e-type=\"column\">\n\t\t\t<div class=\"elementor-widget-wrap elementor-element-populated\">\n\t\t\t\t\t\t<div class=\"elementor-element elementor-element-24c770d elementor-widget elementor-widget-heading\" data-id=\"24c770d\" data-element_type=\"widget\" data-e-type=\"widget\" data-widget_type=\"heading.default\">\n\t\t\t\t<div class=\"elementor-widget-container\">\n\t\t\t\t\t<h1 class=\"elementor-heading-title elementor-size-default\">Durabilit\u00e9<\/h1>\t\t\t\t<\/div>\n\t\t\t\t<\/div>\n\t\t\t\t\t<\/div>\n\t\t<\/div>\n\t\t\t\t\t<\/div>\n\t\t<\/section>\n\t\t\t\t<section class=\"elementor-section elementor-top-section elementor-element elementor-element-bd31665 elementor-section-boxed elementor-section-height-default elementor-section-height-default\" data-id=\"bd31665\" data-element_type=\"section\" data-e-type=\"section\">\n\t\t\t\t\t\t<div class=\"elementor-container elementor-column-gap-default\">\n\t\t\t\t\t<div class=\"elementor-column elementor-col-50 elementor-top-column elementor-element elementor-element-7cbe270\" data-id=\"7cbe270\" data-element_type=\"column\" data-e-type=\"column\">\n\t\t\t<div class=\"elementor-widget-wrap elementor-element-populated\">\n\t\t\t\t\t\t<div class=\"elementor-element elementor-element-471dae4 elementor-widget elementor-widget-image\" data-id=\"471dae4\" data-element_type=\"widget\" data-e-type=\"widget\" data-widget_type=\"image.default\">\n\t\t\t\t<div class=\"elementor-widget-container\">\n\t\t\t\t\t\t\t\t\t\t\t\t\t\t\t<img decoding=\"async\" width=\"350\" height=\"35\" src=\"https:\/\/hotelvillaretiro.com\/wp-content\/uploads\/2024\/05\/logo-malahierba-1.png\" class=\"attachment-full size-full wp-image-52173\" alt=\"\" srcset=\"https:\/\/hotelvillaretiro.com\/wp-content\/uploads\/2024\/05\/logo-malahierba-1.png 350w, https:\/\/hotelvillaretiro.com\/wp-content\/uploads\/2024\/05\/logo-malahierba-1-300x30.png 300w\" sizes=\"(max-width: 350px) 100vw, 350px\" \/>\t\t\t\t\t\t\t\t\t\t\t\t\t\t\t<\/div>\n\t\t\t\t<\/div>\n\t\t\t\t\t<\/div>\n\t\t<\/div>\n\t\t\t\t<div class=\"elementor-column elementor-col-50 elementor-top-column elementor-element elementor-element-8d6f833\" data-id=\"8d6f833\" data-element_type=\"column\" data-e-type=\"column\">\n\t\t\t<div class=\"elementor-widget-wrap elementor-element-populated\">\n\t\t\t\t\t\t<div class=\"elementor-element elementor-element-7aee803 elementor-widget elementor-widget-text-editor\" data-id=\"7aee803\" data-element_type=\"widget\" data-e-type=\"widget\" data-widget_type=\"text-editor.default\">\n\t\t\t\t<div class=\"elementor-widget-container\">\n\t\t\t\t\t\t\t\t\t<p>Depuis 2023, nous fabriquons notre propre <strong>huile d&rsquo;arbequina \u00e0 100 %, appel\u00e9e MALAHIERBA.<\/strong><\/p>\t\t\t\t\t\t\t\t<\/div>\n\t\t\t\t<\/div>\n\t\t\t\t\t<\/div>\n\t\t<\/div>\n\t\t\t\t\t<\/div>\n\t\t<\/section>\n\t\t\t\t<section class=\"elementor-section elementor-top-section elementor-element elementor-element-d0ca71b elementor-section-boxed elementor-section-height-default elementor-section-height-default\" data-id=\"d0ca71b\" data-element_type=\"section\" data-e-type=\"section\">\n\t\t\t\t\t\t<div class=\"elementor-container elementor-column-gap-wide\">\n\t\t\t\t\t<div class=\"elementor-column elementor-col-50 elementor-top-column elementor-element elementor-element-a9207a8\" data-id=\"a9207a8\" data-element_type=\"column\" data-e-type=\"column\">\n\t\t\t<div class=\"elementor-widget-wrap elementor-element-populated\">\n\t\t\t\t\t\t<div class=\"elementor-element elementor-element-5382d81 elementor-widget elementor-widget-text-editor\" data-id=\"5382d81\" data-element_type=\"widget\" data-e-type=\"widget\" data-widget_type=\"text-editor.default\">\n\t\t\t\t<div class=\"elementor-widget-container\">\n\t\t\t\t\t\t\t\t\t<p>La \u00ab <strong>MALAHIERBA<\/strong>\u00bb est une plante sauvage qui pousse dans une culture contr\u00f4l\u00e9e ou dans un endroit non d\u00e9sir\u00e9.<br \/>Nos oliviers sont cultiv\u00e9s selon l&rsquo;id\u00e9e de l&rsquo;agriculture r\u00e9g\u00e9n\u00e9ratrice, en respectant ces mauvaises herbes qui peuvent sembler ind\u00e9sirables, en profitant d&rsquo;elles pour drainer l&rsquo;eau de la terre s\u00e8che, et ainsi permettre \u00e0 cette eau d&rsquo;atteindre les oliviers. L&rsquo;impuret\u00e9 de ces plantes nous donne la meilleure puret\u00e9, notre huile <strong>MALAHIERBA<\/strong>.<\/p>\t\t\t\t\t\t\t\t<\/div>\n\t\t\t\t<\/div>\n\t\t\t\t\t<\/div>\n\t\t<\/div>\n\t\t\t\t<div class=\"elementor-column elementor-col-50 elementor-top-column elementor-element elementor-element-5746309\" data-id=\"5746309\" data-element_type=\"column\" data-e-type=\"column\">\n\t\t\t<div class=\"elementor-widget-wrap elementor-element-populated\">\n\t\t\t\t\t\t<div class=\"elementor-element elementor-element-b425c12 elementor-widget elementor-widget-text-editor\" data-id=\"b425c12\" data-element_type=\"widget\" data-e-type=\"widget\" data-widget_type=\"text-editor.default\">\n\t\t\t\t<div class=\"elementor-widget-container\">\n\t\t\t\t\t\t\t\t\t<p>MALAHIERBA est une huile qui se distingue par la complexit\u00e9 de ses saveurs, tr\u00e8s bien \u00e9quilibr\u00e9es entre le doux et le piquant avec des nuances am\u00e8res. Ses notes exquises d&rsquo;amande, de noix et d&rsquo;artichaut lui conf\u00e8rent une profondeur unique, ce qui la rend id\u00e9ale pour rehausser et compl\u00e9ter les saveurs naturelles d&rsquo;une grande vari\u00e9t\u00e9 de plats. Id\u00e9ale pour les poissons, les l\u00e9gumes et les salades, sa polyvalence et sa sophistication en font un accompagnement essentiel de toute cuisine.<\/p>\t\t\t\t\t\t\t\t<\/div>\n\t\t\t\t<\/div>\n\t\t\t\t\t<\/div>\n\t\t<\/div>\n\t\t\t\t\t<\/div>\n\t\t<\/section>\n\t\t\t\t<section class=\"elementor-section elementor-top-section elementor-element elementor-element-797a478 elementor-section-boxed elementor-section-height-default elementor-section-height-default\" data-id=\"797a478\" data-element_type=\"section\" data-e-type=\"section\">\n\t\t\t\t\t\t<div class=\"elementor-container elementor-column-gap-extended\">\n\t\t\t\t\t<div class=\"elementor-column elementor-col-50 elementor-top-column elementor-element elementor-element-984a91a\" data-id=\"984a91a\" data-element_type=\"column\" data-e-type=\"column\">\n\t\t\t<div class=\"elementor-widget-wrap elementor-element-populated\">\n\t\t\t\t\t\t<div class=\"elementor-element elementor-element-c50157d elementor-widget elementor-widget-image\" data-id=\"c50157d\" data-element_type=\"widget\" data-e-type=\"widget\" data-widget_type=\"image.default\">\n\t\t\t\t<div class=\"elementor-widget-container\">\n\t\t\t\t\t\t\t\t\t\t\t\t\t\t\t<img fetchpriority=\"high\" decoding=\"async\" width=\"800\" height=\"571\" src=\"https:\/\/hotelvillaretiro.com\/wp-content\/uploads\/2024\/05\/malahierba-aceite-oliva-virgen-extra-villa-retiro-1024x731.jpg\" class=\"attachment-large size-large wp-image-52072\" alt=\"\" srcset=\"https:\/\/hotelvillaretiro.com\/wp-content\/uploads\/2024\/05\/malahierba-aceite-oliva-virgen-extra-villa-retiro-1024x731.jpg 1024w, https:\/\/hotelvillaretiro.com\/wp-content\/uploads\/2024\/05\/malahierba-aceite-oliva-virgen-extra-villa-retiro-300x214.jpg 300w, https:\/\/hotelvillaretiro.com\/wp-content\/uploads\/2024\/05\/malahierba-aceite-oliva-virgen-extra-villa-retiro-768x548.jpg 768w, https:\/\/hotelvillaretiro.com\/wp-content\/uploads\/2024\/05\/malahierba-aceite-oliva-virgen-extra-villa-retiro.jpg 1200w\" sizes=\"(max-width: 800px) 100vw, 800px\" \/>\t\t\t\t\t\t\t\t\t\t\t\t\t\t\t<\/div>\n\t\t\t\t<\/div>\n\t\t\t\t\t<\/div>\n\t\t<\/div>\n\t\t\t\t<div class=\"elementor-column elementor-col-50 elementor-top-column elementor-element elementor-element-87f1898\" data-id=\"87f1898\" data-element_type=\"column\" data-e-type=\"column\">\n\t\t\t<div class=\"elementor-widget-wrap elementor-element-populated\">\n\t\t\t\t\t\t<div class=\"elementor-element elementor-element-0c0fac5 elementor-widget elementor-widget-image\" data-id=\"0c0fac5\" data-element_type=\"widget\" data-e-type=\"widget\" data-widget_type=\"image.default\">\n\t\t\t\t<div class=\"elementor-widget-container\">\n\t\t\t\t\t\t\t\t\t\t\t\t\t\t\t<img decoding=\"async\" width=\"800\" height=\"571\" src=\"https:\/\/hotelvillaretiro.com\/wp-content\/uploads\/2024\/05\/malahierba-aceite-oliva-virgen-extra-villa-retiro-fran-lopez-1024x731.jpg\" class=\"attachment-large size-large wp-image-52077\" alt=\"\" srcset=\"https:\/\/hotelvillaretiro.com\/wp-content\/uploads\/2024\/05\/malahierba-aceite-oliva-virgen-extra-villa-retiro-fran-lopez-1024x731.jpg 1024w, https:\/\/hotelvillaretiro.com\/wp-content\/uploads\/2024\/05\/malahierba-aceite-oliva-virgen-extra-villa-retiro-fran-lopez-300x214.jpg 300w, https:\/\/hotelvillaretiro.com\/wp-content\/uploads\/2024\/05\/malahierba-aceite-oliva-virgen-extra-villa-retiro-fran-lopez-768x548.jpg 768w, https:\/\/hotelvillaretiro.com\/wp-content\/uploads\/2024\/05\/malahierba-aceite-oliva-virgen-extra-villa-retiro-fran-lopez.jpg 1200w\" sizes=\"(max-width: 800px) 100vw, 800px\" \/>\t\t\t\t\t\t\t\t\t\t\t\t\t\t\t<\/div>\n\t\t\t\t<\/div>\n\t\t\t\t\t<\/div>\n\t\t<\/div>\n\t\t\t\t\t<\/div>\n\t\t<\/section>\n\t\t\t\t<section class=\"elementor-section elementor-top-section elementor-element elementor-element-75bfb27 elementor-section-boxed elementor-section-height-default elementor-section-height-default\" data-id=\"75bfb27\" data-element_type=\"section\" data-e-type=\"section\">\n\t\t\t\t\t\t<div class=\"elementor-container elementor-column-gap-default\">\n\t\t\t\t\t<div class=\"elementor-column elementor-col-50 elementor-top-column elementor-element elementor-element-4668dd6\" data-id=\"4668dd6\" data-element_type=\"column\" data-e-type=\"column\">\n\t\t\t<div class=\"elementor-widget-wrap elementor-element-populated\">\n\t\t\t\t\t\t<div class=\"elementor-element elementor-element-0e9e6d0 elementor-widget elementor-widget-heading\" data-id=\"0e9e6d0\" data-element_type=\"widget\" data-e-type=\"widget\" data-widget_type=\"heading.default\">\n\t\t\t\t<div class=\"elementor-widget-container\">\n\t\t\t\t\t<h3 class=\"elementor-heading-title elementor-size-default\">Le potager<\/h3>\t\t\t\t<\/div>\n\t\t\t\t<\/div>\n\t\t\t\t\t<\/div>\n\t\t<\/div>\n\t\t\t\t<div class=\"elementor-column elementor-col-50 elementor-top-column elementor-element elementor-element-8effd52\" data-id=\"8effd52\" data-element_type=\"column\" data-e-type=\"column\">\n\t\t\t<div class=\"elementor-widget-wrap\">\n\t\t\t\t\t\t\t<\/div>\n\t\t<\/div>\n\t\t\t\t\t<\/div>\n\t\t<\/section>\n\t\t\t\t<section class=\"elementor-section elementor-top-section elementor-element elementor-element-b25a7e7 elementor-section-boxed elementor-section-height-default elementor-section-height-default\" data-id=\"b25a7e7\" data-element_type=\"section\" data-e-type=\"section\">\n\t\t\t\t\t\t<div class=\"elementor-container elementor-column-gap-extended\">\n\t\t\t\t\t<div class=\"elementor-column elementor-col-33 elementor-top-column elementor-element elementor-element-42c030c\" data-id=\"42c030c\" data-element_type=\"column\" data-e-type=\"column\">\n\t\t\t<div class=\"elementor-widget-wrap elementor-element-populated\">\n\t\t\t\t\t\t<div class=\"elementor-element elementor-element-cea07db elementor-widget elementor-widget-text-editor\" data-id=\"cea07db\" data-element_type=\"widget\" data-e-type=\"widget\" data-widget_type=\"text-editor.default\">\n\t\t\t\t<div class=\"elementor-widget-container\">\n\t\t\t\t\t\t\t\t\t<p>\u00c0 la Villa Retiro, notre lien avec la nature et notre engagement en faveur de l&rsquo;excellence culinaire vont de pair. Dans le cadre de cette philosophie, nous disposons d&rsquo;un jardin biologique o\u00f9 nous cultivons une grande vari\u00e9t\u00e9 de l\u00e9gumes et de fruits de saison. Ce jardin n&rsquo;est pas seulement une source d&rsquo;ingr\u00e9dients frais et de qualit\u00e9 sup\u00e9rieure pour notre prestigieux restaurant Michelin, mais il constitue \u00e9galement une ressource p\u00e9dagogique pr\u00e9cieuse pour notre \u00e9cole de cuisine.<\/p>\t\t\t\t\t\t\t\t<\/div>\n\t\t\t\t<\/div>\n\t\t\t\t\t<\/div>\n\t\t<\/div>\n\t\t\t\t<div class=\"elementor-column elementor-col-33 elementor-top-column elementor-element elementor-element-05f3de8\" data-id=\"05f3de8\" data-element_type=\"column\" data-e-type=\"column\">\n\t\t\t<div class=\"elementor-widget-wrap elementor-element-populated\">\n\t\t\t\t\t\t<div class=\"elementor-element elementor-element-56d5c69 elementor-widget elementor-widget-text-editor\" data-id=\"56d5c69\" data-element_type=\"widget\" data-e-type=\"widget\" data-widget_type=\"text-editor.default\">\n\t\t\t\t<div class=\"elementor-widget-container\">\n\t\t\t\t\t\t\t\t\t<p>Chaque ingr\u00e9dient cultiv\u00e9 dans notre jardin est soigneusement <strong>s\u00e9lectionn\u00e9 et cultiv\u00e9 avec passion et d\u00e9vouement<\/strong>.<br \/>Des tendres feuilles d&rsquo;\u00e9pinards aux tomates m\u00fbres et savoureuses, chaque produit est r\u00e9colt\u00e9 \u00e0 sa maturit\u00e9 optimale, ce qui garantit une saveur et une fra\u00eecheur maximales dans tous les plats que nous servons dans notre restaurant.<\/p>\t\t\t\t\t\t\t\t<\/div>\n\t\t\t\t<\/div>\n\t\t\t\t\t<\/div>\n\t\t<\/div>\n\t\t\t\t<div class=\"elementor-column elementor-col-33 elementor-top-column elementor-element elementor-element-8d97e88\" data-id=\"8d97e88\" data-element_type=\"column\" data-e-type=\"column\">\n\t\t\t<div class=\"elementor-widget-wrap elementor-element-populated\">\n\t\t\t\t\t\t<div class=\"elementor-element elementor-element-f631f7a elementor-widget elementor-widget-text-editor\" data-id=\"f631f7a\" data-element_type=\"widget\" data-e-type=\"widget\" data-widget_type=\"text-editor.default\">\n\t\t\t\t<div class=\"elementor-widget-container\">\n\t\t\t\t\t\t\t\t\t<p>Cette <strong>relation \u00e9troite entre notre potager, notre restaurant Michelin et notre \u00e9cole de cuisine refl\u00e8te notre engagement en faveur de la durabilit\u00e9, de la qualit\u00e9 et de l&rsquo;innovation dans le domaine de la gastronomie<\/strong>. Elle t\u00e9moigne de notre volont\u00e9 d&rsquo;offrir des exp\u00e9riences culinaires exceptionnelles, o\u00f9 chaque bouch\u00e9e raconte l&rsquo;histoire d&rsquo;une passion pour la cuisine et d&rsquo;un amour pour les ingr\u00e9dients locaux et de saison.<\/p>\t\t\t\t\t\t\t\t<\/div>\n\t\t\t\t<\/div>\n\t\t\t\t\t<\/div>\n\t\t<\/div>\n\t\t\t\t\t<\/div>\n\t\t<\/section>\n\t\t\t\t<\/div>\n\t\t","protected":false},"excerpt":{"rendered":"<p>Durabilit\u00e9 Depuis 2023, nous fabriquons notre propre huile d&rsquo;arbequina \u00e0 100 %, appel\u00e9e MALAHIERBA. La \u00ab MALAHIERBA\u00bb est une plante sauvage qui pousse dans une culture contr\u00f4l\u00e9e ou dans un endroit non d\u00e9sir\u00e9.Nos oliviers sont cultiv\u00e9s selon l&rsquo;id\u00e9e de l&rsquo;agriculture r\u00e9g\u00e9n\u00e9ratrice, en respectant ces mauvaises herbes qui peuvent sembler ind\u00e9sirables, en profitant d&rsquo;elles pour drainer [&hellip;]<\/p>\n","protected":false},"author":1,"featured_media":0,"parent":0,"menu_order":0,"comment_status":"closed","ping_status":"closed","template":"","meta":{"inline_featured_image":false,"footnotes":""},"class_list":["post-52209","page","type-page","status-publish","hentry"],"yoast_head":"<!-- This site is optimized with the Yoast SEO plugin v27.2 - https:\/\/yoast.com\/product\/yoast-seo-wordpress\/ -->\n<title>Durabilit\u00e9 - Hotel Villa Retiro<\/title>\n<meta name=\"robots\" content=\"index, follow, max-snippet:-1, max-image-preview:large, max-video-preview:-1\" \/>\n<link rel=\"canonical\" href=\"https:\/\/hotelvillaretiro.com\/fr\/durabilite\/\" \/>\n<meta property=\"og:locale\" content=\"fr_FR\" \/>\n<meta property=\"og:type\" content=\"article\" \/>\n<meta property=\"og:title\" content=\"Durabilit\u00e9 - Hotel Villa Retiro\" \/>\n<meta property=\"og:description\" content=\"Durabilit\u00e9 Depuis 2023, nous fabriquons notre propre huile d&rsquo;arbequina \u00e0 100 %, appel\u00e9e MALAHIERBA. La \u00ab MALAHIERBA\u00bb est une plante sauvage qui pousse dans une culture contr\u00f4l\u00e9e ou dans un endroit non d\u00e9sir\u00e9.Nos oliviers sont cultiv\u00e9s selon l&rsquo;id\u00e9e de l&rsquo;agriculture r\u00e9g\u00e9n\u00e9ratrice, en respectant ces mauvaises herbes qui peuvent sembler ind\u00e9sirables, en profitant d&rsquo;elles pour drainer [&hellip;]\" \/>\n<meta property=\"og:url\" content=\"https:\/\/hotelvillaretiro.com\/fr\/durabilite\/\" \/>\n<meta property=\"og:site_name\" content=\"Hotel Villa Retiro\" \/>\n<meta property=\"article:modified_time\" content=\"2024-06-03T09:40:10+00:00\" \/>\n<meta property=\"og:image\" content=\"https:\/\/hotelvillaretiro.com\/wp-content\/uploads\/2024\/05\/logo-malahierba-1.png\" \/>\n<meta name=\"twitter:card\" content=\"summary_large_image\" \/>\n<meta name=\"twitter:label1\" content=\"Dur\u00e9e de lecture estim\u00e9e\" \/>\n\t<meta name=\"twitter:data1\" content=\"3 minutes\" \/>\n<script type=\"application\/ld+json\" class=\"yoast-schema-graph\">{\"@context\":\"https:\/\/schema.org\",\"@graph\":[{\"@type\":\"WebPage\",\"@id\":\"https:\/\/hotelvillaretiro.com\/fr\/durabilite\/\",\"url\":\"https:\/\/hotelvillaretiro.com\/fr\/durabilite\/\",\"name\":\"Durabilit\u00e9 - Hotel Villa Retiro\",\"isPartOf\":{\"@id\":\"https:\/\/hotelvillaretiro.com\/#website\"},\"primaryImageOfPage\":{\"@id\":\"https:\/\/hotelvillaretiro.com\/fr\/durabilite\/#primaryimage\"},\"image\":{\"@id\":\"https:\/\/hotelvillaretiro.com\/fr\/durabilite\/#primaryimage\"},\"thumbnailUrl\":\"https:\/\/hotelvillaretiro.com\/wp-content\/uploads\/2024\/05\/logo-malahierba-1.png\",\"datePublished\":\"2024-05-31T09:25:06+00:00\",\"dateModified\":\"2024-06-03T09:40:10+00:00\",\"breadcrumb\":{\"@id\":\"https:\/\/hotelvillaretiro.com\/fr\/durabilite\/#breadcrumb\"},\"inLanguage\":\"fr-FR\",\"potentialAction\":[{\"@type\":\"ReadAction\",\"target\":[\"https:\/\/hotelvillaretiro.com\/fr\/durabilite\/\"]}]},{\"@type\":\"ImageObject\",\"inLanguage\":\"fr-FR\",\"@id\":\"https:\/\/hotelvillaretiro.com\/fr\/durabilite\/#primaryimage\",\"url\":\"https:\/\/hotelvillaretiro.com\/wp-content\/uploads\/2024\/05\/logo-malahierba-1.png\",\"contentUrl\":\"https:\/\/hotelvillaretiro.com\/wp-content\/uploads\/2024\/05\/logo-malahierba-1.png\"},{\"@type\":\"BreadcrumbList\",\"@id\":\"https:\/\/hotelvillaretiro.com\/fr\/durabilite\/#breadcrumb\",\"itemListElement\":[{\"@type\":\"ListItem\",\"position\":1,\"name\":\"Portada\",\"item\":\"https:\/\/hotelvillaretiro.com\/fr\/elementor-40227\/\"},{\"@type\":\"ListItem\",\"position\":2,\"name\":\"Durabilit\u00e9\"}]},{\"@type\":\"WebSite\",\"@id\":\"https:\/\/hotelvillaretiro.com\/#website\",\"url\":\"https:\/\/hotelvillaretiro.com\/\",\"name\":\"Hotel Villa Retiro\",\"description\":\"Hotel de 5 estrellas en les Terres de l&#039;Ebre\",\"publisher\":{\"@id\":\"https:\/\/hotelvillaretiro.com\/#organization\"},\"potentialAction\":[{\"@type\":\"SearchAction\",\"target\":{\"@type\":\"EntryPoint\",\"urlTemplate\":\"https:\/\/hotelvillaretiro.com\/?s={search_term_string}\"},\"query-input\":{\"@type\":\"PropertyValueSpecification\",\"valueRequired\":true,\"valueName\":\"search_term_string\"}}],\"inLanguage\":\"fr-FR\"},{\"@type\":\"Organization\",\"@id\":\"https:\/\/hotelvillaretiro.com\/#organization\",\"name\":\"Hotel Villa Retiro\",\"url\":\"https:\/\/hotelvillaretiro.com\/\",\"logo\":{\"@type\":\"ImageObject\",\"inLanguage\":\"fr-FR\",\"@id\":\"https:\/\/hotelvillaretiro.com\/#\/schema\/logo\/image\/\",\"url\":\"https:\/\/hotelvillaretiro.com\/wp-content\/uploads\/2025\/02\/hotel-villa-retiro-logo.svg\",\"contentUrl\":\"https:\/\/hotelvillaretiro.com\/wp-content\/uploads\/2025\/02\/hotel-villa-retiro-logo.svg\",\"width\":1358,\"height\":850,\"caption\":\"Hotel Villa Retiro\"},\"image\":{\"@id\":\"https:\/\/hotelvillaretiro.com\/#\/schema\/logo\/image\/\"}}]}<\/script>\n<!-- \/ Yoast SEO plugin. -->","yoast_head_json":{"title":"Durabilit\u00e9 - Hotel Villa Retiro","robots":{"index":"index","follow":"follow","max-snippet":"max-snippet:-1","max-image-preview":"max-image-preview:large","max-video-preview":"max-video-preview:-1"},"canonical":"https:\/\/hotelvillaretiro.com\/fr\/durabilite\/","og_locale":"fr_FR","og_type":"article","og_title":"Durabilit\u00e9 - Hotel Villa Retiro","og_description":"Durabilit\u00e9 Depuis 2023, nous fabriquons notre propre huile d&rsquo;arbequina \u00e0 100 %, appel\u00e9e MALAHIERBA. La \u00ab MALAHIERBA\u00bb est une plante sauvage qui pousse dans une culture contr\u00f4l\u00e9e ou dans un endroit non d\u00e9sir\u00e9.Nos oliviers sont cultiv\u00e9s selon l&rsquo;id\u00e9e de l&rsquo;agriculture r\u00e9g\u00e9n\u00e9ratrice, en respectant ces mauvaises herbes qui peuvent sembler ind\u00e9sirables, en profitant d&rsquo;elles pour drainer [&hellip;]","og_url":"https:\/\/hotelvillaretiro.com\/fr\/durabilite\/","og_site_name":"Hotel Villa Retiro","article_modified_time":"2024-06-03T09:40:10+00:00","og_image":[{"url":"https:\/\/hotelvillaretiro.com\/wp-content\/uploads\/2024\/05\/logo-malahierba-1.png","type":"","width":"","height":""}],"twitter_card":"summary_large_image","twitter_misc":{"Dur\u00e9e de lecture estim\u00e9e":"3 minutes"},"schema":{"@context":"https:\/\/schema.org","@graph":[{"@type":"WebPage","@id":"https:\/\/hotelvillaretiro.com\/fr\/durabilite\/","url":"https:\/\/hotelvillaretiro.com\/fr\/durabilite\/","name":"Durabilit\u00e9 - Hotel Villa Retiro","isPartOf":{"@id":"https:\/\/hotelvillaretiro.com\/#website"},"primaryImageOfPage":{"@id":"https:\/\/hotelvillaretiro.com\/fr\/durabilite\/#primaryimage"},"image":{"@id":"https:\/\/hotelvillaretiro.com\/fr\/durabilite\/#primaryimage"},"thumbnailUrl":"https:\/\/hotelvillaretiro.com\/wp-content\/uploads\/2024\/05\/logo-malahierba-1.png","datePublished":"2024-05-31T09:25:06+00:00","dateModified":"2024-06-03T09:40:10+00:00","breadcrumb":{"@id":"https:\/\/hotelvillaretiro.com\/fr\/durabilite\/#breadcrumb"},"inLanguage":"fr-FR","potentialAction":[{"@type":"ReadAction","target":["https:\/\/hotelvillaretiro.com\/fr\/durabilite\/"]}]},{"@type":"ImageObject","inLanguage":"fr-FR","@id":"https:\/\/hotelvillaretiro.com\/fr\/durabilite\/#primaryimage","url":"https:\/\/hotelvillaretiro.com\/wp-content\/uploads\/2024\/05\/logo-malahierba-1.png","contentUrl":"https:\/\/hotelvillaretiro.com\/wp-content\/uploads\/2024\/05\/logo-malahierba-1.png"},{"@type":"BreadcrumbList","@id":"https:\/\/hotelvillaretiro.com\/fr\/durabilite\/#breadcrumb","itemListElement":[{"@type":"ListItem","position":1,"name":"Portada","item":"https:\/\/hotelvillaretiro.com\/fr\/elementor-40227\/"},{"@type":"ListItem","position":2,"name":"Durabilit\u00e9"}]},{"@type":"WebSite","@id":"https:\/\/hotelvillaretiro.com\/#website","url":"https:\/\/hotelvillaretiro.com\/","name":"Hotel Villa Retiro","description":"Hotel de 5 estrellas en les Terres de l&#039;Ebre","publisher":{"@id":"https:\/\/hotelvillaretiro.com\/#organization"},"potentialAction":[{"@type":"SearchAction","target":{"@type":"EntryPoint","urlTemplate":"https:\/\/hotelvillaretiro.com\/?s={search_term_string}"},"query-input":{"@type":"PropertyValueSpecification","valueRequired":true,"valueName":"search_term_string"}}],"inLanguage":"fr-FR"},{"@type":"Organization","@id":"https:\/\/hotelvillaretiro.com\/#organization","name":"Hotel Villa Retiro","url":"https:\/\/hotelvillaretiro.com\/","logo":{"@type":"ImageObject","inLanguage":"fr-FR","@id":"https:\/\/hotelvillaretiro.com\/#\/schema\/logo\/image\/","url":"https:\/\/hotelvillaretiro.com\/wp-content\/uploads\/2025\/02\/hotel-villa-retiro-logo.svg","contentUrl":"https:\/\/hotelvillaretiro.com\/wp-content\/uploads\/2025\/02\/hotel-villa-retiro-logo.svg","width":1358,"height":850,"caption":"Hotel Villa Retiro"},"image":{"@id":"https:\/\/hotelvillaretiro.com\/#\/schema\/logo\/image\/"}}]}},"_links":{"self":[{"href":"https:\/\/hotelvillaretiro.com\/fr\/wp-json\/wp\/v2\/pages\/52209","targetHints":{"allow":["GET"]}}],"collection":[{"href":"https:\/\/hotelvillaretiro.com\/fr\/wp-json\/wp\/v2\/pages"}],"about":[{"href":"https:\/\/hotelvillaretiro.com\/fr\/wp-json\/wp\/v2\/types\/page"}],"author":[{"embeddable":true,"href":"https:\/\/hotelvillaretiro.com\/fr\/wp-json\/wp\/v2\/users\/1"}],"replies":[{"embeddable":true,"href":"https:\/\/hotelvillaretiro.com\/fr\/wp-json\/wp\/v2\/comments?post=52209"}],"version-history":[{"count":0,"href":"https:\/\/hotelvillaretiro.com\/fr\/wp-json\/wp\/v2\/pages\/52209\/revisions"}],"wp:attachment":[{"href":"https:\/\/hotelvillaretiro.com\/fr\/wp-json\/wp\/v2\/media?parent=52209"}],"curies":[{"name":"wp","href":"https:\/\/api.w.org\/{rel}","templated":true}]}}