{"id":5227,"date":"2016-03-21T12:58:39","date_gmt":"2016-03-21T11:58:39","guid":{"rendered":"http:\/\/hotelvillaretiro.com\/aviso-legal\/?lang=fr"},"modified":"2016-07-19T11:55:52","modified_gmt":"2016-07-19T10:55:52","slug":"mentions-legales","status":"publish","type":"page","link":"https:\/\/hotelvillaretiro.com\/fr\/mentions-legales\/","title":{"rendered":"Mentions l\u00e9gales"},"content":{"rendered":"<p>[vc_row][vc_column width=\u00a0\u00bb1\/2&Prime; css=\u00a0\u00bb.vc_custom_1458630814388{padding-right: 3% !important;}\u00a0\u00bb][vc_column_text]Ce site a \u00e9t\u00e9 cr\u00e9\u00e9 par la soci\u00e9t\u00e9 H\u00d4TEL VILLA RETIRO\u00a0S.L. \u00e0 des fins d&rsquo;information et pour un usage personnel des utilisateurs. A travers\u00a0cet avis juridique,\u00a0est destin\u00e9 \u00e0 r\u00e9glementer l&rsquo;acc\u00e8s et l&rsquo;utilisation de ce site ainsi que la relation entre le site et ses utilisateurs. En acc\u00e9dant \u00e0 ce site web les conditions suivantes sont accept\u00e9es: L&rsquo;acc\u00e8s \u00e0 ce site est de la seule responsabilit\u00e9 des utilisateurs.<\/p>\n<p>L&rsquo;acc\u00e8s simple \u00e0 ce site Web ne comporte aucune relation commerciale entre H\u00d4TEL VILLA RETIRO S.L. et l&rsquo;utilisateur.<\/p>\n<p>L&rsquo;acc\u00e8s et la navigation dans ce site implique l&rsquo;acceptation et la connaissance des avertissements l\u00e9gaux, conditions et modalit\u00e9s d&rsquo;utilisation qui y sont contenues.<\/p>\n<p>Le propri\u00e9taire du site peut offrir des services ou des produits qui peuvent \u00eatre soumis \u00e0 certaines conditions particuli\u00e8res qui, selon le cas, de remplacer, compl\u00e8te et\/ou modifier les pr\u00e9sentes conditions, et qui en informent l&rsquo;utilisateur dans chaque cas.[\/vc_column_text][\/vc_column][vc_column width=\u00a0\u00bb1\/2&Prime;][vc_column_text]Conform\u00e9ment \u00e0 l&rsquo;article 10 de la loi 34\/2002, du 11 Juillet, les services de la Soci\u00e9t\u00e9 et de l&rsquo;information \u00e9lectronique Commerce (LSSICE) les donn\u00e9es d&rsquo;identification de la soci\u00e9t\u00e9 sont expos\u00e9es ci-apr\u00e8s.<\/p>\n<p><strong>Nom de l&rsquo;entreprise:<\/strong>\u00a0HOTEL VILLA RETIRO S.L.<\/p>\n<p><strong>Num\u00e9ro d&rsquo;immatriculation de l&rsquo;entreprise:<\/strong>\u00a0B-43733294<\/p>\n<p><strong>Siege fiscal:<\/strong>\u00a0Avda. Catalunya, 328,\u00a043896 L&rsquo;Aldea (Tarragona)<\/p>\n<p>Inscrite dans le Registro Mercantil de Tarragona: Tomo 1904 Libro 0 Folio 47 Section 8 Fiche Date 1ere T27271 d&rsquo;inscription 17\/11\/2003<\/p>\n<p><strong>NIRTC HTE-000810<\/strong><\/p>\n<p><strong>Courriel:\u00a0<\/strong>reservas@hotelvillaretiro.com<\/p>\n<p><strong>T\u00e9l\u00e9phone:\u00a0<\/strong>+34 977473810<\/p>\n<p><strong>Fax:\u00a0<\/strong>+34 977473320[\/vc_column_text][\/vc_column][\/vc_row][vc_row css=\u00a0\u00bb.vc_custom_1458630866411{padding-top: 5% !important;}\u00a0\u00bb][vc_column][vc_column_text]<strong>MENTIONS L\u00c9GALES \u00c9COLE DE CUISINE VILLA RETIRO<\/strong>: Les informations contenues dans cet e-mail est confidentiel et ne peut \u00eatre r\u00e9serv\u00e9 caract\u00e8re. Il est destin\u00e9 uniquement pour le destinataire. L&rsquo;acc\u00e8s ou l&rsquo;utilisation de ce message de toute autre personne qui n&rsquo;a pas autoris\u00e9 peut \u00eatre ill\u00e9gale. S&rsquo;il est pas. Le destinataire, s&rsquo;il vous pla\u00eet proc\u00e9der pour supprimer son contenu.<\/p>\n<p>En vertu de la loi 15\/1999, du 13 D\u00e9cembre, nous vous informons que votre adresse e-mail fait partie d&rsquo;un fichier appartenant ESCUELA DE COCINA VILLA RETIRO, S.L. NIF B-55669899, \u200b\u200binscrit au registre du commerce de Tarragone, le volume 2908, folio 82, feuille t48990, une inscription dat\u00e9e du 11\/09\/2015, dans le but de maintenir le contact avec vous. En ce qui concerne les services formation dispens\u00e9e. Si vous voulez opposition, d&rsquo;acc\u00e8s, modifier ou supprimer vos donn\u00e9es, vous pouvez \u00e9crire \u00e0 Cooking School Fran Lopez, C \/ Molins, 2, 43592, Xerta, Tarragone, Espagne, ou envoyer un courriel \u00e0 escuela@hotelvillaretiro.com.[\/vc_column_text][\/vc_column][\/vc_row]<\/p>\n","protected":false},"excerpt":{"rendered":"<p>[vc_row][vc_column width=\u00a0\u00bb1\/2&Prime; css=\u00a0\u00bb.vc_custom_1458630814388{padding-right: 3% !important;}\u00a0\u00bb][vc_column_text]Ce site a \u00e9t\u00e9 cr\u00e9\u00e9 par la soci\u00e9t\u00e9 H\u00d4TEL VILLA RETIRO\u00a0S.L. \u00e0 des fins d&rsquo;information et pour un usage personnel des utilisateurs. A travers\u00a0cet avis juridique,\u00a0est destin\u00e9 \u00e0 r\u00e9glementer l&rsquo;acc\u00e8s et l&rsquo;utilisation de ce site ainsi que la relation entre le site et ses utilisateurs. En acc\u00e9dant \u00e0 ce site web [&hellip;]<\/p>\n","protected":false},"author":1,"featured_media":0,"parent":0,"menu_order":0,"comment_status":"closed","ping_status":"closed","template":"","meta":{"inline_featured_image":false,"footnotes":""},"class_list":["post-5227","page","type-page","status-publish","hentry"],"yoast_head":"<!-- This site is optimized with the Yoast SEO plugin v27.2 - https:\/\/yoast.com\/product\/yoast-seo-wordpress\/ -->\n<title>Mentions l\u00e9gales - Hotel Villa Retiro<\/title>\n<meta name=\"robots\" content=\"index, follow, max-snippet:-1, max-image-preview:large, max-video-preview:-1\" \/>\n<link rel=\"canonical\" href=\"https:\/\/hotelvillaretiro.com\/fr\/mentions-legales\/\" \/>\n<meta property=\"og:locale\" content=\"fr_FR\" \/>\n<meta property=\"og:type\" content=\"article\" \/>\n<meta property=\"og:title\" content=\"Mentions l\u00e9gales - Hotel Villa Retiro\" \/>\n<meta property=\"og:description\" content=\"[vc_row][vc_column width=\u00a0\u00bb1\/2&Prime; css=\u00a0\u00bb.vc_custom_1458630814388{padding-right: 3% !important;}\u00a0\u00bb][vc_column_text]Ce site a \u00e9t\u00e9 cr\u00e9\u00e9 par la soci\u00e9t\u00e9 H\u00d4TEL VILLA RETIRO\u00a0S.L. \u00e0 des fins d&rsquo;information et pour un usage personnel des utilisateurs. A travers\u00a0cet avis juridique,\u00a0est destin\u00e9 \u00e0 r\u00e9glementer l&rsquo;acc\u00e8s et l&rsquo;utilisation de ce site ainsi que la relation entre le site et ses utilisateurs. En acc\u00e9dant \u00e0 ce site web [&hellip;]\" \/>\n<meta property=\"og:url\" content=\"https:\/\/hotelvillaretiro.com\/fr\/mentions-legales\/\" \/>\n<meta property=\"og:site_name\" content=\"Hotel Villa Retiro\" \/>\n<meta property=\"article:modified_time\" content=\"2016-07-19T10:55:52+00:00\" \/>\n<meta name=\"twitter:card\" content=\"summary_large_image\" \/>\n<meta name=\"twitter:label1\" content=\"Dur\u00e9e de lecture estim\u00e9e\" \/>\n\t<meta name=\"twitter:data1\" content=\"2 minutes\" \/>\n<script type=\"application\/ld+json\" class=\"yoast-schema-graph\">{\"@context\":\"https:\/\/schema.org\",\"@graph\":[{\"@type\":\"WebPage\",\"@id\":\"https:\/\/hotelvillaretiro.com\/fr\/mentions-legales\/\",\"url\":\"https:\/\/hotelvillaretiro.com\/fr\/mentions-legales\/\",\"name\":\"Mentions l\u00e9gales - Hotel Villa Retiro\",\"isPartOf\":{\"@id\":\"https:\/\/hotelvillaretiro.com\/#website\"},\"datePublished\":\"2016-03-21T11:58:39+00:00\",\"dateModified\":\"2016-07-19T10:55:52+00:00\",\"breadcrumb\":{\"@id\":\"https:\/\/hotelvillaretiro.com\/fr\/mentions-legales\/#breadcrumb\"},\"inLanguage\":\"fr-FR\",\"potentialAction\":[{\"@type\":\"ReadAction\",\"target\":[\"https:\/\/hotelvillaretiro.com\/fr\/mentions-legales\/\"]}]},{\"@type\":\"BreadcrumbList\",\"@id\":\"https:\/\/hotelvillaretiro.com\/fr\/mentions-legales\/#breadcrumb\",\"itemListElement\":[{\"@type\":\"ListItem\",\"position\":1,\"name\":\"Portada\",\"item\":\"https:\/\/hotelvillaretiro.com\/fr\/elementor-40227\/\"},{\"@type\":\"ListItem\",\"position\":2,\"name\":\"Mentions l\u00e9gales\"}]},{\"@type\":\"WebSite\",\"@id\":\"https:\/\/hotelvillaretiro.com\/#website\",\"url\":\"https:\/\/hotelvillaretiro.com\/\",\"name\":\"Hotel Villa Retiro\",\"description\":\"Hotel de 5 estrellas en les Terres de l&#039;Ebre\",\"publisher\":{\"@id\":\"https:\/\/hotelvillaretiro.com\/#organization\"},\"potentialAction\":[{\"@type\":\"SearchAction\",\"target\":{\"@type\":\"EntryPoint\",\"urlTemplate\":\"https:\/\/hotelvillaretiro.com\/?s={search_term_string}\"},\"query-input\":{\"@type\":\"PropertyValueSpecification\",\"valueRequired\":true,\"valueName\":\"search_term_string\"}}],\"inLanguage\":\"fr-FR\"},{\"@type\":\"Organization\",\"@id\":\"https:\/\/hotelvillaretiro.com\/#organization\",\"name\":\"Hotel Villa Retiro\",\"url\":\"https:\/\/hotelvillaretiro.com\/\",\"logo\":{\"@type\":\"ImageObject\",\"inLanguage\":\"fr-FR\",\"@id\":\"https:\/\/hotelvillaretiro.com\/#\/schema\/logo\/image\/\",\"url\":\"https:\/\/hotelvillaretiro.com\/wp-content\/uploads\/2025\/02\/hotel-villa-retiro-logo.svg\",\"contentUrl\":\"https:\/\/hotelvillaretiro.com\/wp-content\/uploads\/2025\/02\/hotel-villa-retiro-logo.svg\",\"width\":1358,\"height\":850,\"caption\":\"Hotel Villa Retiro\"},\"image\":{\"@id\":\"https:\/\/hotelvillaretiro.com\/#\/schema\/logo\/image\/\"}}]}<\/script>\n<!-- \/ Yoast SEO plugin. -->","yoast_head_json":{"title":"Mentions l\u00e9gales - Hotel Villa Retiro","robots":{"index":"index","follow":"follow","max-snippet":"max-snippet:-1","max-image-preview":"max-image-preview:large","max-video-preview":"max-video-preview:-1"},"canonical":"https:\/\/hotelvillaretiro.com\/fr\/mentions-legales\/","og_locale":"fr_FR","og_type":"article","og_title":"Mentions l\u00e9gales - Hotel Villa Retiro","og_description":"[vc_row][vc_column width=\u00a0\u00bb1\/2&Prime; css=\u00a0\u00bb.vc_custom_1458630814388{padding-right: 3% !important;}\u00a0\u00bb][vc_column_text]Ce site a \u00e9t\u00e9 cr\u00e9\u00e9 par la soci\u00e9t\u00e9 H\u00d4TEL VILLA RETIRO\u00a0S.L. \u00e0 des fins d&rsquo;information et pour un usage personnel des utilisateurs. A travers\u00a0cet avis juridique,\u00a0est destin\u00e9 \u00e0 r\u00e9glementer l&rsquo;acc\u00e8s et l&rsquo;utilisation de ce site ainsi que la relation entre le site et ses utilisateurs. En acc\u00e9dant \u00e0 ce site web [&hellip;]","og_url":"https:\/\/hotelvillaretiro.com\/fr\/mentions-legales\/","og_site_name":"Hotel Villa Retiro","article_modified_time":"2016-07-19T10:55:52+00:00","twitter_card":"summary_large_image","twitter_misc":{"Dur\u00e9e de lecture estim\u00e9e":"2 minutes"},"schema":{"@context":"https:\/\/schema.org","@graph":[{"@type":"WebPage","@id":"https:\/\/hotelvillaretiro.com\/fr\/mentions-legales\/","url":"https:\/\/hotelvillaretiro.com\/fr\/mentions-legales\/","name":"Mentions l\u00e9gales - Hotel Villa Retiro","isPartOf":{"@id":"https:\/\/hotelvillaretiro.com\/#website"},"datePublished":"2016-03-21T11:58:39+00:00","dateModified":"2016-07-19T10:55:52+00:00","breadcrumb":{"@id":"https:\/\/hotelvillaretiro.com\/fr\/mentions-legales\/#breadcrumb"},"inLanguage":"fr-FR","potentialAction":[{"@type":"ReadAction","target":["https:\/\/hotelvillaretiro.com\/fr\/mentions-legales\/"]}]},{"@type":"BreadcrumbList","@id":"https:\/\/hotelvillaretiro.com\/fr\/mentions-legales\/#breadcrumb","itemListElement":[{"@type":"ListItem","position":1,"name":"Portada","item":"https:\/\/hotelvillaretiro.com\/fr\/elementor-40227\/"},{"@type":"ListItem","position":2,"name":"Mentions l\u00e9gales"}]},{"@type":"WebSite","@id":"https:\/\/hotelvillaretiro.com\/#website","url":"https:\/\/hotelvillaretiro.com\/","name":"Hotel Villa Retiro","description":"Hotel de 5 estrellas en les Terres de l&#039;Ebre","publisher":{"@id":"https:\/\/hotelvillaretiro.com\/#organization"},"potentialAction":[{"@type":"SearchAction","target":{"@type":"EntryPoint","urlTemplate":"https:\/\/hotelvillaretiro.com\/?s={search_term_string}"},"query-input":{"@type":"PropertyValueSpecification","valueRequired":true,"valueName":"search_term_string"}}],"inLanguage":"fr-FR"},{"@type":"Organization","@id":"https:\/\/hotelvillaretiro.com\/#organization","name":"Hotel Villa Retiro","url":"https:\/\/hotelvillaretiro.com\/","logo":{"@type":"ImageObject","inLanguage":"fr-FR","@id":"https:\/\/hotelvillaretiro.com\/#\/schema\/logo\/image\/","url":"https:\/\/hotelvillaretiro.com\/wp-content\/uploads\/2025\/02\/hotel-villa-retiro-logo.svg","contentUrl":"https:\/\/hotelvillaretiro.com\/wp-content\/uploads\/2025\/02\/hotel-villa-retiro-logo.svg","width":1358,"height":850,"caption":"Hotel Villa Retiro"},"image":{"@id":"https:\/\/hotelvillaretiro.com\/#\/schema\/logo\/image\/"}}]}},"_links":{"self":[{"href":"https:\/\/hotelvillaretiro.com\/fr\/wp-json\/wp\/v2\/pages\/5227","targetHints":{"allow":["GET"]}}],"collection":[{"href":"https:\/\/hotelvillaretiro.com\/fr\/wp-json\/wp\/v2\/pages"}],"about":[{"href":"https:\/\/hotelvillaretiro.com\/fr\/wp-json\/wp\/v2\/types\/page"}],"author":[{"embeddable":true,"href":"https:\/\/hotelvillaretiro.com\/fr\/wp-json\/wp\/v2\/users\/1"}],"replies":[{"embeddable":true,"href":"https:\/\/hotelvillaretiro.com\/fr\/wp-json\/wp\/v2\/comments?post=5227"}],"version-history":[{"count":0,"href":"https:\/\/hotelvillaretiro.com\/fr\/wp-json\/wp\/v2\/pages\/5227\/revisions"}],"wp:attachment":[{"href":"https:\/\/hotelvillaretiro.com\/fr\/wp-json\/wp\/v2\/media?parent=5227"}],"curies":[{"name":"wp","href":"https:\/\/api.w.org\/{rel}","templated":true}]}}