{"id":5232,"date":"2016-01-28T23:22:52","date_gmt":"2016-01-28T22:22:52","guid":{"rendered":"http:\/\/hotelvillaretiro.com\/eventos\/?lang=fr"},"modified":"2021-06-01T16:07:06","modified_gmt":"2021-06-01T15:07:06","slug":"evenements","status":"publish","type":"page","link":"https:\/\/hotelvillaretiro.com\/fr\/evenements\/","title":{"rendered":"\u00c9v\u00e9nements"},"content":{"rendered":"<p>[vc_row][vc_column width=\u00a0\u00bb1\/2&Prime; css=\u00a0\u00bb.vc_custom_1456204112639{padding-top: 5% !important;padding-right: 3% !important;padding-bottom: 5% !important;padding-left: 2% !important;}\u00a0\u00bb][cl_heading title=\u00a0\u00bbSp\u00e9cialistes de l&rsquo;\u00e9v\u00e9nement\u00a0\u00bb style=\u00a0\u00bbsingle-line\u00a0\u00bb][vc_column_text]Dans l&rsquo;H\u00f4tel Villa Retiro, nous avons un d\u00e9partement d\u00e9di\u00e9 \u00e0 la cr\u00e9ation et le d\u00e9veloppement de toutes sortes d&rsquo;\u00e9v\u00e9nements tels que les \u00e9v\u00e9nements de famille, sociaux et commerciaux. Nos experts vous\u00a0informerons\u00a0quelles sont les meilleures propositions pour mener \u00e0 bien l&rsquo;\u00e9v\u00e9nement choisi, en fournissant l&rsquo;organisation, le protocole, la sous-traitance, etc.[\/vc_column_text][\/vc_column][vc_column width=\u00a0\u00bb1\/2&Prime; css=\u00a0\u00bb.vc_custom_1456204099904{padding-top: 5% !important;padding-right: 2% !important;padding-bottom: 5% !important;padding-left: 2% !important;}\u00a0\u00bb][cl_heading title=\u00a0\u00bbL&rsquo;organisation\u00a0\u00bb style=\u00a0\u00bbsingle-line\u00a0\u00bb][vc_column_text css=\u00a0\u00bb.vc_custom_1468659444062{padding-bottom: 2% !important;}\u00a0\u00bb]<\/p>\n<div class=\"n diyfeLiveArea\">\n<p>Pour assurer le succ\u00e8s de votre \u00e9v\u00e9nement, l&rsquo;H\u00f4tel Villa Retiro dispose d&rsquo;une \u00e9quipe de sp\u00e9cialistes qui sauront vous conseiller. Le chef du protocole \u00a0sera toujours \u00e0 vos c\u00f4t\u00e9s, vous verrez que vous n&rsquo;avez pas \u00e0 vous soucier des impr\u00e9vus, chronologie, vid\u00e9os, performances ou d&rsquo;autres actions de situation impliquant li\u00e9es \u00e0 l&rsquo;\u00e9v\u00e9nement.<\/p>\n<\/div>\n<p>[\/vc_column_text][\/vc_column][\/vc_row][vc_row full_width=\u00a0\u00bbstretch_row_content_no_spaces\u00a0\u00bb equal_height=\u00a0\u00bbyes\u00a0\u00bb content_placement=\u00a0\u00bbmiddle\u00a0\u00bb el_class=\u00a0\u00bbrow-eq-height\u00a0\u00bb][vc_column width=\u00a0\u00bb2\/3&Prime; css=\u00a0\u00bb.vc_custom_1485370829338{background-image: url(http:\/\/hotelvillaretiro.com\/wp-content\/uploads\/2016\/01\/Hotel-Villa-Retiro-Restaurante-Estrella-Michelin-boda-celebracion-eventos-Ebre-Xerta.jpg?id=6655) !important;background-position: center !important;background-repeat: no-repeat !important;background-size: cover !important;}\u00a0\u00bb][vc_empty_space height=\u00a0\u00bb600px\u00a0\u00bb][\/vc_column][vc_column width=\u00a0\u00bb1\/3&Prime; css=\u00a0\u00bb.vc_custom_1622559965413{padding-top: 5% !important;padding-right: 5% !important;padding-bottom: 5% !important;padding-left: 5% !important;background-color: #481511 !important;}\u00a0\u00bb el_class=\u00a0\u00bbvertical-align\u00a0\u00bb][cl_heading title=\u00a0\u00bbExperts du mariage\u00a0\u00bb style=\u00a0\u00bbsingle-line\u00a0\u00bb color=\u00a0\u00bb#ffffff\u00a0\u00bb][vc_column_text]<span style=\"color: white;\">Planifier, organiser et rendre votre mariage avec l&rsquo;engagement et l&rsquo;exp\u00e9rience de Villa Retiro. Nous avons cr\u00e9\u00e9 une collection de parfaits alli\u00e9s pour r\u00e9pondre aux moindres d\u00e9tails.<\/span>[\/vc_column_text][vc_empty_space][vc_btn title=\u00a0\u00bbVotre mariage parfait\u00a0\u00bb style=\u00a0\u00bboutline-custom\u00a0\u00bb outline_custom_color=\u00a0\u00bb#ffffff\u00a0\u00bb outline_custom_hover_background=\u00a0\u00bb#481511&Prime; outline_custom_hover_text=\u00a0\u00bb#ffffff\u00a0\u00bb link=\u00a0\u00bburl:http%3A%2F%2Fhotelvillaretiro.com%2Fevenements%2Fmariage%2F||target:%20_blank\u00a0\u00bb][\/vc_column][\/vc_row][vc_row][vc_column width=\u00a0\u00bb1\/2&Prime; css=\u00a0\u00bb.vc_custom_1456204613966{padding-top: 4% !important;padding-right: 4% !important;padding-bottom: 4% !important;padding-left: 4% !important;}\u00a0\u00bb][cl_heading title=\u00a0\u00bbEntreprises, foires et administrations\u00a0\u00bb type=\u00a0\u00bbh4&Prime;][vc_separator color=\u00a0\u00bbcustom\u00a0\u00bb align=\u00a0\u00bbalign_left\u00a0\u00bb border_width=\u00a0\u00bb2&Prime; el_width=\u00a0\u00bb20&Prime; accent_color=\u00a0\u00bb#255178&Prime; css=\u00a0\u00bb.vc_custom_1454019869112{padding-bottom: 6% !important;}\u00a0\u00bb][vc_column_text]<span style=\"color: #481511;\"><strong>\u2713 <\/strong> <\/span>Catering Villa Retiro<br \/>\n<span style=\"color: #481511;\"><strong>\u2713 <\/strong> <\/span>Pr\u00e9sentation de produits<br \/>\n<span style=\"color: #481511;\"><strong>\u2713 <\/strong> <\/span>Meetings<br \/>\n<span style=\"color: #481511;\"><strong>\u2713 <\/strong> <\/span>Prix<br \/>\n<span style=\"color: #481511;\"><strong>\u2713 <\/strong> <\/span>Pr\u00e9sentation des ressources humaines<br \/>\n<span style=\"color: #481511;\"><strong>\u2713 <\/strong> <\/span>Entreprises \u00e0 des foires commerciales[\/vc_column_text][vc_empty_space][cl_gallery images=\u00a0\u00bb4374,2889,2875,2882,4375,2878&Prime;][\/vc_column][vc_column width=\u00a0\u00bb1\/2&Prime; css=\u00a0\u00bb.vc_custom_1456177245095{padding-top: 4% !important;padding-right: 4% !important;padding-bottom: 4% !important;padding-left: 4% !important;}\u00a0\u00bb][cl_heading title=\u00a0\u00bbF\u00eates familiales et sociales\u00a0\u00bb type=\u00a0\u00bbh4&Prime;][vc_separator color=\u00a0\u00bbcustom\u00a0\u00bb align=\u00a0\u00bbalign_left\u00a0\u00bb border_width=\u00a0\u00bb2&Prime; el_width=\u00a0\u00bb20&Prime; accent_color=\u00a0\u00bb#255178&Prime; css=\u00a0\u00bb.vc_custom_1454019877896{padding-bottom: 6% !important;}\u00a0\u00bb][vc_column_text]<span style=\"color: #481511;\"><strong>\u2713<\/strong> <\/span>Mariages<br \/>\n<span style=\"color: #481511;\"><strong>\u2713<\/strong> <\/span>Communions<br \/>\n<span style=\"color: #481511;\"><strong>\u2713<\/strong> <\/span>Bapt\u00eames<br \/>\n<span style=\"color: #481511;\"><strong>\u2713<\/strong> <\/span>Anniversaires<br \/>\n<span style=\"color: #481511;\"><strong>\u2713<\/strong> <\/span>Associations<br \/>\n<span style=\"color: #481511;\"><strong>\u2713<\/strong>\u00a0<\/span>Soir\u00e9es priv\u00e9es[\/vc_column_text][vc_empty_space][cl_gallery images=\u00a0\u00bb4376,3219,3214,3207,3209,3216,3211&Prime;][\/vc_column][\/vc_row]<\/p>\n","protected":false},"excerpt":{"rendered":"<p>[vc_row][vc_column width=\u00a0\u00bb1\/2&Prime; css=\u00a0\u00bb.vc_custom_1456204112639{padding-top: 5% !important;padding-right: 3% !important;padding-bottom: 5% !important;padding-left: 2% !important;}\u00a0\u00bb][cl_heading title=\u00a0\u00bbSp\u00e9cialistes de l&rsquo;\u00e9v\u00e9nement\u00a0\u00bb style=\u00a0\u00bbsingle-line\u00a0\u00bb][vc_column_text]Dans l&rsquo;H\u00f4tel Villa Retiro, nous avons un d\u00e9partement d\u00e9di\u00e9 \u00e0 la cr\u00e9ation et le d\u00e9veloppement de toutes sortes d&rsquo;\u00e9v\u00e9nements tels que les \u00e9v\u00e9nements de famille, sociaux et commerciaux. Nos experts vous\u00a0informerons\u00a0quelles sont les meilleures propositions pour mener \u00e0 bien l&rsquo;\u00e9v\u00e9nement choisi, [&hellip;]<\/p>\n","protected":false},"author":1,"featured_media":0,"parent":0,"menu_order":0,"comment_status":"closed","ping_status":"closed","template":"","meta":{"inline_featured_image":false,"footnotes":""},"class_list":["post-5232","page","type-page","status-publish","hentry"],"yoast_head":"<!-- This site is optimized with the Yoast SEO plugin v27.2 - https:\/\/yoast.com\/product\/yoast-seo-wordpress\/ -->\n<title>\u00c9v\u00e9nements - Hotel Villa Retiro<\/title>\n<meta name=\"description\" content=\"\u00c0 l&#039;H\u00f4tel Villa Retiro, nous cr\u00e9ons et d\u00e9veloppons des \u00e9v\u00e9nements de famille, sociaux et commerciaux tels que les mariages, les d\u00e9jeuners d&#039;affaires ou la catering.\" \/>\n<meta name=\"robots\" content=\"index, follow, max-snippet:-1, max-image-preview:large, max-video-preview:-1\" \/>\n<link rel=\"canonical\" href=\"https:\/\/hotelvillaretiro.com\/fr\/evenements\/\" \/>\n<meta property=\"og:locale\" content=\"fr_FR\" \/>\n<meta property=\"og:type\" content=\"article\" \/>\n<meta property=\"og:title\" content=\"\u00c9v\u00e9nements - Hotel Villa Retiro\" \/>\n<meta property=\"og:description\" content=\"\u00c0 l&#039;H\u00f4tel Villa Retiro, nous cr\u00e9ons et d\u00e9veloppons des \u00e9v\u00e9nements de famille, sociaux et commerciaux tels que les mariages, les d\u00e9jeuners d&#039;affaires ou la catering.\" \/>\n<meta property=\"og:url\" content=\"https:\/\/hotelvillaretiro.com\/fr\/evenements\/\" \/>\n<meta property=\"og:site_name\" content=\"Hotel Villa Retiro\" \/>\n<meta property=\"article:modified_time\" content=\"2021-06-01T15:07:06+00:00\" \/>\n<meta name=\"twitter:card\" content=\"summary_large_image\" \/>\n<meta name=\"twitter:label1\" content=\"Dur\u00e9e de lecture estim\u00e9e\" \/>\n\t<meta name=\"twitter:data1\" content=\"2 minutes\" \/>\n<script type=\"application\/ld+json\" class=\"yoast-schema-graph\">{\"@context\":\"https:\/\/schema.org\",\"@graph\":[{\"@type\":\"WebPage\",\"@id\":\"https:\/\/hotelvillaretiro.com\/fr\/evenements\/\",\"url\":\"https:\/\/hotelvillaretiro.com\/fr\/evenements\/\",\"name\":\"\u00c9v\u00e9nements - Hotel Villa Retiro\",\"isPartOf\":{\"@id\":\"https:\/\/hotelvillaretiro.com\/#website\"},\"datePublished\":\"2016-01-28T22:22:52+00:00\",\"dateModified\":\"2021-06-01T15:07:06+00:00\",\"description\":\"\u00c0 l'H\u00f4tel Villa Retiro, nous cr\u00e9ons et d\u00e9veloppons des \u00e9v\u00e9nements de famille, sociaux et commerciaux tels que les mariages, les d\u00e9jeuners d'affaires ou la catering.\",\"breadcrumb\":{\"@id\":\"https:\/\/hotelvillaretiro.com\/fr\/evenements\/#breadcrumb\"},\"inLanguage\":\"fr-FR\",\"potentialAction\":[{\"@type\":\"ReadAction\",\"target\":[\"https:\/\/hotelvillaretiro.com\/fr\/evenements\/\"]}]},{\"@type\":\"BreadcrumbList\",\"@id\":\"https:\/\/hotelvillaretiro.com\/fr\/evenements\/#breadcrumb\",\"itemListElement\":[{\"@type\":\"ListItem\",\"position\":1,\"name\":\"Portada\",\"item\":\"https:\/\/hotelvillaretiro.com\/fr\/elementor-40227\/\"},{\"@type\":\"ListItem\",\"position\":2,\"name\":\"\u00c9v\u00e9nements\"}]},{\"@type\":\"WebSite\",\"@id\":\"https:\/\/hotelvillaretiro.com\/#website\",\"url\":\"https:\/\/hotelvillaretiro.com\/\",\"name\":\"Hotel Villa Retiro\",\"description\":\"Hotel de 5 estrellas en les Terres de l&#039;Ebre\",\"publisher\":{\"@id\":\"https:\/\/hotelvillaretiro.com\/#organization\"},\"potentialAction\":[{\"@type\":\"SearchAction\",\"target\":{\"@type\":\"EntryPoint\",\"urlTemplate\":\"https:\/\/hotelvillaretiro.com\/?s={search_term_string}\"},\"query-input\":{\"@type\":\"PropertyValueSpecification\",\"valueRequired\":true,\"valueName\":\"search_term_string\"}}],\"inLanguage\":\"fr-FR\"},{\"@type\":\"Organization\",\"@id\":\"https:\/\/hotelvillaretiro.com\/#organization\",\"name\":\"Hotel Villa Retiro\",\"url\":\"https:\/\/hotelvillaretiro.com\/\",\"logo\":{\"@type\":\"ImageObject\",\"inLanguage\":\"fr-FR\",\"@id\":\"https:\/\/hotelvillaretiro.com\/#\/schema\/logo\/image\/\",\"url\":\"https:\/\/hotelvillaretiro.com\/wp-content\/uploads\/2025\/02\/hotel-villa-retiro-logo.svg\",\"contentUrl\":\"https:\/\/hotelvillaretiro.com\/wp-content\/uploads\/2025\/02\/hotel-villa-retiro-logo.svg\",\"width\":1358,\"height\":850,\"caption\":\"Hotel Villa Retiro\"},\"image\":{\"@id\":\"https:\/\/hotelvillaretiro.com\/#\/schema\/logo\/image\/\"}}]}<\/script>\n<!-- \/ Yoast SEO plugin. -->","yoast_head_json":{"title":"\u00c9v\u00e9nements - Hotel Villa Retiro","description":"\u00c0 l'H\u00f4tel Villa Retiro, nous cr\u00e9ons et d\u00e9veloppons des \u00e9v\u00e9nements de famille, sociaux et commerciaux tels que les mariages, les d\u00e9jeuners d'affaires ou la catering.","robots":{"index":"index","follow":"follow","max-snippet":"max-snippet:-1","max-image-preview":"max-image-preview:large","max-video-preview":"max-video-preview:-1"},"canonical":"https:\/\/hotelvillaretiro.com\/fr\/evenements\/","og_locale":"fr_FR","og_type":"article","og_title":"\u00c9v\u00e9nements - Hotel Villa Retiro","og_description":"\u00c0 l'H\u00f4tel Villa Retiro, nous cr\u00e9ons et d\u00e9veloppons des \u00e9v\u00e9nements de famille, sociaux et commerciaux tels que les mariages, les d\u00e9jeuners d'affaires ou la catering.","og_url":"https:\/\/hotelvillaretiro.com\/fr\/evenements\/","og_site_name":"Hotel Villa Retiro","article_modified_time":"2021-06-01T15:07:06+00:00","twitter_card":"summary_large_image","twitter_misc":{"Dur\u00e9e de lecture estim\u00e9e":"2 minutes"},"schema":{"@context":"https:\/\/schema.org","@graph":[{"@type":"WebPage","@id":"https:\/\/hotelvillaretiro.com\/fr\/evenements\/","url":"https:\/\/hotelvillaretiro.com\/fr\/evenements\/","name":"\u00c9v\u00e9nements - Hotel Villa Retiro","isPartOf":{"@id":"https:\/\/hotelvillaretiro.com\/#website"},"datePublished":"2016-01-28T22:22:52+00:00","dateModified":"2021-06-01T15:07:06+00:00","description":"\u00c0 l'H\u00f4tel Villa Retiro, nous cr\u00e9ons et d\u00e9veloppons des \u00e9v\u00e9nements de famille, sociaux et commerciaux tels que les mariages, les d\u00e9jeuners d'affaires ou la catering.","breadcrumb":{"@id":"https:\/\/hotelvillaretiro.com\/fr\/evenements\/#breadcrumb"},"inLanguage":"fr-FR","potentialAction":[{"@type":"ReadAction","target":["https:\/\/hotelvillaretiro.com\/fr\/evenements\/"]}]},{"@type":"BreadcrumbList","@id":"https:\/\/hotelvillaretiro.com\/fr\/evenements\/#breadcrumb","itemListElement":[{"@type":"ListItem","position":1,"name":"Portada","item":"https:\/\/hotelvillaretiro.com\/fr\/elementor-40227\/"},{"@type":"ListItem","position":2,"name":"\u00c9v\u00e9nements"}]},{"@type":"WebSite","@id":"https:\/\/hotelvillaretiro.com\/#website","url":"https:\/\/hotelvillaretiro.com\/","name":"Hotel Villa Retiro","description":"Hotel de 5 estrellas en les Terres de l&#039;Ebre","publisher":{"@id":"https:\/\/hotelvillaretiro.com\/#organization"},"potentialAction":[{"@type":"SearchAction","target":{"@type":"EntryPoint","urlTemplate":"https:\/\/hotelvillaretiro.com\/?s={search_term_string}"},"query-input":{"@type":"PropertyValueSpecification","valueRequired":true,"valueName":"search_term_string"}}],"inLanguage":"fr-FR"},{"@type":"Organization","@id":"https:\/\/hotelvillaretiro.com\/#organization","name":"Hotel Villa Retiro","url":"https:\/\/hotelvillaretiro.com\/","logo":{"@type":"ImageObject","inLanguage":"fr-FR","@id":"https:\/\/hotelvillaretiro.com\/#\/schema\/logo\/image\/","url":"https:\/\/hotelvillaretiro.com\/wp-content\/uploads\/2025\/02\/hotel-villa-retiro-logo.svg","contentUrl":"https:\/\/hotelvillaretiro.com\/wp-content\/uploads\/2025\/02\/hotel-villa-retiro-logo.svg","width":1358,"height":850,"caption":"Hotel Villa Retiro"},"image":{"@id":"https:\/\/hotelvillaretiro.com\/#\/schema\/logo\/image\/"}}]}},"_links":{"self":[{"href":"https:\/\/hotelvillaretiro.com\/fr\/wp-json\/wp\/v2\/pages\/5232","targetHints":{"allow":["GET"]}}],"collection":[{"href":"https:\/\/hotelvillaretiro.com\/fr\/wp-json\/wp\/v2\/pages"}],"about":[{"href":"https:\/\/hotelvillaretiro.com\/fr\/wp-json\/wp\/v2\/types\/page"}],"author":[{"embeddable":true,"href":"https:\/\/hotelvillaretiro.com\/fr\/wp-json\/wp\/v2\/users\/1"}],"replies":[{"embeddable":true,"href":"https:\/\/hotelvillaretiro.com\/fr\/wp-json\/wp\/v2\/comments?post=5232"}],"version-history":[{"count":0,"href":"https:\/\/hotelvillaretiro.com\/fr\/wp-json\/wp\/v2\/pages\/5232\/revisions"}],"wp:attachment":[{"href":"https:\/\/hotelvillaretiro.com\/fr\/wp-json\/wp\/v2\/media?parent=5232"}],"curies":[{"name":"wp","href":"https:\/\/api.w.org\/{rel}","templated":true}]}}