{"id":5287,"date":"2015-09-20T15:08:27","date_gmt":"2015-09-20T13:08:27","guid":{"rendered":"http:\/\/hotelvillaretiro.com\/hotel-5-estrellas\/?lang=fr"},"modified":"2023-04-06T09:45:31","modified_gmt":"2023-04-06T08:45:31","slug":"hotel-5-etoiles","status":"publish","type":"page","link":"https:\/\/hotelvillaretiro.com\/fr\/hotel-5-etoiles\/","title":{"rendered":"H\u00f4tel 5 \u00e9toiles"},"content":{"rendered":"\t\t<div data-elementor-type=\"wp-page\" data-elementor-id=\"5287\" class=\"elementor elementor-5287 elementor-1934\" data-elementor-post-type=\"page\">\n\t\t\t\t\t\t<section class=\"elementor-section elementor-top-section elementor-element elementor-element-ee0ca4b elementor-section-full_width elementor-section-height-default elementor-section-height-default\" data-id=\"ee0ca4b\" data-element_type=\"section\" data-e-type=\"section\" data-settings=\"{&quot;background_background&quot;:&quot;classic&quot;}\">\n\t\t\t\t\t\t\t<div class=\"elementor-background-overlay\"><\/div>\n\t\t\t\t\t\t\t<div class=\"elementor-container elementor-column-gap-default\">\n\t\t\t\t\t<div class=\"elementor-column elementor-col-100 elementor-top-column elementor-element elementor-element-d31477f\" data-id=\"d31477f\" data-element_type=\"column\" data-e-type=\"column\">\n\t\t\t<div class=\"elementor-widget-wrap elementor-element-populated\">\n\t\t\t\t\t\t<div class=\"elementor-element elementor-element-c216a5f elementor-widget elementor-widget-heading\" data-id=\"c216a5f\" data-element_type=\"widget\" data-e-type=\"widget\" data-widget_type=\"heading.default\">\n\t\t\t\t<div class=\"elementor-widget-container\">\n\t\t\t\t\t<h1 class=\"elementor-heading-title elementor-size-default\">H\u00f4tel 5 \u00e9toiles<\/h1>\t\t\t\t<\/div>\n\t\t\t\t<\/div>\n\t\t\t\t<div class=\"elementor-element elementor-element-e0ed69e elementor-widget elementor-widget-heading\" data-id=\"e0ed69e\" data-element_type=\"widget\" data-e-type=\"widget\" data-widget_type=\"heading.default\">\n\t\t\t\t<div class=\"elementor-widget-container\">\n\t\t\t\t\t<h2 class=\"elementor-heading-title elementor-size-default\">h\u00f4tel de luxe en catalogne\n<\/h2>\t\t\t\t<\/div>\n\t\t\t\t<\/div>\n\t\t\t\t\t<\/div>\n\t\t<\/div>\n\t\t\t\t\t<\/div>\n\t\t<\/section>\n\t\t\t\t<\/div>\n\t\t","protected":false},"excerpt":{"rendered":"<p>H\u00f4tel 5 \u00e9toiles h\u00f4tel de luxe en catalogne<\/p>\n","protected":false},"author":1,"featured_media":5289,"parent":0,"menu_order":0,"comment_status":"closed","ping_status":"closed","template":"","meta":{"inline_featured_image":false,"footnotes":""},"class_list":["post-5287","page","type-page","status-publish","has-post-thumbnail","hentry"],"yoast_head":"<!-- This site is optimized with the Yoast SEO plugin v27.2 - https:\/\/yoast.com\/product\/yoast-seo-wordpress\/ -->\n<title>H\u00f4tel 5 \u00e9toiles - Hotel Villa Retiro<\/title>\n<meta name=\"description\" content=\"L&#039;H\u00f4tel Villa Retiro est un h\u00f4tel colonial construit au XIXe si\u00e8cle et ouvert comme un h\u00f4tel 5 \u00e9toiles en 2006 \u00e0 Xerta, Terres de l&#039;Ebre.\" \/>\n<meta name=\"robots\" content=\"index, follow, max-snippet:-1, max-image-preview:large, max-video-preview:-1\" \/>\n<link rel=\"canonical\" href=\"https:\/\/hotelvillaretiro.com\/fr\/hotel-5-etoiles\/\" \/>\n<meta property=\"og:locale\" content=\"fr_FR\" \/>\n<meta property=\"og:type\" content=\"article\" \/>\n<meta property=\"og:title\" content=\"H\u00f4tel 5 \u00e9toiles - Hotel Villa Retiro\" \/>\n<meta property=\"og:description\" content=\"L&#039;H\u00f4tel Villa Retiro est un h\u00f4tel colonial construit au XIXe si\u00e8cle et ouvert comme un h\u00f4tel 5 \u00e9toiles en 2006 \u00e0 Xerta, Terres de l&#039;Ebre.\" \/>\n<meta property=\"og:url\" content=\"https:\/\/hotelvillaretiro.com\/fr\/hotel-5-etoiles\/\" \/>\n<meta property=\"og:site_name\" content=\"Hotel Villa Retiro\" \/>\n<meta property=\"article:modified_time\" content=\"2023-04-06T08:45:31+00:00\" \/>\n<meta property=\"og:image\" content=\"https:\/\/hotelvillaretiro.com\/wp-content\/uploads\/2015\/09\/hotel-villa-retiro-xerta-terres-del-ebre-5-estrellas.jpg\" \/>\n\t<meta property=\"og:image:width\" content=\"2000\" \/>\n\t<meta property=\"og:image:height\" content=\"1066\" \/>\n\t<meta property=\"og:image:type\" content=\"image\/jpeg\" \/>\n<meta name=\"twitter:card\" content=\"summary_large_image\" \/>\n<meta name=\"twitter:label1\" content=\"Dur\u00e9e de lecture estim\u00e9e\" \/>\n\t<meta name=\"twitter:data1\" content=\"1 minute\" \/>\n<script type=\"application\/ld+json\" class=\"yoast-schema-graph\">{\"@context\":\"https:\/\/schema.org\",\"@graph\":[{\"@type\":\"WebPage\",\"@id\":\"https:\/\/hotelvillaretiro.com\/fr\/hotel-5-etoiles\/\",\"url\":\"https:\/\/hotelvillaretiro.com\/fr\/hotel-5-etoiles\/\",\"name\":\"H\u00f4tel 5 \u00e9toiles - Hotel Villa Retiro\",\"isPartOf\":{\"@id\":\"https:\/\/hotelvillaretiro.com\/#website\"},\"primaryImageOfPage\":{\"@id\":\"https:\/\/hotelvillaretiro.com\/fr\/hotel-5-etoiles\/#primaryimage\"},\"image\":{\"@id\":\"https:\/\/hotelvillaretiro.com\/fr\/hotel-5-etoiles\/#primaryimage\"},\"thumbnailUrl\":\"https:\/\/hotelvillaretiro.com\/wp-content\/uploads\/2015\/09\/hotel-villa-retiro-xerta-terres-del-ebre-5-estrellas.jpg\",\"datePublished\":\"2015-09-20T13:08:27+00:00\",\"dateModified\":\"2023-04-06T08:45:31+00:00\",\"description\":\"L'H\u00f4tel Villa Retiro est un h\u00f4tel colonial construit au XIXe si\u00e8cle et ouvert comme un h\u00f4tel 5 \u00e9toiles en 2006 \u00e0 Xerta, Terres de l'Ebre.\",\"breadcrumb\":{\"@id\":\"https:\/\/hotelvillaretiro.com\/fr\/hotel-5-etoiles\/#breadcrumb\"},\"inLanguage\":\"fr-FR\",\"potentialAction\":[{\"@type\":\"ReadAction\",\"target\":[\"https:\/\/hotelvillaretiro.com\/fr\/hotel-5-etoiles\/\"]}]},{\"@type\":\"ImageObject\",\"inLanguage\":\"fr-FR\",\"@id\":\"https:\/\/hotelvillaretiro.com\/fr\/hotel-5-etoiles\/#primaryimage\",\"url\":\"https:\/\/hotelvillaretiro.com\/wp-content\/uploads\/2015\/09\/hotel-villa-retiro-xerta-terres-del-ebre-5-estrellas.jpg\",\"contentUrl\":\"https:\/\/hotelvillaretiro.com\/wp-content\/uploads\/2015\/09\/hotel-villa-retiro-xerta-terres-del-ebre-5-estrellas.jpg\",\"width\":2000,\"height\":1066},{\"@type\":\"BreadcrumbList\",\"@id\":\"https:\/\/hotelvillaretiro.com\/fr\/hotel-5-etoiles\/#breadcrumb\",\"itemListElement\":[{\"@type\":\"ListItem\",\"position\":1,\"name\":\"Portada\",\"item\":\"https:\/\/hotelvillaretiro.com\/fr\/elementor-40227\/\"},{\"@type\":\"ListItem\",\"position\":2,\"name\":\"H\u00f4tel 5 \u00e9toiles\"}]},{\"@type\":\"WebSite\",\"@id\":\"https:\/\/hotelvillaretiro.com\/#website\",\"url\":\"https:\/\/hotelvillaretiro.com\/\",\"name\":\"Hotel Villa Retiro\",\"description\":\"Hotel de 5 estrellas en les Terres de l&#039;Ebre\",\"publisher\":{\"@id\":\"https:\/\/hotelvillaretiro.com\/#organization\"},\"potentialAction\":[{\"@type\":\"SearchAction\",\"target\":{\"@type\":\"EntryPoint\",\"urlTemplate\":\"https:\/\/hotelvillaretiro.com\/?s={search_term_string}\"},\"query-input\":{\"@type\":\"PropertyValueSpecification\",\"valueRequired\":true,\"valueName\":\"search_term_string\"}}],\"inLanguage\":\"fr-FR\"},{\"@type\":\"Organization\",\"@id\":\"https:\/\/hotelvillaretiro.com\/#organization\",\"name\":\"Hotel Villa Retiro\",\"url\":\"https:\/\/hotelvillaretiro.com\/\",\"logo\":{\"@type\":\"ImageObject\",\"inLanguage\":\"fr-FR\",\"@id\":\"https:\/\/hotelvillaretiro.com\/#\/schema\/logo\/image\/\",\"url\":\"https:\/\/hotelvillaretiro.com\/wp-content\/uploads\/2025\/02\/hotel-villa-retiro-logo.svg\",\"contentUrl\":\"https:\/\/hotelvillaretiro.com\/wp-content\/uploads\/2025\/02\/hotel-villa-retiro-logo.svg\",\"width\":1358,\"height\":850,\"caption\":\"Hotel Villa Retiro\"},\"image\":{\"@id\":\"https:\/\/hotelvillaretiro.com\/#\/schema\/logo\/image\/\"}}]}<\/script>\n<!-- \/ Yoast SEO plugin. -->","yoast_head_json":{"title":"H\u00f4tel 5 \u00e9toiles - Hotel Villa Retiro","description":"L'H\u00f4tel Villa Retiro est un h\u00f4tel colonial construit au XIXe si\u00e8cle et ouvert comme un h\u00f4tel 5 \u00e9toiles en 2006 \u00e0 Xerta, Terres de l'Ebre.","robots":{"index":"index","follow":"follow","max-snippet":"max-snippet:-1","max-image-preview":"max-image-preview:large","max-video-preview":"max-video-preview:-1"},"canonical":"https:\/\/hotelvillaretiro.com\/fr\/hotel-5-etoiles\/","og_locale":"fr_FR","og_type":"article","og_title":"H\u00f4tel 5 \u00e9toiles - Hotel Villa Retiro","og_description":"L'H\u00f4tel Villa Retiro est un h\u00f4tel colonial construit au XIXe si\u00e8cle et ouvert comme un h\u00f4tel 5 \u00e9toiles en 2006 \u00e0 Xerta, Terres de l'Ebre.","og_url":"https:\/\/hotelvillaretiro.com\/fr\/hotel-5-etoiles\/","og_site_name":"Hotel Villa Retiro","article_modified_time":"2023-04-06T08:45:31+00:00","og_image":[{"width":2000,"height":1066,"url":"https:\/\/hotelvillaretiro.com\/wp-content\/uploads\/2015\/09\/hotel-villa-retiro-xerta-terres-del-ebre-5-estrellas.jpg","type":"image\/jpeg"}],"twitter_card":"summary_large_image","twitter_misc":{"Dur\u00e9e de lecture estim\u00e9e":"1 minute"},"schema":{"@context":"https:\/\/schema.org","@graph":[{"@type":"WebPage","@id":"https:\/\/hotelvillaretiro.com\/fr\/hotel-5-etoiles\/","url":"https:\/\/hotelvillaretiro.com\/fr\/hotel-5-etoiles\/","name":"H\u00f4tel 5 \u00e9toiles - Hotel Villa Retiro","isPartOf":{"@id":"https:\/\/hotelvillaretiro.com\/#website"},"primaryImageOfPage":{"@id":"https:\/\/hotelvillaretiro.com\/fr\/hotel-5-etoiles\/#primaryimage"},"image":{"@id":"https:\/\/hotelvillaretiro.com\/fr\/hotel-5-etoiles\/#primaryimage"},"thumbnailUrl":"https:\/\/hotelvillaretiro.com\/wp-content\/uploads\/2015\/09\/hotel-villa-retiro-xerta-terres-del-ebre-5-estrellas.jpg","datePublished":"2015-09-20T13:08:27+00:00","dateModified":"2023-04-06T08:45:31+00:00","description":"L'H\u00f4tel Villa Retiro est un h\u00f4tel colonial construit au XIXe si\u00e8cle et ouvert comme un h\u00f4tel 5 \u00e9toiles en 2006 \u00e0 Xerta, Terres de l'Ebre.","breadcrumb":{"@id":"https:\/\/hotelvillaretiro.com\/fr\/hotel-5-etoiles\/#breadcrumb"},"inLanguage":"fr-FR","potentialAction":[{"@type":"ReadAction","target":["https:\/\/hotelvillaretiro.com\/fr\/hotel-5-etoiles\/"]}]},{"@type":"ImageObject","inLanguage":"fr-FR","@id":"https:\/\/hotelvillaretiro.com\/fr\/hotel-5-etoiles\/#primaryimage","url":"https:\/\/hotelvillaretiro.com\/wp-content\/uploads\/2015\/09\/hotel-villa-retiro-xerta-terres-del-ebre-5-estrellas.jpg","contentUrl":"https:\/\/hotelvillaretiro.com\/wp-content\/uploads\/2015\/09\/hotel-villa-retiro-xerta-terres-del-ebre-5-estrellas.jpg","width":2000,"height":1066},{"@type":"BreadcrumbList","@id":"https:\/\/hotelvillaretiro.com\/fr\/hotel-5-etoiles\/#breadcrumb","itemListElement":[{"@type":"ListItem","position":1,"name":"Portada","item":"https:\/\/hotelvillaretiro.com\/fr\/elementor-40227\/"},{"@type":"ListItem","position":2,"name":"H\u00f4tel 5 \u00e9toiles"}]},{"@type":"WebSite","@id":"https:\/\/hotelvillaretiro.com\/#website","url":"https:\/\/hotelvillaretiro.com\/","name":"Hotel Villa Retiro","description":"Hotel de 5 estrellas en les Terres de l&#039;Ebre","publisher":{"@id":"https:\/\/hotelvillaretiro.com\/#organization"},"potentialAction":[{"@type":"SearchAction","target":{"@type":"EntryPoint","urlTemplate":"https:\/\/hotelvillaretiro.com\/?s={search_term_string}"},"query-input":{"@type":"PropertyValueSpecification","valueRequired":true,"valueName":"search_term_string"}}],"inLanguage":"fr-FR"},{"@type":"Organization","@id":"https:\/\/hotelvillaretiro.com\/#organization","name":"Hotel Villa Retiro","url":"https:\/\/hotelvillaretiro.com\/","logo":{"@type":"ImageObject","inLanguage":"fr-FR","@id":"https:\/\/hotelvillaretiro.com\/#\/schema\/logo\/image\/","url":"https:\/\/hotelvillaretiro.com\/wp-content\/uploads\/2025\/02\/hotel-villa-retiro-logo.svg","contentUrl":"https:\/\/hotelvillaretiro.com\/wp-content\/uploads\/2025\/02\/hotel-villa-retiro-logo.svg","width":1358,"height":850,"caption":"Hotel Villa Retiro"},"image":{"@id":"https:\/\/hotelvillaretiro.com\/#\/schema\/logo\/image\/"}}]}},"_links":{"self":[{"href":"https:\/\/hotelvillaretiro.com\/fr\/wp-json\/wp\/v2\/pages\/5287","targetHints":{"allow":["GET"]}}],"collection":[{"href":"https:\/\/hotelvillaretiro.com\/fr\/wp-json\/wp\/v2\/pages"}],"about":[{"href":"https:\/\/hotelvillaretiro.com\/fr\/wp-json\/wp\/v2\/types\/page"}],"author":[{"embeddable":true,"href":"https:\/\/hotelvillaretiro.com\/fr\/wp-json\/wp\/v2\/users\/1"}],"replies":[{"embeddable":true,"href":"https:\/\/hotelvillaretiro.com\/fr\/wp-json\/wp\/v2\/comments?post=5287"}],"version-history":[{"count":0,"href":"https:\/\/hotelvillaretiro.com\/fr\/wp-json\/wp\/v2\/pages\/5287\/revisions"}],"wp:featuredmedia":[{"embeddable":true,"href":"https:\/\/hotelvillaretiro.com\/fr\/wp-json\/wp\/v2\/media\/5289"}],"wp:attachment":[{"href":"https:\/\/hotelvillaretiro.com\/fr\/wp-json\/wp\/v2\/media?parent=5287"}],"curies":[{"name":"wp","href":"https:\/\/api.w.org\/{rel}","templated":true}]}}